{"id":19698,"date":"2025-05-30T07:53:04","date_gmt":"2025-05-30T07:53:04","guid":{"rendered":"https:\/\/shop.fizzyvape.com\/product\/fizzy-max-iii-6in1-60k-60000-puffs-eldobhato-vape-eper-sarkanygyumolcs-red-bull-malna-gorogdinnye\/"},"modified":"2025-12-01T01:23:50","modified_gmt":"2025-12-01T01:23:50","slug":"fizzy-max-iii-6in1-60k-60000-puffs-eldobhato-vape-eper-sarkanygyumolcs-red-bull-malna-gorogdinnye","status":"publish","type":"product","link":"https:\/\/shop.fizzyvape.com\/hu\/termek\/fizzy-max-iii-6in1-60k-60000-puffs-eldobhato-vape-eper-sarkanygyumolcs-red-bull-malna-gorogdinnye\/","title":{"rendered":"Fizzy Max III 6in1 60K 60000 Puffs Eldobhat\u00f3 Vape &#8211; Eper s\u00e1rk\u00e1nygy\u00fcm\u00f6lcs &amp; Red Bull &amp; m\u00e1lna g\u00f6r\u00f6gdinnye"},"content":{"rendered":"<p><img decoding=\"async\" class=\"aligncenter\" src=\"https:\/\/shop.fizzyvape.com\/wp-content\/uploads\/2025\/05\/Fizzy-Max-III-6in1-60K-60000-Puffs-7-1.webp\" alt=\"Fizzy Max III 60000 Puffs 6in1 eldobhat\u00f3 Vape (7)\" \/><\/p>\n<h1>Fizzy Max III 6in1 60K 60000 Puffs Eldobhat\u00f3 Vape &#8211; Eper s\u00e1rk\u00e1nygy\u00fcm\u00f6lcs &amp; Red Bull &amp; m\u00e1lna g\u00f6r\u00f6gdinnye<\/h1>\n<h3><strong>6 \u00edz 1 Power-Packed Vape-ben<\/strong><\/h3>\n<p>L\u00e9pjen be az egzotikus \u00edzek \u00e9s a nagy energi\u00e1j\u00fa el\u00e9gedetts\u00e9g vil\u00e1g\u00e1ba a <strong>Fizzy Max III 6in1 60K 60000 Puffs eldobhat\u00f3 vape-vel<\/strong> &#8211; a forradalmi eldobhat\u00f3 vape <strong>h\u00e1rom el\u0151re t\u00f6lt\u00f6tt 20 ml-es poddal<\/strong> \u00e9s egy <strong>intelligens forg\u00f3 \u00edzrendszerrel<\/strong>. A <strong>Strawberry Dragon Fruit<\/strong>, a <strong>Red Bull<\/strong> \u00e9s a <strong>Raspberry Watermelon<\/strong> \u00edzekkel nem csak vibr\u00e1l\u00f3 egyedi \u00edzeket, hanem <strong>h\u00e1rom mer\u00e9sz kever\u00e9ket<\/strong> is kap, mindezt egyetlen eleg\u00e1ns k\u00e9sz\u00fcl\u00e9kb\u0151l.<\/p>\n<h4><strong>\u00cdzm\u00f3dok:<\/strong><\/h4>\n<ul>\n<li><strong>Strawberry Dragon Fruit (A)<\/strong> &#8211; Az \u00e9des eper \u00e9s az egzotikus s\u00e1rk\u00e1nygy\u00fcm\u00f6lcs tr\u00f3pusi f\u00fazi\u00f3ja.<\/li>\n<li><strong>Red Bull (B)<\/strong> &#8211; A klasszikus energiaital ihlette, sz\u00e9nsavas \u00e9s \u00e9l\u00e9nk\u00edt\u0151 hat\u00e1s\u00fa<\/li>\n<li><strong>M\u00e1lna g\u00f6r\u00f6gdinnye (C)<\/strong> &#8211; L\u00e9d\u00fas, fanyar bogy\u00f3s gy\u00fcm\u00f6lcs\u00f6k \u00e9s dinnye kever\u00e9ke.<\/li>\n<\/ul>\n<h4><strong>Kever\u00e9si m\u00f3dok:<\/strong><\/h4>\n<ul>\n<li><strong>Mix AB<\/strong> &#8211; Tr\u00f3pusi epres energia pezsg\u0151s csavarral<\/li>\n<li><strong>Mix BC<\/strong> &#8211; A Red Bull \u00e9s a g\u00f6r\u00f6gdinnye-m\u00e1lna elektromos f\u00fazi\u00f3ja<\/li>\n<li><strong>Mix CA<\/strong> &#8211; Egzotikus bogy\u00f3s-dinnye tr\u00f3pusi gy\u00fcm\u00f6lcs\u00f6kkel<\/li>\n<\/ul>\n<p><strong>Forgassa el a sz\u00e1jdarabot<\/strong> az \u00edzek v\u00e1ltakoz\u00e1s\u00e1hoz ebben a z\u00f6kken\u0151mentes ciklusban:<br \/>\n<strong>A \u2192 Mix AB \u2192 B \u2192 Mix BC \u2192 C \u2192 Mix CA<\/strong><\/p>\n<p>Z\u00f6kken\u0151mentes ciklus mind a hat lehets\u00e9ges \u00edzt egy egyszer\u0171 sz\u00e1jdarab forgat\u00e1ssal. \u00c9lvezze a 6 az 1-ben rendszer v\u00e9gs\u0151 k\u00e9nyelm\u00e9t. K\u00edv\u00e1ncsi? N\u00e9zze meg bemutat\u00f3 <a href=\"https:\/\/www.youtube.com\/watch?v=CoxB_HvaU3k\">vide\u00f3nkat<\/a>.<\/p>\n<h3><strong>A term\u00e9k kiemelked\u0151 jellemz\u0151i<\/strong><\/h3>\n<ul>\n<li><strong>Ak\u00e1r 60,000 f\u00faj\u00e1s<\/strong><\/li>\n<li><strong>6 az 1-ben \u00edzrendszer<\/strong> (3 szimpla + 3 vegyes \u00edz)<\/li>\n<li><strong>Teljes E-folyad\u00e9k:<\/strong> 60mL (3 \u00d7 20mL pod)<\/li>\n<li><strong>Nikotin lehet\u0151s\u00e9gek:<\/strong> 2% \/ 5%<\/li>\n<li><strong>Akkumul\u00e1tor:<\/strong> 850mAh \u00fajrat\u00f6lthet\u0151 (Type-C port)<\/li>\n<li><strong>Tekercs:<\/strong> H\u00e1l\u00f3s tekercs a sima, gazdag g\u0151z\u00e9rt.<\/li>\n<li><strong>LED kijelz\u0151:<\/strong> Az akkumul\u00e1tor \u00e9s az \u00fczemm\u00f3d \u00e1llapot\u00e1ra<\/li>\n<li><strong>Szavatoss\u00e1gi id\u0151:<\/strong> 2 \u00e9v<\/li>\n<\/ul>\n<h3><strong>Fizzy Max III 6in1 60000 Puffs Eldobhat\u00f3 Vape \u00edzek list\u00e1ja:<\/strong><\/h3>\n<ol>\n<li><a href=\"https:\/\/shop.fizzyvape.com\/hu\/termek\/fizzy-max-iii-6in1-60k-60000-puffs-eldobhato-vape-eper-malna-es-mango-barack-es-afonya-gorogdinnye\/\">Eper M\u00e1lna \u00e9s mang\u00f3 Barack \u00e9s \u00e1fonya G\u00f6r\u00f6gdinnye<\/a><\/li>\n<li><a href=\"https:\/\/shop.fizzyvape.com\/hu\/termek\/fizzy-max-iii-6in1-60k-60000-puffs-eldobhato-vape-vegyes-bogyo-es-kiwi-golgotavirag-guava-es-eper-gorogdinnye\/\">Vegyes bogy\u00f3s gy\u00fcm\u00f6lcs \u00e9s kiwi maracuja Guava \u00e9s eper g\u00f6r\u00f6gdinnye<\/a><\/li>\n<li><a href=\"https:\/\/shop.fizzyvape.com\/hu\/termek\/fizzy-max-iii-6in1-60k-60000-puffs-eldobhato-vape-afonya-malna-es-tripla-dinnye-es-eper-jeg\/\">\u00c1fonya-m\u00e1lna &amp; h\u00e1rmas dinnye &amp; eper j\u00e9g<\/a><\/li>\n<li><a href=\"https:\/\/shop.fizzyvape.com\/hu\/termek\/fizzy-max-iii-6in1-60k-60000-puffs-eldobhato-vape-eper-sarkanygyumolcs-red-bull-malna-gorogdinnye\/\">Eper s\u00e1rk\u00e1nygy\u00fcm\u00f6lcs &amp; Red Bull &amp; m\u00e1lna g\u00f6r\u00f6gdinnye<\/a><\/li>\n<li><a href=\"https:\/\/shop.fizzyvape.com\/hu\/termek\/fizzy-max-iii-6in1-60k-60000-puffs-eldobhato-vape-eper-kiwi-afonya-jeg-gorogdinnye-jeg\/\">Eper-kiwi &amp; \u00e1fonya j\u00e9g &amp; g\u00f6r\u00f6gdinnye j\u00e9g<\/a><\/li>\n<li><a href=\"https:\/\/shop.fizzyvape.com\/hu\/termek\/fizzy-max-iii-6in1-60k-60000-puffs-eldobhato-vape-blueberry-ice-fizzy-cherry-raspberry-lemon\/\">\u00c1fonya Ice &amp; Fizzy Cherry &amp; M\u00e1lna Lemon<\/a><\/li>\n<li><a href=\"https:\/\/shop.fizzyvape.com\/hu\/termek\/fizzy-max-iii-6in1-60k-60000-puffs-eldobhato-vape-gorogdinnye-jeg-es-eper-vanilia-kola-es-vegyes-bogyo\/\">G\u00f6r\u00f6gdinnye j\u00e9g &amp; eper Van\u00edlia k\u00f3la &amp; vegyes<\/a><\/li>\n<li><a href=\"https:\/\/shop.fizzyvape.com\/hu\/termek\/fizzy-max-iii-6in1-60k-60000-puffs-eldobhato-vape-eper-szolo-es-afonya-kokusz-es-barack-citrom\/\">Eper Sz\u0151l\u0151 &amp; \u00c1fonya K\u00f3kusz &amp; Barack Citrom<\/a><\/li>\n<li><a href=\"https:\/\/shop.fizzyvape.com\/hu\/termek\/fizzy-max-iii-6in1-60k-60000-puffs-eldobhato-vape-blue-razz-ice-strawberry-kiwi-sour-ananasz-narancs\/\">Blue Razz Ice &amp; Strawberry Kiwi &amp; Sour Anan\u00e1sz Narancs<\/a><\/li>\n<li><a href=\"https:\/\/shop.fizzyvape.com\/hu\/termek\/fizzy-max-iii-6in1-60k-60000-puffs-eldobhato-vape-eper-gorogdinnye-citromos-lime-afonya-kokuszdio\/\">Epres g\u00f6r\u00f6gdinnye &amp; citromos lime &amp; \u00e1fony\u00e1s k\u00f3kuszos<\/a><\/li>\n<\/ol>\n<h3><strong>Vaping \u00fczemm\u00f3dok minden preferenci\u00e1hoz<\/strong><\/h3>\n<p><strong>Single-Flavor Mode (MTL):<\/strong><br \/>\nSzoros, sima sz\u00e1jb\u00f3l a t\u00fcd\u0151be h\u00faz\u00e1s &#8211; ide\u00e1lis az egyes \u00edzek teljes gazdags\u00e1g\u00e1nak ki\u00e9l\u00e9s\u00e9hez.<\/p>\n<p><strong>Dual-Flavor Mix Mode (DL):<\/strong><br \/>\nFokozott l\u00e9g\u00e1raml\u00e1s a m\u00e9ly, mer\u00e9sz, k\u00f6zvetlen t\u00fcd\u0151bel\u00e9gz\u00e9shez \u00e9s az \u00f6sszetett, kevert felh\u0151kh\u00f6z.<\/p>\n<h3><strong>Mi\u00e9rt v\u00e1lassza a Fizzy Max III 6in1-et?<\/strong><\/h3>\n<ul>\n<li><strong>Egy k\u00e9sz\u00fcl\u00e9k, hat \u00edz:<\/strong> Nincs pod, nincs rendetlens\u00e9g.<\/li>\n<li><strong>Hatalmas akkumul\u00e1tor-\u00e9lettartam:<\/strong> \u00c9lvezze az eg\u00e9sz napos teljes\u00edtm\u00e9nyt<\/li>\n<li><strong>Mer\u00e9sz, egyedi \u00edzkombin\u00e1ci\u00f3k:<\/strong> \u00cdzbeli innov\u00e1ci\u00f3 a jav\u00e1b\u00f3l<\/li>\n<li><strong>Gyors uni\u00f3s sz\u00e1ll\u00edt\u00e1s:<\/strong> Gyorsan sz\u00e1ll\u00edtjuk <strong>eur\u00f3pai rakt\u00e1runkb\u00f3l<\/strong> &#8211; nincs v\u00e1mprobl\u00e9ma.<\/li>\n<\/ul>\n<h3><strong>GYIK &#8211; Fizzy Max III 6in1 60K Eldobhat\u00f3 Vape<\/strong><\/h3>\n<h4>1. <strong>Hogyan v\u00e1lthatok a k\u00fcl\u00f6nb\u00f6z\u0151 \u00edzek k\u00f6z\u00f6tt a Fizzy Max III 6in1 k\u00e9sz\u00fcl\u00e9kben?<\/strong><\/h4>\n<p>Az \u00edzek v\u00e1lt\u00e1s\u00e1hoz egyszer\u0171en <strong>emelje fel \u00e9s forgassa el a sz\u00e1jdarabot<\/strong>. Az intelligens forgat\u00e1si rendszer lehet\u0151v\u00e9 teszi, hogy ebben a sorrendben hat \u00edzprofilt v\u00e1ltson:<br \/>\n<strong>A \u2192 Mix AB \u2192 B \u2192 Mix BC \u2192 C \u2192 Mix CA<\/strong> &#8211; \u00edgy k\u00f6nnyed\u00e9n hozz\u00e1f\u00e9rhet minden egyes \u00e9s vegyes kombin\u00e1ci\u00f3hoz.<\/p>\n<h4>2. <strong>H\u00e1ny puffot biztos\u00edt a Fizzy Max III 6in1?<\/strong><\/h4>\n<p>Ez a k\u00e9sz\u00fcl\u00e9k <strong>ak\u00e1r 60.000 slukkot is<\/strong> biztos\u00edt, k\u00f6sz\u00f6nhet\u0151en a <strong>60 ml-es e-folyad\u00e9k kapacit\u00e1snak<\/strong> \u00e9s az er\u0151teljes <strong>850 mAh-s \u00fajrat\u00f6lthet\u0151 akkumul\u00e1tornak<\/strong>, \u00edgy ez az egyik leghosszabb \u00e9lettartam\u00fa eldobhat\u00f3 p\u00e1rologtat\u00f3 a piacon.<\/p>\n<h4>3. <strong>A Fizzy Max III alkalmas mind MTL, mind DL vaping st\u00edlusokhoz?<\/strong><\/h4>\n<p>Igen!<\/p>\n<ul>\n<li>Haszn\u00e1lja az <strong>Egyf\u00e9le \u00edz\u0171 \u00fczemm\u00f3dot<\/strong> a <strong>sz\u00e1jb\u00f3l a t\u00fcd\u0151be (MTL<\/strong> ) h\u00faz\u00e1shoz &#8211; nagyszer\u0171 azok sz\u00e1m\u00e1ra, akik a cigarettaszer\u0171 \u00e9lm\u00e9nyt kedvelik.<\/li>\n<li>V\u00e1ltson \u00e1t a <strong>Dual-Flavor Mix \u00fczemm\u00f3dra<\/strong> a <strong>k\u00f6zvetlen t\u00fcd\u0151vel (DL)<\/strong> t\u00f6rt\u00e9n\u0151 p\u00e1rologtat\u00e1shoz &#8211; optimaliz\u00e1lva a nagy felh\u0151kh\u00f6z \u00e9s a mer\u00e9sz \u00edzekhez a megn\u00f6velt l\u00e9g\u00e1raml\u00e1ssal.<\/li>\n<\/ul>\n<h4>4. <strong>\u00dajrat\u00f6lthet\u0151-e a k\u00e9sz\u00fcl\u00e9k, \u00e9s hogyan t\u00f6lthetem fel?<\/strong><\/h4>\n<p>Abszol\u00fat. A Fizzy Max III 6in1 <strong>850mAh-s \u00fajrat\u00f6lthet\u0151 akkumul\u00e1torral<\/strong> rendelkezik, \u00e9s t\u00e1mogatja a <strong>C-t\u00edpus\u00fa t\u00f6lt\u00e9st<\/strong>, \u00edgy sz\u00fcks\u00e9g eset\u00e9n gyors \u00e9s k\u00e9nyelmes felt\u00f6lt\u00e9st biztos\u00edt.<\/p>\n","protected":false},"excerpt":{"rendered":"<p>\u00c9lvezze az igazi eg\u00e9sz napos vape-t a Fizzy Max III 6in1 &#8211; egy \u00fajrat\u00f6lthet\u0151 60000 puffs eldobhat\u00f3 vape 6 mer\u00e9sz \u00edzzel \u00e9s h\u00e1l\u00f3s tekercs teljes\u00edtm\u00e9ny\u00e9vel.<\/p>\n","protected":false},"featured_media":18720,"comment_status":"open","ping_status":"closed","template":"","meta":[],"product_brand":[],"product_cat":[149,148],"product_tag":[135,136,137,138],"class_list":{"0":"post-19698","1":"product","2":"type-product","3":"status-publish","4":"has-post-thumbnail","6":"product_cat-fizzy-max-iii-60000-puffs-eldobhato-vape","7":"product_cat-ujratoltheto-eldobhato-vape","8":"product_tag-6-az-1-ben-izek","9":"product_tag-60k-puffs-hu","10":"product_tag-eldobhato-vape","11":"product_tag-ujratoltheto","13":"first","14":"outofstock","15":"shipping-taxable","16":"purchasable","17":"product-type-variable"},"yoast_head":"<!-- This site is optimized with the Yoast SEO Premium plugin v24.8 (Yoast SEO v27.4) - https:\/\/yoast.com\/product\/yoast-seo-premium-wordpress\/ -->\n<title>60000 Puffs Eldobhat\u00f3 Vape - Fizzy Max III 6in1 6 \u00edzzel<\/title>\n<meta name=\"description\" content=\"Tapasztalja meg a 60000 slukkot egy nagy teljes\u00edtm\u00e9ny\u0171 eldobhat\u00f3 vape-ben. A Fizzy Max III 6in1 6 \u00edzt, h\u00e1l\u00f3s tekercset, Type-C t\u00f6lt\u00e9st \u00e9s \u00e1ll\u00edthat\u00f3 l\u00e9g\u00e1raml\u00e1st k\u00edn\u00e1l.\" \/>\n<meta name=\"robots\" content=\"index, follow, max-snippet:-1, max-image-preview:large, max-video-preview:-1\" \/>\n<link rel=\"canonical\" href=\"https:\/\/shop.fizzyvape.com\/hu\/termek\/fizzy-max-iii-6in1-60k-60000-puffs-eldobhato-vape-eper-sarkanygyumolcs-red-bull-malna-gorogdinnye\/\" \/>\n<meta property=\"og:locale\" content=\"hu_HU\" \/>\n<meta property=\"og:type\" content=\"article\" \/>\n<meta property=\"og:title\" content=\"Fizzy Max III 6in1 60K 60000 Puffs Eldobhat\u00f3 Vape - Eper s\u00e1rk\u00e1nygy\u00fcm\u00f6lcs &amp; Red Bull &amp; m\u00e1lna g\u00f6r\u00f6gdinnye\" \/>\n<meta property=\"og:description\" content=\"Tapasztalja meg a 60000 slukkot egy nagy teljes\u00edtm\u00e9ny\u0171 eldobhat\u00f3 vape-ben. A Fizzy Max III 6in1 6 \u00edzt, h\u00e1l\u00f3s tekercset, Type-C t\u00f6lt\u00e9st \u00e9s \u00e1ll\u00edthat\u00f3 l\u00e9g\u00e1raml\u00e1st k\u00edn\u00e1l.\" \/>\n<meta property=\"og:url\" content=\"https:\/\/shop.fizzyvape.com\/hu\/termek\/fizzy-max-iii-6in1-60k-60000-puffs-eldobhato-vape-eper-sarkanygyumolcs-red-bull-malna-gorogdinnye\/\" \/>\n<meta property=\"og:site_name\" content=\"shop.fizzyvape.com\" \/>\n<meta property=\"article:modified_time\" content=\"2025-12-01T01:23:50+00:00\" \/>\n<meta property=\"og:image\" content=\"https:\/\/shop.fizzyvape.com\/wp-content\/uploads\/2025\/05\/Fizzy-Max-III-6in1-60K-60000-Puffs-7.jpg\" \/>\n\t<meta property=\"og:image:width\" content=\"800\" \/>\n\t<meta property=\"og:image:height\" content=\"800\" \/>\n\t<meta property=\"og:image:type\" content=\"image\/jpeg\" \/>\n<meta name=\"twitter:card\" content=\"summary_large_image\" \/>\n<meta name=\"twitter:label1\" content=\"Becs\u00fclt olvas\u00e1si id\u0151\" \/>\n\t<meta name=\"twitter:data1\" content=\"4 perc\" \/>\n<script type=\"application\/ld+json\" class=\"yoast-schema-graph\">{\"@context\":\"https:\\\/\\\/schema.org\",\"@graph\":[{\"@type\":\"WebPage\",\"@id\":\"https:\\\/\\\/shop.fizzyvape.com\\\/hu\\\/termek\\\/fizzy-max-iii-6in1-60k-60000-puffs-eldobhato-vape-eper-sarkanygyumolcs-red-bull-malna-gorogdinnye\\\/\",\"url\":\"https:\\\/\\\/shop.fizzyvape.com\\\/hu\\\/termek\\\/fizzy-max-iii-6in1-60k-60000-puffs-eldobhato-vape-eper-sarkanygyumolcs-red-bull-malna-gorogdinnye\\\/\",\"name\":\"60000 Puffs Eldobhat\u00f3 Vape - Fizzy Max III 6in1 6 \u00edzzel\",\"isPartOf\":{\"@id\":\"https:\\\/\\\/shop.fizzyvape.com\\\/hu\\\/#website\"},\"primaryImageOfPage\":{\"@id\":\"https:\\\/\\\/shop.fizzyvape.com\\\/hu\\\/termek\\\/fizzy-max-iii-6in1-60k-60000-puffs-eldobhato-vape-eper-sarkanygyumolcs-red-bull-malna-gorogdinnye\\\/#primaryimage\"},\"image\":{\"@id\":\"https:\\\/\\\/shop.fizzyvape.com\\\/hu\\\/termek\\\/fizzy-max-iii-6in1-60k-60000-puffs-eldobhato-vape-eper-sarkanygyumolcs-red-bull-malna-gorogdinnye\\\/#primaryimage\"},\"thumbnailUrl\":\"https:\\\/\\\/shop.fizzyvape.com\\\/wp-content\\\/uploads\\\/2025\\\/05\\\/Fizzy-Max-III-6in1-60K-60000-Puffs-7.jpg\",\"datePublished\":\"2025-05-30T07:53:04+00:00\",\"dateModified\":\"2025-12-01T01:23:50+00:00\",\"description\":\"Tapasztalja meg a 60000 slukkot egy nagy teljes\u00edtm\u00e9ny\u0171 eldobhat\u00f3 vape-ben. A Fizzy Max III 6in1 6 \u00edzt, h\u00e1l\u00f3s tekercset, Type-C t\u00f6lt\u00e9st \u00e9s \u00e1ll\u00edthat\u00f3 l\u00e9g\u00e1raml\u00e1st k\u00edn\u00e1l.\",\"breadcrumb\":{\"@id\":\"https:\\\/\\\/shop.fizzyvape.com\\\/hu\\\/termek\\\/fizzy-max-iii-6in1-60k-60000-puffs-eldobhato-vape-eper-sarkanygyumolcs-red-bull-malna-gorogdinnye\\\/#breadcrumb\"},\"inLanguage\":\"hu\",\"potentialAction\":[{\"@type\":\"ReadAction\",\"target\":[\"https:\\\/\\\/shop.fizzyvape.com\\\/hu\\\/termek\\\/fizzy-max-iii-6in1-60k-60000-puffs-eldobhato-vape-eper-sarkanygyumolcs-red-bull-malna-gorogdinnye\\\/\"]}]},{\"@type\":\"ImageObject\",\"inLanguage\":\"hu\",\"@id\":\"https:\\\/\\\/shop.fizzyvape.com\\\/hu\\\/termek\\\/fizzy-max-iii-6in1-60k-60000-puffs-eldobhato-vape-eper-sarkanygyumolcs-red-bull-malna-gorogdinnye\\\/#primaryimage\",\"url\":\"https:\\\/\\\/shop.fizzyvape.com\\\/wp-content\\\/uploads\\\/2025\\\/05\\\/Fizzy-Max-III-6in1-60K-60000-Puffs-7.jpg\",\"contentUrl\":\"https:\\\/\\\/shop.fizzyvape.com\\\/wp-content\\\/uploads\\\/2025\\\/05\\\/Fizzy-Max-III-6in1-60K-60000-Puffs-7.jpg\",\"width\":800,\"height\":800,\"caption\":\"Fizzy Max III 6in1 60K 60000 Puffs-7\"},{\"@type\":\"BreadcrumbList\",\"@id\":\"https:\\\/\\\/shop.fizzyvape.com\\\/hu\\\/termek\\\/fizzy-max-iii-6in1-60k-60000-puffs-eldobhato-vape-eper-sarkanygyumolcs-red-bull-malna-gorogdinnye\\\/#breadcrumb\",\"itemListElement\":[{\"@type\":\"ListItem\",\"position\":1,\"name\":\"\u9996\u9875\",\"item\":\"https:\\\/\\\/shop.fizzyvape.com\\\/hu\\\/\"},{\"@type\":\"ListItem\",\"position\":2,\"name\":\"Shop\",\"item\":\"https:\\\/\\\/shop.fizzyvape.com\\\/shop\\\/\"},{\"@type\":\"ListItem\",\"position\":3,\"name\":\"Fizzy Max III 6in1 60K 60000 Puffs Eldobhat\u00f3 Vape &#8211; Eper s\u00e1rk\u00e1nygy\u00fcm\u00f6lcs &amp; Red Bull &amp; m\u00e1lna g\u00f6r\u00f6gdinnye\"}]},{\"@type\":\"WebSite\",\"@id\":\"https:\\\/\\\/shop.fizzyvape.com\\\/hu\\\/#website\",\"url\":\"https:\\\/\\\/shop.fizzyvape.com\\\/hu\\\/\",\"name\":\"shop.fizzyvape.com\",\"description\":\"The Best Disposable Vape In Europe | 10000 - 60000 Puffs  | Free Shipping\",\"potentialAction\":[{\"@type\":\"SearchAction\",\"target\":{\"@type\":\"EntryPoint\",\"urlTemplate\":\"https:\\\/\\\/shop.fizzyvape.com\\\/hu\\\/?s={search_term_string}\"},\"query-input\":{\"@type\":\"PropertyValueSpecification\",\"valueRequired\":true,\"valueName\":\"search_term_string\"}}],\"inLanguage\":\"hu\"}]}<\/script>\n<!-- \/ Yoast SEO Premium plugin. -->","yoast_head_json":{"title":"60000 Puffs Eldobhat\u00f3 Vape - Fizzy Max III 6in1 6 \u00edzzel","description":"Tapasztalja meg a 60000 slukkot egy nagy teljes\u00edtm\u00e9ny\u0171 eldobhat\u00f3 vape-ben. A Fizzy Max III 6in1 6 \u00edzt, h\u00e1l\u00f3s tekercset, Type-C t\u00f6lt\u00e9st \u00e9s \u00e1ll\u00edthat\u00f3 l\u00e9g\u00e1raml\u00e1st k\u00edn\u00e1l.","robots":{"index":"index","follow":"follow","max-snippet":"max-snippet:-1","max-image-preview":"max-image-preview:large","max-video-preview":"max-video-preview:-1"},"canonical":"https:\/\/shop.fizzyvape.com\/hu\/termek\/fizzy-max-iii-6in1-60k-60000-puffs-eldobhato-vape-eper-sarkanygyumolcs-red-bull-malna-gorogdinnye\/","og_locale":"hu_HU","og_type":"article","og_title":"Fizzy Max III 6in1 60K 60000 Puffs Eldobhat\u00f3 Vape - Eper s\u00e1rk\u00e1nygy\u00fcm\u00f6lcs &amp; Red Bull &amp; m\u00e1lna g\u00f6r\u00f6gdinnye","og_description":"Tapasztalja meg a 60000 slukkot egy nagy teljes\u00edtm\u00e9ny\u0171 eldobhat\u00f3 vape-ben. A Fizzy Max III 6in1 6 \u00edzt, h\u00e1l\u00f3s tekercset, Type-C t\u00f6lt\u00e9st \u00e9s \u00e1ll\u00edthat\u00f3 l\u00e9g\u00e1raml\u00e1st k\u00edn\u00e1l.","og_url":"https:\/\/shop.fizzyvape.com\/hu\/termek\/fizzy-max-iii-6in1-60k-60000-puffs-eldobhato-vape-eper-sarkanygyumolcs-red-bull-malna-gorogdinnye\/","og_site_name":"shop.fizzyvape.com","article_modified_time":"2025-12-01T01:23:50+00:00","og_image":[{"width":800,"height":800,"url":"https:\/\/shop.fizzyvape.com\/wp-content\/uploads\/2025\/05\/Fizzy-Max-III-6in1-60K-60000-Puffs-7.jpg","type":"image\/jpeg"}],"twitter_card":"summary_large_image","twitter_misc":{"Becs\u00fclt olvas\u00e1si id\u0151":"4 perc"},"schema":{"@context":"https:\/\/schema.org","@graph":[{"@type":"WebPage","@id":"https:\/\/shop.fizzyvape.com\/hu\/termek\/fizzy-max-iii-6in1-60k-60000-puffs-eldobhato-vape-eper-sarkanygyumolcs-red-bull-malna-gorogdinnye\/","url":"https:\/\/shop.fizzyvape.com\/hu\/termek\/fizzy-max-iii-6in1-60k-60000-puffs-eldobhato-vape-eper-sarkanygyumolcs-red-bull-malna-gorogdinnye\/","name":"60000 Puffs Eldobhat\u00f3 Vape - Fizzy Max III 6in1 6 \u00edzzel","isPartOf":{"@id":"https:\/\/shop.fizzyvape.com\/hu\/#website"},"primaryImageOfPage":{"@id":"https:\/\/shop.fizzyvape.com\/hu\/termek\/fizzy-max-iii-6in1-60k-60000-puffs-eldobhato-vape-eper-sarkanygyumolcs-red-bull-malna-gorogdinnye\/#primaryimage"},"image":{"@id":"https:\/\/shop.fizzyvape.com\/hu\/termek\/fizzy-max-iii-6in1-60k-60000-puffs-eldobhato-vape-eper-sarkanygyumolcs-red-bull-malna-gorogdinnye\/#primaryimage"},"thumbnailUrl":"https:\/\/shop.fizzyvape.com\/wp-content\/uploads\/2025\/05\/Fizzy-Max-III-6in1-60K-60000-Puffs-7.jpg","datePublished":"2025-05-30T07:53:04+00:00","dateModified":"2025-12-01T01:23:50+00:00","description":"Tapasztalja meg a 60000 slukkot egy nagy teljes\u00edtm\u00e9ny\u0171 eldobhat\u00f3 vape-ben. A Fizzy Max III 6in1 6 \u00edzt, h\u00e1l\u00f3s tekercset, Type-C t\u00f6lt\u00e9st \u00e9s \u00e1ll\u00edthat\u00f3 l\u00e9g\u00e1raml\u00e1st k\u00edn\u00e1l.","breadcrumb":{"@id":"https:\/\/shop.fizzyvape.com\/hu\/termek\/fizzy-max-iii-6in1-60k-60000-puffs-eldobhato-vape-eper-sarkanygyumolcs-red-bull-malna-gorogdinnye\/#breadcrumb"},"inLanguage":"hu","potentialAction":[{"@type":"ReadAction","target":["https:\/\/shop.fizzyvape.com\/hu\/termek\/fizzy-max-iii-6in1-60k-60000-puffs-eldobhato-vape-eper-sarkanygyumolcs-red-bull-malna-gorogdinnye\/"]}]},{"@type":"ImageObject","inLanguage":"hu","@id":"https:\/\/shop.fizzyvape.com\/hu\/termek\/fizzy-max-iii-6in1-60k-60000-puffs-eldobhato-vape-eper-sarkanygyumolcs-red-bull-malna-gorogdinnye\/#primaryimage","url":"https:\/\/shop.fizzyvape.com\/wp-content\/uploads\/2025\/05\/Fizzy-Max-III-6in1-60K-60000-Puffs-7.jpg","contentUrl":"https:\/\/shop.fizzyvape.com\/wp-content\/uploads\/2025\/05\/Fizzy-Max-III-6in1-60K-60000-Puffs-7.jpg","width":800,"height":800,"caption":"Fizzy Max III 6in1 60K 60000 Puffs-7"},{"@type":"BreadcrumbList","@id":"https:\/\/shop.fizzyvape.com\/hu\/termek\/fizzy-max-iii-6in1-60k-60000-puffs-eldobhato-vape-eper-sarkanygyumolcs-red-bull-malna-gorogdinnye\/#breadcrumb","itemListElement":[{"@type":"ListItem","position":1,"name":"\u9996\u9875","item":"https:\/\/shop.fizzyvape.com\/hu\/"},{"@type":"ListItem","position":2,"name":"Shop","item":"https:\/\/shop.fizzyvape.com\/shop\/"},{"@type":"ListItem","position":3,"name":"Fizzy Max III 6in1 60K 60000 Puffs Eldobhat\u00f3 Vape &#8211; Eper s\u00e1rk\u00e1nygy\u00fcm\u00f6lcs &amp; Red Bull &amp; m\u00e1lna g\u00f6r\u00f6gdinnye"}]},{"@type":"WebSite","@id":"https:\/\/shop.fizzyvape.com\/hu\/#website","url":"https:\/\/shop.fizzyvape.com\/hu\/","name":"shop.fizzyvape.com","description":"The Best Disposable Vape In Europe | 10000 - 60000 Puffs  | Free Shipping","potentialAction":[{"@type":"SearchAction","target":{"@type":"EntryPoint","urlTemplate":"https:\/\/shop.fizzyvape.com\/hu\/?s={search_term_string}"},"query-input":{"@type":"PropertyValueSpecification","valueRequired":true,"valueName":"search_term_string"}}],"inLanguage":"hu"}]}},"tiered_pricing_type":"fixed","tiered_pricing_fixed_rules":[],"tiered_pricing_product_settings":{"layout":"default","base_unit_name":{"singular":null,"plural":null},"default_variation":null},"tiered_pricing_minimum_quantity":null,"tiered_pricing_roles_data":[],"tiered_pricing_percentage_rules":[],"tiered_pricing_maximum_quantity":null,"tiered_pricing_quantity_step":null,"_links":{"self":[{"href":"https:\/\/shop.fizzyvape.com\/hu\/wp-json\/wp\/v2\/product\/19698","targetHints":{"allow":["GET"]}}],"collection":[{"href":"https:\/\/shop.fizzyvape.com\/hu\/wp-json\/wp\/v2\/product"}],"about":[{"href":"https:\/\/shop.fizzyvape.com\/hu\/wp-json\/wp\/v2\/types\/product"}],"replies":[{"embeddable":true,"href":"https:\/\/shop.fizzyvape.com\/hu\/wp-json\/wp\/v2\/comments?post=19698"}],"version-history":[{"count":0,"href":"https:\/\/shop.fizzyvape.com\/hu\/wp-json\/wp\/v2\/product\/19698\/revisions"}],"wp:featuredmedia":[{"embeddable":true,"href":"https:\/\/shop.fizzyvape.com\/hu\/wp-json\/wp\/v2\/media\/18720"}],"wp:attachment":[{"href":"https:\/\/shop.fizzyvape.com\/hu\/wp-json\/wp\/v2\/media?parent=19698"}],"wp:term":[{"taxonomy":"product_brand","embeddable":true,"href":"https:\/\/shop.fizzyvape.com\/hu\/wp-json\/wp\/v2\/product_brand?post=19698"},{"taxonomy":"product_cat","embeddable":true,"href":"https:\/\/shop.fizzyvape.com\/hu\/wp-json\/wp\/v2\/product_cat?post=19698"},{"taxonomy":"product_tag","embeddable":true,"href":"https:\/\/shop.fizzyvape.com\/hu\/wp-json\/wp\/v2\/product_tag?post=19698"}],"curies":[{"name":"wp","href":"https:\/\/api.w.org\/{rel}","templated":true}]}}