{"id":19712,"date":"2025-05-30T07:52:57","date_gmt":"2025-05-30T07:52:57","guid":{"rendered":"https:\/\/shop.fizzyvape.com\/product\/fizzy-max-iii-6in1-60k-60000-puffs-eldobhato-vape-gorogdinnye-jeg-es-eper-vanilia-kola-es-vegyes-bogyo\/"},"modified":"2025-12-01T01:24:24","modified_gmt":"2025-12-01T01:24:24","slug":"fizzy-max-iii-6in1-60k-60000-puffs-eldobhato-vape-gorogdinnye-jeg-es-eper-vanilia-kola-es-vegyes-bogyo","status":"publish","type":"product","link":"https:\/\/shop.fizzyvape.com\/hu\/termek\/fizzy-max-iii-6in1-60k-60000-puffs-eldobhato-vape-gorogdinnye-jeg-es-eper-vanilia-kola-es-vegyes-bogyo\/","title":{"rendered":"Fizzy Max III 6in1 60K 60000 Puffs Eldobhat\u00f3 Vape &#8211; g\u00f6r\u00f6gdinnye j\u00e9g \u00e9s eper van\u00edlia k\u00f3la \u00e9s vegyes bogy\u00f3"},"content":{"rendered":"<p><img decoding=\"async\" class=\"aligncenter\" src=\"https:\/\/shop.fizzyvape.com\/wp-content\/uploads\/2025\/05\/Fizzy-Max-III-6in1-60K-60000-Puffs-4-1.webp\" alt=\"Fizzy Max III 60000 Puffs 6in1 eldobhat\u00f3 Vape (4)\" \/><\/p>\n<h1>Fizzy Max III 6in1 60K 60000 Puffs Eldobhat\u00f3 Vape &#8211; g\u00f6r\u00f6gdinnye j\u00e9g \u00e9s eper van\u00edlia k\u00f3la \u00e9s vegyes bogy\u00f3<\/h1>\n<p><strong>6 \u00edz 1 forradalmi eszk\u00f6zben<\/strong><br \/>\nFedezze fel a p\u00e1rologtat\u00e1s teljesen \u00faj szintj\u00e9t a <strong>Fizzy Max III 6in1<\/strong> &#8211; egy fejlett eldobhat\u00f3 vape, amely <strong>h\u00e1rom 20 ml-es el\u0151re t\u00f6lt\u00f6tt podot<\/strong> tartalmaz: <strong>Strawberry Vanilla Coke<\/strong> \u00e9s <strong>Mixed Berry<\/strong>. Az egyed\u00fcl\u00e1ll\u00f3 \u00edzkever\u0151 mechanizmusnak k\u00f6sz\u00f6nhet\u0151en ez az egyetlen k\u00e9sz\u00fcl\u00e9k <strong>hat \u00edz\u00e9lm\u00e9nyt<\/strong> nyit meg, v\u00e1ltozatoss\u00e1got, teljes\u00edtm\u00e9nyt \u00e9s k\u00e9nyelmet k\u00edn\u00e1lva egyben.<\/p>\n<h2>\u00cdzm\u00f3dok:<\/h2>\n<ul>\n<li><strong>Watermelon Ice (A)<\/strong> &#8211; A l\u00e9d\u00fas g\u00f6r\u00f6gdinnye friss\u00edt\u0151 hat\u00e1sa h\u0171s\u00edt\u0151 befejez\u00e9ssel.<\/li>\n<li><strong>Strawberry Vanilla Coke (B)<\/strong> &#8211; Pezsg\u0151s \u00fcd\u00edt\u0151ital \u00e9des eperrel \u00e9s sima van\u00edli\u00e1val.<\/li>\n<li><strong>Vegyes bogy\u00f3s gy\u00fcm\u00f6lcs\u00f6k (C)<\/strong> &#8211; \u00c9rett, fanyar, \u00edzgazdag bogy\u00f3s gy\u00fcm\u00f6lcs\u00f6k kever\u00e9ke.<\/li>\n<li><strong>Mix AB<\/strong> &#8211; H\u0171s\u00edt\u0151 g\u00f6r\u00f6gdinnye k\u00f3la gy\u00fcm\u00f6lcs\u00f6s pezsg\u00e9ssel<\/li>\n<li><strong>Mix BC<\/strong> &#8211; Pezsg\u0151 bogy\u00f3s k\u00f3la kr\u00e9mes alapt\u00f3nusokkal<\/li>\n<li><strong>Mix CA<\/strong> &#8211; A jeges g\u00f6r\u00f6gdinnye \u00e9s az erdei bogy\u00f3s gy\u00fcm\u00f6lcs\u00f6k friss\u00edt\u0151 kever\u00e9ke<\/li>\n<\/ul>\n<p>A <strong>sz\u00e1jr\u00e9sz<\/strong> egyszer\u0171 <strong>felemel\u00e9s\u00e9vel \u00e9s elforgat\u00e1s\u00e1val<\/strong> ebben a sorrendben v\u00e1ltogathat az \u00edzvil\u00e1g m\u00f3dok k\u00f6z\u00f6tt:<br \/>\n<strong>A \u2192 Mix AB \u2192 B \u2192 Mix BC \u2192 C \u2192 Mix CA<\/strong><\/p>\n<p>Fedezze fel k\u00f6nnyed\u00e9n mind a hat \u00edzprofilt az intelligens forg\u00f3 kialak\u00edt\u00e1ssal, amely z\u00f6kken\u0151mentess\u00e9 \u00e9s z\u00f6kken\u0151mentess\u00e9 teszi az \u00edzek k\u00f6z\u00f6tti v\u00e1lt\u00e1st. N\u00e9zze meg, hogyan m\u0171k\u00f6dik a <a href=\"https:\/\/www.youtube.com\/watch?v=CoxB_HvaU3k\">dem\u00f3vide\u00f3nkban<\/a>.<\/p>\n<h2>A term\u00e9k kiemelked\u0151 jellemz\u0151i<\/h2>\n<ul>\n<li><strong>Puff:<\/strong> <strong>60,000 puffan\u00e1sig<\/strong><\/li>\n<li><strong>6 az 1-ben \u00edzrendszer<\/strong> (3 szimpla + 3 vegyes kombin\u00e1ci\u00f3)<\/li>\n<li><strong>E-folyad\u00e9k kapacit\u00e1s:<\/strong> 60mL (3 \u00d7 20mL pod)<\/li>\n<li><strong>Nikotin er\u0151ss\u00e9g:<\/strong> 2% \/ 5%<\/li>\n<li><strong>Akkumul\u00e1tor:<\/strong> 850mAh \u00fajrat\u00f6lthet\u0151 (Type-C)<\/li>\n<li><strong>Tekercs:<\/strong> a sim\u00e1bb, gazdagabb g\u0151z\u00e9rt.<\/li>\n<li><strong>LED kijelz\u0151:<\/strong> Megjelen\u00edti az akkumul\u00e1tor szintj\u00e9t \u00e9s a p\u00e1rologtat\u00e1si m\u00f3dot<\/li>\n<li><strong>Szavatoss\u00e1gi id\u0151:<\/strong> 2 \u00e9v<\/li>\n<\/ul>\n<h3><strong>Fizzy Max III 6in1 60000 Puffs Eldobhat\u00f3 Vape \u00edzek list\u00e1ja:<\/strong><\/h3>\n<ol>\n<li><a href=\"https:\/\/shop.fizzyvape.com\/hu\/termek\/fizzy-max-iii-6in1-60k-60000-puffs-eldobhato-vape-eper-malna-es-mango-barack-es-afonya-gorogdinnye\/\">Eper M\u00e1lna \u00e9s mang\u00f3 Barack \u00e9s \u00e1fonya G\u00f6r\u00f6gdinnye<\/a><\/li>\n<li><a href=\"https:\/\/shop.fizzyvape.com\/hu\/termek\/fizzy-max-iii-6in1-60k-60000-puffs-eldobhato-vape-vegyes-bogyo-es-kiwi-golgotavirag-guava-es-eper-gorogdinnye\/\">Vegyes bogy\u00f3s gy\u00fcm\u00f6lcs \u00e9s kiwi maracuja Guava \u00e9s eper g\u00f6r\u00f6gdinnye<\/a><\/li>\n<li><a href=\"https:\/\/shop.fizzyvape.com\/hu\/termek\/fizzy-max-iii-6in1-60k-60000-puffs-eldobhato-vape-afonya-malna-es-tripla-dinnye-es-eper-jeg\/\">\u00c1fonya-m\u00e1lna &amp; h\u00e1rmas dinnye &amp; eper j\u00e9g<\/a><\/li>\n<li><a href=\"https:\/\/shop.fizzyvape.com\/hu\/termek\/fizzy-max-iii-6in1-60k-60000-puffs-eldobhato-vape-eper-sarkanygyumolcs-red-bull-malna-gorogdinnye\/\">Eper s\u00e1rk\u00e1nygy\u00fcm\u00f6lcs &amp; Red Bull &amp; m\u00e1lna g\u00f6r\u00f6gdinnye<\/a><\/li>\n<li><a href=\"https:\/\/shop.fizzyvape.com\/hu\/termek\/fizzy-max-iii-6in1-60k-60000-puffs-eldobhato-vape-eper-kiwi-afonya-jeg-gorogdinnye-jeg\/\">Eper-kiwi &amp; \u00e1fonya j\u00e9g &amp; g\u00f6r\u00f6gdinnye j\u00e9g<\/a><\/li>\n<li><a href=\"https:\/\/shop.fizzyvape.com\/hu\/termek\/fizzy-max-iii-6in1-60k-60000-puffs-eldobhato-vape-blueberry-ice-fizzy-cherry-raspberry-lemon\/\">\u00c1fonya Ice &amp; Fizzy Cherry &amp; M\u00e1lna Lemon<\/a><\/li>\n<li><a href=\"https:\/\/shop.fizzyvape.com\/hu\/termek\/fizzy-max-iii-6in1-60k-60000-puffs-eldobhato-vape-gorogdinnye-jeg-es-eper-vanilia-kola-es-vegyes-bogyo\/\">G\u00f6r\u00f6gdinnye j\u00e9g &amp; eper Van\u00edlia k\u00f3la &amp; vegyes<\/a><\/li>\n<li><a href=\"https:\/\/shop.fizzyvape.com\/hu\/termek\/fizzy-max-iii-6in1-60k-60000-puffs-eldobhato-vape-eper-szolo-es-afonya-kokusz-es-barack-citrom\/\">Eper Sz\u0151l\u0151 &amp; \u00c1fonya K\u00f3kusz &amp; Barack Citrom<\/a><\/li>\n<li><a href=\"https:\/\/shop.fizzyvape.com\/hu\/termek\/fizzy-max-iii-6in1-60k-60000-puffs-eldobhato-vape-blue-razz-ice-strawberry-kiwi-sour-ananasz-narancs\/\">Blue Razz Ice &amp; Strawberry Kiwi &amp; Sour Anan\u00e1sz Narancs<\/a><\/li>\n<li><a href=\"https:\/\/shop.fizzyvape.com\/hu\/termek\/fizzy-max-iii-6in1-60k-60000-puffs-eldobhato-vape-eper-gorogdinnye-citromos-lime-afonya-kokuszdio\/\">Epres g\u00f6r\u00f6gdinnye &amp; citromos lime &amp; \u00e1fony\u00e1s k\u00f3kuszos<\/a><\/li>\n<\/ol>\n<h3><strong>MTL vagy DL &#8211; Vape Your Way<\/strong><\/h3>\n<p><strong>Single-Flavor Mode (MTL):<\/strong><br \/>\n\u00c9lvezze a tiszta, ellen\u0151rz\u00f6tt sz\u00e1jb\u00f3l a t\u00fcd\u0151be h\u00faz\u00e1st &#8211; t\u00f6k\u00e9letes az egyes \u00edzek \u00edzlel\u00e9s\u00e9hez.<\/p>\n<p><strong>Dual-Flavor Mix Mode (DL):<\/strong><br \/>\nN\u00f6velje a l\u00e9g\u00e1raml\u00e1st, \u00e9s \u00e9lvezze a mer\u00e9sz, testes felh\u0151ket gazdag, \u00f6sszetett \u00edzzel &#8211; ide\u00e1lis a k\u00f6zvetlen t\u00fcd\u0151s vaperek sz\u00e1m\u00e1ra.<\/p>\n<h2>Mi\u00e9rt v\u00e1lassza a Fizzy Max III 6in1-et?<\/h2>\n<ul>\n<li><strong>Forg\u00f3 sz\u00e1jr\u00e9sz:<\/strong> Azonnali \u00edzv\u00e1lt\u00e1s a podok cser\u00e9je n\u00e9lk\u00fcl<\/li>\n<li><strong>Hossz\u00fa t\u00e1v\u00fa haszn\u00e1lat:<\/strong> 850mAh-s \u00fajrat\u00f6lthet\u0151 akkumul\u00e1torral: Ak\u00e1r 60.000 slukk is lehet.<\/li>\n<li><strong>6 \u00edz, 1 eszk\u00f6z:<\/strong> A teljes \u00edzforgatag a zsebedben<\/li>\n<li><strong>Gyors sz\u00e1ll\u00edt\u00e1s Eur\u00f3p\u00e1b\u00f3l:<\/strong> Gyorsan sz\u00e1ll\u00edtj\u00e1k az <strong>EU rakt\u00e1runkb\u00f3l<\/strong>, <strong>v\u00e1mk\u00e9sedelem n\u00e9lk\u00fcl<\/strong>.<\/li>\n<\/ul>\n<h3><strong>GYIK &#8211; Fizzy Max III 6in1 60000 Eldobhat\u00f3 Vape<\/strong><\/h3>\n<p><strong>1. H\u00e1ny puffot biztos\u00edt a Fizzy Max III 6in1?<\/strong><br \/>\nA Fizzy Max III ak\u00e1r 60.000 slukkot is k\u00edn\u00e1l a nagy, 60 ml-es e-folyad\u00e9k kapacit\u00e1snak \u00e9s az er\u0151teljes, 850 mAh-s \u00fajrat\u00f6lthet\u0151 akkumul\u00e1tornak k\u00f6sz\u00f6nhet\u0151en.<\/p>\n<p><strong>2. Tudok v\u00e1ltani k\u00fcl\u00f6nb\u00f6z\u0151 \u00edzek k\u00f6z\u00f6tt ezen az eldobhat\u00f3 vape-on?<\/strong><br \/>\nIgen! Egyszer\u0171en emelje fel \u00e9s forgassa el a sz\u00f3r\u00f3fejet, hogy hat k\u00fcl\u00f6nb\u00f6z\u0151 \u00edzkombin\u00e1ci\u00f3ban v\u00e1logathasson a podok cser\u00e9je n\u00e9lk\u00fcl.<\/p>\n<p><strong>3. \u00dajrat\u00f6lthet\u0151 a Fizzy Max III?<\/strong><br \/>\nIgen, 850mAh-s \u00fajrat\u00f6lthet\u0151 akkumul\u00e1tort tartalmaz, amely k\u00e9nyelmes Type-C t\u00f6lt\u00e9ssel rendelkezik a hosszabb haszn\u00e1lathoz.<\/p>\n<p><strong>4. Milyen nikotin er\u0151ss\u00e9g\u0171ek az eldobhat\u00f3 vape-ben?<\/strong><br \/>\nAz \u00d6n preferenci\u00e1inak megfelel\u0151en 2% \u00e9s 5% nikotiner\u0151ss\u00e9g k\u00f6z\u00f6tt v\u00e1laszthat.<\/p>\n<p><strong>5. A Fizzy Max III alkalmas mind MTL, mind DL p\u00e1rologtat\u00e1si st\u00edlusokhoz?<\/strong><br \/>\nAbszol\u00fat! T\u00e1mogatja a sz\u00e1jb\u00f3l a t\u00fcd\u0151be (MTL) \u00fczemm\u00f3dot a sima h\u00faz\u00e1shoz \u00e9s a k\u00f6zvetlen t\u00fcd\u0151be (DL) \u00fczemm\u00f3dot a nagyobb felh\u0151kh\u00f6z \u00e9s a mer\u00e9szebb \u00edzekhez.<\/p>\n","protected":false},"excerpt":{"rendered":"<p>A Fizzy Max III 6in1 60000 Puffs \u00fajrat\u00f6lthet\u0151 eldobhat\u00f3 vape 6 \u00edzzel, forg\u00f3 sz\u00e1jdarabbal \u00e9s 850mAh \u00fajrat\u00f6lthet\u0151 akkumul\u00e1torral rendelkezik, amely ak\u00e1r 60.000 puffot is biztos\u00edt.<\/p>\n","protected":false},"featured_media":18708,"comment_status":"open","ping_status":"closed","template":"","meta":[],"product_brand":[],"product_cat":[149,148],"product_tag":[135,136,137,138],"class_list":{"0":"post-19712","1":"product","2":"type-product","3":"status-publish","4":"has-post-thumbnail","6":"product_cat-fizzy-max-iii-60000-puffs-eldobhato-vape","7":"product_cat-ujratoltheto-eldobhato-vape","8":"product_tag-6-az-1-ben-izek","9":"product_tag-60k-puffs-hu","10":"product_tag-eldobhato-vape","11":"product_tag-ujratoltheto","13":"first","14":"outofstock","15":"shipping-taxable","16":"purchasable","17":"product-type-variable"},"yoast_head":"<!-- This site is optimized with the Yoast SEO Premium plugin v24.8 (Yoast SEO v27.4) - https:\/\/yoast.com\/product\/yoast-seo-premium-wordpress\/ -->\n<title>Fizzy Max 6in1 60k 60000 Puffs Eldobhat\u00f3 Vape - Hossz\u00fa \u00e9lettartam\u00fa vape<\/title>\n<meta name=\"description\" content=\"A Fizzy Max III 6in1 60000 slukkot, hat \u00edzt, \u00fajrat\u00f6lthet\u0151 akkumul\u00e1tort, \u00e1ll\u00edthat\u00f3 l\u00e9g\u00e1raml\u00e1st \u00e9s kett\u0151s \u00fczemm\u00f3dot k\u00edn\u00e1l. V\u00e9gs\u0151 t\u00f6bb \u00edz\u0171 eldobhat\u00f3 vape \u00e9lm\u00e9ny.\" \/>\n<meta name=\"robots\" content=\"index, follow, max-snippet:-1, max-image-preview:large, max-video-preview:-1\" \/>\n<link rel=\"canonical\" href=\"https:\/\/shop.fizzyvape.com\/hu\/termek\/fizzy-max-iii-6in1-60k-60000-puffs-eldobhato-vape-gorogdinnye-jeg-es-eper-vanilia-kola-es-vegyes-bogyo\/\" \/>\n<meta property=\"og:locale\" content=\"hu_HU\" \/>\n<meta property=\"og:type\" content=\"article\" \/>\n<meta property=\"og:title\" content=\"Fizzy Max III 6in1 60K 60000 Puffs Eldobhat\u00f3 Vape - g\u00f6r\u00f6gdinnye j\u00e9g \u00e9s eper van\u00edlia k\u00f3la \u00e9s vegyes bogy\u00f3\" \/>\n<meta property=\"og:description\" content=\"A Fizzy Max III 6in1 60000 slukkot, hat \u00edzt, \u00fajrat\u00f6lthet\u0151 akkumul\u00e1tort, \u00e1ll\u00edthat\u00f3 l\u00e9g\u00e1raml\u00e1st \u00e9s kett\u0151s \u00fczemm\u00f3dot k\u00edn\u00e1l. V\u00e9gs\u0151 t\u00f6bb \u00edz\u0171 eldobhat\u00f3 vape \u00e9lm\u00e9ny.\" \/>\n<meta property=\"og:url\" content=\"https:\/\/shop.fizzyvape.com\/hu\/termek\/fizzy-max-iii-6in1-60k-60000-puffs-eldobhato-vape-gorogdinnye-jeg-es-eper-vanilia-kola-es-vegyes-bogyo\/\" \/>\n<meta property=\"og:site_name\" content=\"shop.fizzyvape.com\" \/>\n<meta property=\"article:modified_time\" content=\"2025-12-01T01:24:24+00:00\" \/>\n<meta property=\"og:image\" content=\"https:\/\/shop.fizzyvape.com\/wp-content\/uploads\/2025\/05\/Fizzy-Max-III-6in1-60K-60000-Puffs-4.jpg\" \/>\n\t<meta property=\"og:image:width\" content=\"800\" \/>\n\t<meta property=\"og:image:height\" content=\"800\" \/>\n\t<meta property=\"og:image:type\" content=\"image\/jpeg\" \/>\n<meta name=\"twitter:card\" content=\"summary_large_image\" \/>\n<meta name=\"twitter:label1\" content=\"Becs\u00fclt olvas\u00e1si id\u0151\" \/>\n\t<meta name=\"twitter:data1\" content=\"4 perc\" \/>\n<script type=\"application\/ld+json\" class=\"yoast-schema-graph\">{\"@context\":\"https:\\\/\\\/schema.org\",\"@graph\":[{\"@type\":\"WebPage\",\"@id\":\"https:\\\/\\\/shop.fizzyvape.com\\\/hu\\\/termek\\\/fizzy-max-iii-6in1-60k-60000-puffs-eldobhato-vape-gorogdinnye-jeg-es-eper-vanilia-kola-es-vegyes-bogyo\\\/\",\"url\":\"https:\\\/\\\/shop.fizzyvape.com\\\/hu\\\/termek\\\/fizzy-max-iii-6in1-60k-60000-puffs-eldobhato-vape-gorogdinnye-jeg-es-eper-vanilia-kola-es-vegyes-bogyo\\\/\",\"name\":\"Fizzy Max 6in1 60k 60000 Puffs Eldobhat\u00f3 Vape - Hossz\u00fa \u00e9lettartam\u00fa vape\",\"isPartOf\":{\"@id\":\"https:\\\/\\\/shop.fizzyvape.com\\\/hu\\\/#website\"},\"primaryImageOfPage\":{\"@id\":\"https:\\\/\\\/shop.fizzyvape.com\\\/hu\\\/termek\\\/fizzy-max-iii-6in1-60k-60000-puffs-eldobhato-vape-gorogdinnye-jeg-es-eper-vanilia-kola-es-vegyes-bogyo\\\/#primaryimage\"},\"image\":{\"@id\":\"https:\\\/\\\/shop.fizzyvape.com\\\/hu\\\/termek\\\/fizzy-max-iii-6in1-60k-60000-puffs-eldobhato-vape-gorogdinnye-jeg-es-eper-vanilia-kola-es-vegyes-bogyo\\\/#primaryimage\"},\"thumbnailUrl\":\"https:\\\/\\\/shop.fizzyvape.com\\\/wp-content\\\/uploads\\\/2025\\\/05\\\/Fizzy-Max-III-6in1-60K-60000-Puffs-4.jpg\",\"datePublished\":\"2025-05-30T07:52:57+00:00\",\"dateModified\":\"2025-12-01T01:24:24+00:00\",\"description\":\"A Fizzy Max III 6in1 60000 slukkot, hat \u00edzt, \u00fajrat\u00f6lthet\u0151 akkumul\u00e1tort, \u00e1ll\u00edthat\u00f3 l\u00e9g\u00e1raml\u00e1st \u00e9s kett\u0151s \u00fczemm\u00f3dot k\u00edn\u00e1l. V\u00e9gs\u0151 t\u00f6bb \u00edz\u0171 eldobhat\u00f3 vape \u00e9lm\u00e9ny.\",\"breadcrumb\":{\"@id\":\"https:\\\/\\\/shop.fizzyvape.com\\\/hu\\\/termek\\\/fizzy-max-iii-6in1-60k-60000-puffs-eldobhato-vape-gorogdinnye-jeg-es-eper-vanilia-kola-es-vegyes-bogyo\\\/#breadcrumb\"},\"inLanguage\":\"hu\",\"potentialAction\":[{\"@type\":\"ReadAction\",\"target\":[\"https:\\\/\\\/shop.fizzyvape.com\\\/hu\\\/termek\\\/fizzy-max-iii-6in1-60k-60000-puffs-eldobhato-vape-gorogdinnye-jeg-es-eper-vanilia-kola-es-vegyes-bogyo\\\/\"]}]},{\"@type\":\"ImageObject\",\"inLanguage\":\"hu\",\"@id\":\"https:\\\/\\\/shop.fizzyvape.com\\\/hu\\\/termek\\\/fizzy-max-iii-6in1-60k-60000-puffs-eldobhato-vape-gorogdinnye-jeg-es-eper-vanilia-kola-es-vegyes-bogyo\\\/#primaryimage\",\"url\":\"https:\\\/\\\/shop.fizzyvape.com\\\/wp-content\\\/uploads\\\/2025\\\/05\\\/Fizzy-Max-III-6in1-60K-60000-Puffs-4.jpg\",\"contentUrl\":\"https:\\\/\\\/shop.fizzyvape.com\\\/wp-content\\\/uploads\\\/2025\\\/05\\\/Fizzy-Max-III-6in1-60K-60000-Puffs-4.jpg\",\"width\":800,\"height\":800,\"caption\":\"Fizzy Max III 6in1 60K 60000 Puffs-4\"},{\"@type\":\"BreadcrumbList\",\"@id\":\"https:\\\/\\\/shop.fizzyvape.com\\\/hu\\\/termek\\\/fizzy-max-iii-6in1-60k-60000-puffs-eldobhato-vape-gorogdinnye-jeg-es-eper-vanilia-kola-es-vegyes-bogyo\\\/#breadcrumb\",\"itemListElement\":[{\"@type\":\"ListItem\",\"position\":1,\"name\":\"\u9996\u9875\",\"item\":\"https:\\\/\\\/shop.fizzyvape.com\\\/hu\\\/\"},{\"@type\":\"ListItem\",\"position\":2,\"name\":\"Shop\",\"item\":\"https:\\\/\\\/shop.fizzyvape.com\\\/shop\\\/\"},{\"@type\":\"ListItem\",\"position\":3,\"name\":\"Fizzy Max III 6in1 60K 60000 Puffs Eldobhat\u00f3 Vape &#8211; g\u00f6r\u00f6gdinnye j\u00e9g \u00e9s eper van\u00edlia k\u00f3la \u00e9s vegyes bogy\u00f3\"}]},{\"@type\":\"WebSite\",\"@id\":\"https:\\\/\\\/shop.fizzyvape.com\\\/hu\\\/#website\",\"url\":\"https:\\\/\\\/shop.fizzyvape.com\\\/hu\\\/\",\"name\":\"shop.fizzyvape.com\",\"description\":\"The Best Disposable Vape In Europe | 10000 - 60000 Puffs  | Free Shipping\",\"potentialAction\":[{\"@type\":\"SearchAction\",\"target\":{\"@type\":\"EntryPoint\",\"urlTemplate\":\"https:\\\/\\\/shop.fizzyvape.com\\\/hu\\\/?s={search_term_string}\"},\"query-input\":{\"@type\":\"PropertyValueSpecification\",\"valueRequired\":true,\"valueName\":\"search_term_string\"}}],\"inLanguage\":\"hu\"}]}<\/script>\n<!-- \/ Yoast SEO Premium plugin. -->","yoast_head_json":{"title":"Fizzy Max 6in1 60k 60000 Puffs Eldobhat\u00f3 Vape - Hossz\u00fa \u00e9lettartam\u00fa vape","description":"A Fizzy Max III 6in1 60000 slukkot, hat \u00edzt, \u00fajrat\u00f6lthet\u0151 akkumul\u00e1tort, \u00e1ll\u00edthat\u00f3 l\u00e9g\u00e1raml\u00e1st \u00e9s kett\u0151s \u00fczemm\u00f3dot k\u00edn\u00e1l. V\u00e9gs\u0151 t\u00f6bb \u00edz\u0171 eldobhat\u00f3 vape \u00e9lm\u00e9ny.","robots":{"index":"index","follow":"follow","max-snippet":"max-snippet:-1","max-image-preview":"max-image-preview:large","max-video-preview":"max-video-preview:-1"},"canonical":"https:\/\/shop.fizzyvape.com\/hu\/termek\/fizzy-max-iii-6in1-60k-60000-puffs-eldobhato-vape-gorogdinnye-jeg-es-eper-vanilia-kola-es-vegyes-bogyo\/","og_locale":"hu_HU","og_type":"article","og_title":"Fizzy Max III 6in1 60K 60000 Puffs Eldobhat\u00f3 Vape - g\u00f6r\u00f6gdinnye j\u00e9g \u00e9s eper van\u00edlia k\u00f3la \u00e9s vegyes bogy\u00f3","og_description":"A Fizzy Max III 6in1 60000 slukkot, hat \u00edzt, \u00fajrat\u00f6lthet\u0151 akkumul\u00e1tort, \u00e1ll\u00edthat\u00f3 l\u00e9g\u00e1raml\u00e1st \u00e9s kett\u0151s \u00fczemm\u00f3dot k\u00edn\u00e1l. V\u00e9gs\u0151 t\u00f6bb \u00edz\u0171 eldobhat\u00f3 vape \u00e9lm\u00e9ny.","og_url":"https:\/\/shop.fizzyvape.com\/hu\/termek\/fizzy-max-iii-6in1-60k-60000-puffs-eldobhato-vape-gorogdinnye-jeg-es-eper-vanilia-kola-es-vegyes-bogyo\/","og_site_name":"shop.fizzyvape.com","article_modified_time":"2025-12-01T01:24:24+00:00","og_image":[{"width":800,"height":800,"url":"https:\/\/shop.fizzyvape.com\/wp-content\/uploads\/2025\/05\/Fizzy-Max-III-6in1-60K-60000-Puffs-4.jpg","type":"image\/jpeg"}],"twitter_card":"summary_large_image","twitter_misc":{"Becs\u00fclt olvas\u00e1si id\u0151":"4 perc"},"schema":{"@context":"https:\/\/schema.org","@graph":[{"@type":"WebPage","@id":"https:\/\/shop.fizzyvape.com\/hu\/termek\/fizzy-max-iii-6in1-60k-60000-puffs-eldobhato-vape-gorogdinnye-jeg-es-eper-vanilia-kola-es-vegyes-bogyo\/","url":"https:\/\/shop.fizzyvape.com\/hu\/termek\/fizzy-max-iii-6in1-60k-60000-puffs-eldobhato-vape-gorogdinnye-jeg-es-eper-vanilia-kola-es-vegyes-bogyo\/","name":"Fizzy Max 6in1 60k 60000 Puffs Eldobhat\u00f3 Vape - Hossz\u00fa \u00e9lettartam\u00fa vape","isPartOf":{"@id":"https:\/\/shop.fizzyvape.com\/hu\/#website"},"primaryImageOfPage":{"@id":"https:\/\/shop.fizzyvape.com\/hu\/termek\/fizzy-max-iii-6in1-60k-60000-puffs-eldobhato-vape-gorogdinnye-jeg-es-eper-vanilia-kola-es-vegyes-bogyo\/#primaryimage"},"image":{"@id":"https:\/\/shop.fizzyvape.com\/hu\/termek\/fizzy-max-iii-6in1-60k-60000-puffs-eldobhato-vape-gorogdinnye-jeg-es-eper-vanilia-kola-es-vegyes-bogyo\/#primaryimage"},"thumbnailUrl":"https:\/\/shop.fizzyvape.com\/wp-content\/uploads\/2025\/05\/Fizzy-Max-III-6in1-60K-60000-Puffs-4.jpg","datePublished":"2025-05-30T07:52:57+00:00","dateModified":"2025-12-01T01:24:24+00:00","description":"A Fizzy Max III 6in1 60000 slukkot, hat \u00edzt, \u00fajrat\u00f6lthet\u0151 akkumul\u00e1tort, \u00e1ll\u00edthat\u00f3 l\u00e9g\u00e1raml\u00e1st \u00e9s kett\u0151s \u00fczemm\u00f3dot k\u00edn\u00e1l. V\u00e9gs\u0151 t\u00f6bb \u00edz\u0171 eldobhat\u00f3 vape \u00e9lm\u00e9ny.","breadcrumb":{"@id":"https:\/\/shop.fizzyvape.com\/hu\/termek\/fizzy-max-iii-6in1-60k-60000-puffs-eldobhato-vape-gorogdinnye-jeg-es-eper-vanilia-kola-es-vegyes-bogyo\/#breadcrumb"},"inLanguage":"hu","potentialAction":[{"@type":"ReadAction","target":["https:\/\/shop.fizzyvape.com\/hu\/termek\/fizzy-max-iii-6in1-60k-60000-puffs-eldobhato-vape-gorogdinnye-jeg-es-eper-vanilia-kola-es-vegyes-bogyo\/"]}]},{"@type":"ImageObject","inLanguage":"hu","@id":"https:\/\/shop.fizzyvape.com\/hu\/termek\/fizzy-max-iii-6in1-60k-60000-puffs-eldobhato-vape-gorogdinnye-jeg-es-eper-vanilia-kola-es-vegyes-bogyo\/#primaryimage","url":"https:\/\/shop.fizzyvape.com\/wp-content\/uploads\/2025\/05\/Fizzy-Max-III-6in1-60K-60000-Puffs-4.jpg","contentUrl":"https:\/\/shop.fizzyvape.com\/wp-content\/uploads\/2025\/05\/Fizzy-Max-III-6in1-60K-60000-Puffs-4.jpg","width":800,"height":800,"caption":"Fizzy Max III 6in1 60K 60000 Puffs-4"},{"@type":"BreadcrumbList","@id":"https:\/\/shop.fizzyvape.com\/hu\/termek\/fizzy-max-iii-6in1-60k-60000-puffs-eldobhato-vape-gorogdinnye-jeg-es-eper-vanilia-kola-es-vegyes-bogyo\/#breadcrumb","itemListElement":[{"@type":"ListItem","position":1,"name":"\u9996\u9875","item":"https:\/\/shop.fizzyvape.com\/hu\/"},{"@type":"ListItem","position":2,"name":"Shop","item":"https:\/\/shop.fizzyvape.com\/shop\/"},{"@type":"ListItem","position":3,"name":"Fizzy Max III 6in1 60K 60000 Puffs Eldobhat\u00f3 Vape &#8211; g\u00f6r\u00f6gdinnye j\u00e9g \u00e9s eper van\u00edlia k\u00f3la \u00e9s vegyes bogy\u00f3"}]},{"@type":"WebSite","@id":"https:\/\/shop.fizzyvape.com\/hu\/#website","url":"https:\/\/shop.fizzyvape.com\/hu\/","name":"shop.fizzyvape.com","description":"The Best Disposable Vape In Europe | 10000 - 60000 Puffs  | Free Shipping","potentialAction":[{"@type":"SearchAction","target":{"@type":"EntryPoint","urlTemplate":"https:\/\/shop.fizzyvape.com\/hu\/?s={search_term_string}"},"query-input":{"@type":"PropertyValueSpecification","valueRequired":true,"valueName":"search_term_string"}}],"inLanguage":"hu"}]}},"tiered_pricing_type":"fixed","tiered_pricing_fixed_rules":[],"tiered_pricing_product_settings":{"layout":"default","base_unit_name":{"singular":null,"plural":null},"default_variation":null},"tiered_pricing_minimum_quantity":null,"tiered_pricing_roles_data":[],"tiered_pricing_percentage_rules":[],"tiered_pricing_maximum_quantity":null,"tiered_pricing_quantity_step":null,"_links":{"self":[{"href":"https:\/\/shop.fizzyvape.com\/hu\/wp-json\/wp\/v2\/product\/19712","targetHints":{"allow":["GET"]}}],"collection":[{"href":"https:\/\/shop.fizzyvape.com\/hu\/wp-json\/wp\/v2\/product"}],"about":[{"href":"https:\/\/shop.fizzyvape.com\/hu\/wp-json\/wp\/v2\/types\/product"}],"replies":[{"embeddable":true,"href":"https:\/\/shop.fizzyvape.com\/hu\/wp-json\/wp\/v2\/comments?post=19712"}],"version-history":[{"count":0,"href":"https:\/\/shop.fizzyvape.com\/hu\/wp-json\/wp\/v2\/product\/19712\/revisions"}],"wp:featuredmedia":[{"embeddable":true,"href":"https:\/\/shop.fizzyvape.com\/hu\/wp-json\/wp\/v2\/media\/18708"}],"wp:attachment":[{"href":"https:\/\/shop.fizzyvape.com\/hu\/wp-json\/wp\/v2\/media?parent=19712"}],"wp:term":[{"taxonomy":"product_brand","embeddable":true,"href":"https:\/\/shop.fizzyvape.com\/hu\/wp-json\/wp\/v2\/product_brand?post=19712"},{"taxonomy":"product_cat","embeddable":true,"href":"https:\/\/shop.fizzyvape.com\/hu\/wp-json\/wp\/v2\/product_cat?post=19712"},{"taxonomy":"product_tag","embeddable":true,"href":"https:\/\/shop.fizzyvape.com\/hu\/wp-json\/wp\/v2\/product_tag?post=19712"}],"curies":[{"name":"wp","href":"https:\/\/api.w.org\/{rel}","templated":true}]}}