{"id":19715,"date":"2025-05-30T07:52:55","date_gmt":"2025-05-30T07:52:55","guid":{"rendered":"https:\/\/shop.fizzyvape.com\/product\/fizzy-max-iii-6in1-60k-60000-puffs-eldobhato-vape-eper-szolo-es-afonya-kokusz-es-barack-citrom\/"},"modified":"2025-12-01T01:24:02","modified_gmt":"2025-12-01T01:24:02","slug":"fizzy-max-iii-6in1-60k-60000-puffs-eldobhato-vape-eper-szolo-es-afonya-kokusz-es-barack-citrom","status":"publish","type":"product","link":"https:\/\/shop.fizzyvape.com\/hu\/termek\/fizzy-max-iii-6in1-60k-60000-puffs-eldobhato-vape-eper-szolo-es-afonya-kokusz-es-barack-citrom\/","title":{"rendered":"Fizzy Max III 6in1 60K 60000 Puffs Eldobhat\u00f3 Vape &#8211; Eper sz\u0151l\u0151 \u00e9s \u00e1fonya k\u00f3kusz \u00e9s barack citrom"},"content":{"rendered":"<p><img decoding=\"async\" class=\"aligncenter\" src=\"https:\/\/shop.fizzyvape.com\/wp-content\/uploads\/2025\/05\/Fizzy-Max-III-6in1-60K-60000-Puffs-3-1.webp\" alt=\"Fizzy Max III 60000 Puffs 6in1 eldobhat\u00f3 Vape (3)\" \/><\/p>\n<h1>Fizzy Max III 6in1 60K 60000 Puffs \u00dajrat\u00f6lthet\u0151 eldobhat\u00f3 Vape &#8211; Eper sz\u0151l\u0151 \u00e9s \u00e1fonya k\u00f3kusz \u00e9s barack citrom<\/h1>\n<p><strong>6 \u00edz 1 forradalmi k\u00e9sz\u00fcl\u00e9kben<\/strong><br \/>\nL\u00e9pjen be az \u00fajrat\u00f6lthet\u0151 eldobhat\u00f3 vape j\u00f6v\u0151j\u00e9be a <strong>Fizzy Max III 6in1 60000 Puffs<\/strong> k\u00e9sz\u00fcl\u00e9kkel, amely egyes\u00edti a fejlett teljes\u00edtm\u00e9nyt, az intuit\u00edv kialak\u00edt\u00e1st \u00e9s a verhetetlen \u00edzv\u00e1laszt\u00e9kot. <strong>H\u00e1rom 20 ml-es poddal &#8211; epres<\/strong><strong>sz\u0151l\u0151<\/strong>, <strong>\u00e1fony\u00e1s k\u00f3kusz<\/strong> \u00e9s <strong>barackos citrom<\/strong>&#8211; el\u0151re felt\u00f6ltve <strong>ez az<\/strong>innovat\u00edv k\u00e9sz\u00fcl\u00e9k <strong>hat k\u00fcl\u00f6nb\u00f6z\u0151 \u00edz\u00e9lm\u00e9nyt<\/strong> k\u00edn\u00e1l egy okos, kett\u0151s \u00edzkever\u0151 rendszeren kereszt\u00fcl.<\/p>\n<h2>\u00cdzm\u00f3dok:<\/h2>\n<ul>\n<li><strong>Strawberry Grape (A)<\/strong> &#8211; L\u00e9d\u00fas \u00e9s \u00e9des bogy\u00f3s gy\u00fcm\u00f6lcs\u00f6k \u00e9s sz\u0151l\u0151 f\u00fazi\u00f3ja.<\/li>\n<li><strong>Blueberry Coconut (B)<\/strong> &#8211; Kr\u00e9mes tr\u00f3pusi k\u00f3kuszdi\u00f3 mer\u00e9sz \u00e1fony\u00e1s jegyekkel.<\/li>\n<li><strong>Peach Lemon (C)<\/strong> &#8211; Az \u00e9des \u0151szibarack \u00e9s a citromf\u0171 pik\u00e1ns, friss\u00edt\u0151 kever\u00e9ke.<\/li>\n<li><strong>Mix AB<\/strong> &#8211; Bogy\u00f3s tr\u00f3pusi robban\u00e1s k\u00f3kuszos csavarral<\/li>\n<li><strong>Mix BC<\/strong> &#8211; L\u00e1gy citrus-k\u00f3kusz f\u00fazi\u00f3ja<\/li>\n<li><strong>Mix CA<\/strong> &#8211; \u00c9des barackos bogy\u00f3s gy\u00fcm\u00f6lcs\u00f6k, \u00e9l\u00e9nk citrusos lecseng\u00e9ssel<\/li>\n<\/ul>\n<p>V\u00e1lt\u00e1s mind a hat \u00edzprofil k\u00f6z\u00f6tt a sz\u00e1jr\u00e9sz egyszer\u0171 <strong>felemel\u00e9s\u00e9vel \u00e9s elforgat\u00e1s\u00e1val<\/strong>. A be\u00e9p\u00edtett forg\u00f3 rendszerrel k\u00f6nnyed\u00e9n v\u00e1ltogathatja az \u00edzeket:<br \/>\n<strong>A \u2192 Mix AB \u2192 B \u2192 Mix BC \u2192 C \u2192 Mix CA<\/strong><\/p>\n<p>Fedezze fel k\u00f6nnyed\u00e9n mind a hat \u00edzprofilt az intelligens forg\u00f3 kialak\u00edt\u00e1ssal, amely z\u00f6kken\u0151mentess\u00e9 \u00e9s z\u00f6kken\u0151mentess\u00e9 teszi az \u00edzek k\u00f6z\u00f6tti v\u00e1lt\u00e1st. N\u00e9zze meg, hogyan m\u0171k\u00f6dik a <a href=\"https:\/\/www.youtube.com\/watch?v=CoxB_HvaU3k\">dem\u00f3vide\u00f3nkban<\/a>.<\/p>\n<h2>A term\u00e9k kiemelked\u0151 jellemz\u0151i<\/h2>\n<ul>\n<li><strong>Puff:<\/strong> <strong>60,000 puffan\u00e1sig<\/strong><\/li>\n<li><strong>6 az 1-ben \u00edzrendszer<\/strong> (3 szingli + 3 kever\u00e9k)<\/li>\n<li><strong>E-folyad\u00e9k kapacit\u00e1s:<\/strong> 60mL (3 \u00d7 20mL pod)<\/li>\n<li><strong>Nikotin er\u0151ss\u00e9g:<\/strong> 2% \/ 5%<\/li>\n<li><strong>Akkumul\u00e1tor:<\/strong> 850mAh \u00fajrat\u00f6lthet\u0151 C-t\u00edpuson kereszt\u00fcl<\/li>\n<li><strong>Tekercs:<\/strong> Mesh Coil a k\u00f6vetkezetes g\u0151z \u00e9s a gazdag \u00edz \u00e9rdek\u00e9ben.<\/li>\n<li><strong>LED kijelz\u0151:<\/strong> Akkumul\u00e1tor- \u00e9s \u00fczemm\u00f3djelz\u0151<\/li>\n<li><strong>Szavatoss\u00e1gi id\u0151:<\/strong> 2 \u00e9v<\/li>\n<\/ul>\n<h3><strong>Fizzy Max III 6in1 60000 Puffs Eldobhat\u00f3 Vape \u00edzek list\u00e1ja:<\/strong><\/h3>\n<ol>\n<li><a href=\"https:\/\/shop.fizzyvape.com\/hu\/termek\/fizzy-max-iii-6in1-60k-60000-puffs-eldobhato-vape-eper-malna-es-mango-barack-es-afonya-gorogdinnye\/\">Eper M\u00e1lna \u00e9s mang\u00f3 Barack \u00e9s \u00e1fonya G\u00f6r\u00f6gdinnye<\/a><\/li>\n<li><a href=\"https:\/\/shop.fizzyvape.com\/hu\/termek\/fizzy-max-iii-6in1-60k-60000-puffs-eldobhato-vape-vegyes-bogyo-es-kiwi-golgotavirag-guava-es-eper-gorogdinnye\/\">Vegyes bogy\u00f3s gy\u00fcm\u00f6lcs \u00e9s kiwi maracuja Guava \u00e9s eper g\u00f6r\u00f6gdinnye<\/a><\/li>\n<li><a href=\"https:\/\/shop.fizzyvape.com\/hu\/termek\/fizzy-max-iii-6in1-60k-60000-puffs-eldobhato-vape-afonya-malna-es-tripla-dinnye-es-eper-jeg\/\">\u00c1fonya-m\u00e1lna &amp; h\u00e1rmas dinnye &amp; eper j\u00e9g<\/a><\/li>\n<li><a href=\"https:\/\/shop.fizzyvape.com\/hu\/termek\/fizzy-max-iii-6in1-60k-60000-puffs-eldobhato-vape-eper-sarkanygyumolcs-red-bull-malna-gorogdinnye\/\">Eper s\u00e1rk\u00e1nygy\u00fcm\u00f6lcs &amp; Red Bull &amp; m\u00e1lna g\u00f6r\u00f6gdinnye<\/a><\/li>\n<li><a href=\"https:\/\/shop.fizzyvape.com\/hu\/termek\/fizzy-max-iii-6in1-60k-60000-puffs-eldobhato-vape-eper-kiwi-afonya-jeg-gorogdinnye-jeg\/\">Eper-kiwi &amp; \u00e1fonya j\u00e9g &amp; g\u00f6r\u00f6gdinnye j\u00e9g<\/a><\/li>\n<li><a href=\"https:\/\/shop.fizzyvape.com\/hu\/termek\/fizzy-max-iii-6in1-60k-60000-puffs-eldobhato-vape-blueberry-ice-fizzy-cherry-raspberry-lemon\/\">\u00c1fonya Ice &amp; Fizzy Cherry &amp; M\u00e1lna Lemon<\/a><\/li>\n<li><a href=\"https:\/\/shop.fizzyvape.com\/hu\/termek\/fizzy-max-iii-6in1-60k-60000-puffs-eldobhato-vape-gorogdinnye-jeg-es-eper-vanilia-kola-es-vegyes-bogyo\/\">G\u00f6r\u00f6gdinnye j\u00e9g &amp; eper Van\u00edlia k\u00f3la &amp; vegyes<\/a><\/li>\n<li><a href=\"https:\/\/shop.fizzyvape.com\/hu\/termek\/fizzy-max-iii-6in1-60k-60000-puffs-eldobhato-vape-eper-szolo-es-afonya-kokusz-es-barack-citrom\/\">Eper Sz\u0151l\u0151 &amp; \u00c1fonya K\u00f3kusz &amp; Barack Citrom<\/a><\/li>\n<li><a href=\"https:\/\/shop.fizzyvape.com\/hu\/termek\/fizzy-max-iii-6in1-60k-60000-puffs-eldobhato-vape-blue-razz-ice-strawberry-kiwi-sour-ananasz-narancs\/\">Blue Razz Ice &amp; Strawberry Kiwi &amp; Sour Anan\u00e1sz Narancs<\/a><\/li>\n<li><a href=\"https:\/\/shop.fizzyvape.com\/hu\/termek\/fizzy-max-iii-6in1-60k-60000-puffs-eldobhato-vape-eper-gorogdinnye-citromos-lime-afonya-kokuszdio\/\">Epres g\u00f6r\u00f6gdinnye &amp; citromos lime &amp; \u00e1fony\u00e1s k\u00f3kuszos<\/a><\/li>\n<\/ol>\n<h3><strong>Testre szabva minden szipuz\u00e1si st\u00edlushoz<\/strong><\/h3>\n<p><strong>Single-Flavor Mode (MTL):<\/strong><br \/>\nSzoros, \u00edzgazdag h\u00faz\u00e1st biztos\u00edt, amely t\u00f6k\u00e9letes a <strong>sz\u00e1jb\u00f3l-l\u00e9gbe<\/strong> p\u00e1rol\u00e1shoz \u00e9s az \u00edzek tisztas\u00e1g\u00e1hoz.<\/p>\n<p><strong>Dual-Flavor Mix Mode (DL):<\/strong><br \/>\nFokozott l\u00e9g\u00e1raml\u00e1s \u00e9s kevert \u00edz a mer\u00e9sz, l\u00e9gies <strong>, k\u00f6zvetlen t\u00fcd\u0151re<\/strong> hat\u00f3 sl\u00e1gerek\u00e9rt \u00e9s nagyobb felh\u0151k\u00e9rt.<\/p>\n<h2>Mi\u00e9rt v\u00e1lassza a Fizzy Max III 6in1-et?<\/h2>\n<ul>\n<li><strong>Forg\u00f3 sz\u00e1jr\u00e9sz:<\/strong> Azonnali \u00edzv\u00e1lt\u00e1s a podok cser\u00e9je n\u00e9lk\u00fcl<\/li>\n<li><strong>Hossz\u00fa akkumul\u00e1tor \u00e9lettartam:<\/strong> 850mAh \u00fajrat\u00f6lthet\u0151 akkumul\u00e1tor ak\u00e1r 60.000 slukkig is k\u00e9pes energi\u00e1t biztos\u00edtani.<\/li>\n<li><strong>6 \u00edz, 1 eszk\u00f6z:<\/strong> \u00c9lvezze a v\u00e1ltozatoss\u00e1got an\u00e9lk\u00fcl, hogy extra p\u00e1rologtat\u00f3kat kellene cipelnie<\/li>\n<li><strong>Gyors sz\u00e1ll\u00edt\u00e1s Eur\u00f3p\u00e1b\u00f3l:<\/strong> Gyors sz\u00e1ll\u00edt\u00e1s az <strong>EU rakt\u00e1runkb\u00f3l<\/strong>, <strong>v\u00e1mk\u00e9sedelem n\u00e9lk\u00fcl<\/strong>.<\/li>\n<\/ul>\n<h3><strong>GYIK &#8211; Fizzy Max III 6in1 60K \u00fajrat\u00f6lthet\u0151 eldobhat\u00f3 Vape<\/strong><\/h3>\n<h4>1. <strong>Hogyan v\u00e1lthatok a k\u00fcl\u00f6nb\u00f6z\u0151 \u00edzek k\u00f6z\u00f6tt a Fizzy Max III 6in1 k\u00e9sz\u00fcl\u00e9kben?<\/strong><\/h4>\n<p>Az \u00edzek v\u00e1lt\u00e1s\u00e1hoz egyszer\u0171en <strong>emelje fel \u00e9s forgassa el a sz\u00e1jdarabot<\/strong>. Az intelligens forgat\u00e1si rendszer lehet\u0151v\u00e9 teszi, hogy ebben a sorrendben hat \u00edzprofilt v\u00e1ltson:<br \/>\n<strong>A \u2192 Mix AB \u2192 B \u2192 Mix BC \u2192 C \u2192 Mix CA<\/strong> &#8211; \u00edgy k\u00f6nnyed\u00e9n hozz\u00e1f\u00e9rhet minden egyes \u00e9s vegyes kombin\u00e1ci\u00f3hoz.<\/p>\n<h4>2. <strong>H\u00e1ny puffot biztos\u00edt a Fizzy Max III 6in1?<\/strong><\/h4>\n<p>Ez a k\u00e9sz\u00fcl\u00e9k <strong>ak\u00e1r 60.000 slukkot is<\/strong> biztos\u00edt, k\u00f6sz\u00f6nhet\u0151en a <strong>60 ml-es e-folyad\u00e9k kapacit\u00e1snak<\/strong> \u00e9s az er\u0151teljes <strong>850 mAh-s \u00fajrat\u00f6lthet\u0151 akkumul\u00e1tornak<\/strong>, \u00edgy ez az egyik leghosszabb \u00e9lettartam\u00fa eldobhat\u00f3 p\u00e1rologtat\u00f3 a piacon.<\/p>\n<h4>3. <strong>A Fizzy Max III alkalmas mind MTL, mind DL vaping st\u00edlusokhoz?<\/strong><\/h4>\n<p>Igen!<\/p>\n<ul>\n<li>Haszn\u00e1lja az <strong>Egyf\u00e9le \u00edz\u0171 \u00fczemm\u00f3dot<\/strong> a <strong>sz\u00e1jb\u00f3l a t\u00fcd\u0151be (MTL<\/strong> ) h\u00faz\u00e1shoz &#8211; nagyszer\u0171 azok sz\u00e1m\u00e1ra, akik a cigarettaszer\u0171 \u00e9lm\u00e9nyt kedvelik.<\/li>\n<li>V\u00e1ltson \u00e1t a <strong>Dual-Flavor Mix \u00fczemm\u00f3dra<\/strong> a <strong>k\u00f6zvetlen t\u00fcd\u0151vel (DL)<\/strong> t\u00f6rt\u00e9n\u0151 p\u00e1rologtat\u00e1shoz &#8211; optimaliz\u00e1lva a nagy felh\u0151kh\u00f6z \u00e9s a mer\u00e9sz \u00edzekhez a megn\u00f6velt l\u00e9g\u00e1raml\u00e1ssal.<\/li>\n<\/ul>\n<h4>4. <strong>\u00dajrat\u00f6lthet\u0151-e a k\u00e9sz\u00fcl\u00e9k, \u00e9s hogyan t\u00f6lthetem fel?<\/strong><\/h4>\n<p>Abszol\u00fat. A Fizzy Max III 6in1 <strong>850mAh-s \u00fajrat\u00f6lthet\u0151 akkumul\u00e1torral<\/strong> rendelkezik, \u00e9s t\u00e1mogatja a <strong>C-t\u00edpus\u00fa t\u00f6lt\u00e9st<\/strong>, \u00edgy sz\u00fcks\u00e9g eset\u00e9n gyors \u00e9s k\u00e9nyelmes felt\u00f6lt\u00e9st biztos\u00edt.<\/p>\n","protected":false},"excerpt":{"rendered":"<p>Fedezze fel a Fizzy Max III &#8211; az \u00fajrat\u00f6lthet\u0151 eldobhat\u00f3 vape, amely 6 egyedi \u00edzt, 60 000 puffot, C-t\u00edpus\u00fa t\u00f6lt\u00e9st \u00e9s kett\u0151s p\u00e1rologtat\u00e1si m\u00f3dot k\u00edn\u00e1l egyetlen eleg\u00e1ns eszk\u00f6zben.<\/p>\n","protected":false},"featured_media":18704,"comment_status":"open","ping_status":"closed","template":"","meta":[],"product_brand":[],"product_cat":[149,148],"product_tag":[135,136,137,138],"class_list":{"0":"post-19715","1":"product","2":"type-product","3":"status-publish","4":"has-post-thumbnail","6":"product_cat-fizzy-max-iii-60000-puffs-eldobhato-vape","7":"product_cat-ujratoltheto-eldobhato-vape","8":"product_tag-6-az-1-ben-izek","9":"product_tag-60k-puffs-hu","10":"product_tag-eldobhato-vape","11":"product_tag-ujratoltheto","13":"first","14":"outofstock","15":"shipping-taxable","16":"purchasable","17":"product-type-variable"},"yoast_head":"<!-- This site is optimized with the Yoast SEO Premium plugin v24.8 (Yoast SEO v27.4) - https:\/\/yoast.com\/product\/yoast-seo-premium-wordpress\/ -->\n<title>Fizzy Max III - 6 \u00edz, 60K Puff \u00fajrat\u00f6lthet\u0151 eldobhat\u00f3 vape<\/title>\n<meta name=\"description\" content=\"Tapasztald meg a Fizzy Max III 6in1 \u00fajrat\u00f6lthet\u0151 eldobhat\u00f3 vape-t 60.000 puffol\u00e1ssal, 6 egyedi \u00edzzel \u00e9s egy er\u0151teljes 850mAh-s akkumul\u00e1torral az eg\u00e9sz napos p\u00e1rologtat\u00e1shoz.\" \/>\n<meta name=\"robots\" content=\"index, follow, max-snippet:-1, max-image-preview:large, max-video-preview:-1\" \/>\n<link rel=\"canonical\" href=\"https:\/\/shop.fizzyvape.com\/hu\/termek\/fizzy-max-iii-6in1-60k-60000-puffs-eldobhato-vape-eper-szolo-es-afonya-kokusz-es-barack-citrom\/\" \/>\n<meta property=\"og:locale\" content=\"hu_HU\" \/>\n<meta property=\"og:type\" content=\"article\" \/>\n<meta property=\"og:title\" content=\"Fizzy Max III 6in1 60K 60000 Puffs Eldobhat\u00f3 Vape - Eper sz\u0151l\u0151 \u00e9s \u00e1fonya k\u00f3kusz \u00e9s barack citrom\" \/>\n<meta property=\"og:description\" content=\"Tapasztald meg a Fizzy Max III 6in1 \u00fajrat\u00f6lthet\u0151 eldobhat\u00f3 vape-t 60.000 puffol\u00e1ssal, 6 egyedi \u00edzzel \u00e9s egy er\u0151teljes 850mAh-s akkumul\u00e1torral az eg\u00e9sz napos p\u00e1rologtat\u00e1shoz.\" \/>\n<meta property=\"og:url\" content=\"https:\/\/shop.fizzyvape.com\/hu\/termek\/fizzy-max-iii-6in1-60k-60000-puffs-eldobhato-vape-eper-szolo-es-afonya-kokusz-es-barack-citrom\/\" \/>\n<meta property=\"og:site_name\" content=\"shop.fizzyvape.com\" \/>\n<meta property=\"article:modified_time\" content=\"2025-12-01T01:24:02+00:00\" \/>\n<meta property=\"og:image\" content=\"https:\/\/shop.fizzyvape.com\/wp-content\/uploads\/2025\/05\/Fizzy-Max-III-6in1-60K-60000-Puffs-3.jpg\" \/>\n\t<meta property=\"og:image:width\" content=\"800\" \/>\n\t<meta property=\"og:image:height\" content=\"800\" \/>\n\t<meta property=\"og:image:type\" content=\"image\/jpeg\" \/>\n<meta name=\"twitter:card\" content=\"summary_large_image\" \/>\n<meta name=\"twitter:label1\" content=\"Becs\u00fclt olvas\u00e1si id\u0151\" \/>\n\t<meta name=\"twitter:data1\" content=\"4 perc\" \/>\n<script type=\"application\/ld+json\" class=\"yoast-schema-graph\">{\"@context\":\"https:\\\/\\\/schema.org\",\"@graph\":[{\"@type\":\"WebPage\",\"@id\":\"https:\\\/\\\/shop.fizzyvape.com\\\/hu\\\/termek\\\/fizzy-max-iii-6in1-60k-60000-puffs-eldobhato-vape-eper-szolo-es-afonya-kokusz-es-barack-citrom\\\/\",\"url\":\"https:\\\/\\\/shop.fizzyvape.com\\\/hu\\\/termek\\\/fizzy-max-iii-6in1-60k-60000-puffs-eldobhato-vape-eper-szolo-es-afonya-kokusz-es-barack-citrom\\\/\",\"name\":\"Fizzy Max III - 6 \u00edz, 60K Puff \u00fajrat\u00f6lthet\u0151 eldobhat\u00f3 vape\",\"isPartOf\":{\"@id\":\"https:\\\/\\\/shop.fizzyvape.com\\\/hu\\\/#website\"},\"primaryImageOfPage\":{\"@id\":\"https:\\\/\\\/shop.fizzyvape.com\\\/hu\\\/termek\\\/fizzy-max-iii-6in1-60k-60000-puffs-eldobhato-vape-eper-szolo-es-afonya-kokusz-es-barack-citrom\\\/#primaryimage\"},\"image\":{\"@id\":\"https:\\\/\\\/shop.fizzyvape.com\\\/hu\\\/termek\\\/fizzy-max-iii-6in1-60k-60000-puffs-eldobhato-vape-eper-szolo-es-afonya-kokusz-es-barack-citrom\\\/#primaryimage\"},\"thumbnailUrl\":\"https:\\\/\\\/shop.fizzyvape.com\\\/wp-content\\\/uploads\\\/2025\\\/05\\\/Fizzy-Max-III-6in1-60K-60000-Puffs-3.jpg\",\"datePublished\":\"2025-05-30T07:52:55+00:00\",\"dateModified\":\"2025-12-01T01:24:02+00:00\",\"description\":\"Tapasztald meg a Fizzy Max III 6in1 \u00fajrat\u00f6lthet\u0151 eldobhat\u00f3 vape-t 60.000 puffol\u00e1ssal, 6 egyedi \u00edzzel \u00e9s egy er\u0151teljes 850mAh-s akkumul\u00e1torral az eg\u00e9sz napos p\u00e1rologtat\u00e1shoz.\",\"breadcrumb\":{\"@id\":\"https:\\\/\\\/shop.fizzyvape.com\\\/hu\\\/termek\\\/fizzy-max-iii-6in1-60k-60000-puffs-eldobhato-vape-eper-szolo-es-afonya-kokusz-es-barack-citrom\\\/#breadcrumb\"},\"inLanguage\":\"hu\",\"potentialAction\":[{\"@type\":\"ReadAction\",\"target\":[\"https:\\\/\\\/shop.fizzyvape.com\\\/hu\\\/termek\\\/fizzy-max-iii-6in1-60k-60000-puffs-eldobhato-vape-eper-szolo-es-afonya-kokusz-es-barack-citrom\\\/\"]}]},{\"@type\":\"ImageObject\",\"inLanguage\":\"hu\",\"@id\":\"https:\\\/\\\/shop.fizzyvape.com\\\/hu\\\/termek\\\/fizzy-max-iii-6in1-60k-60000-puffs-eldobhato-vape-eper-szolo-es-afonya-kokusz-es-barack-citrom\\\/#primaryimage\",\"url\":\"https:\\\/\\\/shop.fizzyvape.com\\\/wp-content\\\/uploads\\\/2025\\\/05\\\/Fizzy-Max-III-6in1-60K-60000-Puffs-3.jpg\",\"contentUrl\":\"https:\\\/\\\/shop.fizzyvape.com\\\/wp-content\\\/uploads\\\/2025\\\/05\\\/Fizzy-Max-III-6in1-60K-60000-Puffs-3.jpg\",\"width\":800,\"height\":800,\"caption\":\"Fizzy Max III 6in1 60K 60000 Puffs-3\"},{\"@type\":\"BreadcrumbList\",\"@id\":\"https:\\\/\\\/shop.fizzyvape.com\\\/hu\\\/termek\\\/fizzy-max-iii-6in1-60k-60000-puffs-eldobhato-vape-eper-szolo-es-afonya-kokusz-es-barack-citrom\\\/#breadcrumb\",\"itemListElement\":[{\"@type\":\"ListItem\",\"position\":1,\"name\":\"\u9996\u9875\",\"item\":\"https:\\\/\\\/shop.fizzyvape.com\\\/hu\\\/\"},{\"@type\":\"ListItem\",\"position\":2,\"name\":\"Shop\",\"item\":\"https:\\\/\\\/shop.fizzyvape.com\\\/shop\\\/\"},{\"@type\":\"ListItem\",\"position\":3,\"name\":\"Fizzy Max III 6in1 60K 60000 Puffs Eldobhat\u00f3 Vape &#8211; Eper sz\u0151l\u0151 \u00e9s \u00e1fonya k\u00f3kusz \u00e9s barack citrom\"}]},{\"@type\":\"WebSite\",\"@id\":\"https:\\\/\\\/shop.fizzyvape.com\\\/hu\\\/#website\",\"url\":\"https:\\\/\\\/shop.fizzyvape.com\\\/hu\\\/\",\"name\":\"shop.fizzyvape.com\",\"description\":\"The Best Disposable Vape In Europe | 10000 - 60000 Puffs  | Free Shipping\",\"potentialAction\":[{\"@type\":\"SearchAction\",\"target\":{\"@type\":\"EntryPoint\",\"urlTemplate\":\"https:\\\/\\\/shop.fizzyvape.com\\\/hu\\\/?s={search_term_string}\"},\"query-input\":{\"@type\":\"PropertyValueSpecification\",\"valueRequired\":true,\"valueName\":\"search_term_string\"}}],\"inLanguage\":\"hu\"}]}<\/script>\n<!-- \/ Yoast SEO Premium plugin. -->","yoast_head_json":{"title":"Fizzy Max III - 6 \u00edz, 60K Puff \u00fajrat\u00f6lthet\u0151 eldobhat\u00f3 vape","description":"Tapasztald meg a Fizzy Max III 6in1 \u00fajrat\u00f6lthet\u0151 eldobhat\u00f3 vape-t 60.000 puffol\u00e1ssal, 6 egyedi \u00edzzel \u00e9s egy er\u0151teljes 850mAh-s akkumul\u00e1torral az eg\u00e9sz napos p\u00e1rologtat\u00e1shoz.","robots":{"index":"index","follow":"follow","max-snippet":"max-snippet:-1","max-image-preview":"max-image-preview:large","max-video-preview":"max-video-preview:-1"},"canonical":"https:\/\/shop.fizzyvape.com\/hu\/termek\/fizzy-max-iii-6in1-60k-60000-puffs-eldobhato-vape-eper-szolo-es-afonya-kokusz-es-barack-citrom\/","og_locale":"hu_HU","og_type":"article","og_title":"Fizzy Max III 6in1 60K 60000 Puffs Eldobhat\u00f3 Vape - Eper sz\u0151l\u0151 \u00e9s \u00e1fonya k\u00f3kusz \u00e9s barack citrom","og_description":"Tapasztald meg a Fizzy Max III 6in1 \u00fajrat\u00f6lthet\u0151 eldobhat\u00f3 vape-t 60.000 puffol\u00e1ssal, 6 egyedi \u00edzzel \u00e9s egy er\u0151teljes 850mAh-s akkumul\u00e1torral az eg\u00e9sz napos p\u00e1rologtat\u00e1shoz.","og_url":"https:\/\/shop.fizzyvape.com\/hu\/termek\/fizzy-max-iii-6in1-60k-60000-puffs-eldobhato-vape-eper-szolo-es-afonya-kokusz-es-barack-citrom\/","og_site_name":"shop.fizzyvape.com","article_modified_time":"2025-12-01T01:24:02+00:00","og_image":[{"width":800,"height":800,"url":"https:\/\/shop.fizzyvape.com\/wp-content\/uploads\/2025\/05\/Fizzy-Max-III-6in1-60K-60000-Puffs-3.jpg","type":"image\/jpeg"}],"twitter_card":"summary_large_image","twitter_misc":{"Becs\u00fclt olvas\u00e1si id\u0151":"4 perc"},"schema":{"@context":"https:\/\/schema.org","@graph":[{"@type":"WebPage","@id":"https:\/\/shop.fizzyvape.com\/hu\/termek\/fizzy-max-iii-6in1-60k-60000-puffs-eldobhato-vape-eper-szolo-es-afonya-kokusz-es-barack-citrom\/","url":"https:\/\/shop.fizzyvape.com\/hu\/termek\/fizzy-max-iii-6in1-60k-60000-puffs-eldobhato-vape-eper-szolo-es-afonya-kokusz-es-barack-citrom\/","name":"Fizzy Max III - 6 \u00edz, 60K Puff \u00fajrat\u00f6lthet\u0151 eldobhat\u00f3 vape","isPartOf":{"@id":"https:\/\/shop.fizzyvape.com\/hu\/#website"},"primaryImageOfPage":{"@id":"https:\/\/shop.fizzyvape.com\/hu\/termek\/fizzy-max-iii-6in1-60k-60000-puffs-eldobhato-vape-eper-szolo-es-afonya-kokusz-es-barack-citrom\/#primaryimage"},"image":{"@id":"https:\/\/shop.fizzyvape.com\/hu\/termek\/fizzy-max-iii-6in1-60k-60000-puffs-eldobhato-vape-eper-szolo-es-afonya-kokusz-es-barack-citrom\/#primaryimage"},"thumbnailUrl":"https:\/\/shop.fizzyvape.com\/wp-content\/uploads\/2025\/05\/Fizzy-Max-III-6in1-60K-60000-Puffs-3.jpg","datePublished":"2025-05-30T07:52:55+00:00","dateModified":"2025-12-01T01:24:02+00:00","description":"Tapasztald meg a Fizzy Max III 6in1 \u00fajrat\u00f6lthet\u0151 eldobhat\u00f3 vape-t 60.000 puffol\u00e1ssal, 6 egyedi \u00edzzel \u00e9s egy er\u0151teljes 850mAh-s akkumul\u00e1torral az eg\u00e9sz napos p\u00e1rologtat\u00e1shoz.","breadcrumb":{"@id":"https:\/\/shop.fizzyvape.com\/hu\/termek\/fizzy-max-iii-6in1-60k-60000-puffs-eldobhato-vape-eper-szolo-es-afonya-kokusz-es-barack-citrom\/#breadcrumb"},"inLanguage":"hu","potentialAction":[{"@type":"ReadAction","target":["https:\/\/shop.fizzyvape.com\/hu\/termek\/fizzy-max-iii-6in1-60k-60000-puffs-eldobhato-vape-eper-szolo-es-afonya-kokusz-es-barack-citrom\/"]}]},{"@type":"ImageObject","inLanguage":"hu","@id":"https:\/\/shop.fizzyvape.com\/hu\/termek\/fizzy-max-iii-6in1-60k-60000-puffs-eldobhato-vape-eper-szolo-es-afonya-kokusz-es-barack-citrom\/#primaryimage","url":"https:\/\/shop.fizzyvape.com\/wp-content\/uploads\/2025\/05\/Fizzy-Max-III-6in1-60K-60000-Puffs-3.jpg","contentUrl":"https:\/\/shop.fizzyvape.com\/wp-content\/uploads\/2025\/05\/Fizzy-Max-III-6in1-60K-60000-Puffs-3.jpg","width":800,"height":800,"caption":"Fizzy Max III 6in1 60K 60000 Puffs-3"},{"@type":"BreadcrumbList","@id":"https:\/\/shop.fizzyvape.com\/hu\/termek\/fizzy-max-iii-6in1-60k-60000-puffs-eldobhato-vape-eper-szolo-es-afonya-kokusz-es-barack-citrom\/#breadcrumb","itemListElement":[{"@type":"ListItem","position":1,"name":"\u9996\u9875","item":"https:\/\/shop.fizzyvape.com\/hu\/"},{"@type":"ListItem","position":2,"name":"Shop","item":"https:\/\/shop.fizzyvape.com\/shop\/"},{"@type":"ListItem","position":3,"name":"Fizzy Max III 6in1 60K 60000 Puffs Eldobhat\u00f3 Vape &#8211; Eper sz\u0151l\u0151 \u00e9s \u00e1fonya k\u00f3kusz \u00e9s barack citrom"}]},{"@type":"WebSite","@id":"https:\/\/shop.fizzyvape.com\/hu\/#website","url":"https:\/\/shop.fizzyvape.com\/hu\/","name":"shop.fizzyvape.com","description":"The Best Disposable Vape In Europe | 10000 - 60000 Puffs  | Free Shipping","potentialAction":[{"@type":"SearchAction","target":{"@type":"EntryPoint","urlTemplate":"https:\/\/shop.fizzyvape.com\/hu\/?s={search_term_string}"},"query-input":{"@type":"PropertyValueSpecification","valueRequired":true,"valueName":"search_term_string"}}],"inLanguage":"hu"}]}},"tiered_pricing_type":"fixed","tiered_pricing_fixed_rules":[],"tiered_pricing_product_settings":{"layout":"default","base_unit_name":{"singular":null,"plural":null},"default_variation":null},"tiered_pricing_minimum_quantity":null,"tiered_pricing_roles_data":[],"tiered_pricing_percentage_rules":[],"tiered_pricing_maximum_quantity":null,"tiered_pricing_quantity_step":null,"_links":{"self":[{"href":"https:\/\/shop.fizzyvape.com\/hu\/wp-json\/wp\/v2\/product\/19715","targetHints":{"allow":["GET"]}}],"collection":[{"href":"https:\/\/shop.fizzyvape.com\/hu\/wp-json\/wp\/v2\/product"}],"about":[{"href":"https:\/\/shop.fizzyvape.com\/hu\/wp-json\/wp\/v2\/types\/product"}],"replies":[{"embeddable":true,"href":"https:\/\/shop.fizzyvape.com\/hu\/wp-json\/wp\/v2\/comments?post=19715"}],"version-history":[{"count":0,"href":"https:\/\/shop.fizzyvape.com\/hu\/wp-json\/wp\/v2\/product\/19715\/revisions"}],"wp:featuredmedia":[{"embeddable":true,"href":"https:\/\/shop.fizzyvape.com\/hu\/wp-json\/wp\/v2\/media\/18704"}],"wp:attachment":[{"href":"https:\/\/shop.fizzyvape.com\/hu\/wp-json\/wp\/v2\/media?parent=19715"}],"wp:term":[{"taxonomy":"product_brand","embeddable":true,"href":"https:\/\/shop.fizzyvape.com\/hu\/wp-json\/wp\/v2\/product_brand?post=19715"},{"taxonomy":"product_cat","embeddable":true,"href":"https:\/\/shop.fizzyvape.com\/hu\/wp-json\/wp\/v2\/product_cat?post=19715"},{"taxonomy":"product_tag","embeddable":true,"href":"https:\/\/shop.fizzyvape.com\/hu\/wp-json\/wp\/v2\/product_tag?post=19715"}],"curies":[{"name":"wp","href":"https:\/\/api.w.org\/{rel}","templated":true}]}}