{"id":19727,"date":"2025-05-30T07:52:53","date_gmt":"2025-05-30T07:52:53","guid":{"rendered":"https:\/\/shop.fizzyvape.com\/product\/fizzy-max-iii-6in1-60k-60000-puffs-eldobhato-vape-blue-razz-ice-strawberry-kiwi-sour-ananasz-narancs\/"},"modified":"2025-12-01T01:23:16","modified_gmt":"2025-12-01T01:23:16","slug":"fizzy-max-iii-6in1-60k-60000-puffs-eldobhato-vape-blue-razz-ice-strawberry-kiwi-sour-ananasz-narancs","status":"publish","type":"product","link":"https:\/\/shop.fizzyvape.com\/hu\/termek\/fizzy-max-iii-6in1-60k-60000-puffs-eldobhato-vape-blue-razz-ice-strawberry-kiwi-sour-ananasz-narancs\/","title":{"rendered":"Fizzy Max III 6in1 60K 60000 Puffs Eldobhat\u00f3 Vape &#8211; Blue Razz Ice &amp; Strawberry Kiwi &amp; Sour Anan\u00e1sz Narancs"},"content":{"rendered":"<p><img decoding=\"async\" class=\"aligncenter\" src=\"https:\/\/shop.fizzyvape.com\/wp-content\/uploads\/2025\/05\/Fizzy-Max-III-6in1-60K-60000-Puffs-2-1.webp\" alt=\"Fizzy Max III 60000 Puffs 6in1 eldobhat\u00f3 Vape (2)\" \/><\/p>\n<h1>Fizzy Max III 6in1 60K 60000 Puffs Multi-Flavor Eldobhat\u00f3 Vape &#8211; Blue Razz Ice &amp; Strawberry Kiwi &amp; Sour Anan\u00e1sz Narancs<\/h1>\n<p><strong>6 \u00edz 1 forradalmi eszk\u00f6zben<\/strong><br \/>\nNyissa meg a p\u00e1rologtat\u00e1s \u00faj szintj\u00e9t a <strong>Fizzy Max III 6in1 Multi-Flavor eldobhat\u00f3 vape-vel<\/strong>, amelyet \u00fagy terveztek, hogy teljes\u00edtm\u00e9nyt, k\u00e9nyelmet \u00e9s mer\u00e9sz \u00edzek soksz\u00edn\u0171s\u00e9g\u00e9t ny\u00fajtsa. Ez a fejlett eldobhat\u00f3 vape <strong>h\u00e1rom el\u0151re felt\u00f6lt\u00f6tt 20 ml-es podot<\/strong> tartalmaz <strong>Blue Razz Ice<\/strong>, <strong>Strawberry Kiwi<\/strong> \u00e9s <strong>Sour Pineapple<\/strong> Orange sz\u00ednekkel, \u00e9s lehet\u0151v\u00e9 teszi, hogy <strong>hat egyedi \u00edz\u00e9lm\u00e9nyt<\/strong> fedezzen fel dinamikus egy- \u00e9s k\u00e9t\u00edz\u0171 kombin\u00e1ci\u00f3kon kereszt\u00fcl.<\/p>\n<h2>\u00cdzm\u00f3dok:<\/h2>\n<ul>\n<li><strong>Blue Razz Ice (A)<\/strong> &#8211; H\u0171s \u00e9s fanyar \u00e1fonya-m\u00e1lna<\/li>\n<li><strong>Strawberry Kiwi (B)<\/strong> &#8211; Bogy\u00f3s gy\u00fcm\u00f6lcs\u00f6k \u00e9s tr\u00f3pusi kiwi l\u00e1gy \u00e9s gy\u00fcm\u00f6lcs\u00f6s egyens\u00falya.<\/li>\n<li><strong>Sour Pineapple Orange (C)<\/strong> &#8211; Egy pik\u00e1ns citrusos r\u00fag\u00e1s \u00e9des-savany\u00fa anan\u00e1szos jegyekkel.<\/li>\n<li><strong>Mix AB<\/strong> &#8211; Fagyos bogy\u00f3s gy\u00fcm\u00f6lcs\u00f6s robban\u00e1s kiwi csavarral<\/li>\n<li><strong>Mix BC<\/strong> &#8211; A kiwi, a citrusf\u00e9l\u00e9k \u00e9s a tr\u00f3pusi puncs vibr\u00e1l\u00f3 kever\u00e9ke<\/li>\n<li><strong>Mix CA<\/strong> &#8211; \u00c9des-savany\u00fa citrusos j\u00e9gf\u00fazi\u00f3 bogy\u00f3s gy\u00fcm\u00f6lcs\u00f6kkel<\/li>\n<\/ul>\n<p>Egyszer\u0171en emelje fel \u00e9s forgassa el a sz\u00e1jdarabot az egy- \u00e9s hibrid \u00edzek k\u00f6z\u00f6tti v\u00e1lt\u00e1shoz. A forgat\u00e1si mechanizmus z\u00f6kken\u0151mentes \u00e1tmenetet biztos\u00edt az \u00edzcikluson kereszt\u00fcl:<\/p>\n<p><strong>A \u2192 Mix AB \u2192 B \u2192 Mix BC \u2192 C \u2192 Mix CA<\/strong><\/p>\n<p>Fedezze fel k\u00f6nnyed\u00e9n mind a hat \u00edzprofilt az intelligens forg\u00f3 kialak\u00edt\u00e1ssal, amely z\u00f6kken\u0151mentess\u00e9 \u00e9s z\u00f6kken\u0151mentess\u00e9 teszi az \u00edzek k\u00f6z\u00f6tti v\u00e1lt\u00e1st. N\u00e9zze meg, hogyan m\u0171k\u00f6dik a <a href=\"https:\/\/www.youtube.com\/watch?v=CoxB_HvaU3k\">dem\u00f3vide\u00f3nkban<\/a>.<\/p>\n<h2>A term\u00e9k kiemelked\u0151 jellemz\u0151i<\/h2>\n<ul>\n<li><strong>Puff:<\/strong> <strong>60,000 puffan\u00e1sig<\/strong><\/li>\n<li><strong>6 az 1-ben \u00edzrendszer<\/strong> (3 szimpla + 3 vegyes \u00edz)<\/li>\n<li><strong>E-folyad\u00e9k kapacit\u00e1s:<\/strong> 60mL (3 \u00d7 20mL pod)<\/li>\n<li><strong>Nikotin er\u0151ss\u00e9g:<\/strong> 2% \/ 5%<\/li>\n<li><strong>Akkumul\u00e1tor:<\/strong> 850mAh \u00fajrat\u00f6lthet\u0151 (Type-C)<\/li>\n<li><strong>Tekercs:<\/strong> gazdag \u00edz\u00e9rt \u00e9s sima g\u0151z\u00e9rt.<\/li>\n<li><strong>LED kijelz\u0151<\/strong> az \u00fczemm\u00f3d\/akkumul\u00e1tor jelz\u00e9s\u00e9re<\/li>\n<li><strong>Lej\u00e1rat:<\/strong> 2 \u00e9v<\/li>\n<\/ul>\n<h3><strong>Fizzy Max III 6in1 60000 Puffs Eldobhat\u00f3 Vape \u00edzek list\u00e1ja:<\/strong><\/h3>\n<ol>\n<li><a href=\"https:\/\/shop.fizzyvape.com\/hu\/termek\/fizzy-max-iii-6in1-60k-60000-puffs-eldobhato-vape-eper-malna-es-mango-barack-es-afonya-gorogdinnye\/\">Eper M\u00e1lna \u00e9s mang\u00f3 Barack \u00e9s \u00e1fonya G\u00f6r\u00f6gdinnye<\/a><\/li>\n<li><a href=\"https:\/\/shop.fizzyvape.com\/hu\/termek\/fizzy-max-iii-6in1-60k-60000-puffs-eldobhato-vape-vegyes-bogyo-es-kiwi-golgotavirag-guava-es-eper-gorogdinnye\/\">Vegyes bogy\u00f3s gy\u00fcm\u00f6lcs \u00e9s kiwi maracuja Guava \u00e9s eper g\u00f6r\u00f6gdinnye<\/a><\/li>\n<li><a href=\"https:\/\/shop.fizzyvape.com\/hu\/termek\/fizzy-max-iii-6in1-60k-60000-puffs-eldobhato-vape-afonya-malna-es-tripla-dinnye-es-eper-jeg\/\">\u00c1fonya-m\u00e1lna &amp; h\u00e1rmas dinnye &amp; eper j\u00e9g<\/a><\/li>\n<li><a href=\"https:\/\/shop.fizzyvape.com\/hu\/termek\/fizzy-max-iii-6in1-60k-60000-puffs-eldobhato-vape-eper-sarkanygyumolcs-red-bull-malna-gorogdinnye\/\">Eper s\u00e1rk\u00e1nygy\u00fcm\u00f6lcs &amp; Red Bull &amp; m\u00e1lna g\u00f6r\u00f6gdinnye<\/a><\/li>\n<li><a href=\"https:\/\/shop.fizzyvape.com\/hu\/termek\/fizzy-max-iii-6in1-60k-60000-puffs-eldobhato-vape-eper-kiwi-afonya-jeg-gorogdinnye-jeg\/\">Eper-kiwi &amp; \u00e1fonya j\u00e9g &amp; g\u00f6r\u00f6gdinnye j\u00e9g<\/a><\/li>\n<li><a href=\"https:\/\/shop.fizzyvape.com\/hu\/termek\/fizzy-max-iii-6in1-60k-60000-puffs-eldobhato-vape-blueberry-ice-fizzy-cherry-raspberry-lemon\/\">\u00c1fonya Ice &amp; Fizzy Cherry &amp; M\u00e1lna Lemon<\/a><\/li>\n<li><a href=\"https:\/\/shop.fizzyvape.com\/hu\/termek\/fizzy-max-iii-6in1-60k-60000-puffs-eldobhato-vape-gorogdinnye-jeg-es-eper-vanilia-kola-es-vegyes-bogyo\/\">G\u00f6r\u00f6gdinnye j\u00e9g &amp; eper Van\u00edlia k\u00f3la &amp; vegyes<\/a><\/li>\n<li><a href=\"https:\/\/shop.fizzyvape.com\/hu\/termek\/fizzy-max-iii-6in1-60k-60000-puffs-eldobhato-vape-eper-szolo-es-afonya-kokusz-es-barack-citrom\/\">Eper Sz\u0151l\u0151 &amp; \u00c1fonya K\u00f3kusz &amp; Barack Citrom<\/a><\/li>\n<li><a href=\"https:\/\/shop.fizzyvape.com\/hu\/termek\/fizzy-max-iii-6in1-60k-60000-puffs-eldobhato-vape-blue-razz-ice-strawberry-kiwi-sour-ananasz-narancs\/\">Blue Razz Ice &amp; Strawberry Kiwi &amp; Sour Anan\u00e1sz Narancs<\/a><\/li>\n<li><a href=\"https:\/\/shop.fizzyvape.com\/hu\/termek\/fizzy-max-iii-6in1-60k-60000-puffs-eldobhato-vape-eper-gorogdinnye-citromos-lime-afonya-kokuszdio\/\">Epres g\u00f6r\u00f6gdinnye &amp; citromos lime &amp; \u00e1fony\u00e1s k\u00f3kuszos<\/a><\/li>\n<\/ol>\n<h2>Vaping \u00fczemm\u00f3dok minden st\u00edlushoz<\/h2>\n<p><strong>Single-Flavor Mode (MTL):<\/strong><br \/>\nT\u00f6k\u00e9letes a <strong>sz\u00e1jb\u00f3l-l\u00e9gbe<\/strong> haszn\u00e1l\u00f3k sz\u00e1m\u00e1ra, akik cigarettaszer\u0171, feszes h\u00faz\u00e1st keresnek tiszta, sima \u00edzzel.<\/p>\n<p><strong>Dual-Flavor Mix Mode (DL):<\/strong><br \/>\n<strong>K\u00f6zvetlen t\u00fcd\u0151p\u00e1rologtat\u00e1sra<\/strong> tervezt\u00e9k, nagyobb l\u00e9g\u00e1raml\u00e1ssal \u00e9s nagyobb felh\u0151kkel. Ide\u00e1lis az \u00edzek \u00fcld\u00f6z\u0151i sz\u00e1m\u00e1ra, akik mer\u00e9sz, r\u00e9tegzett tal\u00e1latokat szeretn\u00e9nek.<\/p>\n<h2>Mi\u00e9rt v\u00e1lassza a Fizzy Max III 6in1-et?<\/h2>\n<ul>\n<li><strong>Forg\u00f3 sz\u00e1jr\u00e9sz:<\/strong> B\u00e1rmikor v\u00e1ltson \u00edzeket a podok cser\u00e9je n\u00e9lk\u00fcl.<\/li>\n<li><strong>Hossz\u00fa \u00e9lettartam\u00fa teljes\u00edtm\u00e9ny:<\/strong> Ak\u00e1r 60 000 slukk a 850mAh-s \u00fajrat\u00f6lthet\u0151 akkumul\u00e1torral.<\/li>\n<li><strong>6 \u00edz 1 k\u00e9sz\u00fcl\u00e9kben:<\/strong> T\u00f6bb v\u00e1ltozatoss\u00e1g, kevesebb gond.<\/li>\n<li><strong>Gyors sz\u00e1ll\u00edt\u00e1s Eur\u00f3p\u00e1b\u00f3l:<\/strong> Gyors sz\u00e1ll\u00edt\u00e1s az <strong>EU rakt\u00e1runkb\u00f3l<\/strong>, <strong>v\u00e1mk\u00e9sedelem n\u00e9lk\u00fcl<\/strong>.<\/li>\n<\/ul>\n<h3>GYIK &#8211; T\u00f6bbf\u00e9le \u00edz\u0171 eldobhat\u00f3 vape (Fizzy Max III 6in1)<\/h3>\n<p><strong>1. Mi az a t\u00f6bb \u00edz\u0171 eldobhat\u00f3 vape, \u00e9s hogyan m\u0171k\u00f6dik a Fizzy Max III 6in1?<\/strong><br \/>\nA t\u00f6bb \u00edz\u0171 eldobhat\u00f3 vape, mint a Fizzy Max III 6in1, t\u00f6bb el\u0151re t\u00f6lt\u00f6tt podot \u00e9s egy forg\u00f3 rendszert tartalmaz, amely lehet\u0151v\u00e9 teszi, hogy 6 \u00edzv\u00e1laszt\u00e9k k\u00f6z\u00f6tt v\u00e1ltson az eszk\u00f6z\u00f6k cser\u00e9je n\u00e9lk\u00fcl. Egyszer\u0171en forgassa el a sz\u00e1jdarabot a k\u00fcl\u00f6nb\u00f6z\u0151 \u00edzm\u00f3dokhoz val\u00f3 hozz\u00e1f\u00e9r\u00e9shez.<\/p>\n<p><strong>2. H\u00e1ny slukkot kaphatok a Fizzy Max III 6in1 k\u00e9sz\u00fcl\u00e9kb\u0151l?<\/strong><br \/>\nA Fizzy Max III ak\u00e1r <strong>60 000 slukkot<\/strong> is biztos\u00edt, k\u00f6sz\u00f6nhet\u0151en a 60 ml-es teljes e-folyad\u00e9k kapacit\u00e1snak \u00e9s a 850 mAh-s \u00fajrat\u00f6lthet\u0151 akkumul\u00e1tornak. Hossz\u00fa t\u00e1v\u00fa haszn\u00e1latra \u00e9s k\u00e9nyelemre \u00e9p\u00fclt.<\/p>\n<p><strong>3. Milyen \u00edzeket tartalmaz ez a t\u00f6bb \u00edz\u0171 vape?<\/strong><br \/>\nA Fizzy Max III 6in1 v\u00e1ltozata a k\u00f6vetkez\u0151ket tartalmazza:<\/p>\n<ul>\n<li>K\u00e9k Razz j\u00e9g<\/li>\n<li>Eper Kiwi<\/li>\n<li>Savany\u00fa anan\u00e1sz narancs<\/li>\n<li>Plusz 3 kever\u00e9si m\u00f3d (AB, BC, CA), \u00edgy \u00f6sszesen <strong>6 \u00edz\u00e9lm\u00e9ny<\/strong> egy k\u00e9sz\u00fcl\u00e9kben.<\/li>\n<\/ul>\n<p><strong>4. Be\u00e1ll\u00edthatom a p\u00e1rol\u00e1si st\u00edlust vagy intenzit\u00e1st?<\/strong><br \/>\nIgen! A k\u00e9sz\u00fcl\u00e9k jellemz\u0151i:<\/p>\n<ul>\n<li><strong>Norm\u00e1l m\u00f3d<\/strong> a sima \u00fct\u00e9sekhez<\/li>\n<li><strong>Boost m\u00f3d<\/strong> az er\u0151sebb g\u0151z\u00e9rt<\/li>\n<li>\u00c1ll\u00edthat\u00f3 <strong>als\u00f3 l\u00e9g\u00e1raml\u00e1s<\/strong> a sz\u00e1jb\u00f3l a t\u00fcd\u0151be (MTL) \u00e9s a k\u00f6zvetlen t\u00fcd\u0151be (DL) st\u00edlushoz egyar\u00e1nt.<\/li>\n<\/ul>\n<p><strong>5. \u00dajrat\u00f6lthet\u0151 a Fizzy Max III 6in1 multiflavor vape?<\/strong><br \/>\nAbszol\u00fat. Be\u00e9p\u00edtett <strong>850mAh-s \u00fajrat\u00f6lthet\u0151 akkumul\u00e1torral<\/strong> \u00e9s <strong>C-t\u00edpus\u00fa t\u00f6lt\u0151porttal<\/strong> rendelkezik, amely gyors \u00e9s k\u00e9nyelmes t\u00f6lt\u00e9st tesz lehet\u0151v\u00e9, \u00edgy megszak\u00edt\u00e1s n\u00e9lk\u00fcl \u00e9lvezheti mind a 60 000 slukkot.<\/p>\n","protected":false},"excerpt":{"rendered":"<p>Tapasztalja meg a hat egyedi \u00edzv\u00e1laszt\u00e9kot egyetlen er\u0151teljes, t\u00f6bb \u00edz\u0171 eldobhat\u00f3 vape-ben. A Fizzy Max III 6in1 60 000 puffot, 3 podot, \u00edzforgat\u00e1st k\u00edn\u00e1l &#8211; mindezt egy eleg\u00e1ns, \u00fajrat\u00f6lthet\u0151 k\u00e9sz\u00fcl\u00e9kben.<\/p>\n","protected":false},"featured_media":18700,"comment_status":"open","ping_status":"closed","template":"","meta":[],"product_brand":[],"product_cat":[149,148],"product_tag":[135,136,137,138],"class_list":{"0":"post-19727","1":"product","2":"type-product","3":"status-publish","4":"has-post-thumbnail","6":"product_cat-fizzy-max-iii-60000-puffs-eldobhato-vape","7":"product_cat-ujratoltheto-eldobhato-vape","8":"product_tag-6-az-1-ben-izek","9":"product_tag-60k-puffs-hu","10":"product_tag-eldobhato-vape","11":"product_tag-ujratoltheto","13":"first","14":"outofstock","15":"shipping-taxable","16":"purchasable","17":"product-type-variable"},"yoast_head":"<!-- This site is optimized with the Yoast SEO Premium plugin v24.8 (Yoast SEO v27.4) - https:\/\/yoast.com\/product\/yoast-seo-premium-wordpress\/ -->\n<title>Fizzy Max III 6in1 Multi-Flavor Eldobhat\u00f3 Vape - 60K 60000 Puffs<\/title>\n<meta name=\"description\" content=\"\u00c9lvezze a 6 v\u00e1ltakoz\u00f3 \u00edzvil\u00e1got a Fizzy Max III 6in1 multiflavor eldobhat\u00f3 vape-vel. 60 000 puff, \u00fajrat\u00f6lthet\u0151, \u00e9s azonnal sz\u00e1ll\u00edthat\u00f3 az EU rakt\u00e1runkb\u00f3l.\" \/>\n<meta name=\"robots\" content=\"index, follow, max-snippet:-1, max-image-preview:large, max-video-preview:-1\" \/>\n<link rel=\"canonical\" href=\"https:\/\/shop.fizzyvape.com\/hu\/termek\/fizzy-max-iii-6in1-60k-60000-puffs-eldobhato-vape-blue-razz-ice-strawberry-kiwi-sour-ananasz-narancs\/\" \/>\n<meta property=\"og:locale\" content=\"hu_HU\" \/>\n<meta property=\"og:type\" content=\"article\" \/>\n<meta property=\"og:title\" content=\"Fizzy Max III 6in1 60K 60000 Puffs Eldobhat\u00f3 Vape - Blue Razz Ice &amp; Strawberry Kiwi &amp; Sour Anan\u00e1sz Narancs\" \/>\n<meta property=\"og:description\" content=\"\u00c9lvezze a 6 v\u00e1ltakoz\u00f3 \u00edzvil\u00e1got a Fizzy Max III 6in1 multiflavor eldobhat\u00f3 vape-vel. 60 000 puff, \u00fajrat\u00f6lthet\u0151, \u00e9s azonnal sz\u00e1ll\u00edthat\u00f3 az EU rakt\u00e1runkb\u00f3l.\" \/>\n<meta property=\"og:url\" content=\"https:\/\/shop.fizzyvape.com\/hu\/termek\/fizzy-max-iii-6in1-60k-60000-puffs-eldobhato-vape-blue-razz-ice-strawberry-kiwi-sour-ananasz-narancs\/\" \/>\n<meta property=\"og:site_name\" content=\"shop.fizzyvape.com\" \/>\n<meta property=\"article:modified_time\" content=\"2025-12-01T01:23:16+00:00\" \/>\n<meta property=\"og:image\" content=\"https:\/\/shop.fizzyvape.com\/wp-content\/uploads\/2025\/05\/Fizzy-Max-III-6in1-60K-60000-Puffs-2.jpg\" \/>\n\t<meta property=\"og:image:width\" content=\"800\" \/>\n\t<meta property=\"og:image:height\" content=\"800\" \/>\n\t<meta property=\"og:image:type\" content=\"image\/jpeg\" \/>\n<meta name=\"twitter:card\" content=\"summary_large_image\" \/>\n<meta name=\"twitter:label1\" content=\"Becs\u00fclt olvas\u00e1si id\u0151\" \/>\n\t<meta name=\"twitter:data1\" content=\"4 perc\" \/>\n<script type=\"application\/ld+json\" class=\"yoast-schema-graph\">{\"@context\":\"https:\\\/\\\/schema.org\",\"@graph\":[{\"@type\":\"WebPage\",\"@id\":\"https:\\\/\\\/shop.fizzyvape.com\\\/hu\\\/termek\\\/fizzy-max-iii-6in1-60k-60000-puffs-eldobhato-vape-blue-razz-ice-strawberry-kiwi-sour-ananasz-narancs\\\/\",\"url\":\"https:\\\/\\\/shop.fizzyvape.com\\\/hu\\\/termek\\\/fizzy-max-iii-6in1-60k-60000-puffs-eldobhato-vape-blue-razz-ice-strawberry-kiwi-sour-ananasz-narancs\\\/\",\"name\":\"Fizzy Max III 6in1 Multi-Flavor Eldobhat\u00f3 Vape - 60K 60000 Puffs\",\"isPartOf\":{\"@id\":\"https:\\\/\\\/shop.fizzyvape.com\\\/hu\\\/#website\"},\"primaryImageOfPage\":{\"@id\":\"https:\\\/\\\/shop.fizzyvape.com\\\/hu\\\/termek\\\/fizzy-max-iii-6in1-60k-60000-puffs-eldobhato-vape-blue-razz-ice-strawberry-kiwi-sour-ananasz-narancs\\\/#primaryimage\"},\"image\":{\"@id\":\"https:\\\/\\\/shop.fizzyvape.com\\\/hu\\\/termek\\\/fizzy-max-iii-6in1-60k-60000-puffs-eldobhato-vape-blue-razz-ice-strawberry-kiwi-sour-ananasz-narancs\\\/#primaryimage\"},\"thumbnailUrl\":\"https:\\\/\\\/shop.fizzyvape.com\\\/wp-content\\\/uploads\\\/2025\\\/05\\\/Fizzy-Max-III-6in1-60K-60000-Puffs-2.jpg\",\"datePublished\":\"2025-05-30T07:52:53+00:00\",\"dateModified\":\"2025-12-01T01:23:16+00:00\",\"description\":\"\u00c9lvezze a 6 v\u00e1ltakoz\u00f3 \u00edzvil\u00e1got a Fizzy Max III 6in1 multiflavor eldobhat\u00f3 vape-vel. 60 000 puff, \u00fajrat\u00f6lthet\u0151, \u00e9s azonnal sz\u00e1ll\u00edthat\u00f3 az EU rakt\u00e1runkb\u00f3l.\",\"breadcrumb\":{\"@id\":\"https:\\\/\\\/shop.fizzyvape.com\\\/hu\\\/termek\\\/fizzy-max-iii-6in1-60k-60000-puffs-eldobhato-vape-blue-razz-ice-strawberry-kiwi-sour-ananasz-narancs\\\/#breadcrumb\"},\"inLanguage\":\"hu\",\"potentialAction\":[{\"@type\":\"ReadAction\",\"target\":[\"https:\\\/\\\/shop.fizzyvape.com\\\/hu\\\/termek\\\/fizzy-max-iii-6in1-60k-60000-puffs-eldobhato-vape-blue-razz-ice-strawberry-kiwi-sour-ananasz-narancs\\\/\"]}]},{\"@type\":\"ImageObject\",\"inLanguage\":\"hu\",\"@id\":\"https:\\\/\\\/shop.fizzyvape.com\\\/hu\\\/termek\\\/fizzy-max-iii-6in1-60k-60000-puffs-eldobhato-vape-blue-razz-ice-strawberry-kiwi-sour-ananasz-narancs\\\/#primaryimage\",\"url\":\"https:\\\/\\\/shop.fizzyvape.com\\\/wp-content\\\/uploads\\\/2025\\\/05\\\/Fizzy-Max-III-6in1-60K-60000-Puffs-2.jpg\",\"contentUrl\":\"https:\\\/\\\/shop.fizzyvape.com\\\/wp-content\\\/uploads\\\/2025\\\/05\\\/Fizzy-Max-III-6in1-60K-60000-Puffs-2.jpg\",\"width\":800,\"height\":800,\"caption\":\"Fizzy Max III 6in1 60K 60000 Puffs-2\"},{\"@type\":\"BreadcrumbList\",\"@id\":\"https:\\\/\\\/shop.fizzyvape.com\\\/hu\\\/termek\\\/fizzy-max-iii-6in1-60k-60000-puffs-eldobhato-vape-blue-razz-ice-strawberry-kiwi-sour-ananasz-narancs\\\/#breadcrumb\",\"itemListElement\":[{\"@type\":\"ListItem\",\"position\":1,\"name\":\"\u9996\u9875\",\"item\":\"https:\\\/\\\/shop.fizzyvape.com\\\/hu\\\/\"},{\"@type\":\"ListItem\",\"position\":2,\"name\":\"Shop\",\"item\":\"https:\\\/\\\/shop.fizzyvape.com\\\/shop\\\/\"},{\"@type\":\"ListItem\",\"position\":3,\"name\":\"Fizzy Max III 6in1 60K 60000 Puffs Eldobhat\u00f3 Vape &#8211; Blue Razz Ice &amp; Strawberry Kiwi &amp; Sour Anan\u00e1sz Narancs\"}]},{\"@type\":\"WebSite\",\"@id\":\"https:\\\/\\\/shop.fizzyvape.com\\\/hu\\\/#website\",\"url\":\"https:\\\/\\\/shop.fizzyvape.com\\\/hu\\\/\",\"name\":\"shop.fizzyvape.com\",\"description\":\"The Best Disposable Vape In Europe | 10000 - 60000 Puffs  | Free Shipping\",\"potentialAction\":[{\"@type\":\"SearchAction\",\"target\":{\"@type\":\"EntryPoint\",\"urlTemplate\":\"https:\\\/\\\/shop.fizzyvape.com\\\/hu\\\/?s={search_term_string}\"},\"query-input\":{\"@type\":\"PropertyValueSpecification\",\"valueRequired\":true,\"valueName\":\"search_term_string\"}}],\"inLanguage\":\"hu\"}]}<\/script>\n<!-- \/ Yoast SEO Premium plugin. -->","yoast_head_json":{"title":"Fizzy Max III 6in1 Multi-Flavor Eldobhat\u00f3 Vape - 60K 60000 Puffs","description":"\u00c9lvezze a 6 v\u00e1ltakoz\u00f3 \u00edzvil\u00e1got a Fizzy Max III 6in1 multiflavor eldobhat\u00f3 vape-vel. 60 000 puff, \u00fajrat\u00f6lthet\u0151, \u00e9s azonnal sz\u00e1ll\u00edthat\u00f3 az EU rakt\u00e1runkb\u00f3l.","robots":{"index":"index","follow":"follow","max-snippet":"max-snippet:-1","max-image-preview":"max-image-preview:large","max-video-preview":"max-video-preview:-1"},"canonical":"https:\/\/shop.fizzyvape.com\/hu\/termek\/fizzy-max-iii-6in1-60k-60000-puffs-eldobhato-vape-blue-razz-ice-strawberry-kiwi-sour-ananasz-narancs\/","og_locale":"hu_HU","og_type":"article","og_title":"Fizzy Max III 6in1 60K 60000 Puffs Eldobhat\u00f3 Vape - Blue Razz Ice &amp; Strawberry Kiwi &amp; Sour Anan\u00e1sz Narancs","og_description":"\u00c9lvezze a 6 v\u00e1ltakoz\u00f3 \u00edzvil\u00e1got a Fizzy Max III 6in1 multiflavor eldobhat\u00f3 vape-vel. 60 000 puff, \u00fajrat\u00f6lthet\u0151, \u00e9s azonnal sz\u00e1ll\u00edthat\u00f3 az EU rakt\u00e1runkb\u00f3l.","og_url":"https:\/\/shop.fizzyvape.com\/hu\/termek\/fizzy-max-iii-6in1-60k-60000-puffs-eldobhato-vape-blue-razz-ice-strawberry-kiwi-sour-ananasz-narancs\/","og_site_name":"shop.fizzyvape.com","article_modified_time":"2025-12-01T01:23:16+00:00","og_image":[{"width":800,"height":800,"url":"https:\/\/shop.fizzyvape.com\/wp-content\/uploads\/2025\/05\/Fizzy-Max-III-6in1-60K-60000-Puffs-2.jpg","type":"image\/jpeg"}],"twitter_card":"summary_large_image","twitter_misc":{"Becs\u00fclt olvas\u00e1si id\u0151":"4 perc"},"schema":{"@context":"https:\/\/schema.org","@graph":[{"@type":"WebPage","@id":"https:\/\/shop.fizzyvape.com\/hu\/termek\/fizzy-max-iii-6in1-60k-60000-puffs-eldobhato-vape-blue-razz-ice-strawberry-kiwi-sour-ananasz-narancs\/","url":"https:\/\/shop.fizzyvape.com\/hu\/termek\/fizzy-max-iii-6in1-60k-60000-puffs-eldobhato-vape-blue-razz-ice-strawberry-kiwi-sour-ananasz-narancs\/","name":"Fizzy Max III 6in1 Multi-Flavor Eldobhat\u00f3 Vape - 60K 60000 Puffs","isPartOf":{"@id":"https:\/\/shop.fizzyvape.com\/hu\/#website"},"primaryImageOfPage":{"@id":"https:\/\/shop.fizzyvape.com\/hu\/termek\/fizzy-max-iii-6in1-60k-60000-puffs-eldobhato-vape-blue-razz-ice-strawberry-kiwi-sour-ananasz-narancs\/#primaryimage"},"image":{"@id":"https:\/\/shop.fizzyvape.com\/hu\/termek\/fizzy-max-iii-6in1-60k-60000-puffs-eldobhato-vape-blue-razz-ice-strawberry-kiwi-sour-ananasz-narancs\/#primaryimage"},"thumbnailUrl":"https:\/\/shop.fizzyvape.com\/wp-content\/uploads\/2025\/05\/Fizzy-Max-III-6in1-60K-60000-Puffs-2.jpg","datePublished":"2025-05-30T07:52:53+00:00","dateModified":"2025-12-01T01:23:16+00:00","description":"\u00c9lvezze a 6 v\u00e1ltakoz\u00f3 \u00edzvil\u00e1got a Fizzy Max III 6in1 multiflavor eldobhat\u00f3 vape-vel. 60 000 puff, \u00fajrat\u00f6lthet\u0151, \u00e9s azonnal sz\u00e1ll\u00edthat\u00f3 az EU rakt\u00e1runkb\u00f3l.","breadcrumb":{"@id":"https:\/\/shop.fizzyvape.com\/hu\/termek\/fizzy-max-iii-6in1-60k-60000-puffs-eldobhato-vape-blue-razz-ice-strawberry-kiwi-sour-ananasz-narancs\/#breadcrumb"},"inLanguage":"hu","potentialAction":[{"@type":"ReadAction","target":["https:\/\/shop.fizzyvape.com\/hu\/termek\/fizzy-max-iii-6in1-60k-60000-puffs-eldobhato-vape-blue-razz-ice-strawberry-kiwi-sour-ananasz-narancs\/"]}]},{"@type":"ImageObject","inLanguage":"hu","@id":"https:\/\/shop.fizzyvape.com\/hu\/termek\/fizzy-max-iii-6in1-60k-60000-puffs-eldobhato-vape-blue-razz-ice-strawberry-kiwi-sour-ananasz-narancs\/#primaryimage","url":"https:\/\/shop.fizzyvape.com\/wp-content\/uploads\/2025\/05\/Fizzy-Max-III-6in1-60K-60000-Puffs-2.jpg","contentUrl":"https:\/\/shop.fizzyvape.com\/wp-content\/uploads\/2025\/05\/Fizzy-Max-III-6in1-60K-60000-Puffs-2.jpg","width":800,"height":800,"caption":"Fizzy Max III 6in1 60K 60000 Puffs-2"},{"@type":"BreadcrumbList","@id":"https:\/\/shop.fizzyvape.com\/hu\/termek\/fizzy-max-iii-6in1-60k-60000-puffs-eldobhato-vape-blue-razz-ice-strawberry-kiwi-sour-ananasz-narancs\/#breadcrumb","itemListElement":[{"@type":"ListItem","position":1,"name":"\u9996\u9875","item":"https:\/\/shop.fizzyvape.com\/hu\/"},{"@type":"ListItem","position":2,"name":"Shop","item":"https:\/\/shop.fizzyvape.com\/shop\/"},{"@type":"ListItem","position":3,"name":"Fizzy Max III 6in1 60K 60000 Puffs Eldobhat\u00f3 Vape &#8211; Blue Razz Ice &amp; Strawberry Kiwi &amp; Sour Anan\u00e1sz Narancs"}]},{"@type":"WebSite","@id":"https:\/\/shop.fizzyvape.com\/hu\/#website","url":"https:\/\/shop.fizzyvape.com\/hu\/","name":"shop.fizzyvape.com","description":"The Best Disposable Vape In Europe | 10000 - 60000 Puffs  | Free Shipping","potentialAction":[{"@type":"SearchAction","target":{"@type":"EntryPoint","urlTemplate":"https:\/\/shop.fizzyvape.com\/hu\/?s={search_term_string}"},"query-input":{"@type":"PropertyValueSpecification","valueRequired":true,"valueName":"search_term_string"}}],"inLanguage":"hu"}]}},"tiered_pricing_type":"fixed","tiered_pricing_fixed_rules":[],"tiered_pricing_product_settings":{"layout":"default","base_unit_name":{"singular":null,"plural":null},"default_variation":null},"tiered_pricing_minimum_quantity":null,"tiered_pricing_roles_data":[],"tiered_pricing_percentage_rules":[],"tiered_pricing_maximum_quantity":null,"tiered_pricing_quantity_step":null,"_links":{"self":[{"href":"https:\/\/shop.fizzyvape.com\/hu\/wp-json\/wp\/v2\/product\/19727","targetHints":{"allow":["GET"]}}],"collection":[{"href":"https:\/\/shop.fizzyvape.com\/hu\/wp-json\/wp\/v2\/product"}],"about":[{"href":"https:\/\/shop.fizzyvape.com\/hu\/wp-json\/wp\/v2\/types\/product"}],"replies":[{"embeddable":true,"href":"https:\/\/shop.fizzyvape.com\/hu\/wp-json\/wp\/v2\/comments?post=19727"}],"version-history":[{"count":0,"href":"https:\/\/shop.fizzyvape.com\/hu\/wp-json\/wp\/v2\/product\/19727\/revisions"}],"wp:featuredmedia":[{"embeddable":true,"href":"https:\/\/shop.fizzyvape.com\/hu\/wp-json\/wp\/v2\/media\/18700"}],"wp:attachment":[{"href":"https:\/\/shop.fizzyvape.com\/hu\/wp-json\/wp\/v2\/media?parent=19727"}],"wp:term":[{"taxonomy":"product_brand","embeddable":true,"href":"https:\/\/shop.fizzyvape.com\/hu\/wp-json\/wp\/v2\/product_brand?post=19727"},{"taxonomy":"product_cat","embeddable":true,"href":"https:\/\/shop.fizzyvape.com\/hu\/wp-json\/wp\/v2\/product_cat?post=19727"},{"taxonomy":"product_tag","embeddable":true,"href":"https:\/\/shop.fizzyvape.com\/hu\/wp-json\/wp\/v2\/product_tag?post=19727"}],"curies":[{"name":"wp","href":"https:\/\/api.w.org\/{rel}","templated":true}]}}