{"id":19730,"date":"2025-05-29T10:32:19","date_gmt":"2025-05-29T10:32:19","guid":{"rendered":"https:\/\/shop.fizzyvape.com\/product\/fizzy-max-iii-6in1-60k-60000-puffs-eldobhato-vape-eper-gorogdinnye-citromos-lime-afonya-kokuszdio\/"},"modified":"2025-12-01T01:23:03","modified_gmt":"2025-12-01T01:23:03","slug":"fizzy-max-iii-6in1-60k-60000-puffs-eldobhato-vape-eper-gorogdinnye-citromos-lime-afonya-kokuszdio","status":"publish","type":"product","link":"https:\/\/shop.fizzyvape.com\/hu\/termek\/fizzy-max-iii-6in1-60k-60000-puffs-eldobhato-vape-eper-gorogdinnye-citromos-lime-afonya-kokuszdio\/","title":{"rendered":"Fizzy Max III 6in1 60K 60000 Puffs Eldobhat\u00f3 Vape &#8211; Eper g\u00f6r\u00f6gdinnye &amp; citromos lime &amp; \u00e1fonya k\u00f3kuszdi\u00f3"},"content":{"rendered":"<p><img decoding=\"async\" class=\"aligncenter\" src=\"https:\/\/shop.fizzyvape.com\/wp-content\/uploads\/2025\/05\/Fizzy-Max-III-6in1-60K-60000-Puffs-1-1.webp\" alt=\"Fizzy Max III 60000 Puffs 6in1 eldobhat\u00f3 Vape (1)\" \/><\/p>\n<h1>Fizzy Max III 6in1 60K 60000 Puffs Eldobhat\u00f3 Vape &#8211; Eper g\u00f6r\u00f6gdinnye &amp; citromos lime &amp; \u00e1fonya k\u00f3kuszdi\u00f3<\/h1>\n<p><strong>6 \u00edz 1 forradalmi eszk\u00f6zben<\/strong><br \/>\nTapasztald meg a p\u00e1rolg\u00e1s j\u00f6v\u0151j\u00e9t a Fizzy Max III 6in1 eldobhat\u00f3 vape-vel, amely egy \u00faj gener\u00e1ci\u00f3s eldobhat\u00f3 vape, tele er\u0151vel, \u00edzekkel \u00e9s innov\u00e1ci\u00f3val. Ez a modell h\u00e1rom el\u0151re felt\u00f6lt\u00f6tt 20 ml-es podot tartalmaz &#8211; Strawberry Watermelon, Lemon Lime \u00e9s Blueberry Coconut &#8211; \u00e9s hat k\u00fcl\u00f6nb\u00f6z\u0151 \u00edzprofilt k\u00edn\u00e1l, k\u00e9t tetsz\u0151leges \u00edz kever\u00e9s\u00e9vel egy izgalmas csavart.<\/p>\n<h2>\u00cdzm\u00f3dok:<\/h2>\n<ul>\n<li><strong>Epres g\u00f6r\u00f6gdinnye<\/strong> (A)<\/li>\n<li><strong>Citrom Lime<\/strong> (B)<\/li>\n<li><strong>\u00c1fony\u00e1s k\u00f3kusz<\/strong> (C)<\/li>\n<li><strong>Mix AB<\/strong> &#8211; Bogy\u00f3s gy\u00fcm\u00f6lcs\u00f6k \u00e9s citrusf\u00e9l\u00e9k mer\u00e9sz f\u00fazi\u00f3ja<\/li>\n<li><strong>Mix BC<\/strong> &#8211; Friss\u00edt\u0151 k\u00f3kuszos-citrusos robban\u00e1s<\/li>\n<li><strong>Mix CA<\/strong> &#8211; \u00c9des tr\u00f3pusi bogy\u00f3s gy\u00fcm\u00f6lcs\u00f6k kever\u00e9ke<\/li>\n<\/ul>\n<p>Egyszer\u0171en emelje fel \u00e9s forgassa el a sz\u00e1jdarabot az egy- \u00e9s hibrid \u00edzek k\u00f6z\u00f6tti v\u00e1lt\u00e1shoz. A forgat\u00e1si mechanizmus z\u00f6kken\u0151mentes \u00e1tmenetet biztos\u00edt az \u00edzcikluson kereszt\u00fcl:<\/p>\n<p><strong>A \u2192 Mix AB \u2192 B \u2192 Mix BC \u2192 C \u2192 Mix CA<\/strong><\/p>\n<p>Fedezze fel k\u00f6nnyed\u00e9n mind a hat \u00edzprofilt az intelligens forg\u00f3 kialak\u00edt\u00e1ssal, amely z\u00f6kken\u0151mentess\u00e9 \u00e9s z\u00f6kken\u0151mentess\u00e9 teszi az \u00edzek k\u00f6z\u00f6tti v\u00e1lt\u00e1st. N\u00e9zze meg, hogyan m\u0171k\u00f6dik a <a href=\"https:\/\/www.youtube.com\/watch?v=CoxB_HvaU3k\">dem\u00f3vide\u00f3nkban<\/a>.<\/p>\n<h2>A term\u00e9k kiemelked\u0151 jellemz\u0151i<\/h2>\n<ul>\n<li><strong>Puff:<\/strong> <strong>60,000 puffan\u00e1sig<\/strong><\/li>\n<li><strong>6 az 1-ben \u00edzrendszer<\/strong> (3 szimpla + 3 vegyes \u00edz)<\/li>\n<li><strong>E-folyad\u00e9k kapacit\u00e1s:<\/strong> 60mL (3 \u00d7 20mL pod)<\/li>\n<li><strong>Nikotin er\u0151ss\u00e9g:<\/strong> 2% \/ 5%<\/li>\n<li><strong>Akkumul\u00e1tor:<\/strong> 850mAh \u00fajrat\u00f6lthet\u0151 (Type-C)<\/li>\n<li><strong>Tekercs:<\/strong> gazdag \u00edz\u00e9rt \u00e9s sima g\u0151z\u00e9rt.<\/li>\n<li><strong>LED kijelz\u0151<\/strong> az \u00fczemm\u00f3d\/akkumul\u00e1tor jelz\u00e9s\u00e9re<\/li>\n<li><strong>Lej\u00e1rat:<\/strong> 2 \u00e9v<\/li>\n<\/ul>\n<h3><strong>Fizzy Max III 6in1 60000 Puffs Eldobhat\u00f3 Vape \u00edzek list\u00e1ja:<\/strong><\/h3>\n<ol>\n<li><a href=\"https:\/\/shop.fizzyvape.com\/hu\/termek\/fizzy-max-iii-6in1-60k-60000-puffs-eldobhato-vape-eper-malna-es-mango-barack-es-afonya-gorogdinnye\/\">Eper M\u00e1lna \u00e9s mang\u00f3 Barack \u00e9s \u00e1fonya G\u00f6r\u00f6gdinnye<\/a><\/li>\n<li><a href=\"https:\/\/shop.fizzyvape.com\/hu\/termek\/fizzy-max-iii-6in1-60k-60000-puffs-eldobhato-vape-vegyes-bogyo-es-kiwi-golgotavirag-guava-es-eper-gorogdinnye\/\">Vegyes bogy\u00f3s gy\u00fcm\u00f6lcs \u00e9s kiwi maracuja Guava \u00e9s eper g\u00f6r\u00f6gdinnye<\/a><\/li>\n<li><a href=\"https:\/\/shop.fizzyvape.com\/hu\/termek\/fizzy-max-iii-6in1-60k-60000-puffs-eldobhato-vape-afonya-malna-es-tripla-dinnye-es-eper-jeg\/\">\u00c1fonya-m\u00e1lna &amp; h\u00e1rmas dinnye &amp; eper j\u00e9g<\/a><\/li>\n<li><a href=\"https:\/\/shop.fizzyvape.com\/hu\/termek\/fizzy-max-iii-6in1-60k-60000-puffs-eldobhato-vape-eper-sarkanygyumolcs-red-bull-malna-gorogdinnye\/\">Eper s\u00e1rk\u00e1nygy\u00fcm\u00f6lcs &amp; Red Bull &amp; m\u00e1lna g\u00f6r\u00f6gdinnye<\/a><\/li>\n<li><a href=\"https:\/\/shop.fizzyvape.com\/hu\/termek\/fizzy-max-iii-6in1-60k-60000-puffs-eldobhato-vape-eper-kiwi-afonya-jeg-gorogdinnye-jeg\/\">Eper-kiwi &amp; \u00e1fonya j\u00e9g &amp; g\u00f6r\u00f6gdinnye j\u00e9g<\/a><\/li>\n<li><a href=\"https:\/\/shop.fizzyvape.com\/hu\/termek\/fizzy-max-iii-6in1-60k-60000-puffs-eldobhato-vape-blueberry-ice-fizzy-cherry-raspberry-lemon\/\">\u00c1fonya Ice &amp; Fizzy Cherry &amp; M\u00e1lna Lemon<\/a><\/li>\n<li><a href=\"https:\/\/shop.fizzyvape.com\/hu\/termek\/fizzy-max-iii-6in1-60k-60000-puffs-eldobhato-vape-gorogdinnye-jeg-es-eper-vanilia-kola-es-vegyes-bogyo\/\">G\u00f6r\u00f6gdinnye j\u00e9g &amp; eper Van\u00edlia k\u00f3la &amp; vegyes<\/a><\/li>\n<li><a href=\"https:\/\/shop.fizzyvape.com\/hu\/termek\/fizzy-max-iii-6in1-60k-60000-puffs-eldobhato-vape-eper-szolo-es-afonya-kokusz-es-barack-citrom\/\">Eper Sz\u0151l\u0151 &amp; \u00c1fonya K\u00f3kusz &amp; Barack Citrom<\/a><\/li>\n<li><a href=\"https:\/\/shop.fizzyvape.com\/hu\/termek\/fizzy-max-iii-6in1-60k-60000-puffs-eldobhato-vape-blue-razz-ice-strawberry-kiwi-sour-ananasz-narancs\/\">Blue Razz Ice &amp; Strawberry Kiwi &amp; Sour Anan\u00e1sz Narancs<\/a><\/li>\n<li><a href=\"https:\/\/shop.fizzyvape.com\/hu\/termek\/fizzy-max-iii-6in1-60k-60000-puffs-eldobhato-vape-eper-gorogdinnye-citromos-lime-afonya-kokuszdio\/\">Epres g\u00f6r\u00f6gdinnye &amp; citromos lime &amp; \u00e1fony\u00e1s k\u00f3kuszos<\/a><\/li>\n<\/ol>\n<h2>Vaping \u00fczemm\u00f3dok minden st\u00edlushoz<\/h2>\n<p><strong>Single-Flavor Mode (MTL)<\/strong><br \/>\nA hagyom\u00e1nyos cigarett\u00e1k feszes h\u00faz\u00e1s\u00e1t ut\u00e1nz\u00f3, sima <strong>sz\u00e1jb\u00f3l a t\u00fcd\u0151be (MTL)<\/strong> t\u00f6rt\u00e9n\u0151 h\u00faz\u00e1sra tervezt\u00e9k. T\u00f6k\u00e9letes az egyes \u00edzek tisztas\u00e1g\u00e1nak \u00e9lvezet\u00e9hez.<\/p>\n<p><strong>Dual-Flavor Mix Mode (DL)<\/strong><br \/>\nA megn\u00f6velt l\u00e9g\u00e1raml\u00e1s t\u00e1mogatja a mer\u00e9sz <strong>direkt t\u00fcd\u0151 (DL)<\/strong> sl\u00e1gereket. Ide\u00e1lis az intenz\u00edv g\u0151zt \u00e9s dinamikus \u00edzkever\u00e9keket keres\u0151 felh\u0151vad\u00e1szok sz\u00e1m\u00e1ra.<\/p>\n<h2>Mi\u00e9rt v\u00e1lassza a Fizzy Max III 6in1-et?<\/h2>\n<ul>\n<li><strong>Forg\u00f3 sz\u00e1jr\u00e9sz:<\/strong> \u00cdzv\u00e1lt\u00e1s \u00fajrat\u00f6lt\u00e9s vagy podok cser\u00e9je n\u00e9lk\u00fcl.<\/li>\n<li><strong>Hossz\u00fa \u00e9lettartam\u00fa energia:<\/strong> Nem kell agg\u00f3dnia az akkumul\u00e1tor vagy az e-folyad\u00e9k kifogy\u00e1sa miatt.<\/li>\n<li><strong>Magas puffsz\u00e1m:<\/strong> Az egyik legmagasabb a kateg\u00f3ri\u00e1j\u00e1ban.<\/li>\n<li><strong>K\u00f6vetkez\u0151 szint\u0171 \u00edz-innov\u00e1ci\u00f3:<\/strong> 6 az 1-ben \u00edzek utaz\u00e1sa egyetlen kompakt eszk\u00f6zben.<\/li>\n<li><strong>Gyors sz\u00e1ll\u00edt\u00e1s Eur\u00f3p\u00e1b\u00f3l:<\/strong> Gyors k\u00fcld\u00e9s az EU rakt\u00e1runkb\u00f3l, v\u00e1mk\u00e9sedelem n\u00e9lk\u00fcl.<\/li>\n<\/ul>\n<h3><strong>GYIK &#8211; Fizzy Max III 6in1 60K Eldobhat\u00f3 Vape<\/strong><\/h3>\n<p><strong>1. Mennyi ideig tart a Fizzy Max III 6in1?<\/strong><br \/>\nA k\u00e9sz\u00fcl\u00e9k ak\u00e1r 60.000 slukkot is biztos\u00edt 60ml e-folyad\u00e9kb\u00f3l 3 podon kereszt\u00fcl, amelyet egy 850mAh-s \u00fajrat\u00f6lthet\u0151 akkumul\u00e1tor t\u00e1mogat &#8211; ez az egyik leghosszabb \u00e9lettartam\u00fa p\u00e1rologtat\u00f3 a piacon.<\/p>\n<p><strong>2. Haszn\u00e1lhatom ezt a vape-t mind MTL, mind DL vaping st\u00edlusokhoz?<\/strong><br \/>\nIgen! Haszn\u00e1lja az egy\u00edz\u0171 \u00fczemm\u00f3dot a sz\u00e1jb\u00f3l a t\u00fcd\u0151be (MTL) t\u00f6rt\u00e9n\u0151 sz\u00edv\u00e1shoz \u00e9s a kever\u00e9si \u00fczemm\u00f3dot a k\u00f6zvetlen t\u00fcd\u0151be (DL) t\u00f6rt\u00e9n\u0151 sz\u00edv\u00e1shoz. A szab\u00e1lyozhat\u00f3 l\u00e9g\u00e1raml\u00e1s mindk\u00e9t preferenci\u00e1t z\u00f6kken\u0151mentesen t\u00e1mogatja.<\/p>\n<p>&nbsp;<\/p>\n","protected":false},"excerpt":{"rendered":"<p>A Fizzy Max III 6in1 3 poddal \u00e9s 6 tr\u00f3pusi \u00edzm\u00f3ddal ak\u00e1r 60000 slukkot is k\u00edn\u00e1l. \u00dajrat\u00f6lthet\u0151, er\u0151teljes \u00e9s tele van \u00edzzel egyetlen eleg\u00e1ns k\u00e9sz\u00fcl\u00e9kben.<\/p>\n","protected":false},"featured_media":18734,"comment_status":"open","ping_status":"closed","template":"","meta":[],"product_brand":[],"product_cat":[149,148],"product_tag":[135,136,137,138],"class_list":{"0":"post-19730","1":"product","2":"type-product","3":"status-publish","4":"has-post-thumbnail","6":"product_cat-fizzy-max-iii-60000-puffs-eldobhato-vape","7":"product_cat-ujratoltheto-eldobhato-vape","8":"product_tag-6-az-1-ben-izek","9":"product_tag-60k-puffs-hu","10":"product_tag-eldobhato-vape","11":"product_tag-ujratoltheto","13":"first","14":"outofstock","15":"shipping-taxable","16":"purchasable","17":"product-type-variable"},"yoast_head":"<!-- This site is optimized with the Yoast SEO Premium plugin v24.8 (Yoast SEO v27.4) - https:\/\/yoast.com\/product\/yoast-seo-premium-wordpress\/ -->\n<title>Fizzy Max III 6in1 - 60000 Puffs Eldobhat\u00f3 Vape, 6 \u00edzben<\/title>\n<meta name=\"description\" content=\"\u00c9lvezze a 60000 slukkot \u00e9s 6 mer\u00e9sz \u00edzt egy k\u00e9sz\u00fcl\u00e9kben. A Fizzy Max III 6in1 h\u00e1l\u00f3s tekercsekkel, kett\u0151s p\u00e1rologtat\u00e1si m\u00f3ddal \u00e9s gyors Type-C t\u00f6lt\u00e9ssel rendelkezik.\" \/>\n<meta name=\"robots\" content=\"index, follow, max-snippet:-1, max-image-preview:large, max-video-preview:-1\" \/>\n<link rel=\"canonical\" href=\"https:\/\/shop.fizzyvape.com\/hu\/termek\/fizzy-max-iii-6in1-60k-60000-puffs-eldobhato-vape-eper-gorogdinnye-citromos-lime-afonya-kokuszdio\/\" \/>\n<meta property=\"og:locale\" content=\"hu_HU\" \/>\n<meta property=\"og:type\" content=\"article\" \/>\n<meta property=\"og:title\" content=\"Fizzy Max III 6in1 60K 60000 Puffs Eldobhat\u00f3 Vape - Eper g\u00f6r\u00f6gdinnye &amp; citromos lime &amp; \u00e1fonya k\u00f3kuszdi\u00f3\" \/>\n<meta property=\"og:description\" content=\"\u00c9lvezze a 60000 slukkot \u00e9s 6 mer\u00e9sz \u00edzt egy k\u00e9sz\u00fcl\u00e9kben. A Fizzy Max III 6in1 h\u00e1l\u00f3s tekercsekkel, kett\u0151s p\u00e1rologtat\u00e1si m\u00f3ddal \u00e9s gyors Type-C t\u00f6lt\u00e9ssel rendelkezik.\" \/>\n<meta property=\"og:url\" content=\"https:\/\/shop.fizzyvape.com\/hu\/termek\/fizzy-max-iii-6in1-60k-60000-puffs-eldobhato-vape-eper-gorogdinnye-citromos-lime-afonya-kokuszdio\/\" \/>\n<meta property=\"og:site_name\" content=\"shop.fizzyvape.com\" \/>\n<meta property=\"article:modified_time\" content=\"2025-12-01T01:23:03+00:00\" \/>\n<meta property=\"og:image\" content=\"https:\/\/shop.fizzyvape.com\/wp-content\/uploads\/2025\/05\/Fizzy-Max-III-6in1-60K-60000-Puffs-1.jpg\" \/>\n\t<meta property=\"og:image:width\" content=\"800\" \/>\n\t<meta property=\"og:image:height\" content=\"800\" \/>\n\t<meta property=\"og:image:type\" content=\"image\/jpeg\" \/>\n<meta name=\"twitter:card\" content=\"summary_large_image\" \/>\n<meta name=\"twitter:label1\" content=\"Becs\u00fclt olvas\u00e1si id\u0151\" \/>\n\t<meta name=\"twitter:data1\" content=\"4 perc\" \/>\n<script type=\"application\/ld+json\" class=\"yoast-schema-graph\">{\"@context\":\"https:\\\/\\\/schema.org\",\"@graph\":[{\"@type\":\"WebPage\",\"@id\":\"https:\\\/\\\/shop.fizzyvape.com\\\/hu\\\/termek\\\/fizzy-max-iii-6in1-60k-60000-puffs-eldobhato-vape-eper-gorogdinnye-citromos-lime-afonya-kokuszdio\\\/\",\"url\":\"https:\\\/\\\/shop.fizzyvape.com\\\/hu\\\/termek\\\/fizzy-max-iii-6in1-60k-60000-puffs-eldobhato-vape-eper-gorogdinnye-citromos-lime-afonya-kokuszdio\\\/\",\"name\":\"Fizzy Max III 6in1 - 60000 Puffs Eldobhat\u00f3 Vape, 6 \u00edzben\",\"isPartOf\":{\"@id\":\"https:\\\/\\\/shop.fizzyvape.com\\\/hu\\\/#website\"},\"primaryImageOfPage\":{\"@id\":\"https:\\\/\\\/shop.fizzyvape.com\\\/hu\\\/termek\\\/fizzy-max-iii-6in1-60k-60000-puffs-eldobhato-vape-eper-gorogdinnye-citromos-lime-afonya-kokuszdio\\\/#primaryimage\"},\"image\":{\"@id\":\"https:\\\/\\\/shop.fizzyvape.com\\\/hu\\\/termek\\\/fizzy-max-iii-6in1-60k-60000-puffs-eldobhato-vape-eper-gorogdinnye-citromos-lime-afonya-kokuszdio\\\/#primaryimage\"},\"thumbnailUrl\":\"https:\\\/\\\/shop.fizzyvape.com\\\/wp-content\\\/uploads\\\/2025\\\/05\\\/Fizzy-Max-III-6in1-60K-60000-Puffs-1.jpg\",\"datePublished\":\"2025-05-29T10:32:19+00:00\",\"dateModified\":\"2025-12-01T01:23:03+00:00\",\"description\":\"\u00c9lvezze a 60000 slukkot \u00e9s 6 mer\u00e9sz \u00edzt egy k\u00e9sz\u00fcl\u00e9kben. A Fizzy Max III 6in1 h\u00e1l\u00f3s tekercsekkel, kett\u0151s p\u00e1rologtat\u00e1si m\u00f3ddal \u00e9s gyors Type-C t\u00f6lt\u00e9ssel rendelkezik.\",\"breadcrumb\":{\"@id\":\"https:\\\/\\\/shop.fizzyvape.com\\\/hu\\\/termek\\\/fizzy-max-iii-6in1-60k-60000-puffs-eldobhato-vape-eper-gorogdinnye-citromos-lime-afonya-kokuszdio\\\/#breadcrumb\"},\"inLanguage\":\"hu\",\"potentialAction\":[{\"@type\":\"ReadAction\",\"target\":[\"https:\\\/\\\/shop.fizzyvape.com\\\/hu\\\/termek\\\/fizzy-max-iii-6in1-60k-60000-puffs-eldobhato-vape-eper-gorogdinnye-citromos-lime-afonya-kokuszdio\\\/\"]}]},{\"@type\":\"ImageObject\",\"inLanguage\":\"hu\",\"@id\":\"https:\\\/\\\/shop.fizzyvape.com\\\/hu\\\/termek\\\/fizzy-max-iii-6in1-60k-60000-puffs-eldobhato-vape-eper-gorogdinnye-citromos-lime-afonya-kokuszdio\\\/#primaryimage\",\"url\":\"https:\\\/\\\/shop.fizzyvape.com\\\/wp-content\\\/uploads\\\/2025\\\/05\\\/Fizzy-Max-III-6in1-60K-60000-Puffs-1.jpg\",\"contentUrl\":\"https:\\\/\\\/shop.fizzyvape.com\\\/wp-content\\\/uploads\\\/2025\\\/05\\\/Fizzy-Max-III-6in1-60K-60000-Puffs-1.jpg\",\"width\":800,\"height\":800,\"caption\":\"Fizzy Max III 6in1 60K 60000 Puffs-1\"},{\"@type\":\"BreadcrumbList\",\"@id\":\"https:\\\/\\\/shop.fizzyvape.com\\\/hu\\\/termek\\\/fizzy-max-iii-6in1-60k-60000-puffs-eldobhato-vape-eper-gorogdinnye-citromos-lime-afonya-kokuszdio\\\/#breadcrumb\",\"itemListElement\":[{\"@type\":\"ListItem\",\"position\":1,\"name\":\"\u9996\u9875\",\"item\":\"https:\\\/\\\/shop.fizzyvape.com\\\/hu\\\/\"},{\"@type\":\"ListItem\",\"position\":2,\"name\":\"Shop\",\"item\":\"https:\\\/\\\/shop.fizzyvape.com\\\/shop\\\/\"},{\"@type\":\"ListItem\",\"position\":3,\"name\":\"Fizzy Max III 6in1 60K 60000 Puffs Eldobhat\u00f3 Vape &#8211; Eper g\u00f6r\u00f6gdinnye &amp; citromos lime &amp; \u00e1fonya k\u00f3kuszdi\u00f3\"}]},{\"@type\":\"WebSite\",\"@id\":\"https:\\\/\\\/shop.fizzyvape.com\\\/hu\\\/#website\",\"url\":\"https:\\\/\\\/shop.fizzyvape.com\\\/hu\\\/\",\"name\":\"shop.fizzyvape.com\",\"description\":\"The Best Disposable Vape In Europe | 10000 - 60000 Puffs  | Free Shipping\",\"potentialAction\":[{\"@type\":\"SearchAction\",\"target\":{\"@type\":\"EntryPoint\",\"urlTemplate\":\"https:\\\/\\\/shop.fizzyvape.com\\\/hu\\\/?s={search_term_string}\"},\"query-input\":{\"@type\":\"PropertyValueSpecification\",\"valueRequired\":true,\"valueName\":\"search_term_string\"}}],\"inLanguage\":\"hu\"}]}<\/script>\n<!-- \/ Yoast SEO Premium plugin. -->","yoast_head_json":{"title":"Fizzy Max III 6in1 - 60000 Puffs Eldobhat\u00f3 Vape, 6 \u00edzben","description":"\u00c9lvezze a 60000 slukkot \u00e9s 6 mer\u00e9sz \u00edzt egy k\u00e9sz\u00fcl\u00e9kben. A Fizzy Max III 6in1 h\u00e1l\u00f3s tekercsekkel, kett\u0151s p\u00e1rologtat\u00e1si m\u00f3ddal \u00e9s gyors Type-C t\u00f6lt\u00e9ssel rendelkezik.","robots":{"index":"index","follow":"follow","max-snippet":"max-snippet:-1","max-image-preview":"max-image-preview:large","max-video-preview":"max-video-preview:-1"},"canonical":"https:\/\/shop.fizzyvape.com\/hu\/termek\/fizzy-max-iii-6in1-60k-60000-puffs-eldobhato-vape-eper-gorogdinnye-citromos-lime-afonya-kokuszdio\/","og_locale":"hu_HU","og_type":"article","og_title":"Fizzy Max III 6in1 60K 60000 Puffs Eldobhat\u00f3 Vape - Eper g\u00f6r\u00f6gdinnye &amp; citromos lime &amp; \u00e1fonya k\u00f3kuszdi\u00f3","og_description":"\u00c9lvezze a 60000 slukkot \u00e9s 6 mer\u00e9sz \u00edzt egy k\u00e9sz\u00fcl\u00e9kben. A Fizzy Max III 6in1 h\u00e1l\u00f3s tekercsekkel, kett\u0151s p\u00e1rologtat\u00e1si m\u00f3ddal \u00e9s gyors Type-C t\u00f6lt\u00e9ssel rendelkezik.","og_url":"https:\/\/shop.fizzyvape.com\/hu\/termek\/fizzy-max-iii-6in1-60k-60000-puffs-eldobhato-vape-eper-gorogdinnye-citromos-lime-afonya-kokuszdio\/","og_site_name":"shop.fizzyvape.com","article_modified_time":"2025-12-01T01:23:03+00:00","og_image":[{"width":800,"height":800,"url":"https:\/\/shop.fizzyvape.com\/wp-content\/uploads\/2025\/05\/Fizzy-Max-III-6in1-60K-60000-Puffs-1.jpg","type":"image\/jpeg"}],"twitter_card":"summary_large_image","twitter_misc":{"Becs\u00fclt olvas\u00e1si id\u0151":"4 perc"},"schema":{"@context":"https:\/\/schema.org","@graph":[{"@type":"WebPage","@id":"https:\/\/shop.fizzyvape.com\/hu\/termek\/fizzy-max-iii-6in1-60k-60000-puffs-eldobhato-vape-eper-gorogdinnye-citromos-lime-afonya-kokuszdio\/","url":"https:\/\/shop.fizzyvape.com\/hu\/termek\/fizzy-max-iii-6in1-60k-60000-puffs-eldobhato-vape-eper-gorogdinnye-citromos-lime-afonya-kokuszdio\/","name":"Fizzy Max III 6in1 - 60000 Puffs Eldobhat\u00f3 Vape, 6 \u00edzben","isPartOf":{"@id":"https:\/\/shop.fizzyvape.com\/hu\/#website"},"primaryImageOfPage":{"@id":"https:\/\/shop.fizzyvape.com\/hu\/termek\/fizzy-max-iii-6in1-60k-60000-puffs-eldobhato-vape-eper-gorogdinnye-citromos-lime-afonya-kokuszdio\/#primaryimage"},"image":{"@id":"https:\/\/shop.fizzyvape.com\/hu\/termek\/fizzy-max-iii-6in1-60k-60000-puffs-eldobhato-vape-eper-gorogdinnye-citromos-lime-afonya-kokuszdio\/#primaryimage"},"thumbnailUrl":"https:\/\/shop.fizzyvape.com\/wp-content\/uploads\/2025\/05\/Fizzy-Max-III-6in1-60K-60000-Puffs-1.jpg","datePublished":"2025-05-29T10:32:19+00:00","dateModified":"2025-12-01T01:23:03+00:00","description":"\u00c9lvezze a 60000 slukkot \u00e9s 6 mer\u00e9sz \u00edzt egy k\u00e9sz\u00fcl\u00e9kben. A Fizzy Max III 6in1 h\u00e1l\u00f3s tekercsekkel, kett\u0151s p\u00e1rologtat\u00e1si m\u00f3ddal \u00e9s gyors Type-C t\u00f6lt\u00e9ssel rendelkezik.","breadcrumb":{"@id":"https:\/\/shop.fizzyvape.com\/hu\/termek\/fizzy-max-iii-6in1-60k-60000-puffs-eldobhato-vape-eper-gorogdinnye-citromos-lime-afonya-kokuszdio\/#breadcrumb"},"inLanguage":"hu","potentialAction":[{"@type":"ReadAction","target":["https:\/\/shop.fizzyvape.com\/hu\/termek\/fizzy-max-iii-6in1-60k-60000-puffs-eldobhato-vape-eper-gorogdinnye-citromos-lime-afonya-kokuszdio\/"]}]},{"@type":"ImageObject","inLanguage":"hu","@id":"https:\/\/shop.fizzyvape.com\/hu\/termek\/fizzy-max-iii-6in1-60k-60000-puffs-eldobhato-vape-eper-gorogdinnye-citromos-lime-afonya-kokuszdio\/#primaryimage","url":"https:\/\/shop.fizzyvape.com\/wp-content\/uploads\/2025\/05\/Fizzy-Max-III-6in1-60K-60000-Puffs-1.jpg","contentUrl":"https:\/\/shop.fizzyvape.com\/wp-content\/uploads\/2025\/05\/Fizzy-Max-III-6in1-60K-60000-Puffs-1.jpg","width":800,"height":800,"caption":"Fizzy Max III 6in1 60K 60000 Puffs-1"},{"@type":"BreadcrumbList","@id":"https:\/\/shop.fizzyvape.com\/hu\/termek\/fizzy-max-iii-6in1-60k-60000-puffs-eldobhato-vape-eper-gorogdinnye-citromos-lime-afonya-kokuszdio\/#breadcrumb","itemListElement":[{"@type":"ListItem","position":1,"name":"\u9996\u9875","item":"https:\/\/shop.fizzyvape.com\/hu\/"},{"@type":"ListItem","position":2,"name":"Shop","item":"https:\/\/shop.fizzyvape.com\/shop\/"},{"@type":"ListItem","position":3,"name":"Fizzy Max III 6in1 60K 60000 Puffs Eldobhat\u00f3 Vape &#8211; Eper g\u00f6r\u00f6gdinnye &amp; citromos lime &amp; \u00e1fonya k\u00f3kuszdi\u00f3"}]},{"@type":"WebSite","@id":"https:\/\/shop.fizzyvape.com\/hu\/#website","url":"https:\/\/shop.fizzyvape.com\/hu\/","name":"shop.fizzyvape.com","description":"The Best Disposable Vape In Europe | 10000 - 60000 Puffs  | Free Shipping","potentialAction":[{"@type":"SearchAction","target":{"@type":"EntryPoint","urlTemplate":"https:\/\/shop.fizzyvape.com\/hu\/?s={search_term_string}"},"query-input":{"@type":"PropertyValueSpecification","valueRequired":true,"valueName":"search_term_string"}}],"inLanguage":"hu"}]}},"tiered_pricing_type":"fixed","tiered_pricing_fixed_rules":[],"tiered_pricing_product_settings":{"layout":"default","base_unit_name":{"singular":null,"plural":null},"default_variation":null},"tiered_pricing_minimum_quantity":null,"tiered_pricing_roles_data":[],"tiered_pricing_percentage_rules":[],"tiered_pricing_maximum_quantity":null,"tiered_pricing_quantity_step":null,"_links":{"self":[{"href":"https:\/\/shop.fizzyvape.com\/hu\/wp-json\/wp\/v2\/product\/19730","targetHints":{"allow":["GET"]}}],"collection":[{"href":"https:\/\/shop.fizzyvape.com\/hu\/wp-json\/wp\/v2\/product"}],"about":[{"href":"https:\/\/shop.fizzyvape.com\/hu\/wp-json\/wp\/v2\/types\/product"}],"replies":[{"embeddable":true,"href":"https:\/\/shop.fizzyvape.com\/hu\/wp-json\/wp\/v2\/comments?post=19730"}],"version-history":[{"count":0,"href":"https:\/\/shop.fizzyvape.com\/hu\/wp-json\/wp\/v2\/product\/19730\/revisions"}],"wp:featuredmedia":[{"embeddable":true,"href":"https:\/\/shop.fizzyvape.com\/hu\/wp-json\/wp\/v2\/media\/18734"}],"wp:attachment":[{"href":"https:\/\/shop.fizzyvape.com\/hu\/wp-json\/wp\/v2\/media?parent=19730"}],"wp:term":[{"taxonomy":"product_brand","embeddable":true,"href":"https:\/\/shop.fizzyvape.com\/hu\/wp-json\/wp\/v2\/product_brand?post=19730"},{"taxonomy":"product_cat","embeddable":true,"href":"https:\/\/shop.fizzyvape.com\/hu\/wp-json\/wp\/v2\/product_cat?post=19730"},{"taxonomy":"product_tag","embeddable":true,"href":"https:\/\/shop.fizzyvape.com\/hu\/wp-json\/wp\/v2\/product_tag?post=19730"}],"curies":[{"name":"wp","href":"https:\/\/api.w.org\/{rel}","templated":true}]}}