{"id":19746,"date":"2025-06-24T06:55:59","date_gmt":"2025-06-24T06:55:59","guid":{"rendered":"https:\/\/shop.fizzyvape.com\/product\/fizzy-pandora-12000-puff-50db\/"},"modified":"2025-06-24T06:55:59","modified_gmt":"2025-06-24T06:55:59","slug":"fizzy-pandora-12000-puff-50db","status":"publish","type":"product","link":"https:\/\/shop.fizzyvape.com\/hu\/termek\/fizzy-pandora-12000-puff-50db\/","title":{"rendered":"Fizzy Pandora &#8211; 12000 puff &#8211; 50db"},"content":{"rendered":"<div>\n<h2>Fizzy Pandora 12000 Puffs eldobhat\u00f3 Vape Blind Box (50db) &#8211; Pr\u00e9mium rejt\u00e9lyes \u00edzek<\/h2>\n<p>Fedezze fel a v\u00e1ltozatoss\u00e1g izgalm\u00e1t a <strong>Fizzy Pandora 12,000 Puffs Blind Box-szal<\/strong>, amely 50 pr\u00e9mium eldobhat\u00f3 p\u00e1rologtat\u00f3t tartalmaz, amelyeket v\u00e9letlenszer\u0171en v\u00e1lasztanak ki 12 szak\u00e9rtelemmel kidolgozott \u00edzb\u0151l. Minden egyes eszk\u00f6z sima, kiel\u00e9g\u00edt\u0151 p\u00e1rologtat\u00e1si \u00e9lm\u00e9nyt ny\u00fajt t\u00f6bb mint 12 000 puffol\u00e1snyi gazdag, laborat\u00f3riumban kifejlesztett \u00edzzel. Legyen sz\u00f3 a Mango tr\u00f3pusi \u00e9dess\u00e9g\u00e9r\u0151l, a Jeges menta friss\u00edt\u0151 h\u0171s\u00edt\u0151j\u00e9r\u0151l vagy a Strawberry Kiwi Pomegranate vibr\u00e1l\u00f3 kever\u00e9k\u00e9r\u0151l, minden egyes kibont\u00e1s egy \u00faj \u00edzkalandot \u00edg\u00e9r.  <\/p>\n<h3>Mi\u00e9rt v\u00e1lassza a Fizzy Pandora vakdobozt?<\/h3>\n<ul>\n<li><strong>50 egys\u00e9gnyi Flavorful Surprise<\/strong><br \/>\nA 12 n\u00e9pszer\u0171 \u00edzprofilt tartalmaz\u00f3, a v\u00e1ltozatoss\u00e1g maximaliz\u00e1l\u00e1s\u00e1ra \u00e9s az ism\u00e9tl\u0151d\u00e9sek minimaliz\u00e1l\u00e1s\u00e1ra tervezett, v\u00e1logatott kever\u00e9k.<\/li>\n<li><strong>Hossz\u00fa \u00e9lettartam\u00fa teljes\u00edtm\u00e9ny<\/strong><br \/>\nMinden egyes vape 12 000+ sima sz\u00edv\u00e1st k\u00edn\u00e1l, amelyet a fejlett h\u00e1l\u00f3s tekercs technol\u00f3gia \u00e9s a megb\u00edzhat\u00f3 650mAh \u00fajrat\u00f6lthet\u0151 akkumul\u00e1tor hajt.<\/li>\n<li><strong>Gyors \u00e9s k\u00e9nyelmes USB-C \u00fajrat\u00f6lt\u00e9s<\/strong><br \/>\nAz \u00fatk\u00f6zbeni \u00fajrat\u00f6lt\u00e9s k\u00f6r\u00fclbel\u00fcl 4000 tov\u00e1bbi slukkot tesz lehet\u0151v\u00e9 egy t\u00f6lt\u00e9ssel, meghosszabb\u00edtva a k\u00e9sz\u00fcl\u00e9k \u00e9lettartam\u00e1t \u00e9s el\u00e9gedetts\u00e9g\u00e9t.<\/li>\n<li><strong>Sziv\u00e1rg\u00e1smentes \u00e9s utaz\u00e1sra k\u00e9sz kialak\u00edt\u00e1s<\/strong><br \/>\nA kompakt, z\u00e1rt kialak\u00edt\u00e1s biztons\u00e1got, hordozhat\u00f3s\u00e1got \u00e9s adott esetben TSA-bar\u00e1t megfelel\u00e9st biztos\u00edt.<\/li>\n<li><strong>Sima nikotinos s\u00f3 opci\u00f3k<\/strong><br \/>\nKiegyens\u00falyozott 2% \u00e9s 5% nikotin er\u0151ss\u00e9gben kaphat\u00f3 a k\u00fcl\u00f6nb\u00f6z\u0151 preferenci\u00e1k kiel\u00e9g\u00edt\u00e9s\u00e9re, durva torokcsap\u00e1s n\u00e9lk\u00fcl.<\/li>\n<\/ul>\n<\/div>\n<div>\n<h3>M\u0171szaki adatok<\/h3>\n<table>\n<tbody>\n<tr>\n<td>Puffok<\/td>\n<td><strong>12000+ Puffs<\/strong><\/td>\n<\/tr>\n<tr>\n<td>E-folyad\u00e9k kapacit\u00e1s<\/td>\n<td><strong>20ml<\/strong><\/td>\n<\/tr>\n<tr>\n<td>Az akkumul\u00e1tor kapacit\u00e1sa<\/td>\n<td><strong>650mAh<\/strong><\/td>\n<\/tr>\n<tr>\n<td>Tekercs<\/td>\n<td><strong>H\u00e1l\u00f3s tekercs<\/strong><\/td>\n<\/tr>\n<tr>\n<td>M\u00e9ret<\/td>\n<td><strong>48*20.6*88mm<\/strong><\/td>\n<\/tr>\n<tr>\n<td>Eldobhat\u00f3 vagy sem<\/td>\n<td><strong>Eldobhat\u00f3<\/strong><\/td>\n<\/tr>\n<tr>\n<td>T\u00f6lt\u00e9si m\u00f3dszer<\/td>\n<td><strong>K\u00e1bel<\/strong><\/td>\n<\/tr>\n<tr>\n<td>Aktiv\u00e1l\u00e1si m\u00f3dszer<\/td>\n<td><strong>\u00c9rz\u00e9kel\u0151<\/strong><\/td>\n<\/tr>\n<tr>\n<td>Nikotin szint<\/td>\n<td><strong>2% (20mg\/ml) \u00e9s 5% (50mg\/ml)<\/strong><\/td>\n<\/tr>\n<tr>\n<td>\u00cdzek<\/td>\n<td><strong>12<\/strong><\/td>\n<\/tr>\n<tr>\n<td>Csomagol\u00e1s<\/td>\n<td><strong>1 csomag<\/strong><\/td>\n<\/tr>\n<tr>\n<td>T\u00f6lt\u00e9si id\u0151<\/td>\n<td><strong>2 \u00f3ra<\/strong><\/td>\n<\/tr>\n<tr>\n<td>T\u00e1rol\u00e1s<\/td>\n<td><strong>Ker\u00fclje a magas h\u0151m\u00e9rs\u00e9klet\u0171 k\u00f6rnyezetet, \u00e9s h\u0171v\u00f6s, sz\u00e1raz helyen t\u00e1rolja.<\/strong><\/td>\n<\/tr>\n<tr>\n<td>Haszn\u00e1lat\u00e1t\u00f3l eltiltott szem\u00e9lyek<\/td>\n<td><strong>Kiskor\u00faak, terhes n\u0151k \u00e9s a term\u00e9k \u00f6sszetev\u0151ire allergi\u00e1s szem\u00e9lyek.<\/strong><\/td>\n<\/tr>\n<tr>\n<td>Vigy\u00e1zat<\/td>\n<td><strong>Ne nyelje le ezt az anyagot. Ha lenyelte, azonnal \u00e9s alaposan \u00f6bl\u00edtse ki a sz\u00e1j\u00e1t. Ha rosszul \u00e9rzi mag\u00e1t, forduljon orvoshoz.  <\/strong><\/td>\n<\/tr>\n<\/tbody>\n<\/table>\n<h3><strong>Fizzy Pandora <\/strong>12000 Puffs \u00edzek list\u00e1ja:<\/h3>\n<ol>\n<li>G\u00f6r\u00f6gdinnye<\/li>\n<li>Mango<\/li>\n<li>Sz\u0151l\u0151<\/li>\n<li>Gr\u00e1n\u00e1talma<\/li>\n<li>Barack<\/li>\n<li>\u00c1fonya m\u00e1lna<\/li>\n<li>Narancs mang\u00f3 g\u00f6r\u00f6gdinnye<\/li>\n<li>Jeges menta<\/li>\n<li>Eper Kiwi Gr\u00e1n\u00e1talma<\/li>\n<li>\u00c1fonya<\/li>\n<li>Eper<\/li>\n<li>G\u00f6r\u00f6gdinnye \u00c1fonya<\/li>\n<\/ol>\n<h3>GYIK a Fizzy Pandora 12000 puffok vak doboz\u00e1r\u00f3l (50db)<\/h3>\n<p><strong>Ism\u00e9tl\u0151d\u0151 \u00edzek lesznek a vakdobozban?<\/strong><br \/>\nA doboz \u00e1tgondoltan \u00f6ssze\u00e1ll\u00edtott, hogy sz\u00e9les v\u00e1laszt\u00e9kot biztos\u00edtson, minim\u00e1lis ism\u00e9tl\u0151d\u00e9ssel, v\u00e1ltozatos \u00edz\u00e9lm\u00e9nyt ny\u00fajtva \u00d6nnek.<\/p>\n<p><strong>A k\u00e9sz\u00fcl\u00e9kek a dobozb\u00f3l kiv\u00e9ve azonnal haszn\u00e1latra k\u00e9szek?<\/strong><br \/>\nIgen, minden vape el\u0151re felt\u00f6ltve \u00e9s \u00e9lvezhet\u0151en \u00e9rkezik. Az USB-C gyorst\u00f6lt\u00e9s sz\u00fcks\u00e9g eset\u00e9n tov\u00e1bb hosszabb\u00edtja a haszn\u00e1latot. <\/p>\n<p><strong>Alkalmas ez a term\u00e9k viszontelad\u00e1sra?<\/strong><br \/>\nAbszol\u00fat. Minden egys\u00e9g kiskereskedelmi csomagol\u00e1s\u00fa, \u00edgy t\u00f6k\u00e9letes a t\u00e9gla- \u00e9s boltok, a kioszkok \u00e9s az online elad\u00f3k sz\u00e1m\u00e1ra. <\/p>\n<\/div>\n","protected":false},"excerpt":{"rendered":"<p>Bontsa ki a p\u00e1rologtat\u00f3 v\u00e1ltozatoss\u00e1got a Fizzy Pandora 12,000 Puffs Blind Box (50db) &#8211; 12 n\u00e9pszer\u0171 \u00edzzel, v\u00e9letlenszer\u0171en csomagolva. Mindegyik k\u00e9sz\u00fcl\u00e9k sima, hosszan tart\u00f3 12 000 puffot biztos\u00edt USB-C gyorst\u00f6lt\u00e9ssel \u00e9s fejlett h\u00e1l\u00f3s tekercs technol\u00f3gi\u00e1val. Ide\u00e1lis a nagykeresked\u0151k \u00e9s a nagybani v\u00e1s\u00e1rl\u00f3k sz\u00e1m\u00e1ra, akik nagy kereslet\u0171, pr\u00e9mium eldobhat\u00f3 term\u00e9keket tartanak rakt\u00e1ron.  <\/p>\n<p><strong>Korl\u00e1tozott aj\u00e1nlat: 50db k\u00fcl\u00f6nleges kedvezm\u00e9nyes \u00e1ron!<\/strong><\/p>\n","protected":false},"featured_media":18928,"comment_status":"open","ping_status":"closed","template":"","meta":[],"product_brand":[],"product_cat":[126],"product_tag":[163],"class_list":{"0":"post-19746","1":"product","2":"type-product","3":"status-publish","4":"has-post-thumbnail","6":"product_cat-fizzy-twins-50000-puffs-eldobhato-vape","7":"product_tag-12k-puffs-hu","9":"first","10":"outofstock","11":"sale","12":"shipping-taxable","13":"purchasable","14":"product-type-variable"},"yoast_head":"<!-- This site is optimized with the Yoast SEO Premium plugin v24.8 (Yoast SEO v26.1.1) - https:\/\/yoast.com\/wordpress\/plugins\/seo\/ -->\n<title>Fizzy Pandora - 12000 puff - 50db - shop.fizzyvape.com<\/title>\n<meta name=\"description\" content=\"50 pr\u00e9mium vapes, egyenk\u00e9nt 12000 puff. Fedezzen fel 12 meglepet\u00e9s \u00edzt a Fizzy Pandora eldobhat\u00f3 vape bulkban - egy hosszan tart\u00f3, \u00edzgazdag vape-kaland.\" \/>\n<meta name=\"robots\" content=\"index, follow, max-snippet:-1, max-image-preview:large, max-video-preview:-1\" \/>\n<link rel=\"canonical\" href=\"https:\/\/shop.fizzyvape.com\/hu\/termek\/fizzy-pandora-12000-puff-50db\/\" \/>\n<meta property=\"og:locale\" content=\"hu_HU\" \/>\n<meta property=\"og:type\" content=\"article\" \/>\n<meta property=\"og:title\" content=\"Fizzy Pandora - 12000 puff - 50db\" \/>\n<meta property=\"og:description\" content=\"50 pr\u00e9mium vapes, egyenk\u00e9nt 12000 puff. Fedezzen fel 12 meglepet\u00e9s \u00edzt a Fizzy Pandora eldobhat\u00f3 vape bulkban - egy hosszan tart\u00f3, \u00edzgazdag vape-kaland.\" \/>\n<meta property=\"og:url\" content=\"https:\/\/shop.fizzyvape.com\/hu\/termek\/fizzy-pandora-12000-puff-50db\/\" \/>\n<meta property=\"og:site_name\" content=\"shop.fizzyvape.com\" \/>\n<meta property=\"og:image\" content=\"https:\/\/shop.fizzyvape.com\/wp-content\/uploads\/2025\/06\/Fizzy-Pandora-12000PUFF.jpg\" \/>\n\t<meta property=\"og:image:width\" content=\"1057\" \/>\n\t<meta property=\"og:image:height\" content=\"1037\" \/>\n\t<meta property=\"og:image:type\" content=\"image\/jpeg\" \/>\n<meta name=\"twitter:card\" content=\"summary_large_image\" \/>\n<meta name=\"twitter:label1\" content=\"Becs\u00fclt olvas\u00e1si id\u0151\" \/>\n\t<meta name=\"twitter:data1\" content=\"3 perc\" \/>\n<script type=\"application\/ld+json\" class=\"yoast-schema-graph\">{\"@context\":\"https:\/\/schema.org\",\"@graph\":[{\"@type\":\"WebPage\",\"@id\":\"https:\/\/shop.fizzyvape.com\/hu\/termek\/fizzy-pandora-12000-puff-50db\/\",\"url\":\"https:\/\/shop.fizzyvape.com\/hu\/termek\/fizzy-pandora-12000-puff-50db\/\",\"name\":\"Fizzy Pandora - 12000 puff - 50db - shop.fizzyvape.com\",\"isPartOf\":{\"@id\":\"https:\/\/shop.fizzyvape.com\/hu\/#website\"},\"primaryImageOfPage\":{\"@id\":\"https:\/\/shop.fizzyvape.com\/hu\/termek\/fizzy-pandora-12000-puff-50db\/#primaryimage\"},\"image\":{\"@id\":\"https:\/\/shop.fizzyvape.com\/hu\/termek\/fizzy-pandora-12000-puff-50db\/#primaryimage\"},\"thumbnailUrl\":\"https:\/\/shop.fizzyvape.com\/wp-content\/uploads\/2025\/06\/Fizzy-Pandora-12000PUFF.jpg\",\"datePublished\":\"2025-06-24T06:55:59+00:00\",\"description\":\"50 pr\u00e9mium vapes, egyenk\u00e9nt 12000 puff. Fedezzen fel 12 meglepet\u00e9s \u00edzt a Fizzy Pandora eldobhat\u00f3 vape bulkban - egy hosszan tart\u00f3, \u00edzgazdag vape-kaland.\",\"breadcrumb\":{\"@id\":\"https:\/\/shop.fizzyvape.com\/hu\/termek\/fizzy-pandora-12000-puff-50db\/#breadcrumb\"},\"inLanguage\":\"hu\",\"potentialAction\":[{\"@type\":\"ReadAction\",\"target\":[\"https:\/\/shop.fizzyvape.com\/hu\/termek\/fizzy-pandora-12000-puff-50db\/\"]}]},{\"@type\":\"ImageObject\",\"inLanguage\":\"hu\",\"@id\":\"https:\/\/shop.fizzyvape.com\/hu\/termek\/fizzy-pandora-12000-puff-50db\/#primaryimage\",\"url\":\"https:\/\/shop.fizzyvape.com\/wp-content\/uploads\/2025\/06\/Fizzy-Pandora-12000PUFF.jpg\",\"contentUrl\":\"https:\/\/shop.fizzyvape.com\/wp-content\/uploads\/2025\/06\/Fizzy-Pandora-12000PUFF.jpg\",\"width\":1057,\"height\":1037},{\"@type\":\"BreadcrumbList\",\"@id\":\"https:\/\/shop.fizzyvape.com\/hu\/termek\/fizzy-pandora-12000-puff-50db\/#breadcrumb\",\"itemListElement\":[{\"@type\":\"ListItem\",\"position\":1,\"name\":\"\u9996\u9875\",\"item\":\"https:\/\/shop.fizzyvape.com\/hu\/\"},{\"@type\":\"ListItem\",\"position\":2,\"name\":\"Shop\",\"item\":\"https:\/\/shop.fizzyvape.com\/shop\/\"},{\"@type\":\"ListItem\",\"position\":3,\"name\":\"Fizzy Pandora &#8211; 12000 puff &#8211; 50db\"}]},{\"@type\":\"WebSite\",\"@id\":\"https:\/\/shop.fizzyvape.com\/hu\/#website\",\"url\":\"https:\/\/shop.fizzyvape.com\/hu\/\",\"name\":\"shop.fizzyvape.com\",\"description\":\"The Best Disposable Vape In Europe | 10000 - 60000 Puffs  | Free Shipping\",\"potentialAction\":[{\"@type\":\"SearchAction\",\"target\":{\"@type\":\"EntryPoint\",\"urlTemplate\":\"https:\/\/shop.fizzyvape.com\/hu\/?s={search_term_string}\"},\"query-input\":{\"@type\":\"PropertyValueSpecification\",\"valueRequired\":true,\"valueName\":\"search_term_string\"}}],\"inLanguage\":\"hu\"}]}<\/script>\n<!-- \/ Yoast SEO Premium plugin. -->","yoast_head_json":{"title":"Fizzy Pandora - 12000 puff - 50db - shop.fizzyvape.com","description":"50 pr\u00e9mium vapes, egyenk\u00e9nt 12000 puff. Fedezzen fel 12 meglepet\u00e9s \u00edzt a Fizzy Pandora eldobhat\u00f3 vape bulkban - egy hosszan tart\u00f3, \u00edzgazdag vape-kaland.","robots":{"index":"index","follow":"follow","max-snippet":"max-snippet:-1","max-image-preview":"max-image-preview:large","max-video-preview":"max-video-preview:-1"},"canonical":"https:\/\/shop.fizzyvape.com\/hu\/termek\/fizzy-pandora-12000-puff-50db\/","og_locale":"hu_HU","og_type":"article","og_title":"Fizzy Pandora - 12000 puff - 50db","og_description":"50 pr\u00e9mium vapes, egyenk\u00e9nt 12000 puff. Fedezzen fel 12 meglepet\u00e9s \u00edzt a Fizzy Pandora eldobhat\u00f3 vape bulkban - egy hosszan tart\u00f3, \u00edzgazdag vape-kaland.","og_url":"https:\/\/shop.fizzyvape.com\/hu\/termek\/fizzy-pandora-12000-puff-50db\/","og_site_name":"shop.fizzyvape.com","og_image":[{"width":1057,"height":1037,"url":"https:\/\/shop.fizzyvape.com\/wp-content\/uploads\/2025\/06\/Fizzy-Pandora-12000PUFF.jpg","type":"image\/jpeg"}],"twitter_card":"summary_large_image","twitter_misc":{"Becs\u00fclt olvas\u00e1si id\u0151":"3 perc"},"schema":{"@context":"https:\/\/schema.org","@graph":[{"@type":"WebPage","@id":"https:\/\/shop.fizzyvape.com\/hu\/termek\/fizzy-pandora-12000-puff-50db\/","url":"https:\/\/shop.fizzyvape.com\/hu\/termek\/fizzy-pandora-12000-puff-50db\/","name":"Fizzy Pandora - 12000 puff - 50db - shop.fizzyvape.com","isPartOf":{"@id":"https:\/\/shop.fizzyvape.com\/hu\/#website"},"primaryImageOfPage":{"@id":"https:\/\/shop.fizzyvape.com\/hu\/termek\/fizzy-pandora-12000-puff-50db\/#primaryimage"},"image":{"@id":"https:\/\/shop.fizzyvape.com\/hu\/termek\/fizzy-pandora-12000-puff-50db\/#primaryimage"},"thumbnailUrl":"https:\/\/shop.fizzyvape.com\/wp-content\/uploads\/2025\/06\/Fizzy-Pandora-12000PUFF.jpg","datePublished":"2025-06-24T06:55:59+00:00","description":"50 pr\u00e9mium vapes, egyenk\u00e9nt 12000 puff. Fedezzen fel 12 meglepet\u00e9s \u00edzt a Fizzy Pandora eldobhat\u00f3 vape bulkban - egy hosszan tart\u00f3, \u00edzgazdag vape-kaland.","breadcrumb":{"@id":"https:\/\/shop.fizzyvape.com\/hu\/termek\/fizzy-pandora-12000-puff-50db\/#breadcrumb"},"inLanguage":"hu","potentialAction":[{"@type":"ReadAction","target":["https:\/\/shop.fizzyvape.com\/hu\/termek\/fizzy-pandora-12000-puff-50db\/"]}]},{"@type":"ImageObject","inLanguage":"hu","@id":"https:\/\/shop.fizzyvape.com\/hu\/termek\/fizzy-pandora-12000-puff-50db\/#primaryimage","url":"https:\/\/shop.fizzyvape.com\/wp-content\/uploads\/2025\/06\/Fizzy-Pandora-12000PUFF.jpg","contentUrl":"https:\/\/shop.fizzyvape.com\/wp-content\/uploads\/2025\/06\/Fizzy-Pandora-12000PUFF.jpg","width":1057,"height":1037},{"@type":"BreadcrumbList","@id":"https:\/\/shop.fizzyvape.com\/hu\/termek\/fizzy-pandora-12000-puff-50db\/#breadcrumb","itemListElement":[{"@type":"ListItem","position":1,"name":"\u9996\u9875","item":"https:\/\/shop.fizzyvape.com\/hu\/"},{"@type":"ListItem","position":2,"name":"Shop","item":"https:\/\/shop.fizzyvape.com\/shop\/"},{"@type":"ListItem","position":3,"name":"Fizzy Pandora &#8211; 12000 puff &#8211; 50db"}]},{"@type":"WebSite","@id":"https:\/\/shop.fizzyvape.com\/hu\/#website","url":"https:\/\/shop.fizzyvape.com\/hu\/","name":"shop.fizzyvape.com","description":"The Best Disposable Vape In Europe | 10000 - 60000 Puffs  | Free Shipping","potentialAction":[{"@type":"SearchAction","target":{"@type":"EntryPoint","urlTemplate":"https:\/\/shop.fizzyvape.com\/hu\/?s={search_term_string}"},"query-input":{"@type":"PropertyValueSpecification","valueRequired":true,"valueName":"search_term_string"}}],"inLanguage":"hu"}]}},"tiered_pricing_type":"fixed","tiered_pricing_fixed_rules":[],"tiered_pricing_product_settings":{"layout":"default","base_unit_name":{"singular":null,"plural":null},"default_variation":null},"tiered_pricing_minimum_quantity":null,"tiered_pricing_roles_data":[],"tiered_pricing_percentage_rules":[],"tiered_pricing_maximum_quantity":null,"tiered_pricing_quantity_step":null,"_links":{"self":[{"href":"https:\/\/shop.fizzyvape.com\/hu\/wp-json\/wp\/v2\/product\/19746","targetHints":{"allow":["GET"]}}],"collection":[{"href":"https:\/\/shop.fizzyvape.com\/hu\/wp-json\/wp\/v2\/product"}],"about":[{"href":"https:\/\/shop.fizzyvape.com\/hu\/wp-json\/wp\/v2\/types\/product"}],"replies":[{"embeddable":true,"href":"https:\/\/shop.fizzyvape.com\/hu\/wp-json\/wp\/v2\/comments?post=19746"}],"version-history":[{"count":0,"href":"https:\/\/shop.fizzyvape.com\/hu\/wp-json\/wp\/v2\/product\/19746\/revisions"}],"wp:featuredmedia":[{"embeddable":true,"href":"https:\/\/shop.fizzyvape.com\/hu\/wp-json\/wp\/v2\/media\/18928"}],"wp:attachment":[{"href":"https:\/\/shop.fizzyvape.com\/hu\/wp-json\/wp\/v2\/media?parent=19746"}],"wp:term":[{"taxonomy":"product_brand","embeddable":true,"href":"https:\/\/shop.fizzyvape.com\/hu\/wp-json\/wp\/v2\/product_brand?post=19746"},{"taxonomy":"product_cat","embeddable":true,"href":"https:\/\/shop.fizzyvape.com\/hu\/wp-json\/wp\/v2\/product_cat?post=19746"},{"taxonomy":"product_tag","embeddable":true,"href":"https:\/\/shop.fizzyvape.com\/hu\/wp-json\/wp\/v2\/product_tag?post=19746"}],"curies":[{"name":"wp","href":"https:\/\/api.w.org\/{rel}","templated":true}]}}