{"id":19751,"date":"2025-06-24T06:55:59","date_gmt":"2025-06-24T06:55:59","guid":{"rendered":"https:\/\/shop.fizzyvape.com\/product\/fizzy-great-10000-puff-50db\/"},"modified":"2025-06-24T06:55:59","modified_gmt":"2025-06-24T06:55:59","slug":"fizzy-great-10000-puff-50db","status":"publish","type":"product","link":"https:\/\/shop.fizzyvape.com\/hu\/termek\/fizzy-great-10000-puff-50db\/","title":{"rendered":"Fizzy Great 10000 puff &#8211; 50db"},"content":{"rendered":"<div>\n<h2>Fizzy Great 10,000 Puffs Eldobhat\u00f3 Vape &#8211; 50db Rejt\u00e9lyes \u00edz vak doboza<\/h2>\n<p>Dobozold ki az izgalmakat a Fizzy Great Mystery Flavor Blind Box-szal! Ez a limit\u00e1lt kiad\u00e1s\u00fa k\u00e9szlet 50 pr\u00e9mium eldobhat\u00f3 p\u00e1rologtat\u00f3t tartalmaz, amelyek mindegyike 10.000 ultra-sima puffot biztos\u00edt, a Fizzy Great bestsellereib\u0151l v\u00e9letlenszer\u0171en kiv\u00e1lasztott \u00edzekkel \u00e1titatva. L\u00e9d\u00fas g\u00f6r\u00f6gdinny\u00e9t, tr\u00f3pusi anan\u00e1szos barackot vagy friss\u00edt\u0151 \u00e1fony\u00e1s jeget fogsz kapni? A meglepet\u00e9s a m\u00f3ka r\u00e9sze!   <\/p>\n<h3>Mi\u00e9rt v\u00e1lassza a Mystery Blind Boxot?<\/h3>\n<ul>\n<li><strong>Izgalmas v\u00e1ltozatoss\u00e1g:<\/strong> Minden eszk\u00f6z egyedi \u00edzvil\u00e1g\u00fa kalandot k\u00edn\u00e1l.<\/li>\n<li><strong>T\u00f6meges megtakar\u00edt\u00e1s:<\/strong> A kiskereskedelmi \u00e1rakhoz k\u00e9pest jelent\u0151s kedvezm\u00e9nnyel kaphat 50 darabot.<\/li>\n<li><strong>T\u00f6k\u00e9letes viszontelad\u00f3k sz\u00e1m\u00e1ra:<\/strong> Nagy kereslet\u0171, vizu\u00e1lisan tetszet\u0151s term\u00e9k, amely er\u0151sen vonz\u00f3 a dobozol\u00e1st\u00f3l.<\/li>\n<li><strong>Haszn\u00e1latra k\u00e9sz:<\/strong> El\u0151re felt\u00f6lt\u00f6tt, el\u0151re felt\u00f6lt\u00f6tt \u00e9s karbantart\u00e1smentes.<\/li>\n<li><strong>Fejlett h\u00e1l\u00f3s tekercs:<\/strong> Gazdag, egyenletes \u00edzt \u00e9s s\u0171r\u0171 g\u0151zfelh\u0151ket biztos\u00edt.<\/li>\n<li><strong>Kompakt \u00e9s utaz\u00e1sbar\u00e1t:<\/strong> TSA-kompatibilis, ahol megengedett.<\/li>\n<\/ul>\n<h1><span style=\"font-size: 22px;\">M\u0171szaki adatok<\/span><\/h1>\n<\/div>\n<div>\n<table>\n<tbody>\n<tr>\n<td>Puffok<\/td>\n<td><strong>10000+ Puffs<\/strong><\/td>\n<\/tr>\n<tr>\n<td>E-folyad\u00e9k kapacit\u00e1s<\/td>\n<td><strong>18ml<\/strong><\/td>\n<\/tr>\n<tr>\n<td>Az akkumul\u00e1tor kapacit\u00e1sa<\/td>\n<td><strong>650mAh<\/strong><\/td>\n<\/tr>\n<tr>\n<td>Tekercs<\/td>\n<td><strong>H\u00e1l\u00f3s tekercs<\/strong><\/td>\n<\/tr>\n<tr>\n<td>M\u00e9ret<\/td>\n<td><strong>53*30*85.3mm<\/strong><\/td>\n<\/tr>\n<tr>\n<td>Eldobhat\u00f3 vagy sem<\/td>\n<td><strong>Eldobhat\u00f3<\/strong><\/td>\n<\/tr>\n<tr>\n<td>T\u00f6lt\u00e9si m\u00f3dszer<\/td>\n<td><strong>K\u00e1bel<\/strong><\/td>\n<\/tr>\n<tr>\n<td>Aktiv\u00e1l\u00e1si m\u00f3dszer<\/td>\n<td><strong>AcidSensor<\/strong><\/td>\n<\/tr>\n<tr>\n<td>Nikotin szint<\/td>\n<td><strong>2%(20mg\/ml) \u00e9s 5%(50mg\/ml)<\/strong><\/td>\n<\/tr>\n<tr>\n<td>\u00cdzek<\/td>\n<td><strong>10<\/strong><\/td>\n<\/tr>\n<tr>\n<td>Csomagol\u00e1s<\/td>\n<td><strong>1 csomag<\/strong><\/td>\n<\/tr>\n<tr>\n<td>T\u00f6lt\u00e9si id\u0151<\/td>\n<td><strong>2 \u00f3ra<\/strong><\/td>\n<\/tr>\n<tr>\n<td>T\u00e1rol\u00e1s<\/td>\n<td><strong>Ker\u00fclje a magas h\u0151m\u00e9rs\u00e9klet\u0171 k\u00f6rnyezetet, \u00e9s h\u0171v\u00f6s, sz\u00e1raz helyen t\u00e1rolja.<\/strong><\/td>\n<\/tr>\n<tr>\n<td>Haszn\u00e1lat\u00e1t\u00f3l eltiltott szem\u00e9lyek<\/td>\n<td><strong>Kiskor\u00faak, terhes n\u0151k \u00e9s a term\u00e9k \u00f6sszetev\u0151ire allergi\u00e1s szem\u00e9lyek.<\/strong><\/td>\n<\/tr>\n<tr>\n<td>Vigy\u00e1zat<\/td>\n<td><strong>Ne nyelje le ezt az anyagot. Ha lenyelte, azonnal \u00e9s alaposan \u00f6bl\u00edtse ki a sz\u00e1j\u00e1t. Ha rosszul \u00e9rzi mag\u00e1t, forduljon orvoshoz.  <\/strong><\/td>\n<\/tr>\n<\/tbody>\n<\/table>\n<h3><strong>Fizzy Great<\/strong> 10000 Puffs \u00edzek list\u00e1ja:<\/h3>\n<ol>\n<li>G\u00f6r\u00f6gdinnye<\/li>\n<li>\u00c1fonya j\u00e9g<\/li>\n<li>Sz\u0151l\u0151 j\u00e9g<\/li>\n<li>L\u00edcsi citrom<\/li>\n<li>Anan\u00e1sz \u0150szibarack Maracuja<\/li>\n<li>M\u00e1lna sz\u0151l\u0151<\/li>\n<li>Barack<\/li>\n<li>Mango barack<\/li>\n<li>Vegyes bogy\u00f3s gy\u00fcm\u00f6lcs<\/li>\n<li>G\u00f6r\u00f6gdinnye eper limon\u00e1d\u00e9<\/li>\n<\/ol>\n<h3><strong>GYIK a k\u00f6vetkez\u0151kr\u0151l <\/strong><strong>Fizzy Great 10000 Puffs <\/strong><strong>Vape<\/strong><\/h3>\n<p><strong>1. Mennyire v\u00e9letlenszer\u0171ek az \u00edzek a vakdobozban?<\/strong><br \/>\nMinden doboz 50 eszk\u00f6zt tartalmaz, amelyeket v\u00e9letlenszer\u0171en v\u00e1lasztunk ki a 10 legjobb \u00edzb\u0151l, \u00e9s nem tartalmaz duplik\u00e1tumokat ugyanabban a dobozban. Sz\u00e1m\u00edtson a gy\u00fcm\u00f6lcs\u00f6s, jeges \u00e9s tr\u00f3pusi profilok vibr\u00e1l\u00f3 kever\u00e9k\u00e9re a v\u00e9gtelen v\u00e1ltozatoss\u00e1g \u00e9rdek\u00e9ben. <\/p>\n<p><strong>2. A vakdoboz j\u00f3 \u00e1r-\u00e9rt\u00e9k ar\u00e1nyban van az egyes darabok v\u00e1s\u00e1rl\u00e1s\u00e1hoz k\u00e9pest?<\/strong><br \/>\nHat\u00e1rozottan! \u00d6sszesen t\u00f6bb mint 500 000 puffot kaphat ak\u00e1r 30%-os kiskereskedelmi \u00e1rengedm\u00e9nnyel, valamint a meglepet\u00e9s izgalm\u00e1t &#8211; ide\u00e1lis szem\u00e9lyes haszn\u00e1latra vagy viszontelad\u00e1sra. <\/p>\n<p><strong>3. K\u00e9rhetek vagy kiz\u00e1rhatok bizonyos \u00edzeket?<\/strong><br \/>\nAz \u00edzv\u00e1laszt\u00e9k v\u00e9letlenszer\u0171, hogy a meglepet\u00e9s megmaradjon. Mind a 10 lehet\u0151s\u00e9g a v\u00e1s\u00e1rl\u00f3k kedvence, \u00edgy biztos\u00edtva a kiel\u00e9g\u00edt\u0151 vape \u00e9lm\u00e9nyt, f\u00fcggetlen\u00fcl att\u00f3l. <\/p>\n<\/div>\n","protected":false},"excerpt":{"rendered":"<p>T\u00f6ltse fel ezt a nagykereskedelmi 50 darabos csomagot pr\u00e9mium eldobhat\u00f3 p\u00e1rologtat\u00f3kkal, amelyek egyenk\u00e9nt 10 000+ sima puffot biztos\u00edtanak. Meglep\u0151 kever\u00e9k 10 cs\u00facs\u00edzzel, h\u00e1l\u00f3s tekercs technol\u00f3gi\u00e1val \u00e9s TSA-bar\u00e1t kialak\u00edt\u00e1ssal &#8211; t\u00f6k\u00e9letes a nagykeresked\u0151k \u00e9s a nagybani v\u00e1s\u00e1rl\u00f3k sz\u00e1m\u00e1ra, akik v\u00e1ltozatoss\u00e1got \u00e9s er\u0151s keresletet keresnek. <\/p>\n<p><strong>Korl\u00e1tozott aj\u00e1nlat: 50db k\u00fcl\u00f6nleges kedvezm\u00e9nyes \u00e1ron!<\/strong><\/p>\n","protected":false},"featured_media":18922,"comment_status":"open","ping_status":"closed","template":"","meta":[],"product_brand":[],"product_cat":[126],"product_tag":[164],"class_list":{"0":"post-19751","1":"product","2":"type-product","3":"status-publish","4":"has-post-thumbnail","6":"product_cat-fizzy-twins-50000-puffs-eldobhato-vape","7":"product_tag-10k-puffok","9":"first","10":"outofstock","11":"sale","12":"shipping-taxable","13":"purchasable","14":"product-type-variable"},"yoast_head":"<!-- This site is optimized with the Yoast SEO Premium plugin v24.8 (Yoast SEO v26.1.1) - https:\/\/yoast.com\/wordpress\/plugins\/seo\/ -->\n<title>Fizzy Great 10000 puff - 50db - shop.fizzyvape.com<\/title>\n<meta name=\"description\" content=\"Fizzy Great Watermelon Strawberry Lemonade 10000 Puffs - ny\u00e1ri vape l\u00e9d\u00fas g\u00f6r\u00f6gdinny\u00e9vel, eperrel \u00e9s pik\u00e1ns limon\u00e1d\u00e9val. 50db akci\u00f3s \u00e1ron!\" \/>\n<meta name=\"robots\" content=\"index, follow, max-snippet:-1, max-image-preview:large, max-video-preview:-1\" \/>\n<link rel=\"canonical\" href=\"https:\/\/shop.fizzyvape.com\/hu\/termek\/fizzy-great-10000-puff-50db\/\" \/>\n<meta property=\"og:locale\" content=\"hu_HU\" \/>\n<meta property=\"og:type\" content=\"article\" \/>\n<meta property=\"og:title\" content=\"Fizzy Great 10000 puff - 50db\" \/>\n<meta property=\"og:description\" content=\"Fizzy Great Watermelon Strawberry Lemonade 10000 Puffs - ny\u00e1ri vape l\u00e9d\u00fas g\u00f6r\u00f6gdinny\u00e9vel, eperrel \u00e9s pik\u00e1ns limon\u00e1d\u00e9val. 50db akci\u00f3s \u00e1ron!\" \/>\n<meta property=\"og:url\" content=\"https:\/\/shop.fizzyvape.com\/hu\/termek\/fizzy-great-10000-puff-50db\/\" \/>\n<meta property=\"og:site_name\" content=\"shop.fizzyvape.com\" \/>\n<meta property=\"og:image\" content=\"https:\/\/shop.fizzyvape.com\/wp-content\/uploads\/2025\/06\/FizzyVape-Great-10KPuff-Main08.jpg\" \/>\n\t<meta property=\"og:image:width\" content=\"1057\" \/>\n\t<meta property=\"og:image:height\" content=\"1037\" \/>\n\t<meta property=\"og:image:type\" content=\"image\/jpeg\" \/>\n<meta name=\"twitter:card\" content=\"summary_large_image\" \/>\n<meta name=\"twitter:label1\" content=\"Becs\u00fclt olvas\u00e1si id\u0151\" \/>\n\t<meta name=\"twitter:data1\" content=\"3 perc\" \/>\n<script type=\"application\/ld+json\" class=\"yoast-schema-graph\">{\"@context\":\"https:\/\/schema.org\",\"@graph\":[{\"@type\":\"WebPage\",\"@id\":\"https:\/\/shop.fizzyvape.com\/hu\/termek\/fizzy-great-10000-puff-50db\/\",\"url\":\"https:\/\/shop.fizzyvape.com\/hu\/termek\/fizzy-great-10000-puff-50db\/\",\"name\":\"Fizzy Great 10000 puff - 50db - shop.fizzyvape.com\",\"isPartOf\":{\"@id\":\"https:\/\/shop.fizzyvape.com\/hu\/#website\"},\"primaryImageOfPage\":{\"@id\":\"https:\/\/shop.fizzyvape.com\/hu\/termek\/fizzy-great-10000-puff-50db\/#primaryimage\"},\"image\":{\"@id\":\"https:\/\/shop.fizzyvape.com\/hu\/termek\/fizzy-great-10000-puff-50db\/#primaryimage\"},\"thumbnailUrl\":\"https:\/\/shop.fizzyvape.com\/wp-content\/uploads\/2025\/06\/FizzyVape-Great-10KPuff-Main08.jpg\",\"datePublished\":\"2025-06-24T06:55:59+00:00\",\"description\":\"Fizzy Great Watermelon Strawberry Lemonade 10000 Puffs - ny\u00e1ri vape l\u00e9d\u00fas g\u00f6r\u00f6gdinny\u00e9vel, eperrel \u00e9s pik\u00e1ns limon\u00e1d\u00e9val. 50db akci\u00f3s \u00e1ron!\",\"breadcrumb\":{\"@id\":\"https:\/\/shop.fizzyvape.com\/hu\/termek\/fizzy-great-10000-puff-50db\/#breadcrumb\"},\"inLanguage\":\"hu\",\"potentialAction\":[{\"@type\":\"ReadAction\",\"target\":[\"https:\/\/shop.fizzyvape.com\/hu\/termek\/fizzy-great-10000-puff-50db\/\"]}]},{\"@type\":\"ImageObject\",\"inLanguage\":\"hu\",\"@id\":\"https:\/\/shop.fizzyvape.com\/hu\/termek\/fizzy-great-10000-puff-50db\/#primaryimage\",\"url\":\"https:\/\/shop.fizzyvape.com\/wp-content\/uploads\/2025\/06\/FizzyVape-Great-10KPuff-Main08.jpg\",\"contentUrl\":\"https:\/\/shop.fizzyvape.com\/wp-content\/uploads\/2025\/06\/FizzyVape-Great-10KPuff-Main08.jpg\",\"width\":1057,\"height\":1037},{\"@type\":\"BreadcrumbList\",\"@id\":\"https:\/\/shop.fizzyvape.com\/hu\/termek\/fizzy-great-10000-puff-50db\/#breadcrumb\",\"itemListElement\":[{\"@type\":\"ListItem\",\"position\":1,\"name\":\"\u9996\u9875\",\"item\":\"https:\/\/shop.fizzyvape.com\/hu\/\"},{\"@type\":\"ListItem\",\"position\":2,\"name\":\"Shop\",\"item\":\"https:\/\/shop.fizzyvape.com\/shop\/\"},{\"@type\":\"ListItem\",\"position\":3,\"name\":\"Fizzy Great 10000 puff &#8211; 50db\"}]},{\"@type\":\"WebSite\",\"@id\":\"https:\/\/shop.fizzyvape.com\/hu\/#website\",\"url\":\"https:\/\/shop.fizzyvape.com\/hu\/\",\"name\":\"shop.fizzyvape.com\",\"description\":\"The Best Disposable Vape In Europe | 10000 - 60000 Puffs  | Free Shipping\",\"potentialAction\":[{\"@type\":\"SearchAction\",\"target\":{\"@type\":\"EntryPoint\",\"urlTemplate\":\"https:\/\/shop.fizzyvape.com\/hu\/?s={search_term_string}\"},\"query-input\":{\"@type\":\"PropertyValueSpecification\",\"valueRequired\":true,\"valueName\":\"search_term_string\"}}],\"inLanguage\":\"hu\"}]}<\/script>\n<!-- \/ Yoast SEO Premium plugin. -->","yoast_head_json":{"title":"Fizzy Great 10000 puff - 50db - shop.fizzyvape.com","description":"Fizzy Great Watermelon Strawberry Lemonade 10000 Puffs - ny\u00e1ri vape l\u00e9d\u00fas g\u00f6r\u00f6gdinny\u00e9vel, eperrel \u00e9s pik\u00e1ns limon\u00e1d\u00e9val. 50db akci\u00f3s \u00e1ron!","robots":{"index":"index","follow":"follow","max-snippet":"max-snippet:-1","max-image-preview":"max-image-preview:large","max-video-preview":"max-video-preview:-1"},"canonical":"https:\/\/shop.fizzyvape.com\/hu\/termek\/fizzy-great-10000-puff-50db\/","og_locale":"hu_HU","og_type":"article","og_title":"Fizzy Great 10000 puff - 50db","og_description":"Fizzy Great Watermelon Strawberry Lemonade 10000 Puffs - ny\u00e1ri vape l\u00e9d\u00fas g\u00f6r\u00f6gdinny\u00e9vel, eperrel \u00e9s pik\u00e1ns limon\u00e1d\u00e9val. 50db akci\u00f3s \u00e1ron!","og_url":"https:\/\/shop.fizzyvape.com\/hu\/termek\/fizzy-great-10000-puff-50db\/","og_site_name":"shop.fizzyvape.com","og_image":[{"width":1057,"height":1037,"url":"https:\/\/shop.fizzyvape.com\/wp-content\/uploads\/2025\/06\/FizzyVape-Great-10KPuff-Main08.jpg","type":"image\/jpeg"}],"twitter_card":"summary_large_image","twitter_misc":{"Becs\u00fclt olvas\u00e1si id\u0151":"3 perc"},"schema":{"@context":"https:\/\/schema.org","@graph":[{"@type":"WebPage","@id":"https:\/\/shop.fizzyvape.com\/hu\/termek\/fizzy-great-10000-puff-50db\/","url":"https:\/\/shop.fizzyvape.com\/hu\/termek\/fizzy-great-10000-puff-50db\/","name":"Fizzy Great 10000 puff - 50db - shop.fizzyvape.com","isPartOf":{"@id":"https:\/\/shop.fizzyvape.com\/hu\/#website"},"primaryImageOfPage":{"@id":"https:\/\/shop.fizzyvape.com\/hu\/termek\/fizzy-great-10000-puff-50db\/#primaryimage"},"image":{"@id":"https:\/\/shop.fizzyvape.com\/hu\/termek\/fizzy-great-10000-puff-50db\/#primaryimage"},"thumbnailUrl":"https:\/\/shop.fizzyvape.com\/wp-content\/uploads\/2025\/06\/FizzyVape-Great-10KPuff-Main08.jpg","datePublished":"2025-06-24T06:55:59+00:00","description":"Fizzy Great Watermelon Strawberry Lemonade 10000 Puffs - ny\u00e1ri vape l\u00e9d\u00fas g\u00f6r\u00f6gdinny\u00e9vel, eperrel \u00e9s pik\u00e1ns limon\u00e1d\u00e9val. 50db akci\u00f3s \u00e1ron!","breadcrumb":{"@id":"https:\/\/shop.fizzyvape.com\/hu\/termek\/fizzy-great-10000-puff-50db\/#breadcrumb"},"inLanguage":"hu","potentialAction":[{"@type":"ReadAction","target":["https:\/\/shop.fizzyvape.com\/hu\/termek\/fizzy-great-10000-puff-50db\/"]}]},{"@type":"ImageObject","inLanguage":"hu","@id":"https:\/\/shop.fizzyvape.com\/hu\/termek\/fizzy-great-10000-puff-50db\/#primaryimage","url":"https:\/\/shop.fizzyvape.com\/wp-content\/uploads\/2025\/06\/FizzyVape-Great-10KPuff-Main08.jpg","contentUrl":"https:\/\/shop.fizzyvape.com\/wp-content\/uploads\/2025\/06\/FizzyVape-Great-10KPuff-Main08.jpg","width":1057,"height":1037},{"@type":"BreadcrumbList","@id":"https:\/\/shop.fizzyvape.com\/hu\/termek\/fizzy-great-10000-puff-50db\/#breadcrumb","itemListElement":[{"@type":"ListItem","position":1,"name":"\u9996\u9875","item":"https:\/\/shop.fizzyvape.com\/hu\/"},{"@type":"ListItem","position":2,"name":"Shop","item":"https:\/\/shop.fizzyvape.com\/shop\/"},{"@type":"ListItem","position":3,"name":"Fizzy Great 10000 puff &#8211; 50db"}]},{"@type":"WebSite","@id":"https:\/\/shop.fizzyvape.com\/hu\/#website","url":"https:\/\/shop.fizzyvape.com\/hu\/","name":"shop.fizzyvape.com","description":"The Best Disposable Vape In Europe | 10000 - 60000 Puffs  | Free Shipping","potentialAction":[{"@type":"SearchAction","target":{"@type":"EntryPoint","urlTemplate":"https:\/\/shop.fizzyvape.com\/hu\/?s={search_term_string}"},"query-input":{"@type":"PropertyValueSpecification","valueRequired":true,"valueName":"search_term_string"}}],"inLanguage":"hu"}]}},"tiered_pricing_type":"fixed","tiered_pricing_fixed_rules":[],"tiered_pricing_product_settings":{"layout":"default","base_unit_name":{"singular":null,"plural":null},"default_variation":null},"tiered_pricing_minimum_quantity":null,"tiered_pricing_roles_data":[],"tiered_pricing_percentage_rules":[],"tiered_pricing_maximum_quantity":null,"tiered_pricing_quantity_step":null,"_links":{"self":[{"href":"https:\/\/shop.fizzyvape.com\/hu\/wp-json\/wp\/v2\/product\/19751","targetHints":{"allow":["GET"]}}],"collection":[{"href":"https:\/\/shop.fizzyvape.com\/hu\/wp-json\/wp\/v2\/product"}],"about":[{"href":"https:\/\/shop.fizzyvape.com\/hu\/wp-json\/wp\/v2\/types\/product"}],"replies":[{"embeddable":true,"href":"https:\/\/shop.fizzyvape.com\/hu\/wp-json\/wp\/v2\/comments?post=19751"}],"version-history":[{"count":0,"href":"https:\/\/shop.fizzyvape.com\/hu\/wp-json\/wp\/v2\/product\/19751\/revisions"}],"wp:featuredmedia":[{"embeddable":true,"href":"https:\/\/shop.fizzyvape.com\/hu\/wp-json\/wp\/v2\/media\/18922"}],"wp:attachment":[{"href":"https:\/\/shop.fizzyvape.com\/hu\/wp-json\/wp\/v2\/media?parent=19751"}],"wp:term":[{"taxonomy":"product_brand","embeddable":true,"href":"https:\/\/shop.fizzyvape.com\/hu\/wp-json\/wp\/v2\/product_brand?post=19751"},{"taxonomy":"product_cat","embeddable":true,"href":"https:\/\/shop.fizzyvape.com\/hu\/wp-json\/wp\/v2\/product_cat?post=19751"},{"taxonomy":"product_tag","embeddable":true,"href":"https:\/\/shop.fizzyvape.com\/hu\/wp-json\/wp\/v2\/product_tag?post=19751"}],"curies":[{"name":"wp","href":"https:\/\/api.w.org\/{rel}","templated":true}]}}