{"id":21125,"date":"2025-07-31T03:23:41","date_gmt":"2025-07-31T03:23:41","guid":{"rendered":"https:\/\/shop.fizzyvape.com\/?post_type=product&#038;p=21125"},"modified":"2026-02-27T12:55:23","modified_gmt":"2026-02-27T12:55:23","slug":"fizzy-max-iii-6in1-60k-60000-puffs-ujratoltheto-eldobhato-vape-10db","status":"publish","type":"product","link":"https:\/\/shop.fizzyvape.com\/hu\/termek\/fizzy-max-iii-6in1-60k-60000-puffs-ujratoltheto-eldobhato-vape-10db\/","title":{"rendered":"Fizzy Max III 6in1 60K 60000 Puffs \u00dajrat\u00f6lthet\u0151 eldobhat\u00f3 Vape &#8211; 10db"},"content":{"rendered":"<div style=\"width: 853px;\" class=\"wp-video\"><!--[if lt IE 9]><script>document.createElement('video');<\/script><![endif]-->\n<video class=\"wp-video-shortcode\" id=\"video-21125-1\" width=\"853\" height=\"480\" preload=\"metadata\" controls=\"controls\"><source type=\"video\/mp4\" src=\"https:\/\/shop.fizzyvape.com\/wp-content\/uploads\/2025\/06\/fizzy-max-iii-60000-puff-disposable-vape-wholesal-trusted-pro-disposable-vape-supplier.mp4?_=1\" \/><a href=\"https:\/\/shop.fizzyvape.com\/wp-content\/uploads\/2025\/06\/fizzy-max-iii-60000-puff-disposable-vape-wholesal-trusted-pro-disposable-vape-supplier.mp4\">https:\/\/shop.fizzyvape.com\/wp-content\/uploads\/2025\/06\/fizzy-max-iii-60000-puff-disposable-vape-wholesal-trusted-pro-disposable-vape-supplier.mp4<\/a><\/video><\/div>\n<h1><strong>Fizzy Max III 6in1 60K 60000 Puffs \u00fajrat\u00f6lthet\u0151 eldobhat\u00f3 Vape 10db <\/strong><\/h1>\n<h2><strong>Egy k\u00e9sz\u00fcl\u00e9k. Hat \u00edzes\u00edt\u00e9s. 60,000 puff pr\u00e9mium vaping. <\/strong><\/h2>\n<p>Fedezze fel a k\u00f6vetkez\u0151 szint\u0171 vapingot a <strong>Fizzy Max III 6-in-1 60000 Puffs eldobhat\u00f3 vape-vel<\/strong>, amely egy \u00fatt\u00f6r\u0151 \u00fajrat\u00f6lthet\u0151 eldobhat\u00f3 vape, amely hat egyedi \u00edz\u00e9lm\u00e9nyt k\u00edn\u00e1l egyetlen eszk\u00f6zben. A <strong>60 ml e-folyad\u00e9kkal<\/strong>, <strong>60 000 puffol\u00e1ssal<\/strong> \u00e9s <strong>intelligens, forg\u00f3 sz\u00e1jdarabbal<\/strong> rendelkez\u0151 k\u00e9sz\u00fcl\u00e9ket az \u00edzek szerelmeseinek tervezt\u00e9k, akik v\u00e1ltozatoss\u00e1gra, teljes\u00edtm\u00e9nyre \u00e9s k\u00e9nyelemre v\u00e1gynak &#8211; mindezt egyben.<\/p>\n<h4><strong>6 az 1-ben \u00edzrendszer<\/strong><\/h4>\n<p>V\u00e1logasson k\u00f6nnyed\u00e9n a 6 \u00edzm\u00f3don kereszt\u00fcl:<\/p>\n<ul>\n<li><strong>3 egyedi \u00edz<\/strong>: Eper Kiwi, \u00c1fonya Ice, G\u00f6r\u00f6gdinnye Ice<\/li>\n<li><strong>3 kever\u00e9si m\u00f3d<\/strong>:<br \/>\nA v\u00e1lt\u00e1shoz csak csavarja el a sz\u00e1jdarabot &#8211; nincs \u00fajrat\u00f6lt\u00e9s, nincs eszk\u00f6zcsere.<\/li>\n<\/ul>\n<p><strong>A sz\u00e1jr\u00e9sz felemel\u00e9s\u00e9vel \u00e9s elforgat\u00e1s\u00e1val<\/strong> k\u00f6nnyed\u00e9n v\u00e1ltogathatja az \u00edzeket ebben a sorrendben:<br \/>\n<strong>A \u2192 Mix AB \u2192 B \u2192 Mix BC \u2192 C \u2192 Mix CA<\/strong><\/p>\n<h4><strong>Hossz\u00fa \u00e9lettartam\u00fa teljes\u00edtm\u00e9ny \u00e9s \u00fajrat\u00f6lthet\u0151s\u00e9g<\/strong><\/h4>\n<ul>\n<li><strong>60,000 Puffs<\/strong> &#8211; Kiterjesztett haszn\u00e1lat h\u00e1romszoros 20ml-es podokkal<\/li>\n<li><strong>850mAh akkumul\u00e1tor<\/strong> &#8211; Gyors USB-C t\u00f6lt\u00e9s, 2 \u00f3r\u00e1n bel\u00fcl k\u00e9szen \u00e1ll<\/li>\n<li><strong>LED kijelz\u0151<\/strong> &#8211; Az akkumul\u00e1tor \u00e9s az \u00edzes\u00edt\u0151 \u00fczemm\u00f3d ellen\u0151rz\u00e9se egy pillant\u00e1ssal<\/li>\n<\/ul>\n<h3>F\u0151 jellemz\u0151k<\/h3>\n<p><strong>60,000 Puffs kapacit\u00e1s<\/strong><br \/>\n60mL e-folyad\u00e9kkal \u00e9s fejlett h\u00e1l\u00f3s tekercsekkel felszerelve a k\u00f6vetkezetes, hosszan tart\u00f3 g\u0151ztermel\u00e9shez.<\/p>\n<p><strong>Hat \u00edz egy k\u00e9sz\u00fcl\u00e9kben<\/strong><br \/>\nH\u00e1rom egyf\u00e9le \u00edz\u0171 podot tartalmaz (Strawberry Kiwi, Blueberry Ice, Watermelon Ice), valamint h\u00e1rom egyedi kever\u00e9si m\u00f3dot, amelyek hat k\u00fcl\u00f6nb\u00f6z\u0151 \u00edz\u00e9lm\u00e9nyt ny\u00fajtanak.<\/p>\n<p><strong>Smart Rotating Mouthpiece<\/strong><br \/>\nK\u00f6nnyed\u00e9n v\u00e1lthat \u00edzeket a sz\u00e1jr\u00e9sz felemel\u00e9s\u00e9vel \u00e9s elforgat\u00e1s\u00e1val az al\u00e1bbi sorrendben:<br \/>\nA \u2192 Mix AB \u2192 B \u2192 Mix BC \u2192 C \u2192 Mix CA.<\/p>\n<p><strong>USB-C-n kereszt\u00fcl \u00fajrat\u00f6lthet\u0151<\/strong><br \/>\nA be\u00e9p\u00edtett 850mAh kapacit\u00e1s\u00fa akkumul\u00e1tor t\u00e1mogatja a gyors Type-C t\u00f6lt\u00e9st a k\u00e9nyelem \u00e9s a fenntarthat\u00f3s\u00e1g \u00e9rdek\u00e9ben.<\/p>\n<p><strong>LED-kijelz\u0151<\/strong><br \/>\nAz egy\u00e9rtelm\u0171 akkumul\u00e1torszint- \u00e9s \u00edzes\u00edt\u0151 \u00fczemm\u00f3djelz\u0151k egy pillant\u00e1ssal t\u00e1j\u00e9koztatj\u00e1k \u00d6nt.<\/p>\n<p><strong>Nagy E-liquid kapacit\u00e1s<\/strong><br \/>\nH\u00e1rom 20mL-es pod (\u00f6sszesen 60mL) gazdag, \u00edzgazdag sz\u00edv\u00e1st biztos\u00edt az utols\u00f3 h\u00faz\u00e1sig.<\/p>\n<p><strong>Nikotiner\u0151ss\u00e9g-v\u00e1laszt\u00e9k<\/strong><br \/>\n2% (20mg) \u00e9s 5% (50mg) nikotin koncentr\u00e1ci\u00f3ban kaphat\u00f3, hogy megfeleljen az \u00d6n preferenci\u00e1inak.<\/p>\n<h3><strong>Fizzy Max III 6in1 60000 Puffs Eldobhat\u00f3 Vape \u00edzek list\u00e1ja:<\/strong><\/h3>\n<ol>\n<li><a href=\"https:\/\/shop.fizzyvape.com\/hu\/termek\/fizzy-max-iii-6in1-60k-60000-puffs-eldobhato-vape-eper-malna-es-mango-barack-es-afonya-gorogdinnye\/\">Eper M\u00e1lna \u00e9s mang\u00f3 Barack \u00e9s \u00e1fonya G\u00f6r\u00f6gdinnye<\/a><\/li>\n<li><a href=\"https:\/\/shop.fizzyvape.com\/hu\/termek\/fizzy-max-iii-6in1-60k-60000-puffs-eldobhato-vape-vegyes-bogyo-es-kiwi-golgotavirag-guava-es-eper-gorogdinnye\/\">Vegyes bogy\u00f3s gy\u00fcm\u00f6lcs \u00e9s kiwi maracuja Guava \u00e9s eper g\u00f6r\u00f6gdinnye<\/a><\/li>\n<li><a href=\"https:\/\/shop.fizzyvape.com\/hu\/termek\/fizzy-max-iii-6in1-60k-60000-puffs-eldobhato-vape-afonya-malna-es-tripla-dinnye-es-eper-jeg\/\">\u00c1fonya-m\u00e1lna &amp; h\u00e1rmas dinnye &amp; eper j\u00e9g<\/a><\/li>\n<li><a href=\"https:\/\/shop.fizzyvape.com\/hu\/termek\/fizzy-max-iii-6in1-60k-60000-puffs-eldobhato-vape-eper-sarkanygyumolcs-red-bull-malna-gorogdinnye\/\">Eper s\u00e1rk\u00e1nygy\u00fcm\u00f6lcs &amp; Red Bull &amp; m\u00e1lna g\u00f6r\u00f6gdinnye<\/a><\/li>\n<li><a href=\"https:\/\/shop.fizzyvape.com\/hu\/termek\/fizzy-max-iii-6in1-60k-60000-puffs-eldobhato-vape-eper-kiwi-afonya-jeg-gorogdinnye-jeg\/\">Eper-kiwi &amp; \u00e1fonya j\u00e9g &amp; g\u00f6r\u00f6gdinnye j\u00e9g<\/a><\/li>\n<li><a href=\"https:\/\/shop.fizzyvape.com\/hu\/termek\/fizzy-max-iii-6in1-60k-60000-puffs-eldobhato-vape-blueberry-ice-fizzy-cherry-raspberry-lemon\/\">\u00c1fonya Ice &amp; Fizzy Cherry &amp; M\u00e1lna Lemon<\/a><\/li>\n<li><a href=\"https:\/\/shop.fizzyvape.com\/hu\/termek\/fizzy-max-iii-6in1-60k-60000-puffs-eldobhato-vape-gorogdinnye-jeg-es-eper-vanilia-kola-es-vegyes-bogyo\/\">G\u00f6r\u00f6gdinnye j\u00e9g &amp; eper Van\u00edlia k\u00f3la &amp; vegyes<\/a><\/li>\n<li><a href=\"https:\/\/shop.fizzyvape.com\/hu\/termek\/fizzy-max-iii-6in1-60k-60000-puffs-eldobhato-vape-eper-szolo-es-afonya-kokusz-es-barack-citrom\/\">Eper Sz\u0151l\u0151 &amp; \u00c1fonya K\u00f3kusz &amp; Barack Citrom<\/a><\/li>\n<li><a href=\"https:\/\/shop.fizzyvape.com\/hu\/termek\/fizzy-max-iii-6in1-60k-60000-puffs-eldobhato-vape-blue-razz-ice-strawberry-kiwi-sour-ananasz-narancs\/\">Blue Razz Ice &amp; Strawberry Kiwi &amp; Sour Anan\u00e1sz Narancs<\/a><\/li>\n<li><a href=\"https:\/\/shop.fizzyvape.com\/hu\/termek\/fizzy-max-iii-6in1-60k-60000-puffs-eldobhato-vape-eper-gorogdinnye-citromos-lime-afonya-kokuszdio\/\">Epres g\u00f6r\u00f6gdinnye &amp; citromos lime &amp; \u00e1fony\u00e1s k\u00f3kuszos<\/a><\/li>\n<\/ol>\n<h2><strong>Vape It Your Way: MTL vagy DL kompatibilis<\/strong><\/h2>\n<ul>\n<li><strong>MTL (Mouth-To-Lung)<\/strong> &#8211; A sima, klasszikus st\u00edlus\u00fa h\u00faz\u00e1sokhoz.<\/li>\n<li><strong>DL (Direct-Lung)<\/strong> &#8211; S\u0171r\u0171 felh\u0151k\u00e9rt \u00e9s mer\u00e9sz, vegyes \u00edzek\u00e9rt.<\/li>\n<\/ul>\n<h3><strong>GYIK &#8211; Fizzy Max III 6in1 60K Puffs Eldobhat\u00f3 Vape<\/strong><\/h3>\n<ul>\n<li><strong>H\u00e1ny puffot biztos\u00edt a Fizzy Max III 6in1?<\/strong><br \/>\nMindegyik k\u00e9sz\u00fcl\u00e9k ak\u00e1r 60 000 puffot is k\u00edn\u00e1l a hosszan tart\u00f3 p\u00e1rologtat\u00e1shoz.<\/li>\n<li><strong>A Fizzy Max III 6in1 \u00fajrat\u00f6lthet\u0151?<\/strong><br \/>\nIgen, a gyors \u00e9s k\u00e9nyelmes t\u00f6lt\u00e9shez USB Type-C porttal rendelkezik.<\/li>\n<li><strong>Milyen \u00edzeket tartalmaz a 6in1 Fizzy Max III?<\/strong><br \/>\nA k\u00e9sz\u00fcl\u00e9k hat \u00edzletes \u00edzben k\u00edn\u00e1lja, k\u00f6zt\u00fck eper, sz\u0151l\u0151, \u00e1fonya, k\u00f3kusz, barack \u00e9s citrom.<\/li>\n<li><strong>Mennyi ideig tart a sz\u00e1ll\u00edt\u00e1s?<\/strong><br \/>\nA megrendel\u00e9seket Eur\u00f3p\u00e1b\u00f3l sz\u00e1ll\u00edtjuk, a kisz\u00e1ll\u00edt\u00e1s \u00e1ltal\u00e1ban 2-7 munkanapon bel\u00fcl t\u00f6rt\u00e9nik.<\/li>\n<li><strong>Alkalmas a Fizzy Max III 6in1 kezd\u0151knek?<\/strong><br \/>\nIgen, k\u00f6nnyen haszn\u00e1lhat\u00f3, nincs sz\u00fcks\u00e9g \u00fajrat\u00f6lt\u00e9sre vagy tekercscser\u00e9re, t\u00f6k\u00e9letes a kezd\u0151k \u00e9s a tapasztalt vaperek sz\u00e1m\u00e1ra egyar\u00e1nt.<\/li>\n<\/ul>\n","protected":false},"excerpt":{"rendered":"<p>\u00c9lvezze a hat finom \u00edzt egyetlen st\u00edlusos vape-be csomagolva &#8211; a Fizzy Max III ak\u00e1r 60.000 slukkot is k\u00edn\u00e1l, \u00fajrat\u00f6lthet\u0151 850mAh akkumul\u00e1torral \u00e9s 60ml pr\u00e9mium e-folyad\u00e9kkal. Vil\u00e1gos LED kijelz\u0151vel \u00e9s az intelligens forg\u00f3 sz\u00e1jr\u00e9szen kereszt\u00fcl t\u00f6rt\u00e9n\u0151 k\u00f6nnyed \u00edzv\u00e1lt\u00e1ssal. V\u00e1lasszon a 2%-os vagy 5%-os nikotin er\u0151ss\u00e9g k\u00f6z\u00f6tt.<\/p>\n","protected":false},"featured_media":20885,"comment_status":"open","ping_status":"closed","template":"","meta":[],"product_brand":[],"product_cat":[244,194,134,298,149],"product_tag":[135,136,137,139,138],"class_list":{"0":"post-21125","1":"product","2":"type-product","3":"status-publish","4":"has-post-thumbnail","6":"product_cat-10-db-os-eldobhato-vape","7":"product_cat-fizzy-max-iii-60000-puffs-nagykereskedelem","8":"product_cat-eldobhato-vape-nagykereskedelem-online","9":"product_cat-eu-raktar","10":"product_cat-fizzy-max-iii-60000-puffs-eldobhato-vape","11":"product_tag-6-az-1-ben-izek","12":"product_tag-60k-puffs-hu","13":"product_tag-eldobhato-vape","14":"product_tag-nagykereskedelem","15":"product_tag-ujratoltheto","17":"first","18":"outofstock","19":"sale","20":"shipping-taxable","21":"purchasable","22":"product-type-variable"},"yoast_head":"<!-- This site is optimized with the Yoast SEO Premium plugin v24.8 (Yoast SEO v27.4) - https:\/\/yoast.com\/product\/yoast-seo-premium-wordpress\/ -->\n<title>Fizzy Max III 6in1 60000 Puffs - \u00dajrat\u00f6lthet\u0151 eldobhat\u00f3 Vape<\/title>\n<meta name=\"description\" content=\"Fedezze fel a Fizzy Max III 6in1 60k \u00fajrat\u00f6lthet\u0151 eldobhat\u00f3 vape 60000 puffs. T\u00f6bbf\u00e9le \u00edz, gyors sz\u00e1ll\u00edt\u00e1s Eur\u00f3p\u00e1b\u00f3l. V\u00e1s\u00e1rolja meg a hiteles most!\" \/>\n<meta name=\"robots\" content=\"index, follow, max-snippet:-1, max-image-preview:large, max-video-preview:-1\" \/>\n<link rel=\"canonical\" href=\"https:\/\/shop.fizzyvape.com\/hu\/termek\/fizzy-max-iii-6in1-60k-60000-puffs-ujratoltheto-eldobhato-vape-10db\/\" \/>\n<meta property=\"og:locale\" content=\"hu_HU\" \/>\n<meta property=\"og:type\" content=\"article\" \/>\n<meta property=\"og:title\" content=\"Fizzy Max III 6in1 60K 60000 Puffs \u00dajrat\u00f6lthet\u0151 eldobhat\u00f3 Vape - 10db\" \/>\n<meta property=\"og:description\" content=\"Fedezze fel a Fizzy Max III 6in1 60k \u00fajrat\u00f6lthet\u0151 eldobhat\u00f3 vape 60000 puffs. T\u00f6bbf\u00e9le \u00edz, gyors sz\u00e1ll\u00edt\u00e1s Eur\u00f3p\u00e1b\u00f3l. V\u00e1s\u00e1rolja meg a hiteles most!\" \/>\n<meta property=\"og:url\" content=\"https:\/\/shop.fizzyvape.com\/hu\/termek\/fizzy-max-iii-6in1-60k-60000-puffs-ujratoltheto-eldobhato-vape-10db\/\" \/>\n<meta property=\"og:site_name\" content=\"shop.fizzyvape.com\" \/>\n<meta property=\"article:modified_time\" content=\"2026-02-27T12:55:23+00:00\" \/>\n<meta property=\"og:image\" content=\"https:\/\/shop.fizzyvape.com\/wp-content\/uploads\/2025\/06\/Fizzy-Max-60k-60000-Puffs-Disposable-Vape.webp\" \/>\n\t<meta property=\"og:image:width\" content=\"800\" \/>\n\t<meta property=\"og:image:height\" content=\"800\" \/>\n\t<meta property=\"og:image:type\" content=\"image\/webp\" \/>\n<meta name=\"twitter:card\" content=\"summary_large_image\" \/>\n<meta name=\"twitter:label1\" content=\"Becs\u00fclt olvas\u00e1si id\u0151\" \/>\n\t<meta name=\"twitter:data1\" content=\"3 perc\" \/>\n<script type=\"application\/ld+json\" class=\"yoast-schema-graph\">{\"@context\":\"https:\\\/\\\/schema.org\",\"@graph\":[{\"@type\":\"WebPage\",\"@id\":\"https:\\\/\\\/shop.fizzyvape.com\\\/hu\\\/termek\\\/fizzy-max-iii-6in1-60k-60000-puffs-ujratoltheto-eldobhato-vape-10db\\\/\",\"url\":\"https:\\\/\\\/shop.fizzyvape.com\\\/hu\\\/termek\\\/fizzy-max-iii-6in1-60k-60000-puffs-ujratoltheto-eldobhato-vape-10db\\\/\",\"name\":\"Fizzy Max III 6in1 60000 Puffs - \u00dajrat\u00f6lthet\u0151 eldobhat\u00f3 Vape\",\"isPartOf\":{\"@id\":\"https:\\\/\\\/shop.fizzyvape.com\\\/hu\\\/#website\"},\"primaryImageOfPage\":{\"@id\":\"https:\\\/\\\/shop.fizzyvape.com\\\/hu\\\/termek\\\/fizzy-max-iii-6in1-60k-60000-puffs-ujratoltheto-eldobhato-vape-10db\\\/#primaryimage\"},\"image\":{\"@id\":\"https:\\\/\\\/shop.fizzyvape.com\\\/hu\\\/termek\\\/fizzy-max-iii-6in1-60k-60000-puffs-ujratoltheto-eldobhato-vape-10db\\\/#primaryimage\"},\"thumbnailUrl\":\"https:\\\/\\\/shop.fizzyvape.com\\\/wp-content\\\/uploads\\\/2025\\\/06\\\/Fizzy-Max-60k-60000-Puffs-Disposable-Vape.webp\",\"datePublished\":\"2025-07-31T03:23:41+00:00\",\"dateModified\":\"2026-02-27T12:55:23+00:00\",\"description\":\"Fedezze fel a Fizzy Max III 6in1 60k \u00fajrat\u00f6lthet\u0151 eldobhat\u00f3 vape 60000 puffs. T\u00f6bbf\u00e9le \u00edz, gyors sz\u00e1ll\u00edt\u00e1s Eur\u00f3p\u00e1b\u00f3l. V\u00e1s\u00e1rolja meg a hiteles most!\",\"breadcrumb\":{\"@id\":\"https:\\\/\\\/shop.fizzyvape.com\\\/hu\\\/termek\\\/fizzy-max-iii-6in1-60k-60000-puffs-ujratoltheto-eldobhato-vape-10db\\\/#breadcrumb\"},\"inLanguage\":\"hu\",\"potentialAction\":[{\"@type\":\"ReadAction\",\"target\":[\"https:\\\/\\\/shop.fizzyvape.com\\\/hu\\\/termek\\\/fizzy-max-iii-6in1-60k-60000-puffs-ujratoltheto-eldobhato-vape-10db\\\/\"]}]},{\"@type\":\"ImageObject\",\"inLanguage\":\"hu\",\"@id\":\"https:\\\/\\\/shop.fizzyvape.com\\\/hu\\\/termek\\\/fizzy-max-iii-6in1-60k-60000-puffs-ujratoltheto-eldobhato-vape-10db\\\/#primaryimage\",\"url\":\"https:\\\/\\\/shop.fizzyvape.com\\\/wp-content\\\/uploads\\\/2025\\\/06\\\/Fizzy-Max-60k-60000-Puffs-Disposable-Vape.webp\",\"contentUrl\":\"https:\\\/\\\/shop.fizzyvape.com\\\/wp-content\\\/uploads\\\/2025\\\/06\\\/Fizzy-Max-60k-60000-Puffs-Disposable-Vape.webp\",\"width\":800,\"height\":800,\"caption\":\"Fizzy Max 60k 60000 Puffs Eldobhat\u00f3 Vape\"},{\"@type\":\"BreadcrumbList\",\"@id\":\"https:\\\/\\\/shop.fizzyvape.com\\\/hu\\\/termek\\\/fizzy-max-iii-6in1-60k-60000-puffs-ujratoltheto-eldobhato-vape-10db\\\/#breadcrumb\",\"itemListElement\":[{\"@type\":\"ListItem\",\"position\":1,\"name\":\"\u9996\u9875\",\"item\":\"https:\\\/\\\/shop.fizzyvape.com\\\/hu\\\/\"},{\"@type\":\"ListItem\",\"position\":2,\"name\":\"Shop\",\"item\":\"https:\\\/\\\/shop.fizzyvape.com\\\/shop\\\/\"},{\"@type\":\"ListItem\",\"position\":3,\"name\":\"Fizzy Max III 6in1 60K 60000 Puffs \u00dajrat\u00f6lthet\u0151 eldobhat\u00f3 Vape &#8211; 10db\"}]},{\"@type\":\"WebSite\",\"@id\":\"https:\\\/\\\/shop.fizzyvape.com\\\/hu\\\/#website\",\"url\":\"https:\\\/\\\/shop.fizzyvape.com\\\/hu\\\/\",\"name\":\"shop.fizzyvape.com\",\"description\":\"The Best Disposable Vape In Europe | 10000 - 60000 Puffs  | Free Shipping\",\"potentialAction\":[{\"@type\":\"SearchAction\",\"target\":{\"@type\":\"EntryPoint\",\"urlTemplate\":\"https:\\\/\\\/shop.fizzyvape.com\\\/hu\\\/?s={search_term_string}\"},\"query-input\":{\"@type\":\"PropertyValueSpecification\",\"valueRequired\":true,\"valueName\":\"search_term_string\"}}],\"inLanguage\":\"hu\"}]}<\/script>\n<!-- \/ Yoast SEO Premium plugin. -->","yoast_head_json":{"title":"Fizzy Max III 6in1 60000 Puffs - \u00dajrat\u00f6lthet\u0151 eldobhat\u00f3 Vape","description":"Fedezze fel a Fizzy Max III 6in1 60k \u00fajrat\u00f6lthet\u0151 eldobhat\u00f3 vape 60000 puffs. T\u00f6bbf\u00e9le \u00edz, gyors sz\u00e1ll\u00edt\u00e1s Eur\u00f3p\u00e1b\u00f3l. V\u00e1s\u00e1rolja meg a hiteles most!","robots":{"index":"index","follow":"follow","max-snippet":"max-snippet:-1","max-image-preview":"max-image-preview:large","max-video-preview":"max-video-preview:-1"},"canonical":"https:\/\/shop.fizzyvape.com\/hu\/termek\/fizzy-max-iii-6in1-60k-60000-puffs-ujratoltheto-eldobhato-vape-10db\/","og_locale":"hu_HU","og_type":"article","og_title":"Fizzy Max III 6in1 60K 60000 Puffs \u00dajrat\u00f6lthet\u0151 eldobhat\u00f3 Vape - 10db","og_description":"Fedezze fel a Fizzy Max III 6in1 60k \u00fajrat\u00f6lthet\u0151 eldobhat\u00f3 vape 60000 puffs. T\u00f6bbf\u00e9le \u00edz, gyors sz\u00e1ll\u00edt\u00e1s Eur\u00f3p\u00e1b\u00f3l. V\u00e1s\u00e1rolja meg a hiteles most!","og_url":"https:\/\/shop.fizzyvape.com\/hu\/termek\/fizzy-max-iii-6in1-60k-60000-puffs-ujratoltheto-eldobhato-vape-10db\/","og_site_name":"shop.fizzyvape.com","article_modified_time":"2026-02-27T12:55:23+00:00","og_image":[{"width":800,"height":800,"url":"https:\/\/shop.fizzyvape.com\/wp-content\/uploads\/2025\/06\/Fizzy-Max-60k-60000-Puffs-Disposable-Vape.webp","type":"image\/webp"}],"twitter_card":"summary_large_image","twitter_misc":{"Becs\u00fclt olvas\u00e1si id\u0151":"3 perc"},"schema":{"@context":"https:\/\/schema.org","@graph":[{"@type":"WebPage","@id":"https:\/\/shop.fizzyvape.com\/hu\/termek\/fizzy-max-iii-6in1-60k-60000-puffs-ujratoltheto-eldobhato-vape-10db\/","url":"https:\/\/shop.fizzyvape.com\/hu\/termek\/fizzy-max-iii-6in1-60k-60000-puffs-ujratoltheto-eldobhato-vape-10db\/","name":"Fizzy Max III 6in1 60000 Puffs - \u00dajrat\u00f6lthet\u0151 eldobhat\u00f3 Vape","isPartOf":{"@id":"https:\/\/shop.fizzyvape.com\/hu\/#website"},"primaryImageOfPage":{"@id":"https:\/\/shop.fizzyvape.com\/hu\/termek\/fizzy-max-iii-6in1-60k-60000-puffs-ujratoltheto-eldobhato-vape-10db\/#primaryimage"},"image":{"@id":"https:\/\/shop.fizzyvape.com\/hu\/termek\/fizzy-max-iii-6in1-60k-60000-puffs-ujratoltheto-eldobhato-vape-10db\/#primaryimage"},"thumbnailUrl":"https:\/\/shop.fizzyvape.com\/wp-content\/uploads\/2025\/06\/Fizzy-Max-60k-60000-Puffs-Disposable-Vape.webp","datePublished":"2025-07-31T03:23:41+00:00","dateModified":"2026-02-27T12:55:23+00:00","description":"Fedezze fel a Fizzy Max III 6in1 60k \u00fajrat\u00f6lthet\u0151 eldobhat\u00f3 vape 60000 puffs. T\u00f6bbf\u00e9le \u00edz, gyors sz\u00e1ll\u00edt\u00e1s Eur\u00f3p\u00e1b\u00f3l. V\u00e1s\u00e1rolja meg a hiteles most!","breadcrumb":{"@id":"https:\/\/shop.fizzyvape.com\/hu\/termek\/fizzy-max-iii-6in1-60k-60000-puffs-ujratoltheto-eldobhato-vape-10db\/#breadcrumb"},"inLanguage":"hu","potentialAction":[{"@type":"ReadAction","target":["https:\/\/shop.fizzyvape.com\/hu\/termek\/fizzy-max-iii-6in1-60k-60000-puffs-ujratoltheto-eldobhato-vape-10db\/"]}]},{"@type":"ImageObject","inLanguage":"hu","@id":"https:\/\/shop.fizzyvape.com\/hu\/termek\/fizzy-max-iii-6in1-60k-60000-puffs-ujratoltheto-eldobhato-vape-10db\/#primaryimage","url":"https:\/\/shop.fizzyvape.com\/wp-content\/uploads\/2025\/06\/Fizzy-Max-60k-60000-Puffs-Disposable-Vape.webp","contentUrl":"https:\/\/shop.fizzyvape.com\/wp-content\/uploads\/2025\/06\/Fizzy-Max-60k-60000-Puffs-Disposable-Vape.webp","width":800,"height":800,"caption":"Fizzy Max 60k 60000 Puffs Eldobhat\u00f3 Vape"},{"@type":"BreadcrumbList","@id":"https:\/\/shop.fizzyvape.com\/hu\/termek\/fizzy-max-iii-6in1-60k-60000-puffs-ujratoltheto-eldobhato-vape-10db\/#breadcrumb","itemListElement":[{"@type":"ListItem","position":1,"name":"\u9996\u9875","item":"https:\/\/shop.fizzyvape.com\/hu\/"},{"@type":"ListItem","position":2,"name":"Shop","item":"https:\/\/shop.fizzyvape.com\/shop\/"},{"@type":"ListItem","position":3,"name":"Fizzy Max III 6in1 60K 60000 Puffs \u00dajrat\u00f6lthet\u0151 eldobhat\u00f3 Vape &#8211; 10db"}]},{"@type":"WebSite","@id":"https:\/\/shop.fizzyvape.com\/hu\/#website","url":"https:\/\/shop.fizzyvape.com\/hu\/","name":"shop.fizzyvape.com","description":"The Best Disposable Vape In Europe | 10000 - 60000 Puffs  | Free Shipping","potentialAction":[{"@type":"SearchAction","target":{"@type":"EntryPoint","urlTemplate":"https:\/\/shop.fizzyvape.com\/hu\/?s={search_term_string}"},"query-input":{"@type":"PropertyValueSpecification","valueRequired":true,"valueName":"search_term_string"}}],"inLanguage":"hu"}]}},"tiered_pricing_type":"fixed","tiered_pricing_fixed_rules":[],"tiered_pricing_product_settings":{"layout":"default","base_unit_name":{"singular":null,"plural":null},"default_variation":null},"tiered_pricing_minimum_quantity":null,"tiered_pricing_roles_data":[],"tiered_pricing_percentage_rules":[],"tiered_pricing_maximum_quantity":null,"tiered_pricing_quantity_step":null,"_links":{"self":[{"href":"https:\/\/shop.fizzyvape.com\/hu\/wp-json\/wp\/v2\/product\/21125","targetHints":{"allow":["GET"]}}],"collection":[{"href":"https:\/\/shop.fizzyvape.com\/hu\/wp-json\/wp\/v2\/product"}],"about":[{"href":"https:\/\/shop.fizzyvape.com\/hu\/wp-json\/wp\/v2\/types\/product"}],"replies":[{"embeddable":true,"href":"https:\/\/shop.fizzyvape.com\/hu\/wp-json\/wp\/v2\/comments?post=21125"}],"version-history":[{"count":1,"href":"https:\/\/shop.fizzyvape.com\/hu\/wp-json\/wp\/v2\/product\/21125\/revisions"}],"predecessor-version":[{"id":28271,"href":"https:\/\/shop.fizzyvape.com\/hu\/wp-json\/wp\/v2\/product\/21125\/revisions\/28271"}],"wp:featuredmedia":[{"embeddable":true,"href":"https:\/\/shop.fizzyvape.com\/hu\/wp-json\/wp\/v2\/media\/20885"}],"wp:attachment":[{"href":"https:\/\/shop.fizzyvape.com\/hu\/wp-json\/wp\/v2\/media?parent=21125"}],"wp:term":[{"taxonomy":"product_brand","embeddable":true,"href":"https:\/\/shop.fizzyvape.com\/hu\/wp-json\/wp\/v2\/product_brand?post=21125"},{"taxonomy":"product_cat","embeddable":true,"href":"https:\/\/shop.fizzyvape.com\/hu\/wp-json\/wp\/v2\/product_cat?post=21125"},{"taxonomy":"product_tag","embeddable":true,"href":"https:\/\/shop.fizzyvape.com\/hu\/wp-json\/wp\/v2\/product_tag?post=21125"}],"curies":[{"name":"wp","href":"https:\/\/api.w.org\/{rel}","templated":true}]}}