{"id":25761,"date":"2025-09-03T09:44:57","date_gmt":"2025-09-03T09:44:57","guid":{"rendered":"https:\/\/shop.fizzyvape.com\/product\/fizzy-max-iii-6in1-60000-puffs-minden-iz\/"},"modified":"2025-10-03T07:19:43","modified_gmt":"2025-10-03T07:19:43","slug":"fizzy-max-iii-6in1-60000-puffs-minden-iz","status":"publish","type":"product","link":"https:\/\/shop.fizzyvape.com\/hu\/termek\/fizzy-max-iii-6in1-60000-puffs-minden-iz\/","title":{"rendered":"Fizzy Max III 6in1 60000 Puffs (Minden \u00edz)"},"content":{"rendered":"<div style=\"width: 853px;\" class=\"wp-video\"><!--[if lt IE 9]><script>document.createElement('video');<\/script><![endif]-->\n<video class=\"wp-video-shortcode\" id=\"video-25761-1\" width=\"853\" height=\"480\" preload=\"metadata\" controls=\"controls\"><source type=\"video\/mp4\" src=\"https:\/\/shop.fizzyvape.com\/wp-content\/uploads\/2025\/06\/fizzy-max-iii-60000-puff-disposable-vape-wholesal-trusted-pro-disposable-vape-supplier.mp4?_=1\" \/><a href=\"https:\/\/shop.fizzyvape.com\/wp-content\/uploads\/2025\/06\/fizzy-max-iii-60000-puff-disposable-vape-wholesal-trusted-pro-disposable-vape-supplier.mp4\">https:\/\/shop.fizzyvape.com\/wp-content\/uploads\/2025\/06\/fizzy-max-iii-60000-puff-disposable-vape-wholesal-trusted-pro-disposable-vape-supplier.mp4<\/a><\/video><\/div>\n<h1>Fizzy Max III 6in1 60000 Puffs &#8211; 6 \u00edz egy okoseszk\u00f6zben<\/h1>\n<p>A <strong>Fizzy Max III 6in1 60,000 Puffs<\/strong> \u00fajradefini\u00e1lja az eldobhat\u00f3 p\u00e1rologtat\u00e1st <strong>innovat\u00edv 6 \u00edz\u0171 rendszer\u00e9vel<\/strong>, amely lehet\u0151v\u00e9 teszi, hogy hat egyedi \u00edzt \u00e9lvezhessen egyetlen eszk\u00f6zben. A hossz\u00fa t\u00e1v\u00fa el\u00e9gedetts\u00e9gre tervezett k\u00e9sz\u00fcl\u00e9k ak\u00e1r <strong>60 000 puffot<\/strong> is biztos\u00edt, \u00e9s <strong>USB-C \u00fajrat\u00f6lthet\u0151 akkumul\u00e1torral<\/strong> m\u0171k\u00f6dik. Az akkumul\u00e1tor \u00e9s az e-folyad\u00e9k szintj\u00e9t is jelz\u0151 <strong>LED kijelz\u0151vel<\/strong>, valamint az egyenletes \u00edzt biztos\u00edt\u00f3 <strong>pr\u00e9mium h\u00e1l\u00f3s tekerccsel<\/strong> ez a <strong>v\u00e9gs\u0151 v\u00e1laszt\u00e1s<\/strong> a v\u00e1ltozatoss\u00e1got \u00e9s teljes\u00edtm\u00e9nyt keres\u0151 felhaszn\u00e1l\u00f3k sz\u00e1m\u00e1ra.  <\/p>\n<h3>\ud83c\udf1f F\u0151bb jellemz\u0151k<\/h3>\n<ul>\n<li><strong>6 \u00edz 1 k\u00e9sz\u00fcl\u00e9kben<\/strong> &#8211; Azonnali v\u00e1lt\u00e1s hat pr\u00e9mium \u00edz k\u00f6z\u00f6tt<\/li>\n<li><strong>Ak\u00e1r 60.000 puff<\/strong> &#8211; Az egyik leghosszabb \u00e9lettartam\u00fa eldobhat\u00f3 term\u00e9k.<\/li>\n<li><strong>USB-C \u00fajrat\u00f6lthet\u0151<\/strong> &#8211; Er\u0151teljes \u00e9s k\u00e9nyelmes<\/li>\n<li><strong>LED kijelz\u0151<\/strong> &#8211; Val\u00f3s idej\u0171 akkumul\u00e1tor \u00e9s e-folyad\u00e9k monitoroz\u00e1s<\/li>\n<li><strong>Pr\u00e9mium Mesh tekercs<\/strong> &#8211; Gazdag g\u0151z \u00e9s \u00edz konzisztencia<\/li>\n<li><strong>Kompakt \u00e9s eleg\u00e1ns kialak\u00edt\u00e1s<\/strong> &#8211; st\u00edlusos \u00e9s k\u00f6nnyen hordozhat\u00f3<\/li>\n<li><strong>T\u00f6k\u00e9letes a v\u00e1ltozatoss\u00e1g szerelmeseinek<\/strong> &#8211; \u00c9lvezze a t\u00f6bbf\u00e9le \u00edzt k\u00e9sz\u00fcl\u00e9kv\u00e1lt\u00e1s n\u00e9lk\u00fcl<\/li>\n<\/ul>\n<p><img decoding=\"async\" class=\"aligncenter\" src=\"https:\/\/shop.fizzyvape.com\/wp-content\/uploads\/2025\/09\/9f4da2e4b660925faf475b7247a19a5.jpg\" alt=\"FIZZY-Max-6-in-1-60K-60000-puffs\"><\/p>\n<h3><strong>Fizzy Max III 6in1 60000 Puffs eldobhat\u00f3 Vape \u00edzek list\u00e1ja:<\/strong><\/h3>\n<ol>\n<li><a href=\"https:\/\/shop.fizzyvape.com\/hu\/termek\/fizzy-max-iii-6in1-60k-60000-puffs-eldobhato-vape-eper-malna-es-mango-barack-es-afonya-gorogdinnye\/\">Eper M\u00e1lna \u00e9s mang\u00f3 Barack \u00e9s \u00e1fonya G\u00f6r\u00f6gdinnye<\/a><\/li>\n<li><a href=\"https:\/\/shop.fizzyvape.com\/hu\/termek\/fizzy-max-iii-6in1-60k-60000-puffs-eldobhato-vape-vegyes-bogyo-es-kiwi-golgotavirag-guava-es-eper-gorogdinnye\/\">Vegyes bogy\u00f3s gy\u00fcm\u00f6lcs \u00e9s kiwi maracuja Guava \u00e9s eper g\u00f6r\u00f6gdinnye<\/a><\/li>\n<li><a href=\"https:\/\/shop.fizzyvape.com\/hu\/termek\/fizzy-max-iii-6in1-60k-60000-puffs-eldobhato-vape-afonya-malna-es-tripla-dinnye-es-eper-jeg\/\">\u00c1fonya-m\u00e1lna &amp; h\u00e1rmas dinnye &amp; eper j\u00e9g<\/a><\/li>\n<li><a href=\"https:\/\/shop.fizzyvape.com\/hu\/termek\/fizzy-max-iii-6in1-60k-60000-puffs-eldobhato-vape-eper-sarkanygyumolcs-red-bull-malna-gorogdinnye\/\">Eper s\u00e1rk\u00e1nygy\u00fcm\u00f6lcs &amp; Red Bull &amp; m\u00e1lna g\u00f6r\u00f6gdinnye<\/a><\/li>\n<li><a href=\"https:\/\/shop.fizzyvape.com\/hu\/termek\/fizzy-max-iii-6in1-60k-60000-puffs-eldobhato-vape-eper-kiwi-afonya-jeg-gorogdinnye-jeg\/\">Eper-kiwi &amp; \u00e1fonya j\u00e9g &amp; g\u00f6r\u00f6gdinnye j\u00e9g<\/a><\/li>\n<li><a href=\"https:\/\/shop.fizzyvape.com\/hu\/termek\/fizzy-max-iii-6in1-60k-60000-puffs-eldobhato-vape-blueberry-ice-fizzy-cherry-raspberry-lemon\/\">\u00c1fonya Ice &amp; Fizzy Cherry &amp; M\u00e1lna Lemon<\/a><\/li>\n<li><a href=\"https:\/\/shop.fizzyvape.com\/hu\/termek\/fizzy-max-iii-6in1-60k-60000-puffs-eldobhato-vape-gorogdinnye-jeg-es-eper-vanilia-kola-es-vegyes-bogyo\/\">G\u00f6r\u00f6gdinnye j\u00e9g &amp; eper Van\u00edlia k\u00f3la &amp; vegyes<\/a><\/li>\n<li><a href=\"https:\/\/shop.fizzyvape.com\/hu\/termek\/fizzy-max-iii-6in1-60k-60000-puffs-eldobhato-vape-eper-szolo-es-afonya-kokusz-es-barack-citrom\/\">Eper Sz\u0151l\u0151 &amp; \u00c1fonya K\u00f3kusz &amp; Barack Citrom<\/a><\/li>\n<li><a href=\"https:\/\/shop.fizzyvape.com\/hu\/termek\/fizzy-max-iii-6in1-60k-60000-puffs-eldobhato-vape-blue-razz-ice-strawberry-kiwi-sour-ananasz-narancs\/\">Blue Razz Ice &amp; Strawberry Kiwi &amp; Sour Anan\u00e1sz Narancs<\/a><\/li>\n<li><a href=\"https:\/\/shop.fizzyvape.com\/hu\/termek\/fizzy-max-iii-6in1-60k-60000-puffs-eldobhato-vape-eper-gorogdinnye-citromos-lime-afonya-kokuszdio\/\">Epres g\u00f6r\u00f6gdinnye &amp; citromos lime &amp; \u00e1fony\u00e1s k\u00f3kuszos<\/a><\/li>\n<\/ol>\n<h3>Sz\u00e1ll\u00edt\u00e1s \u00e9s szolg\u00e1ltat\u00e1s<\/h3>\n<ul>\n<li><strong>Gyors uni\u00f3s sz\u00e1ll\u00edt\u00e1s<\/strong> eur\u00f3pai rakt\u00e1runkb\u00f3l<\/li>\n<li>Biztons\u00e1gos csomagol\u00e1s \u00e9s nyomon k\u00f6vet\u00e9s minden megrendel\u00e9shez<\/li>\n<li><strong>T\u00f6meges v\u00e1s\u00e1rl\u00e1si lehet\u0151s\u00e9gek<\/strong> <\/li>\n<\/ul>\n<h3><strong>GYIK &#8211; Fizzy Max III 6 az 1-ben 60K eldobhat\u00f3 Vape<\/strong><\/h3>\n<p><strong>1. k\u00e9rd\u00e9s: H\u00e1ny \u00edzes\u00edt\u00e9s szerepel a Fizzy Max III 6in1 k\u00e9sz\u00fcl\u00e9kben?<\/strong><br \/>\nA: Minden k\u00e9sz\u00fcl\u00e9k <strong>6 k\u00fcl\u00f6nb\u00f6z\u0151 \u00edzes\u00edt\u00e9ssel<\/strong> rendelkezik, amelyek k\u00f6z\u00f6tt b\u00e1rmikor v\u00e1lthat.<\/p>\n<p><strong>Q2: Mennyi ideig tart?<\/strong><br \/>\nA: Ak\u00e1r <strong>60 000 slukk<\/strong>, ami az egyik leghosszabb \u00e9lettartam\u00fa eldobhat\u00f3 k\u00e9sz\u00fcl\u00e9k.<\/p>\n<p><strong>3. k\u00e9rd\u00e9s: \u00dajrat\u00f6lthet\u0151?<\/strong><br \/>\nV: Igen, t\u00e1mogatja az <strong>USB-C gyorst\u00f6lt\u00e9st<\/strong>, \u00edgy a k\u00e9sz\u00fcl\u00e9ket a v\u00e9gs\u0151kig haszn\u00e1lhatja.<\/p>\n<p><strong>Q4: Mutatja az akkumul\u00e1tor \u00e9s a folyad\u00e9k szintj\u00e9t?<\/strong><br \/>\nA: Igen, a <strong>LED kijelz\u0151<\/strong> vil\u00e1gosan jelzi az akkumul\u00e1tor \u00e9lettartam\u00e1t \u00e9s az e-folyad\u00e9k \u00e1llapot\u00e1t.<\/p>\n<p><strong>5. k\u00e9rd\u00e9s: Miben k\u00fcl\u00f6nb\u00f6zik a Fizzy Max III?<\/strong><br \/>\nV: A hagyom\u00e1nyos eldobhat\u00f3 k\u00e9sz\u00fcl\u00e9kekt\u0151l elt\u00e9r\u0151en a Fizzy Max III <strong>6 \u00edzzel, hossz\u00fa puffsz\u00e1mmal, \u00fajrat\u00f6lthet\u0151 kialak\u00edt\u00e1ssal \u00e9s LED kijelz\u0151vel<\/strong> rendelkezik egyetlen intelligens eszk\u00f6zben.<\/p>\n","protected":false},"excerpt":{"rendered":"<p>A Fizzy Max III 6in1 60,000 Puffs <strong data-start=\"183\" data-end=\"273\">hat \u00edzt<\/strong>egyes\u00edt <strong data-start=\"183\" data-end=\"273\">egy k\u00e9sz\u00fcl\u00e9kben, \u00fajrat\u00f6lthet\u0151 kialak\u00edt\u00e1ssal, LED kijelz\u0151vel \u00e9s hatalmas puff-kapacit\u00e1ssal &#8211; a<\/strong>t\u00f6k\u00e9letes all-in-one vape \u00e9lm\u00e9ny.<\/p>\n","protected":false},"featured_media":19124,"comment_status":"open","ping_status":"closed","template":"","meta":[],"product_brand":[],"product_cat":[149],"product_tag":[],"class_list":{"0":"post-25761","1":"product","2":"type-product","3":"status-publish","4":"has-post-thumbnail","6":"product_cat-fizzy-max-iii-60000-puffs-eldobhato-vape","8":"first","9":"outofstock","10":"sale","11":"shipping-taxable","12":"purchasable","13":"product-type-variable"},"yoast_head":"<!-- This site is optimized with the Yoast SEO Premium plugin v24.8 (Yoast SEO v26.1.1) - https:\/\/yoast.com\/wordpress\/plugins\/seo\/ -->\n<title>Fizzy Max III 6in1 60000 Puffs - 6 \u00edz, \u00fajrat\u00f6lthet\u0151 eldobhat\u00f3 vape<\/title>\n<meta name=\"description\" content=\"Fedezze fel a Fizzy Max III 6in1 60000 Puffs 6 \u00edzv\u00e1laszt\u00e9kkal, \u00fajrat\u00f6lthet\u0151 akkumul\u00e1torral, LED kijelz\u0151vel \u00e9s pr\u00e9mium h\u00e1l\u00f3s tekerccsel. Gyors sz\u00e1ll\u00edt\u00e1s az EU-b\u00f3l.\" \/>\n<meta name=\"robots\" content=\"index, follow, max-snippet:-1, max-image-preview:large, max-video-preview:-1\" \/>\n<link rel=\"canonical\" href=\"https:\/\/shop.fizzyvape.com\/hu\/termek\/fizzy-max-iii-6in1-60000-puffs-minden-iz\/\" \/>\n<meta property=\"og:locale\" content=\"hu_HU\" \/>\n<meta property=\"og:type\" content=\"article\" \/>\n<meta property=\"og:title\" content=\"Fizzy Max III 6in1 60000 Puffs (Minden \u00edz)\" \/>\n<meta property=\"og:description\" content=\"Fedezze fel a Fizzy Max III 6in1 60000 Puffs 6 \u00edzv\u00e1laszt\u00e9kkal, \u00fajrat\u00f6lthet\u0151 akkumul\u00e1torral, LED kijelz\u0151vel \u00e9s pr\u00e9mium h\u00e1l\u00f3s tekerccsel. Gyors sz\u00e1ll\u00edt\u00e1s az EU-b\u00f3l.\" \/>\n<meta property=\"og:url\" content=\"https:\/\/shop.fizzyvape.com\/hu\/termek\/fizzy-max-iii-6in1-60000-puffs-minden-iz\/\" \/>\n<meta property=\"og:site_name\" content=\"shop.fizzyvape.com\" \/>\n<meta property=\"article:modified_time\" content=\"2025-10-03T07:19:43+00:00\" \/>\n<meta property=\"og:image\" content=\"https:\/\/shop.fizzyvape.com\/wp-content\/uploads\/2025\/06\/Fizzy-max-60K-60000-Puffs-Disposable-Vape-74.webp\" \/>\n\t<meta property=\"og:image:width\" content=\"800\" \/>\n\t<meta property=\"og:image:height\" content=\"800\" \/>\n\t<meta property=\"og:image:type\" content=\"image\/webp\" \/>\n<meta name=\"twitter:card\" content=\"summary_large_image\" \/>\n<meta name=\"twitter:label1\" content=\"Becs\u00fclt olvas\u00e1si id\u0151\" \/>\n\t<meta name=\"twitter:data1\" content=\"3 perc\" \/>\n<script type=\"application\/ld+json\" class=\"yoast-schema-graph\">{\"@context\":\"https:\/\/schema.org\",\"@graph\":[{\"@type\":\"WebPage\",\"@id\":\"https:\/\/shop.fizzyvape.com\/hu\/termek\/fizzy-max-iii-6in1-60000-puffs-minden-iz\/\",\"url\":\"https:\/\/shop.fizzyvape.com\/hu\/termek\/fizzy-max-iii-6in1-60000-puffs-minden-iz\/\",\"name\":\"Fizzy Max III 6in1 60000 Puffs - 6 \u00edz, \u00fajrat\u00f6lthet\u0151 eldobhat\u00f3 vape\",\"isPartOf\":{\"@id\":\"https:\/\/shop.fizzyvape.com\/hu\/#website\"},\"primaryImageOfPage\":{\"@id\":\"https:\/\/shop.fizzyvape.com\/hu\/termek\/fizzy-max-iii-6in1-60000-puffs-minden-iz\/#primaryimage\"},\"image\":{\"@id\":\"https:\/\/shop.fizzyvape.com\/hu\/termek\/fizzy-max-iii-6in1-60000-puffs-minden-iz\/#primaryimage\"},\"thumbnailUrl\":\"https:\/\/shop.fizzyvape.com\/wp-content\/uploads\/2025\/06\/Fizzy-max-60K-60000-Puffs-Disposable-Vape-74.webp\",\"datePublished\":\"2025-09-03T09:44:57+00:00\",\"dateModified\":\"2025-10-03T07:19:43+00:00\",\"description\":\"Fedezze fel a Fizzy Max III 6in1 60000 Puffs 6 \u00edzv\u00e1laszt\u00e9kkal, \u00fajrat\u00f6lthet\u0151 akkumul\u00e1torral, LED kijelz\u0151vel \u00e9s pr\u00e9mium h\u00e1l\u00f3s tekerccsel. Gyors sz\u00e1ll\u00edt\u00e1s az EU-b\u00f3l.\",\"breadcrumb\":{\"@id\":\"https:\/\/shop.fizzyvape.com\/hu\/termek\/fizzy-max-iii-6in1-60000-puffs-minden-iz\/#breadcrumb\"},\"inLanguage\":\"hu\",\"potentialAction\":[{\"@type\":\"ReadAction\",\"target\":[\"https:\/\/shop.fizzyvape.com\/hu\/termek\/fizzy-max-iii-6in1-60000-puffs-minden-iz\/\"]}]},{\"@type\":\"ImageObject\",\"inLanguage\":\"hu\",\"@id\":\"https:\/\/shop.fizzyvape.com\/hu\/termek\/fizzy-max-iii-6in1-60000-puffs-minden-iz\/#primaryimage\",\"url\":\"https:\/\/shop.fizzyvape.com\/wp-content\/uploads\/2025\/06\/Fizzy-max-60K-60000-Puffs-Disposable-Vape-74.webp\",\"contentUrl\":\"https:\/\/shop.fizzyvape.com\/wp-content\/uploads\/2025\/06\/Fizzy-max-60K-60000-Puffs-Disposable-Vape-74.webp\",\"width\":800,\"height\":800,\"caption\":\"Fizzy max 60K 60000 Puffs Eldobhat\u00f3 Vape - 74\"},{\"@type\":\"BreadcrumbList\",\"@id\":\"https:\/\/shop.fizzyvape.com\/hu\/termek\/fizzy-max-iii-6in1-60000-puffs-minden-iz\/#breadcrumb\",\"itemListElement\":[{\"@type\":\"ListItem\",\"position\":1,\"name\":\"\u9996\u9875\",\"item\":\"https:\/\/shop.fizzyvape.com\/hu\/\"},{\"@type\":\"ListItem\",\"position\":2,\"name\":\"Shop\",\"item\":\"https:\/\/shop.fizzyvape.com\/shop\/\"},{\"@type\":\"ListItem\",\"position\":3,\"name\":\"Fizzy Max III 6in1 60000 Puffs (Minden \u00edz)\"}]},{\"@type\":\"WebSite\",\"@id\":\"https:\/\/shop.fizzyvape.com\/hu\/#website\",\"url\":\"https:\/\/shop.fizzyvape.com\/hu\/\",\"name\":\"shop.fizzyvape.com\",\"description\":\"The Best Disposable Vape In Europe | 10000 - 60000 Puffs  | Free Shipping\",\"potentialAction\":[{\"@type\":\"SearchAction\",\"target\":{\"@type\":\"EntryPoint\",\"urlTemplate\":\"https:\/\/shop.fizzyvape.com\/hu\/?s={search_term_string}\"},\"query-input\":{\"@type\":\"PropertyValueSpecification\",\"valueRequired\":true,\"valueName\":\"search_term_string\"}}],\"inLanguage\":\"hu\"}]}<\/script>\n<!-- \/ Yoast SEO Premium plugin. -->","yoast_head_json":{"title":"Fizzy Max III 6in1 60000 Puffs - 6 \u00edz, \u00fajrat\u00f6lthet\u0151 eldobhat\u00f3 vape","description":"Fedezze fel a Fizzy Max III 6in1 60000 Puffs 6 \u00edzv\u00e1laszt\u00e9kkal, \u00fajrat\u00f6lthet\u0151 akkumul\u00e1torral, LED kijelz\u0151vel \u00e9s pr\u00e9mium h\u00e1l\u00f3s tekerccsel. Gyors sz\u00e1ll\u00edt\u00e1s az EU-b\u00f3l.","robots":{"index":"index","follow":"follow","max-snippet":"max-snippet:-1","max-image-preview":"max-image-preview:large","max-video-preview":"max-video-preview:-1"},"canonical":"https:\/\/shop.fizzyvape.com\/hu\/termek\/fizzy-max-iii-6in1-60000-puffs-minden-iz\/","og_locale":"hu_HU","og_type":"article","og_title":"Fizzy Max III 6in1 60000 Puffs (Minden \u00edz)","og_description":"Fedezze fel a Fizzy Max III 6in1 60000 Puffs 6 \u00edzv\u00e1laszt\u00e9kkal, \u00fajrat\u00f6lthet\u0151 akkumul\u00e1torral, LED kijelz\u0151vel \u00e9s pr\u00e9mium h\u00e1l\u00f3s tekerccsel. Gyors sz\u00e1ll\u00edt\u00e1s az EU-b\u00f3l.","og_url":"https:\/\/shop.fizzyvape.com\/hu\/termek\/fizzy-max-iii-6in1-60000-puffs-minden-iz\/","og_site_name":"shop.fizzyvape.com","article_modified_time":"2025-10-03T07:19:43+00:00","og_image":[{"width":800,"height":800,"url":"https:\/\/shop.fizzyvape.com\/wp-content\/uploads\/2025\/06\/Fizzy-max-60K-60000-Puffs-Disposable-Vape-74.webp","type":"image\/webp"}],"twitter_card":"summary_large_image","twitter_misc":{"Becs\u00fclt olvas\u00e1si id\u0151":"3 perc"},"schema":{"@context":"https:\/\/schema.org","@graph":[{"@type":"WebPage","@id":"https:\/\/shop.fizzyvape.com\/hu\/termek\/fizzy-max-iii-6in1-60000-puffs-minden-iz\/","url":"https:\/\/shop.fizzyvape.com\/hu\/termek\/fizzy-max-iii-6in1-60000-puffs-minden-iz\/","name":"Fizzy Max III 6in1 60000 Puffs - 6 \u00edz, \u00fajrat\u00f6lthet\u0151 eldobhat\u00f3 vape","isPartOf":{"@id":"https:\/\/shop.fizzyvape.com\/hu\/#website"},"primaryImageOfPage":{"@id":"https:\/\/shop.fizzyvape.com\/hu\/termek\/fizzy-max-iii-6in1-60000-puffs-minden-iz\/#primaryimage"},"image":{"@id":"https:\/\/shop.fizzyvape.com\/hu\/termek\/fizzy-max-iii-6in1-60000-puffs-minden-iz\/#primaryimage"},"thumbnailUrl":"https:\/\/shop.fizzyvape.com\/wp-content\/uploads\/2025\/06\/Fizzy-max-60K-60000-Puffs-Disposable-Vape-74.webp","datePublished":"2025-09-03T09:44:57+00:00","dateModified":"2025-10-03T07:19:43+00:00","description":"Fedezze fel a Fizzy Max III 6in1 60000 Puffs 6 \u00edzv\u00e1laszt\u00e9kkal, \u00fajrat\u00f6lthet\u0151 akkumul\u00e1torral, LED kijelz\u0151vel \u00e9s pr\u00e9mium h\u00e1l\u00f3s tekerccsel. Gyors sz\u00e1ll\u00edt\u00e1s az EU-b\u00f3l.","breadcrumb":{"@id":"https:\/\/shop.fizzyvape.com\/hu\/termek\/fizzy-max-iii-6in1-60000-puffs-minden-iz\/#breadcrumb"},"inLanguage":"hu","potentialAction":[{"@type":"ReadAction","target":["https:\/\/shop.fizzyvape.com\/hu\/termek\/fizzy-max-iii-6in1-60000-puffs-minden-iz\/"]}]},{"@type":"ImageObject","inLanguage":"hu","@id":"https:\/\/shop.fizzyvape.com\/hu\/termek\/fizzy-max-iii-6in1-60000-puffs-minden-iz\/#primaryimage","url":"https:\/\/shop.fizzyvape.com\/wp-content\/uploads\/2025\/06\/Fizzy-max-60K-60000-Puffs-Disposable-Vape-74.webp","contentUrl":"https:\/\/shop.fizzyvape.com\/wp-content\/uploads\/2025\/06\/Fizzy-max-60K-60000-Puffs-Disposable-Vape-74.webp","width":800,"height":800,"caption":"Fizzy max 60K 60000 Puffs Eldobhat\u00f3 Vape - 74"},{"@type":"BreadcrumbList","@id":"https:\/\/shop.fizzyvape.com\/hu\/termek\/fizzy-max-iii-6in1-60000-puffs-minden-iz\/#breadcrumb","itemListElement":[{"@type":"ListItem","position":1,"name":"\u9996\u9875","item":"https:\/\/shop.fizzyvape.com\/hu\/"},{"@type":"ListItem","position":2,"name":"Shop","item":"https:\/\/shop.fizzyvape.com\/shop\/"},{"@type":"ListItem","position":3,"name":"Fizzy Max III 6in1 60000 Puffs (Minden \u00edz)"}]},{"@type":"WebSite","@id":"https:\/\/shop.fizzyvape.com\/hu\/#website","url":"https:\/\/shop.fizzyvape.com\/hu\/","name":"shop.fizzyvape.com","description":"The Best Disposable Vape In Europe | 10000 - 60000 Puffs  | Free Shipping","potentialAction":[{"@type":"SearchAction","target":{"@type":"EntryPoint","urlTemplate":"https:\/\/shop.fizzyvape.com\/hu\/?s={search_term_string}"},"query-input":{"@type":"PropertyValueSpecification","valueRequired":true,"valueName":"search_term_string"}}],"inLanguage":"hu"}]}},"tiered_pricing_type":"fixed","tiered_pricing_fixed_rules":[],"tiered_pricing_product_settings":{"layout":"default","base_unit_name":{"singular":null,"plural":null},"default_variation":null},"tiered_pricing_minimum_quantity":null,"tiered_pricing_roles_data":[],"tiered_pricing_percentage_rules":[],"tiered_pricing_maximum_quantity":null,"tiered_pricing_quantity_step":null,"_links":{"self":[{"href":"https:\/\/shop.fizzyvape.com\/hu\/wp-json\/wp\/v2\/product\/25761","targetHints":{"allow":["GET"]}}],"collection":[{"href":"https:\/\/shop.fizzyvape.com\/hu\/wp-json\/wp\/v2\/product"}],"about":[{"href":"https:\/\/shop.fizzyvape.com\/hu\/wp-json\/wp\/v2\/types\/product"}],"replies":[{"embeddable":true,"href":"https:\/\/shop.fizzyvape.com\/hu\/wp-json\/wp\/v2\/comments?post=25761"}],"version-history":[{"count":0,"href":"https:\/\/shop.fizzyvape.com\/hu\/wp-json\/wp\/v2\/product\/25761\/revisions"}],"wp:featuredmedia":[{"embeddable":true,"href":"https:\/\/shop.fizzyvape.com\/hu\/wp-json\/wp\/v2\/media\/19124"}],"wp:attachment":[{"href":"https:\/\/shop.fizzyvape.com\/hu\/wp-json\/wp\/v2\/media?parent=25761"}],"wp:term":[{"taxonomy":"product_brand","embeddable":true,"href":"https:\/\/shop.fizzyvape.com\/hu\/wp-json\/wp\/v2\/product_brand?post=25761"},{"taxonomy":"product_cat","embeddable":true,"href":"https:\/\/shop.fizzyvape.com\/hu\/wp-json\/wp\/v2\/product_cat?post=25761"},{"taxonomy":"product_tag","embeddable":true,"href":"https:\/\/shop.fizzyvape.com\/hu\/wp-json\/wp\/v2\/product_tag?post=25761"}],"curies":[{"name":"wp","href":"https:\/\/api.w.org\/{rel}","templated":true}]}}