{"id":25770,"date":"2025-09-03T09:19:08","date_gmt":"2025-09-03T09:19:08","guid":{"rendered":"https:\/\/shop.fizzyvape.com\/product\/fizzy-nova-plus-40000-puff-minden-iz\/"},"modified":"2025-09-15T09:13:29","modified_gmt":"2025-09-15T09:13:29","slug":"fizzy-nova-plus-40000-puff-minden-iz","status":"publish","type":"product","link":"https:\/\/shop.fizzyvape.com\/hu\/termek\/fizzy-nova-plus-40000-puff-minden-iz\/","title":{"rendered":"Fizzy Nova Plus 40000 puff (Minden \u00edz)"},"content":{"rendered":"<p><img decoding=\"async\" class=\"aligncenter\" src=\"https:\/\/shop.fizzyvape.com\/wp-content\/uploads\/2025\/09\/FIZZY-NOVA-PLUS-40K-40000-puffs-Flavors--scaled.jpg\" alt=\"FIZZY-NOVA-PLUS-40K-40000-puffs\" \/><\/p>\n<h1>Fizzy Nova Plus 40000 Puffs &#8211; Kett\u0151s \u00fczemm\u00f3d\u00fa eldobhat\u00f3 vape<\/h1>\n<p>A <strong>Fizzy Nova Plus 40,000 Puffs<\/strong> azok sz\u00e1m\u00e1ra k\u00e9sz\u00fclt, akik <strong>teljes\u00edtm\u00e9nyre \u00e9s rugalmass\u00e1gra<\/strong> v\u00e1gynak egyetlen k\u00e9sz\u00fcl\u00e9kben. A <strong>leny\u0171g\u00f6z\u0151 puffsz\u00e1mmal<\/strong>, a <strong>kett\u0151s \u00fczemm\u00f3d funkci\u00f3val<\/strong> \u00e9s az <strong>USB-C \u00fajrat\u00f6lthet\u0151s\u00e9ggel<\/strong> pr\u00e9mium min\u0151s\u00e9g\u0171, tart\u00f3s vaping \u00e9lm\u00e9nyt ny\u00fajt. Ak\u00e1r a sima mindennapi h\u00faz\u00e1sokat, ak\u00e1r az er\u0151sebb slukkot kedveli, a Nova Plus azonnal alkalmazkodik a st\u00edlus\u00e1hoz.<\/p>\n<h3>A term\u00e9k kiemelked\u0151 jellemz\u0151i<\/h3>\n<ul>\n<li><strong>Massz\u00edv 40,000 puff<\/strong> &#8211; <strong>Hossz\u00fa<\/strong> t\u00e1v\u00fa \u00e9lvezetre tervezt\u00e9k.<\/li>\n<li><strong>Kett\u0151s \u00fczemm\u00f3d\u00fa rendszer<\/strong> &#8211; V\u00e1ltson a <strong>norm\u00e1l \u00fczemm\u00f3d<\/strong> a sima h\u00faz\u00e1shoz vagy a <strong>turb\u00f3 \u00fczemm\u00f3d<\/strong> az er\u0151sebb tal\u00e1lathoz.<\/li>\n<li><strong>\u00dajrat\u00f6lthet\u0151 k\u00e9nyelem<\/strong> &#8211; Az USB-C t\u00f6lt\u00e9s az utols\u00f3 slukkig biztos\u00edtja az \u00e1ramell\u00e1t\u00e1st.<\/li>\n<li><strong>Pr\u00e9mium h\u00e1l\u00f3s tekercs<\/strong> &#8211; Gazdag, egyenletes \u00edzt biztos\u00edt minden egyes bel\u00e9gz\u00e9skor.<\/li>\n<li><strong>Kompakt \u00e9s hordozhat\u00f3<\/strong> &#8211; Eleg\u00e1ns kialak\u00edt\u00e1s, t\u00f6k\u00e9letes az \u00fatk\u00f6zbeni haszn\u00e1lathoz.<\/li>\n<li><strong>Sz\u00e9les \u00edzv\u00e1laszt\u00e9k<\/strong> &#8211; V\u00e1lasszon az \u00d6n \u00edzl\u00e9s\u00e9re szabottan t\u00f6bbf\u00e9le, legkelend\u0151bb \u00edz k\u00f6z\u00fcl.<\/li>\n<\/ul>\n<h3><strong>Fizzy Nova Plus <\/strong>40000 Puffs \u00cdzek list\u00e1ja:<\/h3>\n<ol>\n<li><a href=\"https:\/\/shop.fizzyvape.com\/hu\/termek\/fizzy-nova-plus-strawberry-kiwi-40000-puffs-eldobhato-vape\/\">Eper Kiwi<\/a><\/li>\n<li><a href=\"https:\/\/shop.fizzyvape.com\/hu\/termek\/fizzy-nova-plus-blueberry-ice-40000-puffs-eldobhato-vape\/\">\u00c1fonya j\u00e9g<\/a><\/li>\n<li><a href=\"https:\/\/shop.fizzyvape.com\/hu\/termek\/fizzy-nova-plus-gorogdinnye-jeg-40000-puffs-eldobhato-vape\/\">G\u00f6r\u00f6gdinnye j\u00e9g<\/a><\/li>\n<li><a href=\"https:\/\/shop.fizzyvape.com\/hu\/termek\/fizzy-nova-plus-barack-mango-gorogdinnye-40000-puffs-eldobhato-vape\/\">Barack mang\u00f3 g\u00f6r\u00f6gdinnye<\/a><\/li>\n<li><a href=\"https:\/\/shop.fizzyvape.com\/hu\/termek\/fizzy-nova-plus-kiwi-passion-fruit-guava-40000-puffs-eldobhato-vape\/\">Kiwi Passi\u00f3gy\u00fcm\u00f6lcs Guava<\/a><\/li>\n<li><a href=\"https:\/\/shop.fizzyvape.com\/hu\/termek\/fizzy-nova-plus-malna-citrom-40000-puffs-eldobhato-vape\/\">M\u00e1lna citrom<\/a><\/li>\n<li><a href=\"https:\/\/shop.fizzyvape.com\/hu\/termek\/fizzy-nova-plus-triple-berry-40000-puffs-eldobhato-vape\/\">H\u00e1romszoros bogy\u00f3<\/a><\/li>\n<li><a href=\"https:\/\/shop.fizzyvape.com\/hu\/termek\/fizzy-nova-plus-peach-ice-40000-puffs-eldobhato-vape\/\">Barack j\u00e9g<\/a><\/li>\n<li><a href=\"https:\/\/shop.fizzyvape.com\/hu\/termek\/fizzy-nova-plus-grape-lime-40000-puffs-eldobhato-vape\/\">sz\u0151l\u0151 lime<\/a><\/li>\n<li><a href=\"https:\/\/shop.fizzyvape.com\/hu\/termek\/fizzy-nova-plus-blue-razz-lemonade-40000-puffs-eldobhato-vape\/\">Blue Razz limon\u00e1d\u00e9<\/a><\/li>\n<li><a href=\"https:\/\/shop.fizzyvape.com\/hu\/termek\/fizzy-nova-plus-strawberry-ice-40000-puffs-eldobhato-vape\/\">Eper j\u00e9g<\/a><\/li>\n<li><a href=\"https:\/\/shop.fizzyvape.com\/hu\/termek\/fizzy-nova-plus-blueberry-coconut-40000-puffs-eldobhato-vape\/\">\u00c1fonya k\u00f3kusz<\/a><\/li>\n<\/ol>\n<h3>Mi\u00e9rt v\u00e1lassza a Fizzy Nova Plus-t?<\/h3>\n<p>A hagyom\u00e1nyos eldobhat\u00f3 term\u00e9kekkel ellent\u00e9tben a <strong>Fizzy Nova Plus 40K<\/strong> egyszerre ny\u00fajt <strong>teljes\u00edtm\u00e9nyt \u00e9s rugalmass\u00e1got<\/strong>. A kett\u0151s \u00fczemm\u00f3d\u00fa funkci\u00f3 lehet\u0151v\u00e9 teszi, hogy \u00e9lvezze a nyugodt \u00fcl\u00e9st, vagy azonnal fokozza az \u00e9lm\u00e9nyt. A leny\u0171g\u00f6z\u0151 <strong>40.000 puffsz\u00e1mmal<\/strong> \u00e9s \u00fajrat\u00f6lthet\u0151 teljes\u00edtm\u00e9nnyel ez az egyik <strong>legjobb \u00e1r-\u00e9rt\u00e9k ar\u00e1ny\u00fa lehet\u0151s\u00e9g<\/strong> azok sz\u00e1m\u00e1ra, akik egyszerre szeretn\u00e9nek <strong>hossz\u00fa \u00e9lettartamot \u00e9s pr\u00e9mium \u00edzvil\u00e1got<\/strong>.<\/p>\n<h3>Gyors \u00e9s megb\u00edzhat\u00f3 sz\u00e1ll\u00edt\u00e1s<\/h3>\n<ul>\n<li><strong>K\u00f6zvetlen\u00fcl az EU rakt\u00e1runkb\u00f3l<\/strong> sz\u00e1ll\u00edtva<\/li>\n<li>Biztons\u00e1gos csomagol\u00e1s \u00e9s gyors feldolgoz\u00e1s<\/li>\n<li><strong>\u00d6mlesztett megrendel\u00e9sek sz\u00edvesen fogadunk<\/strong><\/li>\n<\/ul>\n<h3>GYIK a Fizzy Nova Plus 40000 Puffs Vape-r\u0151l<\/h3>\n<p><strong>Q1: Mennyi ideig tart a Fizzy Nova Plus 40,000 Puffs?<\/strong><br \/>\nA: A <strong>Fizzy Nova<\/strong> Plus <strong>40,000 puffot<\/strong> biztos\u00edt, ami a haszn\u00e1latt\u00f3l f\u00fcgg\u0151en t\u00f6bb h\u00e9tig tart.<\/p>\n<p><strong>2. k\u00e9rd\u00e9s: \u00dajrat\u00f6lthet\u0151 a Fizzy Nova Plus?<\/strong><br \/>\nV: Igen, t\u00e1mogatja az <strong>USB-C gyorst\u00f6lt\u00e9st<\/strong>, \u00edgy az utols\u00f3 slukkig haszn\u00e1lhatja.<\/p>\n<p><strong>3. k\u00e9rd\u00e9s: Sz\u00fcks\u00e9g van \u00fajrat\u00f6lt\u00e9sre?<\/strong><br \/>\nV: Nem, a k\u00e9sz\u00fcl\u00e9ket pr\u00e9mium e-folyad\u00e9kkal <strong>el\u0151re felt\u00f6ltve<\/strong> sz\u00e1ll\u00edtjuk. Egyszer\u0171en t\u00f6ltse fel \u00e9s \u00e9lvezze.<\/p>\n<p><strong>Q4: Mi k\u00fcl\u00f6nb\u00f6zteti meg a Fizzy Nova Plus-t a t\u00f6bbi vapes-t\u0151l?<\/strong><br \/>\nA: A <strong>kett\u0151s \u00fczemm\u00f3d\u00fa rendszer<\/strong> lehet\u0151v\u00e9 teszi, hogy v\u00e1laszthasson a <strong>sima vagy er\u0151teljes h\u00faz\u00e1s<\/strong> k\u00f6z\u00f6tt, \u00edgy nagyobb rugalmass\u00e1got biztos\u00edt a hagyom\u00e1nyos eldobhat\u00f3 term\u00e9kekhez k\u00e9pest.<\/p>\n<p><strong>Q5: Honnan sz\u00e1ll\u00edtj\u00e1k?<\/strong><br \/>\nV: Minden megrendel\u00e9st <strong>k\u00f6zvetlen\u00fcl az EU rakt\u00e1runkb\u00f3l<\/strong> sz\u00e1ll\u00edtunk a gyorsabb sz\u00e1ll\u00edt\u00e1s \u00e9rdek\u00e9ben.<\/p>\n<p>&nbsp;<\/p>\n","protected":false},"excerpt":{"rendered":"<p>A Fizzy Nova Plus 40000 Puffs egyes\u00edti <strong>a kett\u0151s \u00fczemm\u00f3d\u00fa teljes\u00edtm\u00e9nyt, az \u00fajrat\u00f6lthet\u0151 kialak\u00edt\u00e1st \u00e9s a hosszan tart\u00f3 \u00edzt<\/strong> a pr\u00e9mium min\u0151s\u00e9g\u0171 p\u00e1rologtat\u00e1si \u00e9lm\u00e9ny \u00e9rdek\u00e9ben.<\/p>\n","protected":false},"featured_media":25720,"comment_status":"open","ping_status":"closed","template":"","meta":[],"product_brand":[],"product_cat":[160],"product_tag":[],"class_list":{"0":"post-25770","1":"product","2":"type-product","3":"status-publish","4":"has-post-thumbnail","6":"product_cat-fizzy-nova-plus-40000-puffs-eldobhato-vape","8":"first","9":"outofstock","10":"sale","11":"shipping-taxable","12":"purchasable","13":"product-type-variable"},"yoast_head":"<!-- This site is optimized with the Yoast SEO Premium plugin v24.8 (Yoast SEO v26.1.1) - https:\/\/yoast.com\/wordpress\/plugins\/seo\/ -->\n<title>Fizzy Nova Plus 40,000 Puffs - Kett\u0151s \u00fczemm\u00f3d\u00fa \u00e9s \u00fajrat\u00f6lthet\u0151 eldobhat\u00f3 vape<\/title>\n<meta name=\"description\" content=\"Fedezd fel a Fizzy Nova Plus 40000 Puffot kett\u0151s \u00fczemm\u00f3d\u00fa rendszerrel, USB-C \u00fajrat\u00f6lt\u00e9ssel \u00e9s pr\u00e9mium \u00edzekkel. Hossz\u00fa \u00e9lettartam\u00fa \u00e9s az EU-b\u00f3l sz\u00e1ll\u00edtott.\" \/>\n<meta name=\"robots\" content=\"index, follow, max-snippet:-1, max-image-preview:large, max-video-preview:-1\" \/>\n<link rel=\"canonical\" href=\"https:\/\/shop.fizzyvape.com\/hu\/termek\/fizzy-nova-plus-40000-puff-minden-iz\/\" \/>\n<meta property=\"og:locale\" content=\"hu_HU\" \/>\n<meta property=\"og:type\" content=\"article\" \/>\n<meta property=\"og:title\" content=\"Fizzy Nova Plus 40000 puff (Minden \u00edz)\" \/>\n<meta property=\"og:description\" content=\"Fedezd fel a Fizzy Nova Plus 40000 Puffot kett\u0151s \u00fczemm\u00f3d\u00fa rendszerrel, USB-C \u00fajrat\u00f6lt\u00e9ssel \u00e9s pr\u00e9mium \u00edzekkel. Hossz\u00fa \u00e9lettartam\u00fa \u00e9s az EU-b\u00f3l sz\u00e1ll\u00edtott.\" \/>\n<meta property=\"og:url\" content=\"https:\/\/shop.fizzyvape.com\/hu\/termek\/fizzy-nova-plus-40000-puff-minden-iz\/\" \/>\n<meta property=\"og:site_name\" content=\"shop.fizzyvape.com\" \/>\n<meta property=\"article:modified_time\" content=\"2025-09-15T09:13:29+00:00\" \/>\n<meta property=\"og:image\" content=\"https:\/\/shop.fizzyvape.com\/wp-content\/uploads\/2025\/09\/Fizzy-Nova-Plus-40000-Puffs-4.jpg\" \/>\n\t<meta property=\"og:image:width\" content=\"1920\" \/>\n\t<meta property=\"og:image:height\" content=\"1920\" \/>\n\t<meta property=\"og:image:type\" content=\"image\/jpeg\" \/>\n<meta name=\"twitter:card\" content=\"summary_large_image\" \/>\n<meta name=\"twitter:label1\" content=\"Becs\u00fclt olvas\u00e1si id\u0151\" \/>\n\t<meta name=\"twitter:data1\" content=\"3 perc\" \/>\n<script type=\"application\/ld+json\" class=\"yoast-schema-graph\">{\"@context\":\"https:\/\/schema.org\",\"@graph\":[{\"@type\":\"WebPage\",\"@id\":\"https:\/\/shop.fizzyvape.com\/hu\/termek\/fizzy-nova-plus-40000-puff-minden-iz\/\",\"url\":\"https:\/\/shop.fizzyvape.com\/hu\/termek\/fizzy-nova-plus-40000-puff-minden-iz\/\",\"name\":\"Fizzy Nova Plus 40,000 Puffs - Kett\u0151s \u00fczemm\u00f3d\u00fa \u00e9s \u00fajrat\u00f6lthet\u0151 eldobhat\u00f3 vape\",\"isPartOf\":{\"@id\":\"https:\/\/shop.fizzyvape.com\/hu\/#website\"},\"primaryImageOfPage\":{\"@id\":\"https:\/\/shop.fizzyvape.com\/hu\/termek\/fizzy-nova-plus-40000-puff-minden-iz\/#primaryimage\"},\"image\":{\"@id\":\"https:\/\/shop.fizzyvape.com\/hu\/termek\/fizzy-nova-plus-40000-puff-minden-iz\/#primaryimage\"},\"thumbnailUrl\":\"https:\/\/shop.fizzyvape.com\/wp-content\/uploads\/2025\/09\/Fizzy-Nova-Plus-40000-Puffs-4.jpg\",\"datePublished\":\"2025-09-03T09:19:08+00:00\",\"dateModified\":\"2025-09-15T09:13:29+00:00\",\"description\":\"Fedezd fel a Fizzy Nova Plus 40000 Puffot kett\u0151s \u00fczemm\u00f3d\u00fa rendszerrel, USB-C \u00fajrat\u00f6lt\u00e9ssel \u00e9s pr\u00e9mium \u00edzekkel. Hossz\u00fa \u00e9lettartam\u00fa \u00e9s az EU-b\u00f3l sz\u00e1ll\u00edtott.\",\"breadcrumb\":{\"@id\":\"https:\/\/shop.fizzyvape.com\/hu\/termek\/fizzy-nova-plus-40000-puff-minden-iz\/#breadcrumb\"},\"inLanguage\":\"hu\",\"potentialAction\":[{\"@type\":\"ReadAction\",\"target\":[\"https:\/\/shop.fizzyvape.com\/hu\/termek\/fizzy-nova-plus-40000-puff-minden-iz\/\"]}]},{\"@type\":\"ImageObject\",\"inLanguage\":\"hu\",\"@id\":\"https:\/\/shop.fizzyvape.com\/hu\/termek\/fizzy-nova-plus-40000-puff-minden-iz\/#primaryimage\",\"url\":\"https:\/\/shop.fizzyvape.com\/wp-content\/uploads\/2025\/09\/Fizzy-Nova-Plus-40000-Puffs-4.jpg\",\"contentUrl\":\"https:\/\/shop.fizzyvape.com\/wp-content\/uploads\/2025\/09\/Fizzy-Nova-Plus-40000-Puffs-4.jpg\",\"width\":1920,\"height\":1920,\"caption\":\"Fizzy Nova Plus 40000 puff-4\"},{\"@type\":\"BreadcrumbList\",\"@id\":\"https:\/\/shop.fizzyvape.com\/hu\/termek\/fizzy-nova-plus-40000-puff-minden-iz\/#breadcrumb\",\"itemListElement\":[{\"@type\":\"ListItem\",\"position\":1,\"name\":\"\u9996\u9875\",\"item\":\"https:\/\/shop.fizzyvape.com\/hu\/\"},{\"@type\":\"ListItem\",\"position\":2,\"name\":\"Shop\",\"item\":\"https:\/\/shop.fizzyvape.com\/shop\/\"},{\"@type\":\"ListItem\",\"position\":3,\"name\":\"Fizzy Nova Plus 40000 puff (Minden \u00edz)\"}]},{\"@type\":\"WebSite\",\"@id\":\"https:\/\/shop.fizzyvape.com\/hu\/#website\",\"url\":\"https:\/\/shop.fizzyvape.com\/hu\/\",\"name\":\"shop.fizzyvape.com\",\"description\":\"The Best Disposable Vape In Europe | 10000 - 60000 Puffs  | Free Shipping\",\"potentialAction\":[{\"@type\":\"SearchAction\",\"target\":{\"@type\":\"EntryPoint\",\"urlTemplate\":\"https:\/\/shop.fizzyvape.com\/hu\/?s={search_term_string}\"},\"query-input\":{\"@type\":\"PropertyValueSpecification\",\"valueRequired\":true,\"valueName\":\"search_term_string\"}}],\"inLanguage\":\"hu\"}]}<\/script>\n<!-- \/ Yoast SEO Premium plugin. -->","yoast_head_json":{"title":"Fizzy Nova Plus 40,000 Puffs - Kett\u0151s \u00fczemm\u00f3d\u00fa \u00e9s \u00fajrat\u00f6lthet\u0151 eldobhat\u00f3 vape","description":"Fedezd fel a Fizzy Nova Plus 40000 Puffot kett\u0151s \u00fczemm\u00f3d\u00fa rendszerrel, USB-C \u00fajrat\u00f6lt\u00e9ssel \u00e9s pr\u00e9mium \u00edzekkel. Hossz\u00fa \u00e9lettartam\u00fa \u00e9s az EU-b\u00f3l sz\u00e1ll\u00edtott.","robots":{"index":"index","follow":"follow","max-snippet":"max-snippet:-1","max-image-preview":"max-image-preview:large","max-video-preview":"max-video-preview:-1"},"canonical":"https:\/\/shop.fizzyvape.com\/hu\/termek\/fizzy-nova-plus-40000-puff-minden-iz\/","og_locale":"hu_HU","og_type":"article","og_title":"Fizzy Nova Plus 40000 puff (Minden \u00edz)","og_description":"Fedezd fel a Fizzy Nova Plus 40000 Puffot kett\u0151s \u00fczemm\u00f3d\u00fa rendszerrel, USB-C \u00fajrat\u00f6lt\u00e9ssel \u00e9s pr\u00e9mium \u00edzekkel. Hossz\u00fa \u00e9lettartam\u00fa \u00e9s az EU-b\u00f3l sz\u00e1ll\u00edtott.","og_url":"https:\/\/shop.fizzyvape.com\/hu\/termek\/fizzy-nova-plus-40000-puff-minden-iz\/","og_site_name":"shop.fizzyvape.com","article_modified_time":"2025-09-15T09:13:29+00:00","og_image":[{"width":1920,"height":1920,"url":"https:\/\/shop.fizzyvape.com\/wp-content\/uploads\/2025\/09\/Fizzy-Nova-Plus-40000-Puffs-4.jpg","type":"image\/jpeg"}],"twitter_card":"summary_large_image","twitter_misc":{"Becs\u00fclt olvas\u00e1si id\u0151":"3 perc"},"schema":{"@context":"https:\/\/schema.org","@graph":[{"@type":"WebPage","@id":"https:\/\/shop.fizzyvape.com\/hu\/termek\/fizzy-nova-plus-40000-puff-minden-iz\/","url":"https:\/\/shop.fizzyvape.com\/hu\/termek\/fizzy-nova-plus-40000-puff-minden-iz\/","name":"Fizzy Nova Plus 40,000 Puffs - Kett\u0151s \u00fczemm\u00f3d\u00fa \u00e9s \u00fajrat\u00f6lthet\u0151 eldobhat\u00f3 vape","isPartOf":{"@id":"https:\/\/shop.fizzyvape.com\/hu\/#website"},"primaryImageOfPage":{"@id":"https:\/\/shop.fizzyvape.com\/hu\/termek\/fizzy-nova-plus-40000-puff-minden-iz\/#primaryimage"},"image":{"@id":"https:\/\/shop.fizzyvape.com\/hu\/termek\/fizzy-nova-plus-40000-puff-minden-iz\/#primaryimage"},"thumbnailUrl":"https:\/\/shop.fizzyvape.com\/wp-content\/uploads\/2025\/09\/Fizzy-Nova-Plus-40000-Puffs-4.jpg","datePublished":"2025-09-03T09:19:08+00:00","dateModified":"2025-09-15T09:13:29+00:00","description":"Fedezd fel a Fizzy Nova Plus 40000 Puffot kett\u0151s \u00fczemm\u00f3d\u00fa rendszerrel, USB-C \u00fajrat\u00f6lt\u00e9ssel \u00e9s pr\u00e9mium \u00edzekkel. Hossz\u00fa \u00e9lettartam\u00fa \u00e9s az EU-b\u00f3l sz\u00e1ll\u00edtott.","breadcrumb":{"@id":"https:\/\/shop.fizzyvape.com\/hu\/termek\/fizzy-nova-plus-40000-puff-minden-iz\/#breadcrumb"},"inLanguage":"hu","potentialAction":[{"@type":"ReadAction","target":["https:\/\/shop.fizzyvape.com\/hu\/termek\/fizzy-nova-plus-40000-puff-minden-iz\/"]}]},{"@type":"ImageObject","inLanguage":"hu","@id":"https:\/\/shop.fizzyvape.com\/hu\/termek\/fizzy-nova-plus-40000-puff-minden-iz\/#primaryimage","url":"https:\/\/shop.fizzyvape.com\/wp-content\/uploads\/2025\/09\/Fizzy-Nova-Plus-40000-Puffs-4.jpg","contentUrl":"https:\/\/shop.fizzyvape.com\/wp-content\/uploads\/2025\/09\/Fizzy-Nova-Plus-40000-Puffs-4.jpg","width":1920,"height":1920,"caption":"Fizzy Nova Plus 40000 puff-4"},{"@type":"BreadcrumbList","@id":"https:\/\/shop.fizzyvape.com\/hu\/termek\/fizzy-nova-plus-40000-puff-minden-iz\/#breadcrumb","itemListElement":[{"@type":"ListItem","position":1,"name":"\u9996\u9875","item":"https:\/\/shop.fizzyvape.com\/hu\/"},{"@type":"ListItem","position":2,"name":"Shop","item":"https:\/\/shop.fizzyvape.com\/shop\/"},{"@type":"ListItem","position":3,"name":"Fizzy Nova Plus 40000 puff (Minden \u00edz)"}]},{"@type":"WebSite","@id":"https:\/\/shop.fizzyvape.com\/hu\/#website","url":"https:\/\/shop.fizzyvape.com\/hu\/","name":"shop.fizzyvape.com","description":"The Best Disposable Vape In Europe | 10000 - 60000 Puffs  | Free Shipping","potentialAction":[{"@type":"SearchAction","target":{"@type":"EntryPoint","urlTemplate":"https:\/\/shop.fizzyvape.com\/hu\/?s={search_term_string}"},"query-input":{"@type":"PropertyValueSpecification","valueRequired":true,"valueName":"search_term_string"}}],"inLanguage":"hu"}]}},"tiered_pricing_type":"fixed","tiered_pricing_fixed_rules":[],"tiered_pricing_product_settings":{"layout":"default","base_unit_name":{"singular":null,"plural":null},"default_variation":null},"tiered_pricing_minimum_quantity":null,"tiered_pricing_roles_data":[],"tiered_pricing_percentage_rules":[],"tiered_pricing_maximum_quantity":null,"tiered_pricing_quantity_step":null,"_links":{"self":[{"href":"https:\/\/shop.fizzyvape.com\/hu\/wp-json\/wp\/v2\/product\/25770","targetHints":{"allow":["GET"]}}],"collection":[{"href":"https:\/\/shop.fizzyvape.com\/hu\/wp-json\/wp\/v2\/product"}],"about":[{"href":"https:\/\/shop.fizzyvape.com\/hu\/wp-json\/wp\/v2\/types\/product"}],"replies":[{"embeddable":true,"href":"https:\/\/shop.fizzyvape.com\/hu\/wp-json\/wp\/v2\/comments?post=25770"}],"version-history":[{"count":1,"href":"https:\/\/shop.fizzyvape.com\/hu\/wp-json\/wp\/v2\/product\/25770\/revisions"}],"predecessor-version":[{"id":26259,"href":"https:\/\/shop.fizzyvape.com\/hu\/wp-json\/wp\/v2\/product\/25770\/revisions\/26259"}],"wp:featuredmedia":[{"embeddable":true,"href":"https:\/\/shop.fizzyvape.com\/hu\/wp-json\/wp\/v2\/media\/25720"}],"wp:attachment":[{"href":"https:\/\/shop.fizzyvape.com\/hu\/wp-json\/wp\/v2\/media?parent=25770"}],"wp:term":[{"taxonomy":"product_brand","embeddable":true,"href":"https:\/\/shop.fizzyvape.com\/hu\/wp-json\/wp\/v2\/product_brand?post=25770"},{"taxonomy":"product_cat","embeddable":true,"href":"https:\/\/shop.fizzyvape.com\/hu\/wp-json\/wp\/v2\/product_cat?post=25770"},{"taxonomy":"product_tag","embeddable":true,"href":"https:\/\/shop.fizzyvape.com\/hu\/wp-json\/wp\/v2\/product_tag?post=25770"}],"curies":[{"name":"wp","href":"https:\/\/api.w.org\/{rel}","templated":true}]}}