{"id":25780,"date":"2025-09-03T09:34:02","date_gmt":"2025-09-03T09:34:02","guid":{"rendered":"https:\/\/shop.fizzyvape.com\/product\/fizzy-twins-50000-puffs-minden-izben\/"},"modified":"2025-09-03T09:34:02","modified_gmt":"2025-09-03T09:34:02","slug":"fizzy-twins-50000-puffs-minden-izben","status":"publish","type":"product","link":"https:\/\/shop.fizzyvape.com\/hu\/termek\/fizzy-twins-50000-puffs-minden-izben\/","title":{"rendered":"Fizzy Twins 50000 Puffs (Minden \u00edzben)"},"content":{"rendered":"<div style=\"width: 853px;\" class=\"wp-video\"><!--[if lt IE 9]><script>document.createElement('video');<\/script><![endif]-->\n<video class=\"wp-video-shortcode\" id=\"video-25780-1\" width=\"853\" height=\"480\" preload=\"metadata\" controls=\"controls\"><source type=\"video\/mp4\" src=\"https:\/\/shop.fizzyvape.com\/wp-content\/uploads\/2025\/06\/Fizzy-Twins-50000-Puffs-Disposable-Vape.mp4?_=1\" \/><a href=\"https:\/\/shop.fizzyvape.com\/wp-content\/uploads\/2025\/06\/Fizzy-Twins-50000-Puffs-Disposable-Vape.mp4\">https:\/\/shop.fizzyvape.com\/wp-content\/uploads\/2025\/06\/Fizzy-Twins-50000-Puffs-Disposable-Vape.mp4<\/a><\/video><\/div>\n<h1>Fizzy Twins 50000 Puffs &#8211; Kett\u0151s \u00edz, k\u00e9t \u00fczemm\u00f3d, \u00fajrat\u00f6lthet\u0151<\/h1>\n<p>A <strong>Fizzy Twins 50,000 Puffs<\/strong> a k\u00f6vetkez\u0151 szintre emeli az eldobhat\u00f3 p\u00e1rologtat\u00f3kat. Ez az innovat\u00edv eszk\u00f6z <strong>kett\u0151s \u00edzrendszerrel<\/strong> \u00e9s <strong>kett\u0151s \u00fczemm\u00f3d\u00fa teljes\u00edtm\u00e9nnyel<\/strong> rendelkezik, \u00e9s lehet\u0151v\u00e9 teszi, hogy <strong>k\u00e9t \u00edz<\/strong> k\u00f6z\u00f6tt v\u00e1ltson <strong>egy vape-ben<\/strong>, mik\u00f6zben ak\u00e1r <strong>50 000 puffot<\/strong> is \u00e9lvezhet. Az <strong>USB-C \u00fajrat\u00f6lthet\u0151 akkumul\u00e1torral<\/strong> \u00e9s <strong>pr\u00e9mium h\u00e1l\u00f3s tekerccsel<\/strong> tervezett Fizzy Twins p\u00e1ratlan \u00edzt, teljes\u00edtm\u00e9nyt \u00e9s \u00e9rt\u00e9ket biztos\u00edt.  <\/p>\n<h3>\ud83c\udf1f F\u0151bb jellemz\u0151k<\/h3>\n<ul>\n<li><strong>Massz\u00edv 50,000 puff<\/strong> &#8211; Hossz\u00fa ideig tart\u00f3 \u00e9lvezet hetekig tart\u00f3 haszn\u00e1lat sor\u00e1n<\/li>\n<li><strong>Dual Flavor Switch<\/strong> &#8211; Azonnali v\u00e1lt\u00e1s <strong>k\u00e9t \u00edz<\/strong> k\u00f6z\u00f6tt <strong>egy k\u00e9sz\u00fcl\u00e9kben<\/strong><\/li>\n<li><strong>Kett\u0151s \u00fczemm\u00f3d\u00fa rendszer<\/strong> &#8211; V\u00e1lasszon a <strong>norm\u00e1l \u00fczemm\u00f3d<\/strong> (sima h\u00faz\u00e1s) \u00e9s a <strong>turb\u00f3 \u00fczemm\u00f3d<\/strong> (er\u0151sebb \u00fct\u00e9sek) k\u00f6z\u00f6tt.<\/li>\n<li><strong>USB-C \u00fajrat\u00f6lthet\u0151<\/strong> &#8211; k\u00f6rnyezetbar\u00e1t, k\u00e9nyelmes t\u00f6lt\u00e9s<\/li>\n<li><strong>Pr\u00e9mium Mesh tekercs<\/strong> &#8211; Gazdag, konzisztens \u00edztermel\u00e9s<\/li>\n<li><strong>Kompakt \u00e9s eleg\u00e1ns kialak\u00edt\u00e1s<\/strong> &#8211; K\u00f6nnyen hordozhat\u00f3, st\u00edlusosan haszn\u00e1lhat\u00f3<\/li>\n<li><strong>T\u00f6bbf\u00e9le \u00edzp\u00e1ros\u00edt\u00e1s el\u00e9rhet\u0151<\/strong> &#8211; v\u00e1lassza ki kedvenc kombin\u00e1ci\u00f3j\u00e1t<\/li>\n<\/ul>\n<p><img decoding=\"async\" src=\"https:\/\/shop.fizzyvape.com\/wp-content\/uploads\/2025\/09\/FIZZY-Twins-50K-50000-puffs-Flavors--scaled.jpg\" alt=\"FIZZY-Twins-50K-50000-puffs-Flavors\"><\/p>\n<h3>\ud83d\ude9a Sz\u00e1ll\u00edt\u00e1s \u00e9s szerviz<\/h3>\n<ul>\n<li><strong>Gyors sz\u00e1ll\u00edt\u00e1s az eg\u00e9sz EU-ban<\/strong> eur\u00f3pai rakt\u00e1runkb\u00f3l<\/li>\n<li>Gondosan csomagolva a term\u00e9k biztons\u00e1ga \u00e9rdek\u00e9ben<\/li>\n<li><strong>Nagykereskedelmi \u00e9s \u00f6mlesztett rendel\u00e9sek sz\u00edvesen fogadunk<\/strong><\/li>\n<\/ul>\n<h3>GYIK a Fizzy Twins Dual Flavor 50000 Puffs Vape-r\u0151l<\/h3>\n<p><strong>Q1: H\u00e1ny \u00edz van a Fizzy Twins 50,000 Puffsban?<\/strong><br \/>\nV: Minden k\u00e9sz\u00fcl\u00e9k <strong>k\u00e9t \u00edzzel<\/strong> rendelkezik, \u00edgy b\u00e1rmikor v\u00e1lthatsz.<\/p>\n<p><strong>Q2: Mennyi ideig tart?<\/strong><br \/>\nA: Ak\u00e1r <strong>50 000 slukk<\/strong>, ami a szok\u00e1sokt\u00f3l f\u00fcgg\u0151en hetekig tart\u00f3 haszn\u00e1latot biztos\u00edt.<\/p>\n<p><strong>Q3: \u00dajrat\u00f6lthet\u0151 a k\u00e9sz\u00fcl\u00e9k?<\/strong><br \/>\nV: Igen, a Fizzy Twins <strong>USB-C \u00fajrat\u00f6lthet\u0151<\/strong>, \u00edgy az utols\u00f3 slukkig teljes m\u00e9rt\u00e9kben haszn\u00e1lhat\u00f3.<\/p>\n<p><strong>Q4: Miben k\u00fcl\u00f6nb\u00f6zik a Fizzy Twins?<\/strong><br \/>\nA: A hagyom\u00e1nyos eldobhat\u00f3 term\u00e9kekkel ellent\u00e9tben a Fizzy Twins <strong>kett\u0151s \u00edzeket \u00e9s kett\u0151s \u00fczemm\u00f3dot<\/strong> kombin\u00e1l, \u00edgy v\u00e1ltozatoss\u00e1got \u00e9s rugalmass\u00e1got k\u00edn\u00e1l egy eszk\u00f6zben.<\/p>\n<p><strong>Q5: Honnan sz\u00e1ll\u00edtanak?<\/strong><br \/>\nV: Minden megrendel\u00e9st <strong>k\u00f6zvetlen\u00fcl az uni\u00f3s rakt\u00e1runkb\u00f3l<\/strong> sz\u00e1ll\u00edtunk a gyors \u00e9s megb\u00edzhat\u00f3 sz\u00e1ll\u00edt\u00e1s \u00e9rdek\u00e9ben.<\/p>\n","protected":false},"excerpt":{"rendered":"<p>A Fizzy Twins 50000 Puffs <strong data-start=\"181\" data-end=\"247\">kett\u0151s \u00edzvil\u00e1got, \u00fajrat\u00f6lthet\u0151 kialak\u00edt\u00e1st \u00e9s hatalmas puffsz\u00e1mot<\/strong> k\u00edn\u00e1l, \u00edgy k\u00e9t \u00e9lm\u00e9nyt ny\u00fajt egy nagy teljes\u00edtm\u00e9ny\u0171 eszk\u00f6zben.<\/p>\n","protected":false},"featured_media":18950,"comment_status":"open","ping_status":"closed","template":"","meta":[],"product_brand":[],"product_cat":[126],"product_tag":[],"class_list":{"0":"post-25780","1":"product","2":"type-product","3":"status-publish","4":"has-post-thumbnail","6":"product_cat-fizzy-twins-50000-puffs-eldobhato-vape","8":"first","9":"outofstock","10":"sale","11":"shipping-taxable","12":"purchasable","13":"product-type-variable"},"yoast_head":"<!-- This site is optimized with the Yoast SEO Premium plugin v24.8 (Yoast SEO v26.1.1) - https:\/\/yoast.com\/wordpress\/plugins\/seo\/ -->\n<title>Fizzy Twins 50000 Puffs - Kett\u0151s \u00edz\u0171 \u00fajrat\u00f6lthet\u0151 eldobhat\u00f3 vape<\/title>\n<meta name=\"description\" content=\"Tapasztald meg a Fizzy Twins 50000 Puffs dupla \u00edzkapcsol\u00f3val, USB-C \u00fajrat\u00f6lt\u00e9ssel \u00e9s pr\u00e9mium h\u00e1l\u00f3s tekerccsel. Hossz\u00fa \u00e9lettartam\u00fa \u00e9s az EU rakt\u00e1r\u00e1b\u00f3l sz\u00e1ll\u00edtott.\" \/>\n<meta name=\"robots\" content=\"index, follow, max-snippet:-1, max-image-preview:large, max-video-preview:-1\" \/>\n<link rel=\"canonical\" href=\"https:\/\/shop.fizzyvape.com\/hu\/termek\/fizzy-twins-50000-puffs-minden-izben\/\" \/>\n<meta property=\"og:locale\" content=\"hu_HU\" \/>\n<meta property=\"og:type\" content=\"article\" \/>\n<meta property=\"og:title\" content=\"Fizzy Twins 50000 Puffs (Minden \u00edzben)\" \/>\n<meta property=\"og:description\" content=\"Tapasztald meg a Fizzy Twins 50000 Puffs dupla \u00edzkapcsol\u00f3val, USB-C \u00fajrat\u00f6lt\u00e9ssel \u00e9s pr\u00e9mium h\u00e1l\u00f3s tekerccsel. Hossz\u00fa \u00e9lettartam\u00fa \u00e9s az EU rakt\u00e1r\u00e1b\u00f3l sz\u00e1ll\u00edtott.\" \/>\n<meta property=\"og:url\" content=\"https:\/\/shop.fizzyvape.com\/hu\/termek\/fizzy-twins-50000-puffs-minden-izben\/\" \/>\n<meta property=\"og:site_name\" content=\"shop.fizzyvape.com\" \/>\n<meta property=\"og:image\" content=\"https:\/\/shop.fizzyvape.com\/wp-content\/uploads\/2025\/06\/Fizzy-Twins-50000Puffs-4.webp\" \/>\n\t<meta property=\"og:image:width\" content=\"800\" \/>\n\t<meta property=\"og:image:height\" content=\"800\" \/>\n\t<meta property=\"og:image:type\" content=\"image\/webp\" \/>\n<meta name=\"twitter:card\" content=\"summary_large_image\" \/>\n<meta name=\"twitter:label1\" content=\"Becs\u00fclt olvas\u00e1si id\u0151\" \/>\n\t<meta name=\"twitter:data1\" content=\"2 perc\" \/>\n<script type=\"application\/ld+json\" class=\"yoast-schema-graph\">{\"@context\":\"https:\/\/schema.org\",\"@graph\":[{\"@type\":\"WebPage\",\"@id\":\"https:\/\/shop.fizzyvape.com\/hu\/termek\/fizzy-twins-50000-puffs-minden-izben\/\",\"url\":\"https:\/\/shop.fizzyvape.com\/hu\/termek\/fizzy-twins-50000-puffs-minden-izben\/\",\"name\":\"Fizzy Twins 50000 Puffs - Kett\u0151s \u00edz\u0171 \u00fajrat\u00f6lthet\u0151 eldobhat\u00f3 vape\",\"isPartOf\":{\"@id\":\"https:\/\/shop.fizzyvape.com\/hu\/#website\"},\"primaryImageOfPage\":{\"@id\":\"https:\/\/shop.fizzyvape.com\/hu\/termek\/fizzy-twins-50000-puffs-minden-izben\/#primaryimage\"},\"image\":{\"@id\":\"https:\/\/shop.fizzyvape.com\/hu\/termek\/fizzy-twins-50000-puffs-minden-izben\/#primaryimage\"},\"thumbnailUrl\":\"https:\/\/shop.fizzyvape.com\/wp-content\/uploads\/2025\/06\/Fizzy-Twins-50000Puffs-4.webp\",\"datePublished\":\"2025-09-03T09:34:02+00:00\",\"description\":\"Tapasztald meg a Fizzy Twins 50000 Puffs dupla \u00edzkapcsol\u00f3val, USB-C \u00fajrat\u00f6lt\u00e9ssel \u00e9s pr\u00e9mium h\u00e1l\u00f3s tekerccsel. Hossz\u00fa \u00e9lettartam\u00fa \u00e9s az EU rakt\u00e1r\u00e1b\u00f3l sz\u00e1ll\u00edtott.\",\"breadcrumb\":{\"@id\":\"https:\/\/shop.fizzyvape.com\/hu\/termek\/fizzy-twins-50000-puffs-minden-izben\/#breadcrumb\"},\"inLanguage\":\"hu\",\"potentialAction\":[{\"@type\":\"ReadAction\",\"target\":[\"https:\/\/shop.fizzyvape.com\/hu\/termek\/fizzy-twins-50000-puffs-minden-izben\/\"]}]},{\"@type\":\"ImageObject\",\"inLanguage\":\"hu\",\"@id\":\"https:\/\/shop.fizzyvape.com\/hu\/termek\/fizzy-twins-50000-puffs-minden-izben\/#primaryimage\",\"url\":\"https:\/\/shop.fizzyvape.com\/wp-content\/uploads\/2025\/06\/Fizzy-Twins-50000Puffs-4.webp\",\"contentUrl\":\"https:\/\/shop.fizzyvape.com\/wp-content\/uploads\/2025\/06\/Fizzy-Twins-50000Puffs-4.webp\",\"width\":800,\"height\":800,\"caption\":\"Fizzy-Twins-50000Puffs-4.webp\"},{\"@type\":\"BreadcrumbList\",\"@id\":\"https:\/\/shop.fizzyvape.com\/hu\/termek\/fizzy-twins-50000-puffs-minden-izben\/#breadcrumb\",\"itemListElement\":[{\"@type\":\"ListItem\",\"position\":1,\"name\":\"\u9996\u9875\",\"item\":\"https:\/\/shop.fizzyvape.com\/hu\/\"},{\"@type\":\"ListItem\",\"position\":2,\"name\":\"Shop\",\"item\":\"https:\/\/shop.fizzyvape.com\/shop\/\"},{\"@type\":\"ListItem\",\"position\":3,\"name\":\"Fizzy Twins 50000 Puffs (Minden \u00edzben)\"}]},{\"@type\":\"WebSite\",\"@id\":\"https:\/\/shop.fizzyvape.com\/hu\/#website\",\"url\":\"https:\/\/shop.fizzyvape.com\/hu\/\",\"name\":\"shop.fizzyvape.com\",\"description\":\"The Best Disposable Vape In Europe | 10000 - 60000 Puffs  | Free Shipping\",\"potentialAction\":[{\"@type\":\"SearchAction\",\"target\":{\"@type\":\"EntryPoint\",\"urlTemplate\":\"https:\/\/shop.fizzyvape.com\/hu\/?s={search_term_string}\"},\"query-input\":{\"@type\":\"PropertyValueSpecification\",\"valueRequired\":true,\"valueName\":\"search_term_string\"}}],\"inLanguage\":\"hu\"}]}<\/script>\n<!-- \/ Yoast SEO Premium plugin. -->","yoast_head_json":{"title":"Fizzy Twins 50000 Puffs - Kett\u0151s \u00edz\u0171 \u00fajrat\u00f6lthet\u0151 eldobhat\u00f3 vape","description":"Tapasztald meg a Fizzy Twins 50000 Puffs dupla \u00edzkapcsol\u00f3val, USB-C \u00fajrat\u00f6lt\u00e9ssel \u00e9s pr\u00e9mium h\u00e1l\u00f3s tekerccsel. Hossz\u00fa \u00e9lettartam\u00fa \u00e9s az EU rakt\u00e1r\u00e1b\u00f3l sz\u00e1ll\u00edtott.","robots":{"index":"index","follow":"follow","max-snippet":"max-snippet:-1","max-image-preview":"max-image-preview:large","max-video-preview":"max-video-preview:-1"},"canonical":"https:\/\/shop.fizzyvape.com\/hu\/termek\/fizzy-twins-50000-puffs-minden-izben\/","og_locale":"hu_HU","og_type":"article","og_title":"Fizzy Twins 50000 Puffs (Minden \u00edzben)","og_description":"Tapasztald meg a Fizzy Twins 50000 Puffs dupla \u00edzkapcsol\u00f3val, USB-C \u00fajrat\u00f6lt\u00e9ssel \u00e9s pr\u00e9mium h\u00e1l\u00f3s tekerccsel. Hossz\u00fa \u00e9lettartam\u00fa \u00e9s az EU rakt\u00e1r\u00e1b\u00f3l sz\u00e1ll\u00edtott.","og_url":"https:\/\/shop.fizzyvape.com\/hu\/termek\/fizzy-twins-50000-puffs-minden-izben\/","og_site_name":"shop.fizzyvape.com","og_image":[{"width":800,"height":800,"url":"https:\/\/shop.fizzyvape.com\/wp-content\/uploads\/2025\/06\/Fizzy-Twins-50000Puffs-4.webp","type":"image\/webp"}],"twitter_card":"summary_large_image","twitter_misc":{"Becs\u00fclt olvas\u00e1si id\u0151":"2 perc"},"schema":{"@context":"https:\/\/schema.org","@graph":[{"@type":"WebPage","@id":"https:\/\/shop.fizzyvape.com\/hu\/termek\/fizzy-twins-50000-puffs-minden-izben\/","url":"https:\/\/shop.fizzyvape.com\/hu\/termek\/fizzy-twins-50000-puffs-minden-izben\/","name":"Fizzy Twins 50000 Puffs - Kett\u0151s \u00edz\u0171 \u00fajrat\u00f6lthet\u0151 eldobhat\u00f3 vape","isPartOf":{"@id":"https:\/\/shop.fizzyvape.com\/hu\/#website"},"primaryImageOfPage":{"@id":"https:\/\/shop.fizzyvape.com\/hu\/termek\/fizzy-twins-50000-puffs-minden-izben\/#primaryimage"},"image":{"@id":"https:\/\/shop.fizzyvape.com\/hu\/termek\/fizzy-twins-50000-puffs-minden-izben\/#primaryimage"},"thumbnailUrl":"https:\/\/shop.fizzyvape.com\/wp-content\/uploads\/2025\/06\/Fizzy-Twins-50000Puffs-4.webp","datePublished":"2025-09-03T09:34:02+00:00","description":"Tapasztald meg a Fizzy Twins 50000 Puffs dupla \u00edzkapcsol\u00f3val, USB-C \u00fajrat\u00f6lt\u00e9ssel \u00e9s pr\u00e9mium h\u00e1l\u00f3s tekerccsel. Hossz\u00fa \u00e9lettartam\u00fa \u00e9s az EU rakt\u00e1r\u00e1b\u00f3l sz\u00e1ll\u00edtott.","breadcrumb":{"@id":"https:\/\/shop.fizzyvape.com\/hu\/termek\/fizzy-twins-50000-puffs-minden-izben\/#breadcrumb"},"inLanguage":"hu","potentialAction":[{"@type":"ReadAction","target":["https:\/\/shop.fizzyvape.com\/hu\/termek\/fizzy-twins-50000-puffs-minden-izben\/"]}]},{"@type":"ImageObject","inLanguage":"hu","@id":"https:\/\/shop.fizzyvape.com\/hu\/termek\/fizzy-twins-50000-puffs-minden-izben\/#primaryimage","url":"https:\/\/shop.fizzyvape.com\/wp-content\/uploads\/2025\/06\/Fizzy-Twins-50000Puffs-4.webp","contentUrl":"https:\/\/shop.fizzyvape.com\/wp-content\/uploads\/2025\/06\/Fizzy-Twins-50000Puffs-4.webp","width":800,"height":800,"caption":"Fizzy-Twins-50000Puffs-4.webp"},{"@type":"BreadcrumbList","@id":"https:\/\/shop.fizzyvape.com\/hu\/termek\/fizzy-twins-50000-puffs-minden-izben\/#breadcrumb","itemListElement":[{"@type":"ListItem","position":1,"name":"\u9996\u9875","item":"https:\/\/shop.fizzyvape.com\/hu\/"},{"@type":"ListItem","position":2,"name":"Shop","item":"https:\/\/shop.fizzyvape.com\/shop\/"},{"@type":"ListItem","position":3,"name":"Fizzy Twins 50000 Puffs (Minden \u00edzben)"}]},{"@type":"WebSite","@id":"https:\/\/shop.fizzyvape.com\/hu\/#website","url":"https:\/\/shop.fizzyvape.com\/hu\/","name":"shop.fizzyvape.com","description":"The Best Disposable Vape In Europe | 10000 - 60000 Puffs  | Free Shipping","potentialAction":[{"@type":"SearchAction","target":{"@type":"EntryPoint","urlTemplate":"https:\/\/shop.fizzyvape.com\/hu\/?s={search_term_string}"},"query-input":{"@type":"PropertyValueSpecification","valueRequired":true,"valueName":"search_term_string"}}],"inLanguage":"hu"}]}},"tiered_pricing_type":"fixed","tiered_pricing_fixed_rules":[],"tiered_pricing_product_settings":{"layout":"default","base_unit_name":{"singular":null,"plural":null},"default_variation":null},"tiered_pricing_minimum_quantity":null,"tiered_pricing_roles_data":[],"tiered_pricing_percentage_rules":[],"tiered_pricing_maximum_quantity":null,"tiered_pricing_quantity_step":null,"_links":{"self":[{"href":"https:\/\/shop.fizzyvape.com\/hu\/wp-json\/wp\/v2\/product\/25780","targetHints":{"allow":["GET"]}}],"collection":[{"href":"https:\/\/shop.fizzyvape.com\/hu\/wp-json\/wp\/v2\/product"}],"about":[{"href":"https:\/\/shop.fizzyvape.com\/hu\/wp-json\/wp\/v2\/types\/product"}],"replies":[{"embeddable":true,"href":"https:\/\/shop.fizzyvape.com\/hu\/wp-json\/wp\/v2\/comments?post=25780"}],"version-history":[{"count":0,"href":"https:\/\/shop.fizzyvape.com\/hu\/wp-json\/wp\/v2\/product\/25780\/revisions"}],"wp:featuredmedia":[{"embeddable":true,"href":"https:\/\/shop.fizzyvape.com\/hu\/wp-json\/wp\/v2\/media\/18950"}],"wp:attachment":[{"href":"https:\/\/shop.fizzyvape.com\/hu\/wp-json\/wp\/v2\/media?parent=25780"}],"wp:term":[{"taxonomy":"product_brand","embeddable":true,"href":"https:\/\/shop.fizzyvape.com\/hu\/wp-json\/wp\/v2\/product_brand?post=25780"},{"taxonomy":"product_cat","embeddable":true,"href":"https:\/\/shop.fizzyvape.com\/hu\/wp-json\/wp\/v2\/product_cat?post=25780"},{"taxonomy":"product_tag","embeddable":true,"href":"https:\/\/shop.fizzyvape.com\/hu\/wp-json\/wp\/v2\/product_tag?post=25780"}],"curies":[{"name":"wp","href":"https:\/\/api.w.org\/{rel}","templated":true}]}}