{"id":26788,"date":"2025-09-30T09:32:16","date_gmt":"2025-09-30T09:32:16","guid":{"rendered":"https:\/\/shop.fizzyvape.com\/product\/fizzy-twins-dual-flavor-50k-50000-puffs-ujratoltheto-eldobhato-vape-nagykereskedelem\/"},"modified":"2025-12-20T03:30:11","modified_gmt":"2025-12-20T03:30:11","slug":"fizzy-twins-dual-flavor-50k-50000-puffs-ujratoltheto-eldobhato-vape-nagykereskedelem","status":"publish","type":"product","link":"https:\/\/shop.fizzyvape.com\/hu\/termek\/fizzy-twins-dual-flavor-50k-50000-puffs-ujratoltheto-eldobhato-vape-nagykereskedelem\/","title":{"rendered":"Fizzy Twins Dual Flavor 50k 50000 Puffs \u00fajrat\u00f6lthet\u0151 eldobhat\u00f3 Vape nagykereskedelem"},"content":{"rendered":"<div>\n<div style=\"width: 853px;\" class=\"wp-video\"><!--[if lt IE 9]><script>document.createElement('video');<\/script><![endif]-->\n<video class=\"wp-video-shortcode\" id=\"video-26788-1\" width=\"853\" height=\"480\" preload=\"metadata\" controls=\"controls\"><source type=\"video\/mp4\" src=\"https:\/\/shop.fizzyvape.com\/wp-content\/uploads\/2025\/06\/Fizzy-Twins-50000-Puffs-Disposable-Vape.mp4?_=1\" \/><a href=\"https:\/\/shop.fizzyvape.com\/wp-content\/uploads\/2025\/06\/Fizzy-Twins-50000-Puffs-Disposable-Vape.mp4\">https:\/\/shop.fizzyvape.com\/wp-content\/uploads\/2025\/06\/Fizzy-Twins-50000-Puffs-Disposable-Vape.mp4<\/a><\/video><\/div>\n<h1>Fizzy Twins Dual Flavor 50000 Puffs \u00fajrat\u00f6lthet\u0151 eldobhat\u00f3 Vape nagykereskedelem<\/h1>\n<p><!-- Short Intro --><\/p>\n<p><strong>A Fizzy Twins 50000 Puffs<\/strong> egy innovat\u00edv <em>kett\u0151s \u00edzv\u00e1lt\u00f3 \u00fczemm\u00f3dot<\/em> vezet be, amely a p\u00e1rol\u00f3k sz\u00e1m\u00e1ra biztos\u00edtja a szabads\u00e1got, hogy k\u00e9t izgalmas \u00edzt \u00e9lvezhessenek egy k\u00e9sz\u00fcl\u00e9kben. A massz\u00edv <strong>50 000 puff<\/strong>, az \u00fajrat\u00f6lthet\u0151 kialak\u00edt\u00e1s \u00e9s a kett\u0151s \u00fczemm\u00f3d\u00fa funkcionalit\u00e1s r\u00e9v\u00e9n ez a k\u00e9sz\u00fcl\u00e9k t\u00f6k\u00e9letes a kiskeresked\u0151k \u00e9s a nagykeresked\u0151k sz\u00e1m\u00e1ra, akik a k\u00fcl\u00f6nb\u00f6z\u0151 v\u00e1s\u00e1rl\u00f3i preferenci\u00e1kat szeretn\u00e9k kiel\u00e9g\u00edteni. <\/p>\n<p><!-- Key Features --><\/p>\n<h2>F\u0151 jellemz\u0151k<\/h2>\n<ul>\n<li><strong>50,000 Puffs<\/strong> &#8211; Kiterjesztett haszn\u00e1lat nagy kapacit\u00e1s\u00fa teljes\u00edtm\u00e9ny mellett.<\/li>\n<li><strong>Dual Flavor Technology<\/strong> &#8211; V\u00e1ltson k\u00e9t \u00edz k\u00f6z\u00f6tt egy k\u00e9sz\u00fcl\u00e9kben.<\/li>\n<li><strong>\u00dajrat\u00f6lthet\u0151 kialak\u00edt\u00e1s<\/strong> &#8211; A Type-C t\u00f6lt\u00e9s biztos\u00edtja az egyenletes teljes\u00edtm\u00e9nyt.<\/li>\n<li><strong>Pr\u00e9mium h\u00e1l\u00f3s tekercs<\/strong> &#8211; Sima \u00e9s gazdag \u00edzkihord\u00e1s.<\/li>\n<li><strong>Nagykereskedelemre k\u00e9sz<\/strong> &#8211; Optimaliz\u00e1lva a stabil ell\u00e1t\u00e1st biztos\u00edt\u00f3 t\u00f6meges megrendel\u00e9sekhez.<\/li>\n<\/ul>\n<p><img decoding=\"async\" src=\"https:\/\/shop.fizzyvape.com\/wp-content\/uploads\/2025\/09\/FIZZY-Twins-50K-50000-puffs-Flavors--scaled.jpg\" alt=\"Fizzy-Twins-Dual-Flavor-50k-50000-Puffs-\u00fajrat\u00f6lthet\u0151 eldobhat\u00f3-vape-nagykereskedelem\"><\/p>\n<h3>Mi\u00e9rt v\u00e1lassza a <strong>Fizzy Twins Dual Flavor 50000 Puffot<\/strong>?<\/h3>\n<p>\ud83c\udfaf <strong>Dual Flavor Switch<\/strong> &#8211; \u00c9lvezze a k\u00e9t \u00edzt egy k\u00e9sz\u00fcl\u00e9kben az innovat\u00edv \u00edzv\u00e1lt\u00f3 kialak\u00edt\u00e1ssal.<br \/>\n\ud83d\ude80 <strong>Hatalmas kapacit\u00e1s<\/strong> &#8211; Ak\u00e1r <strong>50.000 puffol\u00e1s<\/strong> eszk\u00f6z\u00f6nk\u00e9nt, t\u00f6k\u00e9letes a hosszan tart\u00f3 munkamenetekhez.<br \/>\n\ud83d\udd0b <strong>\u00dajrat\u00f6lthet\u0151 akkumul\u00e1tor<\/strong> &#8211; a C t\u00edpus\u00fa t\u00f6lt\u00e9s biztos\u00edtja minden egyes puff teljes kihaszn\u00e1l\u00e1s\u00e1t<br \/>\n\ud83c\udf2c\ufe0f <strong>Mesh Coil technol\u00f3gia<\/strong> &#8211; Sima, gazdag \u00e9s egyenletes g\u0151zfelh\u0151ket biztos\u00edt.<br \/>\n\ud83c\udf47 S <strong>z\u00e9les \u00edzkombin\u00e1ci\u00f3k<\/strong> &#8211; Gy\u00fcm\u00f6lcs\u00f6s, jeges, italos \u00e9s kever\u00e9si lehet\u0151s\u00e9gek \u00e1llnak rendelkez\u00e9sre.<br \/>\n\ud83d\udee1\ufe0f <strong>Garant\u00e1lt eredetis\u00e9g<\/strong> &#8211; 100% val\u00f3di Fizzy Vape term\u00e9kek, Eur\u00f3p\u00e1b\u00f3l sz\u00e1ll\u00edtva.<br \/>\n\ud83d\udcb0 <strong>Nagykereskedelmi el\u0151ny<\/strong> &#8211; Stabil k\u00edn\u00e1lat, nagy mennyis\u00e9g\u0171 \u00e1rengedm\u00e9ny \u00e9s viszontelad\u00f3bar\u00e1t \u00e1rr\u00e9s <\/p>\n<h3>Nagykereskedelmi el\u0151ny\u00f6k<\/h3>\n<p>\ud83d\udce6 Rugalmas \u00f6mlesztett mennyis\u00e9gek (30 db-t\u00f3l kezdve)<br \/>\n\ud83d\ude9a Gyors sz\u00e1ll\u00edt\u00e1s k\u00f6zvetlen\u00fcl az eur\u00f3pai rakt\u00e1rakb\u00f3l<br \/>\n\ud83d\udd12 Garant\u00e1ltan hiteles Fizzy Vape term\u00e9kek nyomon k\u00f6vethet\u0151 ell\u00e1t\u00e1ssal<br \/>\n\ud83d\udcb8 Versenyk\u00e9pes \u00e1rk\u00e9pz\u00e9si szintek a viszontelad\u00f3i nyeres\u00e9g maximaliz\u00e1l\u00e1sa \u00e9rdek\u00e9ben<br \/>\n\ud83c\udf0d Nagykereskedelmi lefedetts\u00e9g Eur\u00f3pa-szerte, bele\u00e9rtve Spanyolorsz\u00e1got, Franciaorsz\u00e1got, N\u00e9metorsz\u00e1got, Magyarorsz\u00e1got \u00e9s m\u00e1s orsz\u00e1gokat is<\/p>\n<h3>T\u00f6k\u00e9letes<\/h3>\n<p><span style=\"color: #785ec8;\">\u2714 <\/span>Vape \u00fczletek keresnek nagy kereslet\u0171 term\u00e9keket<br \/>\n<span style=\"color: #785ec8;\">\u2714<\/span> Az online vape kiskeresked\u0151k b\u0151v\u00edtik katal\u00f3gusukat<br \/>\n<span style=\"color: #785ec8;\">\u2714<\/span> T\u00f6bb piacot kiszolg\u00e1l\u00f3 nagykeresked\u0151k \u00e9s forgalmaz\u00f3k<br \/>\n<span style=\"color: #785ec8;\">\u2714<\/span> K\u00e9nyelmi \u00fczletek \u00e9s viszontelad\u00f3k keresik a legkelend\u0151bb eszk\u00f6z\u00f6ket<\/p>\n<h3>Nikotin er\u0151ss\u00e9gek<\/h3>\n<ul>\n<li><strong>2% (20mg\/mL)<\/strong> &#8211; Sima \u00e9s \u00edzletes a mindennapi haszn\u00e1latra.<\/li>\n<li><strong>5% (50mg\/mL)<\/strong> &#8211; Er\u0151sebb torok\u00fct\u00e9s \u00e9s m\u00e9lyebb el\u00e9gedetts\u00e9g.<\/li>\n<\/ul>\n<\/div>\n<div>\n<h3>M\u0171szaki adatok<\/h3>\n<table style=\"height: 449px;\" width=\"1340\">\n<tbody>\n<tr>\n<td>Puffok<\/td>\n<td>\n  <strong>50000+ Puffs<\/strong>\n<\/td>\n<\/tr>\n<tr>\n<td>E-folyad\u00e9k kapacit\u00e1s<\/td>\n<td>\n  <strong>50mL (25mL \u00edzenk\u00e9nt)<\/strong>\n<\/td>\n<\/tr>\n<tr>\n<td>Az akkumul\u00e1tor kapacit\u00e1sa<\/td>\n<td>\n  <strong>850mAh<\/strong>\n<\/td>\n<\/tr>\n<tr>\n<td>M\u00e9ret<\/td>\n<td>\n  <strong>55.9*27.3*119.8mm<\/strong>\n<\/td>\n<\/tr>\n<tr>\n<td>Eldobhat\u00f3 vagy sem<\/td>\n<td>\n  <strong>Eldobhat\u00f3<\/strong>\n<\/td>\n<\/tr>\n<tr>\n<td>\u00c1ll\u00edthat\u00f3 teljes\u00edtm\u00e9ny<\/td>\n<td>\n  <strong>IGEN<\/strong>\n<\/td>\n<\/tr>\n<tr>\n<td>Aktiv\u00e1l\u00e1si m\u00f3dszer<\/td>\n<td>\n  <strong>\u00c9rz\u00e9kel\u0151<\/strong>\n<\/td>\n<\/tr>\n<tr>\n<td>Anyag<\/td>\n<td>\n  <strong>PCTG<\/strong>\n<\/td>\n<\/tr>\n<tr>\n<td>Nikotin szint<\/td>\n<td>\n  <strong>2% (20mg\/l) \u00e9s 5% (50mg\/l)<\/strong>\n<\/td>\n<\/tr>\n<tr>\n<td>\u00cdzek<\/td>\n<td>\n  <strong>12<\/strong>\n<\/td>\n<\/tr>\n<tr>\n<td>T\u00f6lt\u00e9si id\u0151<\/td>\n<td>\n  <strong>2 \u00f3ra<\/strong>\n<\/td>\n<\/tr>\n<tr>\n<td>T\u00e1rol\u00e1s<\/td>\n<td>\n  <strong>Ker\u00fclje a magas h\u0151m\u00e9rs\u00e9klet\u0171 k\u00f6rnyezetet, \u00e9s h\u0171v\u00f6s, sz\u00e1raz helyen t\u00e1rolja.<\/strong>\n<\/td>\n<\/tr>\n<tr>\n<td>Haszn\u00e1lat\u00e1t\u00f3l eltiltott szem\u00e9lyek<\/td>\n<td>\n  <strong>Kiskor\u00faak, terhes n\u0151k \u00e9s a term\u00e9k \u00f6sszetev\u0151ire allergi\u00e1s szem\u00e9lyek.<\/strong>\n<\/td>\n<\/tr>\n<tr>\n<td>Vigy\u00e1zat<\/td>\n<td><strong>Ne nyelje le ezt az anyagot. Ha lenyelte, azonnal \u00e9s alaposan \u00f6bl\u00edtse ki a sz\u00e1j\u00e1t. Ha rosszul \u00e9rzi mag\u00e1t, forduljon orvoshoz.  <\/strong><\/td>\n<\/tr>\n<\/tbody>\n<\/table>\n<h3><strong>Fizzy Twins <\/strong>50000 Dual Flavor Puffs \u00cdzek list\u00e1ja:<\/h3>\n<ol>\n<li><a href=\"https:\/\/shop.fizzyvape.com\/hu\/termek\/fizzy-twins-gorogdinnye-jeg-es-eper-kiwi-50000-puffs-eldobhato-vape\/\">G\u00f6r\u00f6gdinnye j\u00e9g \u00e9s eper kiwi<\/a><\/li>\n<li><a href=\"https:\/\/shop.fizzyvape.com\/hu\/termek\/fizzy-twins-strawberry-kiwi-pomegranate-red-bull-50000-puffs-eldobhato-vape\/\">Eper-kiwi gr\u00e1n\u00e1talma &amp; Red Bull<\/a><\/li>\n<li><a href=\"https:\/\/shop.fizzyvape.com\/hu\/termek\/fizzy-twins-blueberry-coconut-grape-ice-50000-puffs-eldobhato-vape\/\">\u00c1fonya k\u00f3kusz \u00e9s sz\u0151l\u0151 j\u00e9g<\/a><\/li>\n<li><a href=\"https:\/\/shop.fizzyvape.com\/hu\/termek\/fizzy-twins-blue-razz-lemonade-triple-melon-50000-puffs-eldobhato-vape\/\">K\u00e9k Razz limon\u00e1d\u00e9 \u00e9s tripla dinnye<\/a><\/li>\n<li><a href=\"https:\/\/shop.fizzyvape.com\/hu\/termek\/fizzy-twins-eper-gorogdinnye-es-afonya-jeg-50000-puffs-eldobhato-vape\/\">Eper g\u00f6r\u00f6gdinnye \u00e9s \u00e1fonya j\u00e9g<\/a><\/li>\n<li><a href=\"https:\/\/shop.fizzyvape.com\/hu\/termek\/fizzy-twins-peach-mango-watermelon-strawberry-banana-50000-puffs-eldobhato-vape\/\">\u0150szibarack Mang\u00f3 g\u00f6r\u00f6gdinnye \u00e9s eper ban\u00e1n<\/a><\/li>\n<li><a href=\"https:\/\/shop.fizzyvape.com\/hu\/termek\/fizzy-twins-malna-gorogdinnye-es-kiwi-golgotavirag-guava-50000-puff-eldobhato-vape\/\">M\u00e1lna G\u00f6r\u00f6gdinnye \u00e9s Kiwi Golgotavir\u00e1g Guava<\/a><\/li>\n<li><a href=\"https:\/\/shop.fizzyvape.com\/hu\/termek\/fizzy-twins-ananasz-barack-maracuja-es-afonya-malna-50000-puffs-eldobhato-vape\/\">Anan\u00e1sz \u0150szibarack Maracuja &amp; \u00c1fonya M\u00e1lna<\/a><\/li>\n<li><a href=\"https:\/\/shop.fizzyvape.com\/hu\/termek\/fizzy-twins-watermelon-ice-lemon-lime-50000-puffs-eldobhato-vape\/\">G\u00f6r\u00f6gdinnye j\u00e9g \u00e9s citromos lime<\/a><\/li>\n<li><a href=\"https:\/\/shop.fizzyvape.com\/hu\/termek\/fizzy-twins-mixed-berry-peach-ice-50000-puffs-eldobhato-vape\/\">Vegyes bogy\u00f3s gy\u00fcm\u00f6lcs \u00e9s barack j\u00e9g<\/a><\/li>\n<li><a href=\"https:\/\/shop.fizzyvape.com\/hu\/termek\/fizzy-twins-strawberry-ice-fizzy-cherry-50000-puffs-eldobhato-vape\/\">Eper j\u00e9g \u00e9s pezsg\u0151 cseresznye<\/a><\/li>\n<li><a href=\"https:\/\/shop.fizzyvape.com\/hu\/termek\/fizzy-twins-malna-limonade-es-eper-jeg-50000-puffs-eldobhato-vape\/\">M\u00e1lna limon\u00e1d\u00e9 \u00e9s eper j\u00e9g<\/a><\/li>\n<\/ol>\n<h3 data-start=\"101\" data-end=\"123\">V\u00e1s\u00e1rl\u00f3i v\u00e9lem\u00e9nyek<\/h3>\n<p data-start=\"125\" data-end=\"270\">\u2b50\ufe0f\u2b50\ufe0f\u2b50\ufe0f\u2b50\ufe0f\u2b50\ufe0f<br data-start=\"135\" data-end=\"138\">&#8220;A kett\u0151s \u00edzek megv\u00e1ltoztatj\u00e1k a j\u00e1t\u00e9kot! A boltom \u00fcgyfelei szeretnek egy k\u00e9sz\u00fcl\u00e9kben k\u00e9t \u00edz k\u00f6z\u00f6tt v\u00e1ltani.&#8221; &#8211; Marco (olasz kiskeresked\u0151)<\/p>\n<p data-start=\"272\" data-end=\"405\">\u2b50\ufe0f\u2b50\ufe0f\u2b50\ufe0f\u2b50\ufe0f\u2b50\ufe0f<br data-start=\"282\" data-end=\"285\">&#8220;50.000 puff plusz \u00fajrat\u00f6lthet\u0151 akkumul\u00e1tor teszi ezt a legj\u00f6vedelmez\u0151bb nagykereskedelmi term\u00e9k\u00fcnkk\u00e9.&#8221; &#8211; Anna (lengyelorsz\u00e1gi forgalmaz\u00f3)<\/p>\n<p data-start=\"407\" data-end=\"531\">\u2b50\ufe0f\u2b50\ufe0f\u2b50\ufe0f\u2b50\ufe0f\u2b50\ufe0f<br data-start=\"417\" data-end=\"420\">&#8220;Megb\u00edzhat\u00f3 uni\u00f3s sz\u00e1ll\u00edt\u00e1s, hiteles Fizzy min\u0151s\u00e9g, \u00e9s az \u00fcgyfeleim minden h\u00e9ten \u00fajra rendelnek.&#8221; &#8211; Luis (spanyol nagykeresked\u0151)<\/p>\n<h3>GYIK a Fizzy Twins Dual Flavor 50000 Puffs Vape-r\u0151l<\/h3>\n<div class=\"fv-faq\">\n<h4>1. Hogyan m\u0171k\u00f6dik a kett\u0151s \u00edzes\u00edt\u00e9s\u0171 \u00fczemm\u00f3d?<\/h4>\n<p>A Fizzy Twins lehet\u0151v\u00e9 teszi a felhaszn\u00e1l\u00f3k sz\u00e1m\u00e1ra, hogy egy eszk\u00f6z\u00f6n bel\u00fcl k\u00e9t k\u00fcl\u00f6nb\u00f6z\u0151 \u00edz k\u00f6z\u00f6tt v\u00e1ltsanak, \u00edgy t\u00f6bb v\u00e1ltozatoss\u00e1got \u00e9s k\u00e9nyelmet k\u00edn\u00e1lnak a hagyom\u00e1nyos eldobhat\u00f3 p\u00e1rologtat\u00f3khoz k\u00e9pest.<\/p>\n<h4>2. \u00dajrat\u00f6lthet\u0151 a k\u00e9sz\u00fcl\u00e9k?<\/h4>\n<p>Igen, a Fizzy Twins 50k C t\u00edpus\u00fa t\u00f6lt\u0151porttal rendelkezik, amely biztos\u00edtja, hogy a felhaszn\u00e1l\u00f3k teljes m\u00e9rt\u00e9kben \u00e9lvezhess\u00e9k a maxim\u00e1lis 50 000 puffot.<\/p>\n<h4>3. Milyen nikotin er\u0151ss\u00e9g\u0171ek kaphat\u00f3k?<\/h4>\n<p>A k\u00fcl\u00f6nb\u00f6z\u0151 piaci ig\u00e9nyek kiel\u00e9g\u00edt\u00e9s\u00e9re 2%-os \u00e9s 5%-os nikotinos opci\u00f3kat k\u00edn\u00e1lunk.<\/p>\n<h4>4. Megrendelhetem nagy t\u00e9telben a nagykereskedelmi \u00e1rut?<\/h4>\n<p>Abszol\u00fat! Nagykereskedelmi \u00e1rszinteket biztos\u00edtunk 30 darabt\u00f3l kezd\u0151d\u0151 megrendel\u00e9sekhez, nagyobb mennyis\u00e9g eset\u00e9n pedig vonz\u00f3 \u00e1rengedm\u00e9nyeket adunk. <\/p>\n<h4>5. Milyen gyors a sz\u00e1ll\u00edt\u00e1s Eur\u00f3p\u00e1ban?<\/h4>\n<p>Minden megrendel\u00e9s k\u00f6zvetlen\u00fcl eur\u00f3pai rakt\u00e1runkb\u00f3l \u00e9rkezik, gyors \u00e9s megb\u00edzhat\u00f3 sz\u00e1ll\u00edt\u00e1ssal.<\/p>\n<\/div>\n<\/div>\n","protected":false},"excerpt":{"rendered":"[html_block id=\"27288\"]\n","protected":false},"featured_media":18962,"comment_status":"open","ping_status":"closed","template":"","meta":[],"product_brand":[],"product_cat":[193,134,242,148],"product_tag":[],"class_list":{"0":"post-26788","1":"product","2":"type-product","3":"status-publish","4":"has-post-thumbnail","6":"product_cat-fizzy-twins-50k-puffs-nagykereskedelem","7":"product_cat-eldobhato-vape-nagykereskedelem-online","8":"product_cat-fizzy-hivatalos-eldobhato-ujratoltheto-elektronikus-cigaretta-nagykereskedo-es-beszallito","9":"product_cat-ujratoltheto-eldobhato-vape","11":"first","12":"instock","13":"shipping-taxable","14":"product-type-simple"},"yoast_head":"<!-- This site is optimized with the Yoast SEO Premium plugin v24.8 (Yoast SEO v27.4) - https:\/\/yoast.com\/product\/yoast-seo-premium-wordpress\/ -->\n<title>Fizzy Twins 50000 Puffs Eldobhat\u00f3 Vape Nagykeresked\u00e9s EU<\/title>\n<meta name=\"description\" content=\"Shop Fizzy Twins Dual Flavor 50000 Puffs \u00fajrat\u00f6lthet\u0151 eldobhat\u00f3 vape. Nagykereskedelmi \u00e1rak, EU rakt\u00e1ri sz\u00e1ll\u00edt\u00e1s, t\u00f6k\u00e9letes \u00fczleteknek \u00e9s viszontelad\u00f3knak.\" \/>\n<meta name=\"robots\" content=\"index, follow, max-snippet:-1, max-image-preview:large, max-video-preview:-1\" \/>\n<link rel=\"canonical\" href=\"https:\/\/shop.fizzyvape.com\/hu\/termek\/fizzy-twins-dual-flavor-50k-50000-puffs-ujratoltheto-eldobhato-vape-nagykereskedelem\/\" \/>\n<meta property=\"og:locale\" content=\"hu_HU\" \/>\n<meta property=\"og:type\" content=\"article\" \/>\n<meta property=\"og:title\" content=\"Fizzy Twins Dual Flavor 50k 50000 Puffs \u00fajrat\u00f6lthet\u0151 eldobhat\u00f3 Vape nagykereskedelem\" \/>\n<meta property=\"og:description\" content=\"Shop Fizzy Twins Dual Flavor 50000 Puffs \u00fajrat\u00f6lthet\u0151 eldobhat\u00f3 vape. Nagykereskedelmi \u00e1rak, EU rakt\u00e1ri sz\u00e1ll\u00edt\u00e1s, t\u00f6k\u00e9letes \u00fczleteknek \u00e9s viszontelad\u00f3knak.\" \/>\n<meta property=\"og:url\" content=\"https:\/\/shop.fizzyvape.com\/hu\/termek\/fizzy-twins-dual-flavor-50k-50000-puffs-ujratoltheto-eldobhato-vape-nagykereskedelem\/\" \/>\n<meta property=\"og:site_name\" content=\"shop.fizzyvape.com\" \/>\n<meta property=\"article:modified_time\" content=\"2025-12-20T03:30:11+00:00\" \/>\n<meta property=\"og:image\" content=\"https:\/\/shop.fizzyvape.com\/wp-content\/uploads\/2025\/06\/Fizzy-Twins-50000Puffs-2-1.webp\" \/>\n\t<meta property=\"og:image:width\" content=\"800\" \/>\n\t<meta property=\"og:image:height\" content=\"800\" \/>\n\t<meta property=\"og:image:type\" content=\"image\/webp\" \/>\n<meta name=\"twitter:card\" content=\"summary_large_image\" \/>\n<meta name=\"twitter:label1\" content=\"Becs\u00fclt olvas\u00e1si id\u0151\" \/>\n\t<meta name=\"twitter:data1\" content=\"4 perc\" \/>\n<script type=\"application\/ld+json\" class=\"yoast-schema-graph\">{\"@context\":\"https:\\\/\\\/schema.org\",\"@graph\":[{\"@type\":\"WebPage\",\"@id\":\"https:\\\/\\\/shop.fizzyvape.com\\\/hu\\\/termek\\\/fizzy-twins-dual-flavor-50k-50000-puffs-ujratoltheto-eldobhato-vape-nagykereskedelem\\\/\",\"url\":\"https:\\\/\\\/shop.fizzyvape.com\\\/hu\\\/termek\\\/fizzy-twins-dual-flavor-50k-50000-puffs-ujratoltheto-eldobhato-vape-nagykereskedelem\\\/\",\"name\":\"Fizzy Twins 50000 Puffs Eldobhat\u00f3 Vape Nagykeresked\u00e9s EU\",\"isPartOf\":{\"@id\":\"https:\\\/\\\/shop.fizzyvape.com\\\/hu\\\/#website\"},\"primaryImageOfPage\":{\"@id\":\"https:\\\/\\\/shop.fizzyvape.com\\\/hu\\\/termek\\\/fizzy-twins-dual-flavor-50k-50000-puffs-ujratoltheto-eldobhato-vape-nagykereskedelem\\\/#primaryimage\"},\"image\":{\"@id\":\"https:\\\/\\\/shop.fizzyvape.com\\\/hu\\\/termek\\\/fizzy-twins-dual-flavor-50k-50000-puffs-ujratoltheto-eldobhato-vape-nagykereskedelem\\\/#primaryimage\"},\"thumbnailUrl\":\"https:\\\/\\\/shop.fizzyvape.com\\\/wp-content\\\/uploads\\\/2025\\\/06\\\/Fizzy-Twins-50000Puffs-2-1.webp\",\"datePublished\":\"2025-09-30T09:32:16+00:00\",\"dateModified\":\"2025-12-20T03:30:11+00:00\",\"description\":\"Shop Fizzy Twins Dual Flavor 50000 Puffs \u00fajrat\u00f6lthet\u0151 eldobhat\u00f3 vape. Nagykereskedelmi \u00e1rak, EU rakt\u00e1ri sz\u00e1ll\u00edt\u00e1s, t\u00f6k\u00e9letes \u00fczleteknek \u00e9s viszontelad\u00f3knak.\",\"breadcrumb\":{\"@id\":\"https:\\\/\\\/shop.fizzyvape.com\\\/hu\\\/termek\\\/fizzy-twins-dual-flavor-50k-50000-puffs-ujratoltheto-eldobhato-vape-nagykereskedelem\\\/#breadcrumb\"},\"inLanguage\":\"hu\",\"potentialAction\":[{\"@type\":\"ReadAction\",\"target\":[\"https:\\\/\\\/shop.fizzyvape.com\\\/hu\\\/termek\\\/fizzy-twins-dual-flavor-50k-50000-puffs-ujratoltheto-eldobhato-vape-nagykereskedelem\\\/\"]}]},{\"@type\":\"ImageObject\",\"inLanguage\":\"hu\",\"@id\":\"https:\\\/\\\/shop.fizzyvape.com\\\/hu\\\/termek\\\/fizzy-twins-dual-flavor-50k-50000-puffs-ujratoltheto-eldobhato-vape-nagykereskedelem\\\/#primaryimage\",\"url\":\"https:\\\/\\\/shop.fizzyvape.com\\\/wp-content\\\/uploads\\\/2025\\\/06\\\/Fizzy-Twins-50000Puffs-2-1.webp\",\"contentUrl\":\"https:\\\/\\\/shop.fizzyvape.com\\\/wp-content\\\/uploads\\\/2025\\\/06\\\/Fizzy-Twins-50000Puffs-2-1.webp\",\"width\":800,\"height\":800},{\"@type\":\"BreadcrumbList\",\"@id\":\"https:\\\/\\\/shop.fizzyvape.com\\\/hu\\\/termek\\\/fizzy-twins-dual-flavor-50k-50000-puffs-ujratoltheto-eldobhato-vape-nagykereskedelem\\\/#breadcrumb\",\"itemListElement\":[{\"@type\":\"ListItem\",\"position\":1,\"name\":\"\u9996\u9875\",\"item\":\"https:\\\/\\\/shop.fizzyvape.com\\\/hu\\\/\"},{\"@type\":\"ListItem\",\"position\":2,\"name\":\"Shop\",\"item\":\"https:\\\/\\\/shop.fizzyvape.com\\\/shop\\\/\"},{\"@type\":\"ListItem\",\"position\":3,\"name\":\"Fizzy Twins Dual Flavor 50k 50000 Puffs \u00fajrat\u00f6lthet\u0151 eldobhat\u00f3 Vape nagykereskedelem\"}]},{\"@type\":\"WebSite\",\"@id\":\"https:\\\/\\\/shop.fizzyvape.com\\\/hu\\\/#website\",\"url\":\"https:\\\/\\\/shop.fizzyvape.com\\\/hu\\\/\",\"name\":\"shop.fizzyvape.com\",\"description\":\"The Best Disposable Vape In Europe | 10000 - 60000 Puffs  | Free Shipping\",\"potentialAction\":[{\"@type\":\"SearchAction\",\"target\":{\"@type\":\"EntryPoint\",\"urlTemplate\":\"https:\\\/\\\/shop.fizzyvape.com\\\/hu\\\/?s={search_term_string}\"},\"query-input\":{\"@type\":\"PropertyValueSpecification\",\"valueRequired\":true,\"valueName\":\"search_term_string\"}}],\"inLanguage\":\"hu\"}]}<\/script>\n<!-- \/ Yoast SEO Premium plugin. -->","yoast_head_json":{"title":"Fizzy Twins 50000 Puffs Eldobhat\u00f3 Vape Nagykeresked\u00e9s EU","description":"Shop Fizzy Twins Dual Flavor 50000 Puffs \u00fajrat\u00f6lthet\u0151 eldobhat\u00f3 vape. Nagykereskedelmi \u00e1rak, EU rakt\u00e1ri sz\u00e1ll\u00edt\u00e1s, t\u00f6k\u00e9letes \u00fczleteknek \u00e9s viszontelad\u00f3knak.","robots":{"index":"index","follow":"follow","max-snippet":"max-snippet:-1","max-image-preview":"max-image-preview:large","max-video-preview":"max-video-preview:-1"},"canonical":"https:\/\/shop.fizzyvape.com\/hu\/termek\/fizzy-twins-dual-flavor-50k-50000-puffs-ujratoltheto-eldobhato-vape-nagykereskedelem\/","og_locale":"hu_HU","og_type":"article","og_title":"Fizzy Twins Dual Flavor 50k 50000 Puffs \u00fajrat\u00f6lthet\u0151 eldobhat\u00f3 Vape nagykereskedelem","og_description":"Shop Fizzy Twins Dual Flavor 50000 Puffs \u00fajrat\u00f6lthet\u0151 eldobhat\u00f3 vape. Nagykereskedelmi \u00e1rak, EU rakt\u00e1ri sz\u00e1ll\u00edt\u00e1s, t\u00f6k\u00e9letes \u00fczleteknek \u00e9s viszontelad\u00f3knak.","og_url":"https:\/\/shop.fizzyvape.com\/hu\/termek\/fizzy-twins-dual-flavor-50k-50000-puffs-ujratoltheto-eldobhato-vape-nagykereskedelem\/","og_site_name":"shop.fizzyvape.com","article_modified_time":"2025-12-20T03:30:11+00:00","og_image":[{"width":800,"height":800,"url":"https:\/\/shop.fizzyvape.com\/wp-content\/uploads\/2025\/06\/Fizzy-Twins-50000Puffs-2-1.webp","type":"image\/webp"}],"twitter_card":"summary_large_image","twitter_misc":{"Becs\u00fclt olvas\u00e1si id\u0151":"4 perc"},"schema":{"@context":"https:\/\/schema.org","@graph":[{"@type":"WebPage","@id":"https:\/\/shop.fizzyvape.com\/hu\/termek\/fizzy-twins-dual-flavor-50k-50000-puffs-ujratoltheto-eldobhato-vape-nagykereskedelem\/","url":"https:\/\/shop.fizzyvape.com\/hu\/termek\/fizzy-twins-dual-flavor-50k-50000-puffs-ujratoltheto-eldobhato-vape-nagykereskedelem\/","name":"Fizzy Twins 50000 Puffs Eldobhat\u00f3 Vape Nagykeresked\u00e9s EU","isPartOf":{"@id":"https:\/\/shop.fizzyvape.com\/hu\/#website"},"primaryImageOfPage":{"@id":"https:\/\/shop.fizzyvape.com\/hu\/termek\/fizzy-twins-dual-flavor-50k-50000-puffs-ujratoltheto-eldobhato-vape-nagykereskedelem\/#primaryimage"},"image":{"@id":"https:\/\/shop.fizzyvape.com\/hu\/termek\/fizzy-twins-dual-flavor-50k-50000-puffs-ujratoltheto-eldobhato-vape-nagykereskedelem\/#primaryimage"},"thumbnailUrl":"https:\/\/shop.fizzyvape.com\/wp-content\/uploads\/2025\/06\/Fizzy-Twins-50000Puffs-2-1.webp","datePublished":"2025-09-30T09:32:16+00:00","dateModified":"2025-12-20T03:30:11+00:00","description":"Shop Fizzy Twins Dual Flavor 50000 Puffs \u00fajrat\u00f6lthet\u0151 eldobhat\u00f3 vape. Nagykereskedelmi \u00e1rak, EU rakt\u00e1ri sz\u00e1ll\u00edt\u00e1s, t\u00f6k\u00e9letes \u00fczleteknek \u00e9s viszontelad\u00f3knak.","breadcrumb":{"@id":"https:\/\/shop.fizzyvape.com\/hu\/termek\/fizzy-twins-dual-flavor-50k-50000-puffs-ujratoltheto-eldobhato-vape-nagykereskedelem\/#breadcrumb"},"inLanguage":"hu","potentialAction":[{"@type":"ReadAction","target":["https:\/\/shop.fizzyvape.com\/hu\/termek\/fizzy-twins-dual-flavor-50k-50000-puffs-ujratoltheto-eldobhato-vape-nagykereskedelem\/"]}]},{"@type":"ImageObject","inLanguage":"hu","@id":"https:\/\/shop.fizzyvape.com\/hu\/termek\/fizzy-twins-dual-flavor-50k-50000-puffs-ujratoltheto-eldobhato-vape-nagykereskedelem\/#primaryimage","url":"https:\/\/shop.fizzyvape.com\/wp-content\/uploads\/2025\/06\/Fizzy-Twins-50000Puffs-2-1.webp","contentUrl":"https:\/\/shop.fizzyvape.com\/wp-content\/uploads\/2025\/06\/Fizzy-Twins-50000Puffs-2-1.webp","width":800,"height":800},{"@type":"BreadcrumbList","@id":"https:\/\/shop.fizzyvape.com\/hu\/termek\/fizzy-twins-dual-flavor-50k-50000-puffs-ujratoltheto-eldobhato-vape-nagykereskedelem\/#breadcrumb","itemListElement":[{"@type":"ListItem","position":1,"name":"\u9996\u9875","item":"https:\/\/shop.fizzyvape.com\/hu\/"},{"@type":"ListItem","position":2,"name":"Shop","item":"https:\/\/shop.fizzyvape.com\/shop\/"},{"@type":"ListItem","position":3,"name":"Fizzy Twins Dual Flavor 50k 50000 Puffs \u00fajrat\u00f6lthet\u0151 eldobhat\u00f3 Vape nagykereskedelem"}]},{"@type":"WebSite","@id":"https:\/\/shop.fizzyvape.com\/hu\/#website","url":"https:\/\/shop.fizzyvape.com\/hu\/","name":"shop.fizzyvape.com","description":"The Best Disposable Vape In Europe | 10000 - 60000 Puffs  | Free Shipping","potentialAction":[{"@type":"SearchAction","target":{"@type":"EntryPoint","urlTemplate":"https:\/\/shop.fizzyvape.com\/hu\/?s={search_term_string}"},"query-input":{"@type":"PropertyValueSpecification","valueRequired":true,"valueName":"search_term_string"}}],"inLanguage":"hu"}]}},"tiered_pricing_type":"fixed","tiered_pricing_fixed_rules":[],"tiered_pricing_product_settings":{"layout":"default","base_unit_name":{"singular":null,"plural":null},"default_variation":null},"tiered_pricing_minimum_quantity":null,"tiered_pricing_roles_data":[],"tiered_pricing_percentage_rules":[],"tiered_pricing_maximum_quantity":null,"tiered_pricing_quantity_step":null,"_links":{"self":[{"href":"https:\/\/shop.fizzyvape.com\/hu\/wp-json\/wp\/v2\/product\/26788","targetHints":{"allow":["GET"]}}],"collection":[{"href":"https:\/\/shop.fizzyvape.com\/hu\/wp-json\/wp\/v2\/product"}],"about":[{"href":"https:\/\/shop.fizzyvape.com\/hu\/wp-json\/wp\/v2\/types\/product"}],"replies":[{"embeddable":true,"href":"https:\/\/shop.fizzyvape.com\/hu\/wp-json\/wp\/v2\/comments?post=26788"}],"version-history":[{"count":5,"href":"https:\/\/shop.fizzyvape.com\/hu\/wp-json\/wp\/v2\/product\/26788\/revisions"}],"predecessor-version":[{"id":28458,"href":"https:\/\/shop.fizzyvape.com\/hu\/wp-json\/wp\/v2\/product\/26788\/revisions\/28458"}],"wp:featuredmedia":[{"embeddable":true,"href":"https:\/\/shop.fizzyvape.com\/hu\/wp-json\/wp\/v2\/media\/18962"}],"wp:attachment":[{"href":"https:\/\/shop.fizzyvape.com\/hu\/wp-json\/wp\/v2\/media?parent=26788"}],"wp:term":[{"taxonomy":"product_brand","embeddable":true,"href":"https:\/\/shop.fizzyvape.com\/hu\/wp-json\/wp\/v2\/product_brand?post=26788"},{"taxonomy":"product_cat","embeddable":true,"href":"https:\/\/shop.fizzyvape.com\/hu\/wp-json\/wp\/v2\/product_cat?post=26788"},{"taxonomy":"product_tag","embeddable":true,"href":"https:\/\/shop.fizzyvape.com\/hu\/wp-json\/wp\/v2\/product_tag?post=26788"}],"curies":[{"name":"wp","href":"https:\/\/api.w.org\/{rel}","templated":true}]}}