{"id":29124,"date":"2026-01-12T06:15:13","date_gmt":"2026-01-12T06:15:13","guid":{"rendered":"https:\/\/shop.fizzyvape.com\/product\/fizzy-15-in-1-150k-puffs-eldobhato-vape-minden-iz\/"},"modified":"2026-01-12T06:15:13","modified_gmt":"2026-01-12T06:15:13","slug":"fizzy-15-in-1-150k-puffs-eldobhato-vape-minden-iz","status":"publish","type":"product","link":"https:\/\/shop.fizzyvape.com\/hu\/termek\/fizzy-15-in-1-150k-puffs-eldobhato-vape-minden-iz\/","title":{"rendered":"Fizzy 15-in-1 150K Puffs eldobhat\u00f3 vape (minden \u00edz)"},"content":{"rendered":"<h1>Fizzy 150K Puffs Eldobhat\u00f3 Vape: A vil\u00e1g els\u0151 15 az 1-ben Smart Multi-Flavor Vape: A vil\u00e1g els\u0151 15 az 1-ben Smart Multi-Flavor Vapeje<\/h1>\n<p><b>Emelje fel a p\u00e1rologtat\u00f3 utaz\u00e1s\u00e1t a v\u00e9gs\u0151 150 000 puffs er\u0151m\u0171vel. Nincs t\u00f6bb\u00e9 \u00edzf\u00e1radts\u00e1g. Nincs t\u00f6bb\u00e9 \u00e1lland\u00f3 csere.  <\/b><\/p>\n<p>A <b>Fizzy 150K Puffs Disposable Vape<\/b> nem csak egy eszk\u00f6z; ez egy \u00faj gener\u00e1ci\u00f3s vaping station. A neh\u00e9z felhaszn\u00e1l\u00f3knak \u00e9s \u00edzek \u00ednyenceinek tervezt\u00e9k, hatalmas <b>80mL e-folyad\u00e9k kapacit\u00e1st<\/b> kombin\u00e1l egy forradalmi <b>4 p\u00f3dos f\u00fcggetlen rendszerrel<\/b>, amely p\u00e9ld\u00e1tlan <b>15 az 1-ben \u00edz\u00e9lm\u00e9nyt<\/b> ny\u00fajt. <\/p>\n<h3>\ud83d\ude80 Gyors specifik\u00e1ci\u00f3k<\/h3>\n<table>\n<thead>\n<tr>\n<td><strong>Jellemz\u0151<\/strong><\/td>\n<td><strong>R\u00e9szletek<\/strong><\/td>\n<\/tr>\n<\/thead>\n<tbody>\n<tr>\n<td><b>Teljes puffan\u00e1s<\/b><\/td>\n<td>Ak\u00e1r 150,000 puffan\u00e1s<\/td>\n<\/tr>\n<tr>\n<td><b>\u00cdzes\u00edt\u0151 rendszer<\/b><\/td>\n<td>15 az 1-ben Smart Multi-Flavor (4 pod: A\/B\/C\/D)<\/td>\n<\/tr>\n<tr>\n<td><b>E-folyad\u00e9k kapacit\u00e1s<\/b><\/td>\n<td>80mL (20mL podonk\u00e9nt)<\/td>\n<\/tr>\n<tr>\n<td><b>Akkumul\u00e1tor<\/b><\/td>\n<td>1000mAh tiszta kobalt \u00fajrat\u00f6lthet\u0151 akkumul\u00e1tor<\/td>\n<\/tr>\n<tr>\n<td><b>Tekercs technol\u00f3gia<\/b><\/td>\n<td>Quad-Mesh tekercs (1.0\u03a9 x4)<\/td>\n<\/tr>\n<tr>\n<td><b>T\u00f6lt\u00e9s<\/b><\/td>\n<td>Gyors Type-C port<\/td>\n<\/tr>\n<tr>\n<td><b>Megjelen\u00edt\u00e9s<\/b><\/td>\n<td>Teljes Smart LED k\u00e9perny\u0151<\/td>\n<\/tr>\n<\/tbody>\n<\/table>\n<h2><img decoding=\"async\" class=\"wp-image-28634 size-full\" src=\"https:\/\/shop.fizzyvape.com\/wp-content\/uploads\/2025\/12\/Fizzy-15-in-1-150K-Puffs-Rechargeable-Disposable-Vape-Flavors-List-scaled.jpg\" alt=\"Fizzy 15-in-1 150K Puffs \u00fajrat\u00f6lthet\u0151 eldobhat\u00f3 Vape Vape \u00edzek list\u00e1ja\" width=\"1663\" height=\"2560\" srcset=\"https:\/\/shop.fizzyvape.com\/wp-content\/uploads\/2025\/12\/Fizzy-15-in-1-150K-Puffs-Rechargeable-Disposable-Vape-Flavors-List-scaled.jpg 1663w, https:\/\/shop.fizzyvape.com\/wp-content\/uploads\/2025\/12\/Fizzy-15-in-1-150K-Puffs-Rechargeable-Disposable-Vape-Flavors-List-195x300.jpg 195w, https:\/\/shop.fizzyvape.com\/wp-content\/uploads\/2025\/12\/Fizzy-15-in-1-150K-Puffs-Rechargeable-Disposable-Vape-Flavors-List-520x800.jpg 520w, https:\/\/shop.fizzyvape.com\/wp-content\/uploads\/2025\/12\/Fizzy-15-in-1-150K-Puffs-Rechargeable-Disposable-Vape-Flavors-List-768x1182.jpg 768w, https:\/\/shop.fizzyvape.com\/wp-content\/uploads\/2025\/12\/Fizzy-15-in-1-150K-Puffs-Rechargeable-Disposable-Vape-Flavors-List-998x1536.jpg 998w, https:\/\/shop.fizzyvape.com\/wp-content\/uploads\/2025\/12\/Fizzy-15-in-1-150K-Puffs-Rechargeable-Disposable-Vape-Flavors-List-1330x2048.jpg 1330w, https:\/\/shop.fizzyvape.com\/wp-content\/uploads\/2025\/12\/Fizzy-15-in-1-150K-Puffs-Rechargeable-Disposable-Vape-Flavors-List-430x662.jpg 430w, https:\/\/shop.fizzyvape.com\/wp-content\/uploads\/2025\/12\/Fizzy-15-in-1-150K-Puffs-Rechargeable-Disposable-Vape-Flavors-List-700x1078.jpg 700w, https:\/\/shop.fizzyvape.com\/wp-content\/uploads\/2025\/12\/Fizzy-15-in-1-150K-Puffs-Rechargeable-Disposable-Vape-Flavors-List-150x231.jpg 150w\" sizes=\"(max-width: 1663px) 100vw, 1663px\" \/><\/h2>\n<h3>\ud83c\udf47Fizzy 15-in-1 150K Puffs \u00fajrat\u00f6lthet\u0151 <strong>eldobhat\u00f3 Vape \u00edzek list\u00e1ja:<\/strong><\/h3>\n<ol>\n<li>G\u00f6r\u00f6gdinnye j\u00e9g &amp; Red Bull &amp; Eper m\u00e1lna &amp; H\u00e1romszoros dinnye j\u00e9g<\/li>\n<li>Eper Ice &amp; Kiwi Passion Fruit Guava &amp; Barack Mango G\u00f6r\u00f6gdinnye &amp; Grape Burst<\/li>\n<li>Red Bull &amp; Strawberry Kiwi Gr\u00e1n\u00e1talma &amp; Blueberry Ice &amp; Anan\u00e1sz K\u00f3kuszdi\u00f3<\/li>\n<li>Eper-kiwi &amp; vegyes bogy\u00f3s gy\u00fcm\u00f6lcs &amp; g\u00f6r\u00f6gdinnye Bubblegum &amp; l\u00e9d\u00fas barack<\/li>\n<li>\u00c1fonya m\u00e1lna &amp; eper j\u00e9g &amp; Blue Razz limon\u00e1d\u00e9 &amp; g\u00f6r\u00f6gdinnye gumimack\u00f3<\/li>\n<li>Tr\u00f3pusi gy\u00fcm\u00f6lcspuncs \u00e9s g\u00f6r\u00f6gdinnye M\u00e1lna \u00e9s \u00e1fonya K\u00f3kusz \u00e9s eper Skittles<\/li>\n<li>Szerelem 66 &amp; Eper Kiwi &amp; G\u00f6r\u00f6gdinnye \u00c1fonya &amp; M\u00e1lna Limon\u00e1d\u00e9<\/li>\n<li>Vegyes bogy\u00f3s gy\u00fcm\u00f6lcs\u00f6k \u00e9s anan\u00e1sz Barack Maracuja \u00e9s Fizzy Cola \u00e9s eper M\u00e1lna<\/li>\n<li>Blue Razz Rapberry &amp; G\u00f6r\u00f6gdinnye Cherry Ice &amp; Eper Grape &amp;Passion Fruit Orange Peach<\/li>\n<li>Fizzy Cherry &amp; Strawberry S\u00e1rk\u00e1nygy\u00fcm\u00f6lcs &amp; Citrom Lime &amp; G\u00f6r\u00f6gdinnye Blueberry<\/li>\n<li>Eper van\u00edliak\u00f3la &amp; \u00e1fonya m\u00e1lna &amp; g\u00f6r\u00f6gdinnye j\u00e9g &amp; cseresznye bogy\u00f3<\/li>\n<li>Blueberry Ice &amp; Strawberry Watermelon &amp; Mojito &amp; Kiwi Passion Fruit Guava<\/li>\n<\/ol>\n<h3>\ud83d\udc8e Mi\u00e9rt Fizzy 150K eldobhat\u00f3 Vape az ipar\u00e1gi j\u00e1t\u00e9kv\u00e1lt\u00f3<\/h3>\n<h4><b>1. 150,000 Puffs: A hossz\u00fa \u00e9let \u00faj m\u00e9rc\u00e9je<\/b><\/h4>\n<p>Ne hordozzon t\u00f6bb biztons\u00e1gi m\u00e1solatot. A Fizzy 150K val\u00f3di <b>150k puffsz\u00e1mmal<\/b> hetekig, nem pedig napokig tart. T\u00f6k\u00e9letes t\u00e1rs hossz\u00fa utaz\u00e1sokhoz, elfoglalt szakemberek \u00e9s a megb\u00edzhat\u00f3s\u00e1got ig\u00e9nyl\u0151 heavy vaperek sz\u00e1m\u00e1ra.  <\/p>\n<h4><b>2. 15 az 1-ben Flavor Tech (4-Pod Mastery)<\/b><\/h4>\n<p>Mi\u00e9rt el\u00e9gedj\u00fcnk meg egy \u00edzzel? Szabadalmaztatott <b>4 p\u00e1lcik\u00e1s rendszer\u00fcnk (20mL x 4)<\/b> lehet\u0151v\u00e9 teszi, hogy: <\/p>\n<ul>\n<li>\u00c9lvezze a 4 els\u0151dleges \u00edzt k\u00fcl\u00f6n-k\u00fcl\u00f6n.<\/li>\n<li>Azonnal v\u00e1lthat <b>15 k\u00fcl\u00f6nb\u00f6z\u0151 hibrid kombin\u00e1ci\u00f3<\/b> k\u00f6z\u00f6tt.<\/li>\n<li>A f\u00fcggetlen l\u00e9g\u00e1raml\u00e1soknak k\u00f6sz\u00f6nhet\u0151en kik\u00fcsz\u00f6b\u00f6lhet\u0151 az &#8220;\u00edzszellemk\u00e9p&#8221;.<\/li>\n<\/ul>\n<h4><b>3. Intelligens LED intelligencia<\/b><\/h4>\n<p>Soha t\u00f6bb\u00e9 nem kell kital\u00e1lnia az akkumul\u00e1tor vagy a t\u00f6lt\u00f6tts\u00e9gi szintj\u00e9t. A be\u00e9p\u00edtett <b>intelligens kijelz\u0151<\/b> val\u00f3s idej\u0171 fel\u00fcgyeletet biztos\u00edt: <\/p>\n<ul>\n<li>Az akkumul\u00e1tor pontos sz\u00e1zal\u00e9kos ar\u00e1nya.<\/li>\n<li>Pontos e-folyad\u00e9k szintek <b>mind a 4 podhoz<\/b>.<\/li>\n<li>Jelenleg akt\u00edv \u00edzes\u00edt\u0151 \u00fczemm\u00f3d.<\/li>\n<\/ul>\n<h4><b>4. N\u00e9gyh\u00e1l\u00f3s teljes\u00edtm\u00e9ny (1.0\u03a9)<\/b><\/h4>\n<p>A Fizzy <b>4 f\u00fcggetlen h\u00e1l\u00f3s tekerccsel<\/b> rendelkezik, \u00e9s biztos\u00edtja, hogy a 150.000. slukknak is olyan friss \u00edze legyen, mint az els\u0151nek. Az 1,0\u03a9-os ellen\u00e1ll\u00e1s a sima, egyenletes torok\u00fct\u00e9s \u00e9s a s\u0171r\u0171 g\u0151ztermel\u00e9s \u00e9rdek\u00e9ben optimaliz\u00e1lt. <\/p>\n<h3>\ud83c\udfc6 V\u00e1s\u00e1roljon hivatalosan, v\u00e1s\u00e1roljon hitelesen<\/h3>\n<p>Ha rendel a <b><a class=\"ng-star-inserted\" href=\"https:\/\/shop.fizzyvape.com\/hu\/\" target=\"_blank\" rel=\"noopener\" data-hveid=\"0\" data-ved=\"0CAAQ_4QMahcKEwjW_uOt_4SSAxUAAAAAHQAAAAAQPQ\">shop.fizzyvape.com<\/a><\/b>a val\u00f3di Fizzy term\u00e9kek egyetlen hiteles\u00edtett forr\u00e1s\u00e1t v\u00e1lasztja.<\/p>\n<ul>\n<li><b>Garant\u00e1lt frissess\u00e9g:<\/b> Minden t\u00e9tel min\u0151s\u00e9gellen\u0151rz\u00e9sen esik \u00e1t.<\/li>\n<li><b>Biztons\u00e1gos glob\u00e1lis sz\u00e1ll\u00edt\u00e1s:<\/b> Nyomon k\u00f6vethet\u0151 sz\u00e1ll\u00edt\u00e1s k\u00f6zvetlen\u00fcl az \u00d6n ajtaj\u00e1ig.<\/li>\n<li><b>Exkluz\u00edv tags\u00e1gi aj\u00e1nlatok:<\/b> Hozz\u00e1f\u00e9r\u00e9s a csomagkedvezm\u00e9nyekhez \u00e9s szezon\u00e1lis aj\u00e1nlatokhoz.<\/li>\n<\/ul>\n<h3>\u2753 Gyakran ism\u00e9telt k\u00e9rd\u00e9sek (GYIK)<\/h3>\n<p>K: Hogyan v\u00e1lthatok \u00edzeket a Fizzy 150K-n?<\/p>\n<p>V: Egyszer\u0171en haszn\u00e1lja a kapcsol\u00f3 vagy a pod-v\u00e1laszt\u00f3 mechanizmust (Smart Control) az A, B, C \u00e9s D podok k\u00f6z\u00f6tti v\u00e1lt\u00e1shoz, vagy aktiv\u00e1lja a hibrid \u00fczemm\u00f3dokat a t\u00f6bbr\u00e9teg\u0171 \u00edz\u00e9rt.<\/p>\n<p>K: 100 ezer slukk ut\u00e1n romlik az \u00edz?<\/p>\n<p>V: Nem. A Quad-Mesh rendszernek k\u00f6sz\u00f6nhet\u0151en minden egyes aromakapszul\u00e1nak k\u00fcl\u00f6n tekercs van, \u00edgy a pamut \u00e9s a huzal friss marad, am\u00edg az e-folyad\u00e9k el nem fogy. <\/p>\n<p>K: Biztons\u00e1gos b\u00e1rmilyen C t\u00edpus\u00fa k\u00e1bellel t\u00f6lteni?<\/p>\n<p>V: Igen, de az 1000mAh-s akkumul\u00e1tor hossz\u00fa t\u00e1v\u00fa eg\u00e9szs\u00e9g\u00e9nek meg\u0151rz\u00e9se \u00e9rdek\u00e9ben javasoljuk, hogy haszn\u00e1ljon szabv\u00e1nyos 5V-os adaptert.<\/p>\n<p>&nbsp;<\/p>\n","protected":false},"excerpt":{"rendered":"<p>Fizzy 150K Puffs Eldobhat\u00f3 Vape: A vil\u00e1g els\u0151 15 az 1-ben Smart Multi-Flavor Vape: A vil\u00e1g els\u0151 15 az 1-ben<\/p>\n","protected":false},"featured_media":28682,"comment_status":"open","ping_status":"closed","template":"","meta":[],"product_brand":[],"product_cat":[319],"product_tag":[],"class_list":{"0":"post-29124","1":"product","2":"type-product","3":"status-publish","4":"has-post-thumbnail","6":"product_cat-fizzy-150k-150000-fujas-15-az-1-ben-eldobhato-ujratoltheto-vape","8":"first","9":"outofstock","10":"sale","11":"shipping-taxable","12":"purchasable","13":"product-type-variable"},"yoast_head":"<!-- This site is optimized with the Yoast SEO Premium plugin v24.8 (Yoast SEO v27.4) - https:\/\/yoast.com\/product\/yoast-seo-premium-wordpress\/ -->\n<title>A legjobb 150000 Puffs eldobhat\u00f3 Vape | Fizzy 15-in-1 Smart Tech<\/title>\n<meta name=\"description\" content=\"Rendeljen autentikus Fizzy 150K Puffokat online. \u00c9lvezze a 15 \u00edzkombin\u00e1ci\u00f3t \u00e9s a 150 000 puffot. Exkluz\u00edv hivatalos aj\u00e1nlatok \u00e9s biztons\u00e1gos glob\u00e1lis sz\u00e1ll\u00edt\u00e1s. V\u00e1s\u00e1roljon most \u00e9s sp\u00f3roljon!\" \/>\n<meta name=\"robots\" content=\"index, follow, max-snippet:-1, max-image-preview:large, max-video-preview:-1\" \/>\n<link rel=\"canonical\" href=\"https:\/\/shop.fizzyvape.com\/hu\/termek\/fizzy-15-in-1-150k-puffs-eldobhato-vape-minden-iz\/\" \/>\n<meta property=\"og:locale\" content=\"hu_HU\" \/>\n<meta property=\"og:type\" content=\"article\" \/>\n<meta property=\"og:title\" content=\"Fizzy 15-in-1 150K Puffs eldobhat\u00f3 vape (minden \u00edz)\" \/>\n<meta property=\"og:description\" content=\"Rendeljen autentikus Fizzy 150K Puffokat online. \u00c9lvezze a 15 \u00edzkombin\u00e1ci\u00f3t \u00e9s a 150 000 puffot. Exkluz\u00edv hivatalos aj\u00e1nlatok \u00e9s biztons\u00e1gos glob\u00e1lis sz\u00e1ll\u00edt\u00e1s. V\u00e1s\u00e1roljon most \u00e9s sp\u00f3roljon!\" \/>\n<meta property=\"og:url\" content=\"https:\/\/shop.fizzyvape.com\/hu\/termek\/fizzy-15-in-1-150k-puffs-eldobhato-vape-minden-iz\/\" \/>\n<meta property=\"og:site_name\" content=\"shop.fizzyvape.com\" \/>\n<meta property=\"og:image\" content=\"https:\/\/shop.fizzyvape.com\/wp-content\/uploads\/2025\/12\/Fizzy-150K-Puffs-15-in-1-Smart-Multi-Flavor-Rechargeable-Disposable-Vape-12.jpg\" \/>\n\t<meta property=\"og:image:width\" content=\"800\" \/>\n\t<meta property=\"og:image:height\" content=\"800\" \/>\n\t<meta property=\"og:image:type\" content=\"image\/jpeg\" \/>\n<meta name=\"twitter:card\" content=\"summary_large_image\" \/>\n<meta name=\"twitter:label1\" content=\"Becs\u00fclt olvas\u00e1si id\u0151\" \/>\n\t<meta name=\"twitter:data1\" content=\"4 perc\" \/>\n<script type=\"application\/ld+json\" class=\"yoast-schema-graph\">{\"@context\":\"https:\\\/\\\/schema.org\",\"@graph\":[{\"@type\":\"WebPage\",\"@id\":\"https:\\\/\\\/shop.fizzyvape.com\\\/hu\\\/termek\\\/fizzy-15-in-1-150k-puffs-eldobhato-vape-minden-iz\\\/\",\"url\":\"https:\\\/\\\/shop.fizzyvape.com\\\/hu\\\/termek\\\/fizzy-15-in-1-150k-puffs-eldobhato-vape-minden-iz\\\/\",\"name\":\"A legjobb 150000 Puffs eldobhat\u00f3 Vape | Fizzy 15-in-1 Smart Tech\",\"isPartOf\":{\"@id\":\"https:\\\/\\\/shop.fizzyvape.com\\\/hu\\\/#website\"},\"primaryImageOfPage\":{\"@id\":\"https:\\\/\\\/shop.fizzyvape.com\\\/hu\\\/termek\\\/fizzy-15-in-1-150k-puffs-eldobhato-vape-minden-iz\\\/#primaryimage\"},\"image\":{\"@id\":\"https:\\\/\\\/shop.fizzyvape.com\\\/hu\\\/termek\\\/fizzy-15-in-1-150k-puffs-eldobhato-vape-minden-iz\\\/#primaryimage\"},\"thumbnailUrl\":\"https:\\\/\\\/shop.fizzyvape.com\\\/wp-content\\\/uploads\\\/2025\\\/12\\\/Fizzy-150K-Puffs-15-in-1-Smart-Multi-Flavor-Rechargeable-Disposable-Vape-12.jpg\",\"datePublished\":\"2026-01-12T06:15:13+00:00\",\"description\":\"Rendeljen autentikus Fizzy 150K Puffokat online. \u00c9lvezze a 15 \u00edzkombin\u00e1ci\u00f3t \u00e9s a 150 000 puffot. Exkluz\u00edv hivatalos aj\u00e1nlatok \u00e9s biztons\u00e1gos glob\u00e1lis sz\u00e1ll\u00edt\u00e1s. V\u00e1s\u00e1roljon most \u00e9s sp\u00f3roljon!\",\"breadcrumb\":{\"@id\":\"https:\\\/\\\/shop.fizzyvape.com\\\/hu\\\/termek\\\/fizzy-15-in-1-150k-puffs-eldobhato-vape-minden-iz\\\/#breadcrumb\"},\"inLanguage\":\"hu\",\"potentialAction\":[{\"@type\":\"ReadAction\",\"target\":[\"https:\\\/\\\/shop.fizzyvape.com\\\/hu\\\/termek\\\/fizzy-15-in-1-150k-puffs-eldobhato-vape-minden-iz\\\/\"]}]},{\"@type\":\"ImageObject\",\"inLanguage\":\"hu\",\"@id\":\"https:\\\/\\\/shop.fizzyvape.com\\\/hu\\\/termek\\\/fizzy-15-in-1-150k-puffs-eldobhato-vape-minden-iz\\\/#primaryimage\",\"url\":\"https:\\\/\\\/shop.fizzyvape.com\\\/wp-content\\\/uploads\\\/2025\\\/12\\\/Fizzy-150K-Puffs-15-in-1-Smart-Multi-Flavor-Rechargeable-Disposable-Vape-12.jpg\",\"contentUrl\":\"https:\\\/\\\/shop.fizzyvape.com\\\/wp-content\\\/uploads\\\/2025\\\/12\\\/Fizzy-150K-Puffs-15-in-1-Smart-Multi-Flavor-Rechargeable-Disposable-Vape-12.jpg\",\"width\":800,\"height\":800,\"caption\":\"Fizzy 150K Puffs - 15 az 1-ben Smart Multi-Flavor \u00fajrat\u00f6lthet\u0151 eldobhat\u00f3 Vape 12\"},{\"@type\":\"BreadcrumbList\",\"@id\":\"https:\\\/\\\/shop.fizzyvape.com\\\/hu\\\/termek\\\/fizzy-15-in-1-150k-puffs-eldobhato-vape-minden-iz\\\/#breadcrumb\",\"itemListElement\":[{\"@type\":\"ListItem\",\"position\":1,\"name\":\"\u9996\u9875\",\"item\":\"https:\\\/\\\/shop.fizzyvape.com\\\/hu\\\/\"},{\"@type\":\"ListItem\",\"position\":2,\"name\":\"Shop\",\"item\":\"https:\\\/\\\/shop.fizzyvape.com\\\/shop\\\/\"},{\"@type\":\"ListItem\",\"position\":3,\"name\":\"Fizzy 15-in-1 150K Puffs eldobhat\u00f3 vape (minden \u00edz)\"}]},{\"@type\":\"WebSite\",\"@id\":\"https:\\\/\\\/shop.fizzyvape.com\\\/hu\\\/#website\",\"url\":\"https:\\\/\\\/shop.fizzyvape.com\\\/hu\\\/\",\"name\":\"shop.fizzyvape.com\",\"description\":\"The Best Disposable Vape In Europe | 10000 - 60000 Puffs  | Free Shipping\",\"potentialAction\":[{\"@type\":\"SearchAction\",\"target\":{\"@type\":\"EntryPoint\",\"urlTemplate\":\"https:\\\/\\\/shop.fizzyvape.com\\\/hu\\\/?s={search_term_string}\"},\"query-input\":{\"@type\":\"PropertyValueSpecification\",\"valueRequired\":true,\"valueName\":\"search_term_string\"}}],\"inLanguage\":\"hu\"}]}<\/script>\n<!-- \/ Yoast SEO Premium plugin. -->","yoast_head_json":{"title":"A legjobb 150000 Puffs eldobhat\u00f3 Vape | Fizzy 15-in-1 Smart Tech","description":"Rendeljen autentikus Fizzy 150K Puffokat online. \u00c9lvezze a 15 \u00edzkombin\u00e1ci\u00f3t \u00e9s a 150 000 puffot. Exkluz\u00edv hivatalos aj\u00e1nlatok \u00e9s biztons\u00e1gos glob\u00e1lis sz\u00e1ll\u00edt\u00e1s. V\u00e1s\u00e1roljon most \u00e9s sp\u00f3roljon!","robots":{"index":"index","follow":"follow","max-snippet":"max-snippet:-1","max-image-preview":"max-image-preview:large","max-video-preview":"max-video-preview:-1"},"canonical":"https:\/\/shop.fizzyvape.com\/hu\/termek\/fizzy-15-in-1-150k-puffs-eldobhato-vape-minden-iz\/","og_locale":"hu_HU","og_type":"article","og_title":"Fizzy 15-in-1 150K Puffs eldobhat\u00f3 vape (minden \u00edz)","og_description":"Rendeljen autentikus Fizzy 150K Puffokat online. \u00c9lvezze a 15 \u00edzkombin\u00e1ci\u00f3t \u00e9s a 150 000 puffot. Exkluz\u00edv hivatalos aj\u00e1nlatok \u00e9s biztons\u00e1gos glob\u00e1lis sz\u00e1ll\u00edt\u00e1s. V\u00e1s\u00e1roljon most \u00e9s sp\u00f3roljon!","og_url":"https:\/\/shop.fizzyvape.com\/hu\/termek\/fizzy-15-in-1-150k-puffs-eldobhato-vape-minden-iz\/","og_site_name":"shop.fizzyvape.com","og_image":[{"width":800,"height":800,"url":"https:\/\/shop.fizzyvape.com\/wp-content\/uploads\/2025\/12\/Fizzy-150K-Puffs-15-in-1-Smart-Multi-Flavor-Rechargeable-Disposable-Vape-12.jpg","type":"image\/jpeg"}],"twitter_card":"summary_large_image","twitter_misc":{"Becs\u00fclt olvas\u00e1si id\u0151":"4 perc"},"schema":{"@context":"https:\/\/schema.org","@graph":[{"@type":"WebPage","@id":"https:\/\/shop.fizzyvape.com\/hu\/termek\/fizzy-15-in-1-150k-puffs-eldobhato-vape-minden-iz\/","url":"https:\/\/shop.fizzyvape.com\/hu\/termek\/fizzy-15-in-1-150k-puffs-eldobhato-vape-minden-iz\/","name":"A legjobb 150000 Puffs eldobhat\u00f3 Vape | Fizzy 15-in-1 Smart Tech","isPartOf":{"@id":"https:\/\/shop.fizzyvape.com\/hu\/#website"},"primaryImageOfPage":{"@id":"https:\/\/shop.fizzyvape.com\/hu\/termek\/fizzy-15-in-1-150k-puffs-eldobhato-vape-minden-iz\/#primaryimage"},"image":{"@id":"https:\/\/shop.fizzyvape.com\/hu\/termek\/fizzy-15-in-1-150k-puffs-eldobhato-vape-minden-iz\/#primaryimage"},"thumbnailUrl":"https:\/\/shop.fizzyvape.com\/wp-content\/uploads\/2025\/12\/Fizzy-150K-Puffs-15-in-1-Smart-Multi-Flavor-Rechargeable-Disposable-Vape-12.jpg","datePublished":"2026-01-12T06:15:13+00:00","description":"Rendeljen autentikus Fizzy 150K Puffokat online. \u00c9lvezze a 15 \u00edzkombin\u00e1ci\u00f3t \u00e9s a 150 000 puffot. Exkluz\u00edv hivatalos aj\u00e1nlatok \u00e9s biztons\u00e1gos glob\u00e1lis sz\u00e1ll\u00edt\u00e1s. V\u00e1s\u00e1roljon most \u00e9s sp\u00f3roljon!","breadcrumb":{"@id":"https:\/\/shop.fizzyvape.com\/hu\/termek\/fizzy-15-in-1-150k-puffs-eldobhato-vape-minden-iz\/#breadcrumb"},"inLanguage":"hu","potentialAction":[{"@type":"ReadAction","target":["https:\/\/shop.fizzyvape.com\/hu\/termek\/fizzy-15-in-1-150k-puffs-eldobhato-vape-minden-iz\/"]}]},{"@type":"ImageObject","inLanguage":"hu","@id":"https:\/\/shop.fizzyvape.com\/hu\/termek\/fizzy-15-in-1-150k-puffs-eldobhato-vape-minden-iz\/#primaryimage","url":"https:\/\/shop.fizzyvape.com\/wp-content\/uploads\/2025\/12\/Fizzy-150K-Puffs-15-in-1-Smart-Multi-Flavor-Rechargeable-Disposable-Vape-12.jpg","contentUrl":"https:\/\/shop.fizzyvape.com\/wp-content\/uploads\/2025\/12\/Fizzy-150K-Puffs-15-in-1-Smart-Multi-Flavor-Rechargeable-Disposable-Vape-12.jpg","width":800,"height":800,"caption":"Fizzy 150K Puffs - 15 az 1-ben Smart Multi-Flavor \u00fajrat\u00f6lthet\u0151 eldobhat\u00f3 Vape 12"},{"@type":"BreadcrumbList","@id":"https:\/\/shop.fizzyvape.com\/hu\/termek\/fizzy-15-in-1-150k-puffs-eldobhato-vape-minden-iz\/#breadcrumb","itemListElement":[{"@type":"ListItem","position":1,"name":"\u9996\u9875","item":"https:\/\/shop.fizzyvape.com\/hu\/"},{"@type":"ListItem","position":2,"name":"Shop","item":"https:\/\/shop.fizzyvape.com\/shop\/"},{"@type":"ListItem","position":3,"name":"Fizzy 15-in-1 150K Puffs eldobhat\u00f3 vape (minden \u00edz)"}]},{"@type":"WebSite","@id":"https:\/\/shop.fizzyvape.com\/hu\/#website","url":"https:\/\/shop.fizzyvape.com\/hu\/","name":"shop.fizzyvape.com","description":"The Best Disposable Vape In Europe | 10000 - 60000 Puffs  | Free Shipping","potentialAction":[{"@type":"SearchAction","target":{"@type":"EntryPoint","urlTemplate":"https:\/\/shop.fizzyvape.com\/hu\/?s={search_term_string}"},"query-input":{"@type":"PropertyValueSpecification","valueRequired":true,"valueName":"search_term_string"}}],"inLanguage":"hu"}]}},"tiered_pricing_type":"fixed","tiered_pricing_fixed_rules":[],"tiered_pricing_product_settings":{"layout":"default","base_unit_name":{"singular":null,"plural":null},"default_variation":null},"tiered_pricing_minimum_quantity":null,"tiered_pricing_roles_data":[],"tiered_pricing_percentage_rules":[],"tiered_pricing_maximum_quantity":null,"tiered_pricing_quantity_step":null,"_links":{"self":[{"href":"https:\/\/shop.fizzyvape.com\/hu\/wp-json\/wp\/v2\/product\/29124","targetHints":{"allow":["GET"]}}],"collection":[{"href":"https:\/\/shop.fizzyvape.com\/hu\/wp-json\/wp\/v2\/product"}],"about":[{"href":"https:\/\/shop.fizzyvape.com\/hu\/wp-json\/wp\/v2\/types\/product"}],"replies":[{"embeddable":true,"href":"https:\/\/shop.fizzyvape.com\/hu\/wp-json\/wp\/v2\/comments?post=29124"}],"version-history":[{"count":0,"href":"https:\/\/shop.fizzyvape.com\/hu\/wp-json\/wp\/v2\/product\/29124\/revisions"}],"wp:featuredmedia":[{"embeddable":true,"href":"https:\/\/shop.fizzyvape.com\/hu\/wp-json\/wp\/v2\/media\/28682"}],"wp:attachment":[{"href":"https:\/\/shop.fizzyvape.com\/hu\/wp-json\/wp\/v2\/media?parent=29124"}],"wp:term":[{"taxonomy":"product_brand","embeddable":true,"href":"https:\/\/shop.fizzyvape.com\/hu\/wp-json\/wp\/v2\/product_brand?post=29124"},{"taxonomy":"product_cat","embeddable":true,"href":"https:\/\/shop.fizzyvape.com\/hu\/wp-json\/wp\/v2\/product_cat?post=29124"},{"taxonomy":"product_tag","embeddable":true,"href":"https:\/\/shop.fizzyvape.com\/hu\/wp-json\/wp\/v2\/product_tag?post=29124"}],"curies":[{"name":"wp","href":"https:\/\/api.w.org\/{rel}","templated":true}]}}