{"id":29152,"date":"2026-01-12T06:31:37","date_gmt":"2026-01-12T06:31:37","guid":{"rendered":"https:\/\/shop.fizzyvape.com\/product\/150k-puffs-gorogdinnye-jeg-red-bull-eper-malna-tripla-dinnye-jeg\/"},"modified":"2026-01-12T06:31:37","modified_gmt":"2026-01-12T06:31:37","slug":"150k-puffs-gorogdinnye-jeg-red-bull-eper-malna-tripla-dinnye-jeg","status":"publish","type":"product","link":"https:\/\/shop.fizzyvape.com\/hu\/termek\/150k-puffs-gorogdinnye-jeg-red-bull-eper-malna-tripla-dinnye-jeg\/","title":{"rendered":"150K Puffs &#8211; g\u00f6r\u00f6gdinnye j\u00e9g &amp; Red Bull &amp; eper m\u00e1lna &amp; tripla dinnye j\u00e9g"},"content":{"rendered":"<p><img decoding=\"async\" class=\"size-full wp-image-28648 aligncenter\" src=\"https:\/\/shop.fizzyvape.com\/wp-content\/uploads\/2025\/12\/Fizzy-150K-Puffs-15-in-1-Smart-Multi-Flavor-Rechargeable-Disposable-Vape-1.jpg\" alt=\"Fizzy 150K Puffs - 15 az 1-ben Smart Multi-Flavor \u00fajrat\u00f6lthet\u0151 eldobhat\u00f3 Vape - 1\" width=\"800\" height=\"800\" srcset=\"https:\/\/shop.fizzyvape.com\/wp-content\/uploads\/2025\/12\/Fizzy-150K-Puffs-15-in-1-Smart-Multi-Flavor-Rechargeable-Disposable-Vape-1.jpg 800w, https:\/\/shop.fizzyvape.com\/wp-content\/uploads\/2025\/12\/Fizzy-150K-Puffs-15-in-1-Smart-Multi-Flavor-Rechargeable-Disposable-Vape-1-300x300.jpg 300w, https:\/\/shop.fizzyvape.com\/wp-content\/uploads\/2025\/12\/Fizzy-150K-Puffs-15-in-1-Smart-Multi-Flavor-Rechargeable-Disposable-Vape-1-150x150.jpg 150w, https:\/\/shop.fizzyvape.com\/wp-content\/uploads\/2025\/12\/Fizzy-150K-Puffs-15-in-1-Smart-Multi-Flavor-Rechargeable-Disposable-Vape-1-768x768.jpg 768w, https:\/\/shop.fizzyvape.com\/wp-content\/uploads\/2025\/12\/Fizzy-150K-Puffs-15-in-1-Smart-Multi-Flavor-Rechargeable-Disposable-Vape-1-100x100.jpg 100w, https:\/\/shop.fizzyvape.com\/wp-content\/uploads\/2025\/12\/Fizzy-150K-Puffs-15-in-1-Smart-Multi-Flavor-Rechargeable-Disposable-Vape-1-200x200.jpg 200w, https:\/\/shop.fizzyvape.com\/wp-content\/uploads\/2025\/12\/Fizzy-150K-Puffs-15-in-1-Smart-Multi-Flavor-Rechargeable-Disposable-Vape-1-400x400.jpg 400w, https:\/\/shop.fizzyvape.com\/wp-content\/uploads\/2025\/12\/Fizzy-150K-Puffs-15-in-1-Smart-Multi-Flavor-Rechargeable-Disposable-Vape-1-500x500.jpg 500w, https:\/\/shop.fizzyvape.com\/wp-content\/uploads\/2025\/12\/Fizzy-150K-Puffs-15-in-1-Smart-Multi-Flavor-Rechargeable-Disposable-Vape-1-430x430.jpg 430w, https:\/\/shop.fizzyvape.com\/wp-content\/uploads\/2025\/12\/Fizzy-150K-Puffs-15-in-1-Smart-Multi-Flavor-Rechargeable-Disposable-Vape-1-700x700.jpg 700w\" sizes=\"(max-width: 800px) 100vw, 800px\" \/><\/p>\n<h1>Fizzy 150K Puffs &#8211; g\u00f6r\u00f6gdinnye j\u00e9g &amp; Red Bull &amp; eper m\u00e1lna &amp; tripla dinnye j\u00e9g<\/h1>\n<p><b>150,000 puff | 4 f\u00fcggetlen pod | 15 \u00edzkombin\u00e1ci\u00f3 | Intelligens LED fel\u00fcgyelet<\/b><\/p>\n<p>A <b>Fizzy 15 az 1-ben 150K Puffs (Energy &amp; Ice Edition)<\/b> a &#8220;Z\u00e9r\u00f3 kompromisszumot&#8221; ig\u00e9nyl\u0151 p\u00e1rol\u00f3k sz\u00e1m\u00e1ra k\u00e9sz\u00fclt. Mi\u00e9rt v\u00e1lasszon egyetlen \u00edzt, amikor egy kur\u00e1tori laborat\u00f3riumot hordozhat a zseb\u00e9ben? A hatalmas, <b>80 ml-es e-folyad\u00e9ktart\u00e1llyal<\/b> \u00e9s a nagy t\u00f6lt\u00f6tts\u00e9g\u0171 <b>1000 mAh-s akkumul\u00e1torral<\/b> ez a k\u00e9sz\u00fcl\u00e9k \u00fajradefini\u00e1lja a hossz\u00fa \u00e9lettartamot az ultra-nagy puffok korszak\u00e1ban.  <\/p>\n<h2>\ud83c\udf47 Az \u00edzprofil: 4-Pod Mastery<\/h2>\n<p><i>Ez a kiad\u00e1s n\u00e9gy f\u00fcggetlen 20 ml-es podot tartalmaz. Haszn\u00e1lja \u0151ket k\u00fcl\u00f6n-k\u00fcl\u00f6n, vagy az intelligens kapcsol\u00e1si rendszer seg\u00edts\u00e9g\u00e9vel ak\u00e1r 15 egyedi hibrid kever\u00e9ket is feloldhat: <\/i><\/p>\n<ul>\n<li>Pod A: A friss\u00edt\u0151 g\u0151z\u00f6k kir\u00e1lya. \u00c9des, l\u00e9d\u00fas g\u00f6r\u00f6gdinnye jegyek, ropog\u00f3s sarkvid\u00e9ki robban\u00e1ssal befejezve. <\/li>\n<li>Pod B: Red Bull (Energy Fusion)A vil\u00e1g legh\u00edresebb energiaital\u00e1nak t\u00f6k\u00e9letes ut\u00e1nzata. Fanyar, felemel\u0151 \u00e9s \u00e9des, pezsg\u0151 sz\u00e1j\u00edzzel. <\/li>\n<li>Pod C: Eper m\u00e1lnaEgy kifinomult bogy\u00f3s gy\u00fcm\u00f6lcs p\u00e1rbaj. A napon \u00e9rlelt eper tal\u00e1lkozik a vadm\u00e1lna \u00e9les, pik\u00e1ns robban\u00e1s\u00e1val. <\/li>\n<li>Pod D: A m\u00e9zharmat, a s\u00e1rgadinnye \u00e9s a g\u00f6r\u00f6gdinnye kr\u00e9mes szimf\u00f3ni\u00e1ja, l\u00e1gy h\u0171s\u00edt\u0151 \u00e9rz\u00e9ssel r\u00e9tegezve.<\/li>\n<\/ul>\n<h3>\ud83d\ude80 M\u0171szaki specifik\u00e1ci\u00f3k<\/h3>\n<table>\n<thead>\n<tr>\n<td><strong>Jellemz\u0151<\/strong><\/td>\n<td><strong>Specifik\u00e1ci\u00f3<\/strong><\/td>\n<\/tr>\n<\/thead>\n<tbody>\n<tr>\n<td><b>\u00d6sszes puff sz\u00e1m<\/b><\/td>\n<td>Ak\u00e1r 150,000 puff<\/td>\n<\/tr>\n<tr>\n<td><b>E-folyad\u00e9k t\u00e9rfogata<\/b><\/td>\n<td>80mL \u00f6sszesen (20mL podonk\u00e9nt)<\/td>\n<\/tr>\n<tr>\n<td><b>Az akkumul\u00e1tor kapacit\u00e1sa<\/b><\/td>\n<td>1000mAh (\u00fajrat\u00f6lthet\u0151)<\/td>\n<\/tr>\n<tr>\n<td><b>Tekercs rendszer<\/b><\/td>\n<td>Quad-Mesh tekercs (1.0\u03a9)<\/td>\n<\/tr>\n<tr>\n<td><b>T\u00f6lt\u0151port<\/b><\/td>\n<td>USB Type-C<\/td>\n<\/tr>\n<tr>\n<td><b>Megjelen\u00edt\u00e9s<\/b><\/td>\n<td>Smart LED Juice &amp; Power k\u00e9perny\u0151<\/td>\n<\/tr>\n<\/tbody>\n<\/table>\n<p><img decoding=\"async\" class=\"wp-image-28634 size-full\" src=\"https:\/\/shop.fizzyvape.com\/wp-content\/uploads\/2025\/12\/Fizzy-15-in-1-150K-Puffs-Rechargeable-Disposable-Vape-Flavors-List-scaled.jpg\" alt=\"Fizzy 15-in-1 150K Puffs \u00fajrat\u00f6lthet\u0151 eldobhat\u00f3 Vape Vape \u00edzek list\u00e1ja\" width=\"1663\" height=\"2560\" srcset=\"https:\/\/shop.fizzyvape.com\/wp-content\/uploads\/2025\/12\/Fizzy-15-in-1-150K-Puffs-Rechargeable-Disposable-Vape-Flavors-List-scaled.jpg 1663w, https:\/\/shop.fizzyvape.com\/wp-content\/uploads\/2025\/12\/Fizzy-15-in-1-150K-Puffs-Rechargeable-Disposable-Vape-Flavors-List-195x300.jpg 195w, https:\/\/shop.fizzyvape.com\/wp-content\/uploads\/2025\/12\/Fizzy-15-in-1-150K-Puffs-Rechargeable-Disposable-Vape-Flavors-List-520x800.jpg 520w, https:\/\/shop.fizzyvape.com\/wp-content\/uploads\/2025\/12\/Fizzy-15-in-1-150K-Puffs-Rechargeable-Disposable-Vape-Flavors-List-768x1182.jpg 768w, https:\/\/shop.fizzyvape.com\/wp-content\/uploads\/2025\/12\/Fizzy-15-in-1-150K-Puffs-Rechargeable-Disposable-Vape-Flavors-List-998x1536.jpg 998w, https:\/\/shop.fizzyvape.com\/wp-content\/uploads\/2025\/12\/Fizzy-15-in-1-150K-Puffs-Rechargeable-Disposable-Vape-Flavors-List-1330x2048.jpg 1330w, https:\/\/shop.fizzyvape.com\/wp-content\/uploads\/2025\/12\/Fizzy-15-in-1-150K-Puffs-Rechargeable-Disposable-Vape-Flavors-List-430x662.jpg 430w, https:\/\/shop.fizzyvape.com\/wp-content\/uploads\/2025\/12\/Fizzy-15-in-1-150K-Puffs-Rechargeable-Disposable-Vape-Flavors-List-700x1078.jpg 700w, https:\/\/shop.fizzyvape.com\/wp-content\/uploads\/2025\/12\/Fizzy-15-in-1-150K-Puffs-Rechargeable-Disposable-Vape-Flavors-List-150x231.jpg 150w\" sizes=\"(max-width: 1663px) 100vw, 1663px\" \/><\/p>\n<h2>Fizzy 15-in-1 150K Puffs \u00fajrat\u00f6lthet\u0151 <strong>eldobhat\u00f3 Vape \u00edzek list\u00e1ja:<\/strong><\/h2>\n<ol>\n<li><a href=\"\/product\/fizzy-150k-puffs\/watermelon-red-bull-ice-set\/\">G\u00f6r\u00f6gdinnye j\u00e9g &amp; Red Bull &amp; Eper m\u00e1lna &amp; H\u00e1romszoros dinnye j\u00e9g<\/a><\/li>\n<li><a href=\"\/product\/fizzy-150k-puffs\/strawberry-kiwi-guava-peach-set\/\">Eper Ice &amp; Kiwi Passion Fruit Guava &amp; Barack Mango G\u00f6r\u00f6gdinnye &amp; Grape Burst<\/a><\/li>\n<li><a href=\"\/product\/fizzy-150k-puffs\/red-bull-kiwi-pomegranate-ice-set\/\">Red Bull &amp; Strawberry Kiwi Gr\u00e1n\u00e1talma &amp; Blueberry Ice &amp; Anan\u00e1sz K\u00f3kuszdi\u00f3<\/a><\/li>\n<li><a href=\"\/product\/fizzy-150k-puffs\/strawberry-kiwi-watermelon-bubblegum-set\/\">Eper-kiwi &amp; vegyes bogy\u00f3s gy\u00fcm\u00f6lcs &amp; g\u00f6r\u00f6gdinnye Bubblegum &amp; l\u00e9d\u00fas barack<\/a><\/li>\n<li><a href=\"\/product\/fizzy-150k-puffs\/blueberry-raspberry-set\/\">\u00c1fonya m\u00e1lna &amp; eper j\u00e9g &amp; Blue Razz limon\u00e1d\u00e9 &amp; g\u00f6r\u00f6gdinnye gumimack\u00f3<\/a><\/li>\n<li><a href=\"\/product\/fizzy-150k-puffs\/strawberry-skittles-tropical-punch-set\/\">Tr\u00f3pusi gy\u00fcm\u00f6lcspuncs \u00e9s g\u00f6r\u00f6gdinnye M\u00e1lna \u00e9s \u00e1fonya K\u00f3kusz \u00e9s eper Skittles<\/a><\/li>\n<li><a href=\"\/product\/fizzy-150k-puffs\/love-66-strawberry-kiwi-berry-lemonade-set\/\">Szerelem 66 &amp; Eper Kiwi &amp; G\u00f6r\u00f6gdinnye \u00c1fonya &amp; M\u00e1lna Limon\u00e1d\u00e9<\/a><\/li>\n<li><a href=\"\/product\/fizzy-150k-puffs\/mixed-berry-fizzy-cola-tropical-set\/\">Vegyes bogy\u00f3s gy\u00fcm\u00f6lcs\u00f6k \u00e9s anan\u00e1sz Barack Maracuja \u00e9s Fizzy Cola \u00e9s eper M\u00e1lna<\/a><\/li>\n<li><a href=\"\/product\/fizzy-150k-puffs\/blue-razz-watermelon-cherry-passion-set\/\">Blue Razz Rapberry &amp; G\u00f6r\u00f6gdinnye Cherry Ice &amp; Eper Grape &amp;Passion Fruit Orange Peach<\/a><\/li>\n<li><a href=\"\/product\/fizzy-150k-puffs\/fizzy-cherry-strawberry-dragon-fruit-set\/\">Fizzy Cherry &amp; Strawberry S\u00e1rk\u00e1nygy\u00fcm\u00f6lcs &amp; Citrom Lime &amp; G\u00f6r\u00f6gdinnye Blueberry<\/a><\/li>\n<li><a href=\"\/product\/fizzy-150k-puffs\/strawberry-vanilla-coke-cherry-berry-set\/\">Eper van\u00edliak\u00f3la &amp; \u00e1fonya m\u00e1lna &amp; g\u00f6r\u00f6gdinnye j\u00e9g &amp; cseresznye bogy\u00f3<\/a><\/li>\n<li><a href=\"\/product\/fizzy-150k-puffs\/mojito-strawberry-watermelon-kiwi-guava-set\/\">Blueberry Ice &amp; Strawberry Watermelon &amp; Mojito &amp; Kiwi Passion Fruit Guava<\/a><\/li>\n<\/ol>\n<h2>\ud83d\udc8e Mi\u00e9rt v\u00e1lassza a Fizzy 150K Puffot?<\/h2>\n<p>1. Igazi 150,000 Puff kitart\u00e1s<\/p>\n<p>Neh\u00e9z felhaszn\u00e1l\u00f3k sz\u00e1m\u00e1ra tervezt\u00e9k. Egy Fizzy 150K ugyanannyi ideig tart, mint 10-15 hagyom\u00e1nyos eldobhat\u00f3, \u00edgy jelent\u0151sen cs\u00f6kkenti a puffonk\u00e9nti k\u00f6lts\u00e9get \u00e9s a hullad\u00e9kot. <\/p>\n<p>2. Quad-Mesh tekercs technol\u00f3gia<\/p>\n<p>Minden pod saj\u00e1t 1,0\u03a9-os h\u00e1l\u00f3s tekercset tartalmaz. Ez biztos\u00edtja, hogy az \u00edzek nem keverednek &#8211; a Red Bull \u00e9les marad, a g\u00f6r\u00f6gdinnye pedig friss marad az els\u0151 slukkol\u00e1st\u00f3l a 150.000. slukkol\u00e1sig. <\/p>\n<p>3. Intelligens LED intelligencia<\/p>\n<p>Sz\u00fcntesse meg a &#8220;vape szorong\u00e1st&#8221;. A nagy felbont\u00e1s\u00fa k\u00e9perny\u0151 val\u00f3s idej\u0171 nyomon k\u00f6vet\u00e9st biztos\u00edt az akkumul\u00e1tor %-\u00e1r\u00f3l \u00e9s a n\u00e9gy pod pontos l\u00e9 szintj\u00e9r\u0151l. <\/p>\n<p>4. 1000mAh gyorst\u00f6lt\u00e9s<\/p>\n<p>Pr\u00e9mium min\u0151s\u00e9g\u0171, tiszta kobalt akkumul\u00e1torral m\u0171k\u00f6dik a stabil teljes\u00edtm\u00e9ny \u00e9rdek\u00e9ben. Az USB Type-C port biztos\u00edtja, hogy kevesebb id\u0151t t\u00f6lts\u00f6n t\u00f6lt\u00e9ssel \u00e9s t\u00f6bb id\u0151t a p\u00e1rol\u00e1ssal. <\/p>\n<h3>\u2753 Gyakran ism\u00e9telt k\u00e9rd\u00e9sek (GYIK)<\/h3>\n<p>K: Hogyan v\u00e1lthatok a 4 \u00edz k\u00f6z\u00f6tt?<\/p>\n<p>V: A k\u00e9sz\u00fcl\u00e9k intelligens kapcsol\u00f3- vagy \u00e9rint\u00e9svez\u00e9rl\u0151 rendszerrel rendelkezik. Kiv\u00e1laszthat egyetlen podot (A, B, C vagy D), vagy kombin\u00e1lhatja \u0151ket, hogy 15 k\u00fcl\u00f6nb\u00f6z\u0151 \u00edzvari\u00e1ci\u00f3t fedezzen fel. <\/p>\n<p>K: Re\u00e1lis a 150 000 puffan\u00e1s?<\/p>\n<p>V: Igen. \u00d6sszesen 80 ml pr\u00e9mium e-folyad\u00e9kkal \u00e9s \u00fajrat\u00f6lthet\u0151 akkumul\u00e1torrendszerrel ez a k\u00e9sz\u00fcl\u00e9k \u00fagy van kialak\u00edtva, hogy norm\u00e1l haszn\u00e1lati k\u00f6r\u00fclm\u00e9nyek k\u00f6z\u00f6tt el\u00e9rje a meghirdetett puffsz\u00e1mot. <\/p>\n<p>K: \u00dajrat\u00f6lthetem a kapszul\u00e1kat, ha ki\u00fcr\u00fcltek?<\/p>\n<p>V: Nem. A Fizzy 150K egy z\u00e1rt rendszer\u0171 eldobhat\u00f3 k\u00e9sz\u00fcl\u00e9k, amelyet a maxim\u00e1lis higi\u00e9nia \u00e9s \u00edz\u00e1lland\u00f3s\u00e1g \u00e9rdek\u00e9ben terveztek. Miut\u00e1n a 80 ml gy\u00fcm\u00f6lcsl\u00e9 elfogyott, a k\u00e9sz\u00fcl\u00e9ket felel\u0151ss\u00e9gteljesen kell megsemmis\u00edteni.  <\/p>\n<p>K: Mi\u00e9rt \u00e9rdemes a hivatalos \u00e1ruh\u00e1zb\u00f3l v\u00e1s\u00e1rolni?<\/p>\n<p>V: Csak a shop.fizzyvape.com garant\u00e1lja a 100%-ban hiteles term\u00e9keket ellen\u0151rizhet\u0151 biztons\u00e1gi k\u00f3dokkal. A legfrissebb t\u00e9teleket k\u00f6zvetlen\u00fcl a gy\u00e1rb\u00f3l sz\u00e1ll\u00edtjuk, hogy biztos\u00edtsuk az akkumul\u00e1torok maxim\u00e1lis \u00e9lettartam\u00e1t \u00e9s az \u00edz intenzit\u00e1s\u00e1t. <\/p>\n","protected":false},"excerpt":{"rendered":"[html_block id=\"28835\"]\n","protected":false},"featured_media":28649,"comment_status":"open","ping_status":"closed","template":"","meta":[],"product_brand":[],"product_cat":[319],"product_tag":[],"class_list":{"0":"post-29152","1":"product","2":"type-product","3":"status-publish","4":"has-post-thumbnail","6":"product_cat-fizzy-150k-150000-fujas-15-az-1-ben-eldobhato-ujratoltheto-vape","8":"first","9":"outofstock","10":"shipping-taxable","11":"purchasable","12":"product-type-variable"},"yoast_head":"<!-- This site is optimized with the Yoast SEO Premium plugin v24.8 (Yoast SEO v27.4) - https:\/\/yoast.com\/product\/yoast-seo-premium-wordpress\/ -->\n<title>Fizzy 150K Puffs | Watermelon Ice &amp; Red Bull Set | 15-in-1 Vape<\/title>\n<meta name=\"description\" content=\"V\u00e1s\u00e1rolja meg a Fizzy 150K Puffs Watermelon Ice &amp; Red Bull kiad\u00e1st. Jellemz\u0151i: 150 000 puff, 80 ml kapacit\u00e1s \u00e9s intelligens \u00edzv\u00e1lt\u00e1s. Gyors glob\u00e1lis sz\u00e1ll\u00edt\u00e1s!\" \/>\n<meta name=\"robots\" content=\"index, follow, max-snippet:-1, max-image-preview:large, max-video-preview:-1\" \/>\n<link rel=\"canonical\" href=\"https:\/\/shop.fizzyvape.com\/hu\/termek\/150k-puffs-gorogdinnye-jeg-red-bull-eper-malna-tripla-dinnye-jeg\/\" \/>\n<meta property=\"og:locale\" content=\"hu_HU\" \/>\n<meta property=\"og:type\" content=\"article\" \/>\n<meta property=\"og:title\" content=\"150K Puffs - g\u00f6r\u00f6gdinnye j\u00e9g &amp; Red Bull &amp; eper m\u00e1lna &amp; tripla dinnye j\u00e9g\" \/>\n<meta property=\"og:description\" content=\"V\u00e1s\u00e1rolja meg a Fizzy 150K Puffs Watermelon Ice &amp; Red Bull kiad\u00e1st. Jellemz\u0151i: 150 000 puff, 80 ml kapacit\u00e1s \u00e9s intelligens \u00edzv\u00e1lt\u00e1s. Gyors glob\u00e1lis sz\u00e1ll\u00edt\u00e1s!\" \/>\n<meta property=\"og:url\" content=\"https:\/\/shop.fizzyvape.com\/hu\/termek\/150k-puffs-gorogdinnye-jeg-red-bull-eper-malna-tripla-dinnye-jeg\/\" \/>\n<meta property=\"og:site_name\" content=\"shop.fizzyvape.com\" \/>\n<meta property=\"og:image\" content=\"https:\/\/shop.fizzyvape.com\/wp-content\/uploads\/2025\/12\/Fizzy-150K-Puffs-15-in-1-Smart-Multi-Flavor-Rechargeable-Disposable-Vape-1.jpg\" \/>\n\t<meta property=\"og:image:width\" content=\"800\" \/>\n\t<meta property=\"og:image:height\" content=\"800\" \/>\n\t<meta property=\"og:image:type\" content=\"image\/jpeg\" \/>\n<meta name=\"twitter:card\" content=\"summary_large_image\" \/>\n<meta name=\"twitter:label1\" content=\"Becs\u00fclt olvas\u00e1si id\u0151\" \/>\n\t<meta name=\"twitter:data1\" content=\"5 perc\" \/>\n<script type=\"application\/ld+json\" class=\"yoast-schema-graph\">{\"@context\":\"https:\\\/\\\/schema.org\",\"@graph\":[{\"@type\":\"WebPage\",\"@id\":\"https:\\\/\\\/shop.fizzyvape.com\\\/hu\\\/termek\\\/150k-puffs-gorogdinnye-jeg-red-bull-eper-malna-tripla-dinnye-jeg\\\/\",\"url\":\"https:\\\/\\\/shop.fizzyvape.com\\\/hu\\\/termek\\\/150k-puffs-gorogdinnye-jeg-red-bull-eper-malna-tripla-dinnye-jeg\\\/\",\"name\":\"Fizzy 150K Puffs | Watermelon Ice & Red Bull Set | 15-in-1 Vape\",\"isPartOf\":{\"@id\":\"https:\\\/\\\/shop.fizzyvape.com\\\/hu\\\/#website\"},\"primaryImageOfPage\":{\"@id\":\"https:\\\/\\\/shop.fizzyvape.com\\\/hu\\\/termek\\\/150k-puffs-gorogdinnye-jeg-red-bull-eper-malna-tripla-dinnye-jeg\\\/#primaryimage\"},\"image\":{\"@id\":\"https:\\\/\\\/shop.fizzyvape.com\\\/hu\\\/termek\\\/150k-puffs-gorogdinnye-jeg-red-bull-eper-malna-tripla-dinnye-jeg\\\/#primaryimage\"},\"thumbnailUrl\":\"https:\\\/\\\/shop.fizzyvape.com\\\/wp-content\\\/uploads\\\/2025\\\/12\\\/Fizzy-150K-Puffs-15-in-1-Smart-Multi-Flavor-Rechargeable-Disposable-Vape-1.jpg\",\"datePublished\":\"2026-01-12T06:31:37+00:00\",\"description\":\"V\u00e1s\u00e1rolja meg a Fizzy 150K Puffs Watermelon Ice & Red Bull kiad\u00e1st. Jellemz\u0151i: 150 000 puff, 80 ml kapacit\u00e1s \u00e9s intelligens \u00edzv\u00e1lt\u00e1s. Gyors glob\u00e1lis sz\u00e1ll\u00edt\u00e1s!\",\"breadcrumb\":{\"@id\":\"https:\\\/\\\/shop.fizzyvape.com\\\/hu\\\/termek\\\/150k-puffs-gorogdinnye-jeg-red-bull-eper-malna-tripla-dinnye-jeg\\\/#breadcrumb\"},\"inLanguage\":\"hu\",\"potentialAction\":[{\"@type\":\"ReadAction\",\"target\":[\"https:\\\/\\\/shop.fizzyvape.com\\\/hu\\\/termek\\\/150k-puffs-gorogdinnye-jeg-red-bull-eper-malna-tripla-dinnye-jeg\\\/\"]}]},{\"@type\":\"ImageObject\",\"inLanguage\":\"hu\",\"@id\":\"https:\\\/\\\/shop.fizzyvape.com\\\/hu\\\/termek\\\/150k-puffs-gorogdinnye-jeg-red-bull-eper-malna-tripla-dinnye-jeg\\\/#primaryimage\",\"url\":\"https:\\\/\\\/shop.fizzyvape.com\\\/wp-content\\\/uploads\\\/2025\\\/12\\\/Fizzy-150K-Puffs-15-in-1-Smart-Multi-Flavor-Rechargeable-Disposable-Vape-1.jpg\",\"contentUrl\":\"https:\\\/\\\/shop.fizzyvape.com\\\/wp-content\\\/uploads\\\/2025\\\/12\\\/Fizzy-150K-Puffs-15-in-1-Smart-Multi-Flavor-Rechargeable-Disposable-Vape-1.jpg\",\"width\":800,\"height\":800,\"caption\":\"Fizzy 150K Puffs - 15 az 1-ben Smart Multi-Flavor \u00fajrat\u00f6lthet\u0151 eldobhat\u00f3 vape - 1\"},{\"@type\":\"BreadcrumbList\",\"@id\":\"https:\\\/\\\/shop.fizzyvape.com\\\/hu\\\/termek\\\/150k-puffs-gorogdinnye-jeg-red-bull-eper-malna-tripla-dinnye-jeg\\\/#breadcrumb\",\"itemListElement\":[{\"@type\":\"ListItem\",\"position\":1,\"name\":\"\u9996\u9875\",\"item\":\"https:\\\/\\\/shop.fizzyvape.com\\\/hu\\\/\"},{\"@type\":\"ListItem\",\"position\":2,\"name\":\"Shop\",\"item\":\"https:\\\/\\\/shop.fizzyvape.com\\\/shop\\\/\"},{\"@type\":\"ListItem\",\"position\":3,\"name\":\"150K Puffs &#8211; g\u00f6r\u00f6gdinnye j\u00e9g &amp; Red Bull &amp; eper m\u00e1lna &amp; tripla dinnye j\u00e9g\"}]},{\"@type\":\"WebSite\",\"@id\":\"https:\\\/\\\/shop.fizzyvape.com\\\/hu\\\/#website\",\"url\":\"https:\\\/\\\/shop.fizzyvape.com\\\/hu\\\/\",\"name\":\"shop.fizzyvape.com\",\"description\":\"The Best Disposable Vape In Europe | 10000 - 60000 Puffs  | Free Shipping\",\"potentialAction\":[{\"@type\":\"SearchAction\",\"target\":{\"@type\":\"EntryPoint\",\"urlTemplate\":\"https:\\\/\\\/shop.fizzyvape.com\\\/hu\\\/?s={search_term_string}\"},\"query-input\":{\"@type\":\"PropertyValueSpecification\",\"valueRequired\":true,\"valueName\":\"search_term_string\"}}],\"inLanguage\":\"hu\"}]}<\/script>\n<!-- \/ Yoast SEO Premium plugin. -->","yoast_head_json":{"title":"Fizzy 150K Puffs | Watermelon Ice & Red Bull Set | 15-in-1 Vape","description":"V\u00e1s\u00e1rolja meg a Fizzy 150K Puffs Watermelon Ice & Red Bull kiad\u00e1st. Jellemz\u0151i: 150 000 puff, 80 ml kapacit\u00e1s \u00e9s intelligens \u00edzv\u00e1lt\u00e1s. Gyors glob\u00e1lis sz\u00e1ll\u00edt\u00e1s!","robots":{"index":"index","follow":"follow","max-snippet":"max-snippet:-1","max-image-preview":"max-image-preview:large","max-video-preview":"max-video-preview:-1"},"canonical":"https:\/\/shop.fizzyvape.com\/hu\/termek\/150k-puffs-gorogdinnye-jeg-red-bull-eper-malna-tripla-dinnye-jeg\/","og_locale":"hu_HU","og_type":"article","og_title":"150K Puffs - g\u00f6r\u00f6gdinnye j\u00e9g &amp; Red Bull &amp; eper m\u00e1lna &amp; tripla dinnye j\u00e9g","og_description":"V\u00e1s\u00e1rolja meg a Fizzy 150K Puffs Watermelon Ice & Red Bull kiad\u00e1st. Jellemz\u0151i: 150 000 puff, 80 ml kapacit\u00e1s \u00e9s intelligens \u00edzv\u00e1lt\u00e1s. Gyors glob\u00e1lis sz\u00e1ll\u00edt\u00e1s!","og_url":"https:\/\/shop.fizzyvape.com\/hu\/termek\/150k-puffs-gorogdinnye-jeg-red-bull-eper-malna-tripla-dinnye-jeg\/","og_site_name":"shop.fizzyvape.com","og_image":[{"width":800,"height":800,"url":"https:\/\/shop.fizzyvape.com\/wp-content\/uploads\/2025\/12\/Fizzy-150K-Puffs-15-in-1-Smart-Multi-Flavor-Rechargeable-Disposable-Vape-1.jpg","type":"image\/jpeg"}],"twitter_card":"summary_large_image","twitter_misc":{"Becs\u00fclt olvas\u00e1si id\u0151":"5 perc"},"schema":{"@context":"https:\/\/schema.org","@graph":[{"@type":"WebPage","@id":"https:\/\/shop.fizzyvape.com\/hu\/termek\/150k-puffs-gorogdinnye-jeg-red-bull-eper-malna-tripla-dinnye-jeg\/","url":"https:\/\/shop.fizzyvape.com\/hu\/termek\/150k-puffs-gorogdinnye-jeg-red-bull-eper-malna-tripla-dinnye-jeg\/","name":"Fizzy 150K Puffs | Watermelon Ice & Red Bull Set | 15-in-1 Vape","isPartOf":{"@id":"https:\/\/shop.fizzyvape.com\/hu\/#website"},"primaryImageOfPage":{"@id":"https:\/\/shop.fizzyvape.com\/hu\/termek\/150k-puffs-gorogdinnye-jeg-red-bull-eper-malna-tripla-dinnye-jeg\/#primaryimage"},"image":{"@id":"https:\/\/shop.fizzyvape.com\/hu\/termek\/150k-puffs-gorogdinnye-jeg-red-bull-eper-malna-tripla-dinnye-jeg\/#primaryimage"},"thumbnailUrl":"https:\/\/shop.fizzyvape.com\/wp-content\/uploads\/2025\/12\/Fizzy-150K-Puffs-15-in-1-Smart-Multi-Flavor-Rechargeable-Disposable-Vape-1.jpg","datePublished":"2026-01-12T06:31:37+00:00","description":"V\u00e1s\u00e1rolja meg a Fizzy 150K Puffs Watermelon Ice & Red Bull kiad\u00e1st. Jellemz\u0151i: 150 000 puff, 80 ml kapacit\u00e1s \u00e9s intelligens \u00edzv\u00e1lt\u00e1s. Gyors glob\u00e1lis sz\u00e1ll\u00edt\u00e1s!","breadcrumb":{"@id":"https:\/\/shop.fizzyvape.com\/hu\/termek\/150k-puffs-gorogdinnye-jeg-red-bull-eper-malna-tripla-dinnye-jeg\/#breadcrumb"},"inLanguage":"hu","potentialAction":[{"@type":"ReadAction","target":["https:\/\/shop.fizzyvape.com\/hu\/termek\/150k-puffs-gorogdinnye-jeg-red-bull-eper-malna-tripla-dinnye-jeg\/"]}]},{"@type":"ImageObject","inLanguage":"hu","@id":"https:\/\/shop.fizzyvape.com\/hu\/termek\/150k-puffs-gorogdinnye-jeg-red-bull-eper-malna-tripla-dinnye-jeg\/#primaryimage","url":"https:\/\/shop.fizzyvape.com\/wp-content\/uploads\/2025\/12\/Fizzy-150K-Puffs-15-in-1-Smart-Multi-Flavor-Rechargeable-Disposable-Vape-1.jpg","contentUrl":"https:\/\/shop.fizzyvape.com\/wp-content\/uploads\/2025\/12\/Fizzy-150K-Puffs-15-in-1-Smart-Multi-Flavor-Rechargeable-Disposable-Vape-1.jpg","width":800,"height":800,"caption":"Fizzy 150K Puffs - 15 az 1-ben Smart Multi-Flavor \u00fajrat\u00f6lthet\u0151 eldobhat\u00f3 vape - 1"},{"@type":"BreadcrumbList","@id":"https:\/\/shop.fizzyvape.com\/hu\/termek\/150k-puffs-gorogdinnye-jeg-red-bull-eper-malna-tripla-dinnye-jeg\/#breadcrumb","itemListElement":[{"@type":"ListItem","position":1,"name":"\u9996\u9875","item":"https:\/\/shop.fizzyvape.com\/hu\/"},{"@type":"ListItem","position":2,"name":"Shop","item":"https:\/\/shop.fizzyvape.com\/shop\/"},{"@type":"ListItem","position":3,"name":"150K Puffs &#8211; g\u00f6r\u00f6gdinnye j\u00e9g &amp; Red Bull &amp; eper m\u00e1lna &amp; tripla dinnye j\u00e9g"}]},{"@type":"WebSite","@id":"https:\/\/shop.fizzyvape.com\/hu\/#website","url":"https:\/\/shop.fizzyvape.com\/hu\/","name":"shop.fizzyvape.com","description":"The Best Disposable Vape In Europe | 10000 - 60000 Puffs  | Free Shipping","potentialAction":[{"@type":"SearchAction","target":{"@type":"EntryPoint","urlTemplate":"https:\/\/shop.fizzyvape.com\/hu\/?s={search_term_string}"},"query-input":{"@type":"PropertyValueSpecification","valueRequired":true,"valueName":"search_term_string"}}],"inLanguage":"hu"}]}},"tiered_pricing_type":"fixed","tiered_pricing_fixed_rules":[],"tiered_pricing_product_settings":{"layout":"default","base_unit_name":{"singular":null,"plural":null},"default_variation":null},"tiered_pricing_minimum_quantity":null,"tiered_pricing_roles_data":[],"tiered_pricing_percentage_rules":[],"tiered_pricing_maximum_quantity":null,"tiered_pricing_quantity_step":null,"_links":{"self":[{"href":"https:\/\/shop.fizzyvape.com\/hu\/wp-json\/wp\/v2\/product\/29152","targetHints":{"allow":["GET"]}}],"collection":[{"href":"https:\/\/shop.fizzyvape.com\/hu\/wp-json\/wp\/v2\/product"}],"about":[{"href":"https:\/\/shop.fizzyvape.com\/hu\/wp-json\/wp\/v2\/types\/product"}],"replies":[{"embeddable":true,"href":"https:\/\/shop.fizzyvape.com\/hu\/wp-json\/wp\/v2\/comments?post=29152"}],"version-history":[{"count":0,"href":"https:\/\/shop.fizzyvape.com\/hu\/wp-json\/wp\/v2\/product\/29152\/revisions"}],"wp:featuredmedia":[{"embeddable":true,"href":"https:\/\/shop.fizzyvape.com\/hu\/wp-json\/wp\/v2\/media\/28649"}],"wp:attachment":[{"href":"https:\/\/shop.fizzyvape.com\/hu\/wp-json\/wp\/v2\/media?parent=29152"}],"wp:term":[{"taxonomy":"product_brand","embeddable":true,"href":"https:\/\/shop.fizzyvape.com\/hu\/wp-json\/wp\/v2\/product_brand?post=29152"},{"taxonomy":"product_cat","embeddable":true,"href":"https:\/\/shop.fizzyvape.com\/hu\/wp-json\/wp\/v2\/product_cat?post=29152"},{"taxonomy":"product_tag","embeddable":true,"href":"https:\/\/shop.fizzyvape.com\/hu\/wp-json\/wp\/v2\/product_tag?post=29152"}],"curies":[{"name":"wp","href":"https:\/\/api.w.org\/{rel}","templated":true}]}}