{"id":29158,"date":"2026-01-12T07:10:49","date_gmt":"2026-01-12T07:10:49","guid":{"rendered":"https:\/\/shop.fizzyvape.com\/product\/150k-puffs-eper-ice-kiwi-passion-fruit-guava-barack-mango-gorogdinnye-grape-burst\/"},"modified":"2026-01-12T07:10:49","modified_gmt":"2026-01-12T07:10:49","slug":"150k-puffs-eper-ice-kiwi-passion-fruit-guava-barack-mango-gorogdinnye-grape-burst","status":"publish","type":"product","link":"https:\/\/shop.fizzyvape.com\/hu\/product\/150k-puffs-eper-ice-kiwi-passion-fruit-guava-barack-mango-gorogdinnye-grape-burst\/","title":{"rendered":"150K Puffs &#8211; Eper Ice &amp; Kiwi Passion Fruit Guava &amp; Barack Mango G\u00f6r\u00f6gdinnye &amp; Grape Burst"},"content":{"rendered":"<div id=\"attachment_28651\" style=\"width: 810px\" class=\"wp-caption aligncenter\"><img decoding=\"async\" aria-describedby=\"caption-attachment-28651\" class=\"size-full wp-image-28651\" src=\"https:\/\/shop.fizzyvape.com\/wp-content\/uploads\/2025\/12\/Fizzy-150K-Puffs-15-in-1-Smart-Multi-Flavor-Rechargeable-Disposable-Vape-2.jpg\" alt=\"Fizzy 150K Puffs - 15 az 1-ben intelligens t\u00f6bb \u00edzben \u00fajrat\u00f6lthet\u0151, eldobhat\u00f3 eldobhat\u00f3 vape 2\" width=\"800\" height=\"800\" srcset=\"https:\/\/shop.fizzyvape.com\/wp-content\/uploads\/2025\/12\/Fizzy-150K-Puffs-15-in-1-Smart-Multi-Flavor-Rechargeable-Disposable-Vape-2.jpg 800w, https:\/\/shop.fizzyvape.com\/wp-content\/uploads\/2025\/12\/Fizzy-150K-Puffs-15-in-1-Smart-Multi-Flavor-Rechargeable-Disposable-Vape-2-300x300.jpg 300w, https:\/\/shop.fizzyvape.com\/wp-content\/uploads\/2025\/12\/Fizzy-150K-Puffs-15-in-1-Smart-Multi-Flavor-Rechargeable-Disposable-Vape-2-150x150.jpg 150w, https:\/\/shop.fizzyvape.com\/wp-content\/uploads\/2025\/12\/Fizzy-150K-Puffs-15-in-1-Smart-Multi-Flavor-Rechargeable-Disposable-Vape-2-768x768.jpg 768w, https:\/\/shop.fizzyvape.com\/wp-content\/uploads\/2025\/12\/Fizzy-150K-Puffs-15-in-1-Smart-Multi-Flavor-Rechargeable-Disposable-Vape-2-100x100.jpg 100w, https:\/\/shop.fizzyvape.com\/wp-content\/uploads\/2025\/12\/Fizzy-150K-Puffs-15-in-1-Smart-Multi-Flavor-Rechargeable-Disposable-Vape-2-200x200.jpg 200w, https:\/\/shop.fizzyvape.com\/wp-content\/uploads\/2025\/12\/Fizzy-150K-Puffs-15-in-1-Smart-Multi-Flavor-Rechargeable-Disposable-Vape-2-400x400.jpg 400w, https:\/\/shop.fizzyvape.com\/wp-content\/uploads\/2025\/12\/Fizzy-150K-Puffs-15-in-1-Smart-Multi-Flavor-Rechargeable-Disposable-Vape-2-500x500.jpg 500w, https:\/\/shop.fizzyvape.com\/wp-content\/uploads\/2025\/12\/Fizzy-150K-Puffs-15-in-1-Smart-Multi-Flavor-Rechargeable-Disposable-Vape-2-430x430.jpg 430w, https:\/\/shop.fizzyvape.com\/wp-content\/uploads\/2025\/12\/Fizzy-150K-Puffs-15-in-1-Smart-Multi-Flavor-Rechargeable-Disposable-Vape-2-700x700.jpg 700w\" sizes=\"(max-width: 800px) 100vw, 800px\" \/><p id=\"caption-attachment-28651\" class=\"wp-caption-text\">Fizzy 150K Puffs &#8211; 15 az 1-ben intelligens t\u00f6bb \u00edzben \u00fajrat\u00f6lthet\u0151, eldobhat\u00f3 eldobhat\u00f3 vape 2<\/p><\/div>\n<h1>Fizzy 150K Puffs &#8211; Eper Ice &amp; Kiwi Passion Fruit Guava &amp; Barack Mango G\u00f6r\u00f6gdinnye &amp; Grape Burst<\/h1>\n<p><b>150,000 puff | 4 f\u00fcggetlen pod | 15-in-1 Flavor Tech | Smart LED kijelz\u0151<\/b><\/p>\n<p>Mer\u00fclj\u00f6n el egy tr\u00f3pusi paradicsomba a <b>Fizzy 150K Puffs (Exotic Edition)<\/b> seg\u00edts\u00e9g\u00e9vel. Ez a kur\u00e1tori szett \u00f6tv\u00f6zi az eperj\u00e9g klasszikus h\u0171s\u00edt\u0151 hat\u00e1s\u00e1t az olyan tr\u00f3pusi kedvencek komplex, t\u00f6bbr\u00e9teg\u0171 \u00e9dess\u00e9g\u00e9vel, mint a maracuja, a guava \u00e9s a barack-mang\u00f3. Az <b>1000mAh-s akkumul\u00e1torral<\/b> \u00e9s hatalmas, <b>80 ml-es e-folyad\u00e9ktart\u00e1llyal<\/b> m\u0171k\u00f6d\u0151 k\u00e9sz\u00fcl\u00e9k a v\u00e9gs\u0151 v\u00e1laszt\u00e1s azoknak a vapereknek, akik egzotikus v\u00e1ltozatoss\u00e1gra \u00e9s hosszan tart\u00f3 teljes\u00edtm\u00e9nyre v\u00e1gynak.  <\/p>\n<h2>\ud83d\ude80 M\u0171szaki specifik\u00e1ci\u00f3k<\/h2>\n<table>\n<thead>\n<tr>\n<td><strong>Jellemz\u0151<\/strong><\/td>\n<td><strong>Professzion\u00e1lis specifik\u00e1ci\u00f3<\/strong><\/td>\n<\/tr>\n<\/thead>\n<tbody>\n<tr>\n<td><b>Teljes puffan\u00e1s<\/b><\/td>\n<td>Ak\u00e1r 150,000<\/td>\n<\/tr>\n<tr>\n<td><b>E-Liquid Vol.<\/b><\/td>\n<td>80mL (20mL x 4 pod)<\/td>\n<\/tr>\n<tr>\n<td><b>Akkumul\u00e1tor<\/b><\/td>\n<td>1000mAh \u00fajrat\u00f6lthet\u0151 (Type-C)<\/td>\n<\/tr>\n<tr>\n<td><b>Tekercsek<\/b><\/td>\n<td>4 x 1.0\u03a9 Mesh tekercsek<\/td>\n<\/tr>\n<tr>\n<td><b>Megjelen\u00edt\u00e9s<\/b><\/td>\n<td>Intelligens LED Juice \u00e9s energiafigyel\u00e9s<\/td>\n<\/tr>\n<\/tbody>\n<\/table>\n<h2>\ud83c\udf47 Az \u00edzprofil: 4-Pod Exotic Mix<\/h2>\n<p><i>Ez a kiad\u00e1s n\u00e9gy f\u00fcggetlen 20 ml-es podot tartalmaz. V\u00e1ltson k\u00f6z\u00f6tt\u00fck, vagy keverje \u0151ket, hogy ak\u00e1r 15 egyedi \u00edzprofilt fedezzen fel: <\/i><\/p>\n<ul>\n<li>Pod A: Id\u0151tlen kedvenc. \u00c9des, napon \u00e9rlelt eper, ropog\u00f3s, friss\u00edt\u0151 jeges befejez\u00e9ssel vegy\u00edtve, t\u00f6k\u00e9letes eg\u00e9sz napos vape. <\/li>\n<li>Pod B: Kiwi Passi\u00f3gy\u00fcm\u00f6lcs GuavaA v\u00e9gs\u0151 tr\u00f3pusi tri\u00f3. A pik\u00e1ns kiwi, a fanyar maracuja \u00e9s az arom\u00e1s guava komplex, l\u00e9leknyugtat\u00f3 egzotikus menek\u00fcl\u00e9st eredm\u00e9nyez. <\/li>\n<li>Pod C: \u0150szibarack Mang\u00f3 g\u00f6r\u00f6gdinnyeAz arany gy\u00fcm\u00f6lcsf\u00fazi\u00f3. Az \u0151szibarack \u00e9s a mang\u00f3 b\u00e1rsonyos \u00e9dess\u00e9ge tal\u00e1lkozik a friss g\u00f6r\u00f6gdinnye hidrat\u00e1l\u00f3, l\u00e9d\u00fas esszenci\u00e1j\u00e1val. <\/li>\n<li>Pod D: A gazdag, s\u00f6t\u00e9t sz\u0151l\u0151 robban\u00e1sa. \u00c9des \u00e9s enyh\u00e9n savanyk\u00e1s, mer\u00e9sz gy\u00fcm\u00f6lcs\u00f6kkel teli, amelyek kellemesen megmaradnak az \u00edzben. <\/li>\n<\/ul>\n<p><img decoding=\"async\" class=\"wp-image-28634 size-full\" src=\"https:\/\/shop.fizzyvape.com\/wp-content\/uploads\/2025\/12\/Fizzy-15-in-1-150K-Puffs-Rechargeable-Disposable-Vape-Flavors-List-scaled.jpg\" alt=\"Fizzy 15-in-1 150K Puffs \u00fajrat\u00f6lthet\u0151 eldobhat\u00f3 Vape Vape \u00edzek list\u00e1ja\" width=\"1663\" height=\"2560\" srcset=\"https:\/\/shop.fizzyvape.com\/wp-content\/uploads\/2025\/12\/Fizzy-15-in-1-150K-Puffs-Rechargeable-Disposable-Vape-Flavors-List-scaled.jpg 1663w, https:\/\/shop.fizzyvape.com\/wp-content\/uploads\/2025\/12\/Fizzy-15-in-1-150K-Puffs-Rechargeable-Disposable-Vape-Flavors-List-195x300.jpg 195w, https:\/\/shop.fizzyvape.com\/wp-content\/uploads\/2025\/12\/Fizzy-15-in-1-150K-Puffs-Rechargeable-Disposable-Vape-Flavors-List-520x800.jpg 520w, https:\/\/shop.fizzyvape.com\/wp-content\/uploads\/2025\/12\/Fizzy-15-in-1-150K-Puffs-Rechargeable-Disposable-Vape-Flavors-List-768x1182.jpg 768w, https:\/\/shop.fizzyvape.com\/wp-content\/uploads\/2025\/12\/Fizzy-15-in-1-150K-Puffs-Rechargeable-Disposable-Vape-Flavors-List-998x1536.jpg 998w, https:\/\/shop.fizzyvape.com\/wp-content\/uploads\/2025\/12\/Fizzy-15-in-1-150K-Puffs-Rechargeable-Disposable-Vape-Flavors-List-1330x2048.jpg 1330w, https:\/\/shop.fizzyvape.com\/wp-content\/uploads\/2025\/12\/Fizzy-15-in-1-150K-Puffs-Rechargeable-Disposable-Vape-Flavors-List-430x662.jpg 430w, https:\/\/shop.fizzyvape.com\/wp-content\/uploads\/2025\/12\/Fizzy-15-in-1-150K-Puffs-Rechargeable-Disposable-Vape-Flavors-List-700x1078.jpg 700w, https:\/\/shop.fizzyvape.com\/wp-content\/uploads\/2025\/12\/Fizzy-15-in-1-150K-Puffs-Rechargeable-Disposable-Vape-Flavors-List-150x231.jpg 150w\" sizes=\"(max-width: 1663px) 100vw, 1663px\" \/><\/p>\n<h2>Fizzy 15-in-1 150K Puffs \u00fajrat\u00f6lthet\u0151 <strong>eldobhat\u00f3 Vape \u00edzek list\u00e1ja:<\/strong><\/h2>\n<ol>\n<li><a href=\"\/product\/fizzy-150k-puffs\/watermelon-red-bull-ice-set\/\">G\u00f6r\u00f6gdinnye j\u00e9g &amp; Red Bull &amp; Eper m\u00e1lna &amp; H\u00e1romszoros dinnye j\u00e9g<\/a><\/li>\n<li><a href=\"\/product\/fizzy-150k-puffs\/strawberry-kiwi-guava-peach-set\/\">Eper Ice &amp; Kiwi Passion Fruit Guava &amp; Barack Mango G\u00f6r\u00f6gdinnye &amp; Grape Burst<\/a><\/li>\n<li><a href=\"\/product\/fizzy-150k-puffs\/red-bull-kiwi-pomegranate-ice-set\/\">Red Bull &amp; Strawberry Kiwi Gr\u00e1n\u00e1talma &amp; Blueberry Ice &amp; Anan\u00e1sz K\u00f3kuszdi\u00f3<\/a><\/li>\n<li><a href=\"\/product\/fizzy-150k-puffs\/strawberry-kiwi-watermelon-bubblegum-set\/\">Eper-kiwi &amp; vegyes bogy\u00f3s gy\u00fcm\u00f6lcs &amp; g\u00f6r\u00f6gdinnye Bubblegum &amp; l\u00e9d\u00fas barack<\/a><\/li>\n<li><a href=\"\/product\/fizzy-150k-puffs\/blueberry-raspberry-set\/\">\u00c1fonya m\u00e1lna &amp; eper j\u00e9g &amp; Blue Razz limon\u00e1d\u00e9 &amp; g\u00f6r\u00f6gdinnye gumimack\u00f3<\/a><\/li>\n<li><a href=\"\/product\/fizzy-150k-puffs\/strawberry-skittles-tropical-punch-set\/\">Tr\u00f3pusi gy\u00fcm\u00f6lcspuncs \u00e9s g\u00f6r\u00f6gdinnye M\u00e1lna \u00e9s \u00e1fonya K\u00f3kusz \u00e9s eper Skittles<\/a><\/li>\n<li><a href=\"\/product\/fizzy-150k-puffs\/love-66-strawberry-kiwi-berry-lemonade-set\/\">Szerelem 66 &amp; Eper Kiwi &amp; G\u00f6r\u00f6gdinnye \u00c1fonya &amp; M\u00e1lna Limon\u00e1d\u00e9<\/a><\/li>\n<li><a href=\"\/product\/fizzy-150k-puffs\/mixed-berry-fizzy-cola-tropical-set\/\">Vegyes bogy\u00f3s gy\u00fcm\u00f6lcs\u00f6k \u00e9s anan\u00e1sz Barack Maracuja \u00e9s Fizzy Cola \u00e9s eper M\u00e1lna<\/a><\/li>\n<li><a href=\"\/product\/fizzy-150k-puffs\/blue-razz-watermelon-cherry-passion-set\/\">Blue Razz Rapberry &amp; G\u00f6r\u00f6gdinnye Cherry Ice &amp; Eper Grape &amp;Passion Fruit Orange Peach<\/a><\/li>\n<li><a href=\"\/product\/fizzy-150k-puffs\/fizzy-cherry-strawberry-dragon-fruit-set\/\">Fizzy Cherry &amp; Strawberry S\u00e1rk\u00e1nygy\u00fcm\u00f6lcs &amp; Citrom Lime &amp; G\u00f6r\u00f6gdinnye Blueberry<\/a><\/li>\n<li><a href=\"\/product\/fizzy-150k-puffs\/strawberry-vanilla-coke-cherry-berry-set\/\">Eper van\u00edliak\u00f3la &amp; \u00e1fonya m\u00e1lna &amp; g\u00f6r\u00f6gdinnye j\u00e9g &amp; cseresznye bogy\u00f3<\/a><\/li>\n<li><a href=\"\/product\/fizzy-150k-puffs\/mojito-strawberry-watermelon-kiwi-guava-set\/\">Blueberry Ice &amp; Strawberry Watermelon &amp; Mojito &amp; Kiwi Passion Fruit Guava<\/a><\/li>\n<\/ol>\n<h2>\ud83d\udc8e Mi\u00e9rt v\u00e1lassza a Fizzy 150K Exotic Editiont?<\/h2>\n<ol start=\"1\">\n<li>P\u00e1ratlan 150 000 puff hossz\u00fa \u00e9lettartamA hossz\u00fa t\u00e1vra tervezve. Ez a k\u00e9sz\u00fcl\u00e9k t\u00f6bb tucat kisebb eldobhat\u00f3 k\u00e9sz\u00fcl\u00e9ket helyettes\u00edt, \u00edgy a piacon el\u00e9rhet\u0151 legk\u00f6lts\u00e9ghat\u00e9konyabb \u00e9s legtart\u00f3sabb magas puffaszt\u00e1si \u00e9lm\u00e9nyt ny\u00fajtja. <\/li>\n<li>Tiszta \u00edzlev\u00e1laszt\u00e1s (Quad-Mesh)N\u00e9gy f\u00fcggetlen 1,0\u03a9-os h\u00e1l\u00f3s tekercsnek k\u00f6sz\u00f6nhet\u0151en az &#8220;Strawberry Ice&#8221; soha nem keveredik a &#8220;Grape Burst&#8221;-tel. Minden egyes h\u00fcvely elszigetelt marad, biztos\u00edtva a tiszta, intenz\u00edv \u00edzt az elej\u00e9t\u0151l a v\u00e9g\u00e9ig. <\/li>\n<li>Val\u00f3s idej\u0171 intelligens intelligenciaA nagy felbont\u00e1s\u00fa LED-k\u00e9perny\u0151 kik\u00fcsz\u00f6b\u00f6li a tal\u00e1lgat\u00e1sokat. Egyszerre k\u00f6vetheti az akkumul\u00e1tor % \u00e9s mind a n\u00e9gy pod egy\u00e9ni t\u00f6lt\u0151anyagszintj\u00e9t. <\/li>\n<li>Hivatalos hiteles min\u0151s\u00e9gA hivatalos Fizzy \u00e1ruh\u00e1zk\u00e9nt 100%-ban hiteles k\u00e9sz\u00fcl\u00e9keket k\u00edn\u00e1lunk ellen\u0151rizhet\u0151 biztons\u00e1gi k\u00f3dokkal, friss gy\u00e1ri t\u00e9telekkel \u00e9s optimaliz\u00e1lt akkumul\u00e1tor-eg\u00e9szs\u00e9g\u00fcggyel.<\/li>\n<\/ol>\n<h2>\u2753 Gyakran ism\u00e9telt k\u00e9rd\u00e9sek (GYIK)<\/h2>\n<p>K: Hogyan aktiv\u00e1lhatom a &#8220;15 az 1-ben&#8221; \u00edzv\u00e1lt\u00e1st?<\/p>\n<p>V: A k\u00e9sz\u00fcl\u00e9k intelligens kapcsol\u00e1si mechanizmussal rendelkezik. Forgathatja a n\u00e9gy f\u0151 podot, vagy bekapcsolhatja a multiflavor \u00fczemm\u00f3dot, hogy megtapasztalhassa a n\u00e9gyh\u00e1l\u00f3s rendszer \u00e1ltal l\u00e9trehozott egyedi hibrid kever\u00e9keket. <\/p>\n<p>K: Sz\u00fcks\u00e9ges a k\u00e9sz\u00fcl\u00e9k karbantart\u00e1sa?<\/p>\n<p>V: Nincs sz\u00fcks\u00e9g karbantart\u00e1sra. Egyszer\u0171en t\u00f6ltse fel az 1000mAh-s akkumul\u00e1tort a Type-C porton kereszt\u00fcl, ha sz\u00fcks\u00e9ges. Amint a 80ml e-folyad\u00e9k kimer\u00fcl, a k\u00e9sz\u00fcl\u00e9k k\u00e9szen \u00e1ll a cser\u00e9re.  <\/p>\n<p>K: Az eperj\u00e9g nagyon &#8220;men\u0151&#8221;?<\/p>\n<p>V: &#8220;K\u00f6zepes-magas&#8221; j\u00e9gszintet tartalmaz, amelyet \u00fagy terveztek, hogy friss\u00edt\u0151 torok\u00fct\u00e9st biztos\u00edtson, amely kieg\u00e9sz\u00edti az eper \u00e9dess\u00e9g\u00e9t an\u00e9lk\u00fcl, hogy t\u00falz\u00e1sba vinn\u00e9.<\/p>\n<p>K: L\u00e1thatom, hogy mennyi l\u00e9 maradt az egyes kapszul\u00e1kban?<\/p>\n<p>A: Igen! A Smart LED kijelz\u0151n 4 egyedi gy\u00fcm\u00f6lcsl\u00e9 kijelz\u0151 tal\u00e1lhat\u00f3, \u00edgy pontosan tudhatja, hogy egy adott \u00edz (p\u00e9ld\u00e1ul Grape Burst) mikor fogy el. <\/p>\n","protected":false},"excerpt":{"rendered":"[html_block id=\"28835\"]\n","protected":false},"featured_media":28652,"comment_status":"open","ping_status":"closed","template":"","meta":[],"product_brand":[],"product_cat":[319],"product_tag":[],"class_list":{"0":"post-29158","1":"product","2":"type-product","3":"status-publish","4":"has-post-thumbnail","6":"product_cat-fizzy-150k-150000-fujas-15-az-1-ben-eldobhato-ujratoltheto-vape","8":"first","9":"outofstock","10":"shipping-taxable","11":"purchasable","12":"product-type-variable"},"yoast_head":"<!-- This site is optimized with the Yoast SEO Premium plugin v24.8 (Yoast SEO v27.4) - https:\/\/yoast.com\/product\/yoast-seo-premium-wordpress\/ -->\n<title>Fizzy 150K Puffs | Strawberry Ice &amp; Kiwi Passion Fruit Guava Edition<\/title>\n<meta name=\"description\" content=\"Tapasztald meg a Fizzy 150K Puffs Strawberry &amp; Exotic Fruit kiad\u00e1st. 15 az 1-ben \u00edztechnika \u00e9s intelligens ellen\u0151rz\u00e9s. Hiteles hivatalos bolt. V\u00e1s\u00e1rolj most!\" \/>\n<meta name=\"robots\" content=\"index, follow, max-snippet:-1, max-image-preview:large, max-video-preview:-1\" \/>\n<link rel=\"canonical\" href=\"https:\/\/shop.fizzyvape.com\/hu\/product\/150k-puffs-eper-ice-kiwi-passion-fruit-guava-barack-mango-gorogdinnye-grape-burst\/\" \/>\n<meta property=\"og:locale\" content=\"hu_HU\" \/>\n<meta property=\"og:type\" content=\"article\" \/>\n<meta property=\"og:title\" content=\"150K Puffs - Eper Ice &amp; Kiwi Passion Fruit Guava &amp; Barack Mango G\u00f6r\u00f6gdinnye &amp; Grape Burst\" \/>\n<meta property=\"og:description\" content=\"Tapasztald meg a Fizzy 150K Puffs Strawberry &amp; Exotic Fruit kiad\u00e1st. 15 az 1-ben \u00edztechnika \u00e9s intelligens ellen\u0151rz\u00e9s. Hiteles hivatalos bolt. V\u00e1s\u00e1rolj most!\" \/>\n<meta property=\"og:url\" content=\"https:\/\/shop.fizzyvape.com\/hu\/product\/150k-puffs-eper-ice-kiwi-passion-fruit-guava-barack-mango-gorogdinnye-grape-burst\/\" \/>\n<meta property=\"og:site_name\" content=\"shop.fizzyvape.com\" \/>\n<meta property=\"og:image\" content=\"https:\/\/shop.fizzyvape.com\/wp-content\/uploads\/2025\/12\/Fizzy-150K-Puffs-15-in-1-Smart-Multi-Flavor-Rechargeable-Disposable-Vape-2.jpg\" \/>\n\t<meta property=\"og:image:width\" content=\"800\" \/>\n\t<meta property=\"og:image:height\" content=\"800\" \/>\n\t<meta property=\"og:image:type\" content=\"image\/jpeg\" \/>\n<meta name=\"twitter:card\" content=\"summary_large_image\" \/>\n<meta name=\"twitter:label1\" content=\"Becs\u00fclt olvas\u00e1si id\u0151\" \/>\n\t<meta name=\"twitter:data1\" content=\"5 perc\" \/>\n<script type=\"application\/ld+json\" class=\"yoast-schema-graph\">{\"@context\":\"https:\\\/\\\/schema.org\",\"@graph\":[{\"@type\":\"WebPage\",\"@id\":\"https:\\\/\\\/shop.fizzyvape.com\\\/hu\\\/product\\\/150k-puffs-eper-ice-kiwi-passion-fruit-guava-barack-mango-gorogdinnye-grape-burst\\\/\",\"url\":\"https:\\\/\\\/shop.fizzyvape.com\\\/hu\\\/product\\\/150k-puffs-eper-ice-kiwi-passion-fruit-guava-barack-mango-gorogdinnye-grape-burst\\\/\",\"name\":\"Fizzy 150K Puffs | Strawberry Ice & Kiwi Passion Fruit Guava Edition\",\"isPartOf\":{\"@id\":\"https:\\\/\\\/shop.fizzyvape.com\\\/hu\\\/#website\"},\"primaryImageOfPage\":{\"@id\":\"https:\\\/\\\/shop.fizzyvape.com\\\/hu\\\/product\\\/150k-puffs-eper-ice-kiwi-passion-fruit-guava-barack-mango-gorogdinnye-grape-burst\\\/#primaryimage\"},\"image\":{\"@id\":\"https:\\\/\\\/shop.fizzyvape.com\\\/hu\\\/product\\\/150k-puffs-eper-ice-kiwi-passion-fruit-guava-barack-mango-gorogdinnye-grape-burst\\\/#primaryimage\"},\"thumbnailUrl\":\"https:\\\/\\\/shop.fizzyvape.com\\\/wp-content\\\/uploads\\\/2025\\\/12\\\/Fizzy-150K-Puffs-15-in-1-Smart-Multi-Flavor-Rechargeable-Disposable-Vape-2.jpg\",\"datePublished\":\"2026-01-12T07:10:49+00:00\",\"description\":\"Tapasztald meg a Fizzy 150K Puffs Strawberry & Exotic Fruit kiad\u00e1st. 15 az 1-ben \u00edztechnika \u00e9s intelligens ellen\u0151rz\u00e9s. Hiteles hivatalos bolt. V\u00e1s\u00e1rolj most!\",\"breadcrumb\":{\"@id\":\"https:\\\/\\\/shop.fizzyvape.com\\\/hu\\\/product\\\/150k-puffs-eper-ice-kiwi-passion-fruit-guava-barack-mango-gorogdinnye-grape-burst\\\/#breadcrumb\"},\"inLanguage\":\"hu\",\"potentialAction\":[{\"@type\":\"ReadAction\",\"target\":[\"https:\\\/\\\/shop.fizzyvape.com\\\/hu\\\/product\\\/150k-puffs-eper-ice-kiwi-passion-fruit-guava-barack-mango-gorogdinnye-grape-burst\\\/\"]}]},{\"@type\":\"ImageObject\",\"inLanguage\":\"hu\",\"@id\":\"https:\\\/\\\/shop.fizzyvape.com\\\/hu\\\/product\\\/150k-puffs-eper-ice-kiwi-passion-fruit-guava-barack-mango-gorogdinnye-grape-burst\\\/#primaryimage\",\"url\":\"https:\\\/\\\/shop.fizzyvape.com\\\/wp-content\\\/uploads\\\/2025\\\/12\\\/Fizzy-150K-Puffs-15-in-1-Smart-Multi-Flavor-Rechargeable-Disposable-Vape-2.jpg\",\"contentUrl\":\"https:\\\/\\\/shop.fizzyvape.com\\\/wp-content\\\/uploads\\\/2025\\\/12\\\/Fizzy-150K-Puffs-15-in-1-Smart-Multi-Flavor-Rechargeable-Disposable-Vape-2.jpg\",\"width\":800,\"height\":800,\"caption\":\"Fizzy 150K Puffs - 15 az 1-ben intelligens t\u00f6bb \u00edzben \u00fajrat\u00f6lthet\u0151, eldobhat\u00f3 eldobhat\u00f3 vape 2\"},{\"@type\":\"BreadcrumbList\",\"@id\":\"https:\\\/\\\/shop.fizzyvape.com\\\/hu\\\/product\\\/150k-puffs-eper-ice-kiwi-passion-fruit-guava-barack-mango-gorogdinnye-grape-burst\\\/#breadcrumb\",\"itemListElement\":[{\"@type\":\"ListItem\",\"position\":1,\"name\":\"\u9996\u9875\",\"item\":\"https:\\\/\\\/shop.fizzyvape.com\\\/hu\\\/\"},{\"@type\":\"ListItem\",\"position\":2,\"name\":\"Shop\",\"item\":\"https:\\\/\\\/shop.fizzyvape.com\\\/shop\\\/\"},{\"@type\":\"ListItem\",\"position\":3,\"name\":\"150K Puffs &#8211; Eper Ice &amp; Kiwi Passion Fruit Guava &amp; Barack Mango G\u00f6r\u00f6gdinnye &amp; Grape Burst\"}]},{\"@type\":\"WebSite\",\"@id\":\"https:\\\/\\\/shop.fizzyvape.com\\\/hu\\\/#website\",\"url\":\"https:\\\/\\\/shop.fizzyvape.com\\\/hu\\\/\",\"name\":\"shop.fizzyvape.com\",\"description\":\"The Best Disposable Vape In Europe | 10000 - 60000 Puffs  | Free Shipping\",\"potentialAction\":[{\"@type\":\"SearchAction\",\"target\":{\"@type\":\"EntryPoint\",\"urlTemplate\":\"https:\\\/\\\/shop.fizzyvape.com\\\/hu\\\/?s={search_term_string}\"},\"query-input\":{\"@type\":\"PropertyValueSpecification\",\"valueRequired\":true,\"valueName\":\"search_term_string\"}}],\"inLanguage\":\"hu\"}]}<\/script>\n<!-- \/ Yoast SEO Premium plugin. -->","yoast_head_json":{"title":"Fizzy 150K Puffs | Strawberry Ice & Kiwi Passion Fruit Guava Edition","description":"Tapasztald meg a Fizzy 150K Puffs Strawberry & Exotic Fruit kiad\u00e1st. 15 az 1-ben \u00edztechnika \u00e9s intelligens ellen\u0151rz\u00e9s. Hiteles hivatalos bolt. V\u00e1s\u00e1rolj most!","robots":{"index":"index","follow":"follow","max-snippet":"max-snippet:-1","max-image-preview":"max-image-preview:large","max-video-preview":"max-video-preview:-1"},"canonical":"https:\/\/shop.fizzyvape.com\/hu\/product\/150k-puffs-eper-ice-kiwi-passion-fruit-guava-barack-mango-gorogdinnye-grape-burst\/","og_locale":"hu_HU","og_type":"article","og_title":"150K Puffs - Eper Ice &amp; Kiwi Passion Fruit Guava &amp; Barack Mango G\u00f6r\u00f6gdinnye &amp; Grape Burst","og_description":"Tapasztald meg a Fizzy 150K Puffs Strawberry & Exotic Fruit kiad\u00e1st. 15 az 1-ben \u00edztechnika \u00e9s intelligens ellen\u0151rz\u00e9s. Hiteles hivatalos bolt. V\u00e1s\u00e1rolj most!","og_url":"https:\/\/shop.fizzyvape.com\/hu\/product\/150k-puffs-eper-ice-kiwi-passion-fruit-guava-barack-mango-gorogdinnye-grape-burst\/","og_site_name":"shop.fizzyvape.com","og_image":[{"width":800,"height":800,"url":"https:\/\/shop.fizzyvape.com\/wp-content\/uploads\/2025\/12\/Fizzy-150K-Puffs-15-in-1-Smart-Multi-Flavor-Rechargeable-Disposable-Vape-2.jpg","type":"image\/jpeg"}],"twitter_card":"summary_large_image","twitter_misc":{"Becs\u00fclt olvas\u00e1si id\u0151":"5 perc"},"schema":{"@context":"https:\/\/schema.org","@graph":[{"@type":"WebPage","@id":"https:\/\/shop.fizzyvape.com\/hu\/product\/150k-puffs-eper-ice-kiwi-passion-fruit-guava-barack-mango-gorogdinnye-grape-burst\/","url":"https:\/\/shop.fizzyvape.com\/hu\/product\/150k-puffs-eper-ice-kiwi-passion-fruit-guava-barack-mango-gorogdinnye-grape-burst\/","name":"Fizzy 150K Puffs | Strawberry Ice & Kiwi Passion Fruit Guava Edition","isPartOf":{"@id":"https:\/\/shop.fizzyvape.com\/hu\/#website"},"primaryImageOfPage":{"@id":"https:\/\/shop.fizzyvape.com\/hu\/product\/150k-puffs-eper-ice-kiwi-passion-fruit-guava-barack-mango-gorogdinnye-grape-burst\/#primaryimage"},"image":{"@id":"https:\/\/shop.fizzyvape.com\/hu\/product\/150k-puffs-eper-ice-kiwi-passion-fruit-guava-barack-mango-gorogdinnye-grape-burst\/#primaryimage"},"thumbnailUrl":"https:\/\/shop.fizzyvape.com\/wp-content\/uploads\/2025\/12\/Fizzy-150K-Puffs-15-in-1-Smart-Multi-Flavor-Rechargeable-Disposable-Vape-2.jpg","datePublished":"2026-01-12T07:10:49+00:00","description":"Tapasztald meg a Fizzy 150K Puffs Strawberry & Exotic Fruit kiad\u00e1st. 15 az 1-ben \u00edztechnika \u00e9s intelligens ellen\u0151rz\u00e9s. Hiteles hivatalos bolt. V\u00e1s\u00e1rolj most!","breadcrumb":{"@id":"https:\/\/shop.fizzyvape.com\/hu\/product\/150k-puffs-eper-ice-kiwi-passion-fruit-guava-barack-mango-gorogdinnye-grape-burst\/#breadcrumb"},"inLanguage":"hu","potentialAction":[{"@type":"ReadAction","target":["https:\/\/shop.fizzyvape.com\/hu\/product\/150k-puffs-eper-ice-kiwi-passion-fruit-guava-barack-mango-gorogdinnye-grape-burst\/"]}]},{"@type":"ImageObject","inLanguage":"hu","@id":"https:\/\/shop.fizzyvape.com\/hu\/product\/150k-puffs-eper-ice-kiwi-passion-fruit-guava-barack-mango-gorogdinnye-grape-burst\/#primaryimage","url":"https:\/\/shop.fizzyvape.com\/wp-content\/uploads\/2025\/12\/Fizzy-150K-Puffs-15-in-1-Smart-Multi-Flavor-Rechargeable-Disposable-Vape-2.jpg","contentUrl":"https:\/\/shop.fizzyvape.com\/wp-content\/uploads\/2025\/12\/Fizzy-150K-Puffs-15-in-1-Smart-Multi-Flavor-Rechargeable-Disposable-Vape-2.jpg","width":800,"height":800,"caption":"Fizzy 150K Puffs - 15 az 1-ben intelligens t\u00f6bb \u00edzben \u00fajrat\u00f6lthet\u0151, eldobhat\u00f3 eldobhat\u00f3 vape 2"},{"@type":"BreadcrumbList","@id":"https:\/\/shop.fizzyvape.com\/hu\/product\/150k-puffs-eper-ice-kiwi-passion-fruit-guava-barack-mango-gorogdinnye-grape-burst\/#breadcrumb","itemListElement":[{"@type":"ListItem","position":1,"name":"\u9996\u9875","item":"https:\/\/shop.fizzyvape.com\/hu\/"},{"@type":"ListItem","position":2,"name":"Shop","item":"https:\/\/shop.fizzyvape.com\/shop\/"},{"@type":"ListItem","position":3,"name":"150K Puffs &#8211; Eper Ice &amp; Kiwi Passion Fruit Guava &amp; Barack Mango G\u00f6r\u00f6gdinnye &amp; Grape Burst"}]},{"@type":"WebSite","@id":"https:\/\/shop.fizzyvape.com\/hu\/#website","url":"https:\/\/shop.fizzyvape.com\/hu\/","name":"shop.fizzyvape.com","description":"The Best Disposable Vape In Europe | 10000 - 60000 Puffs  | Free Shipping","potentialAction":[{"@type":"SearchAction","target":{"@type":"EntryPoint","urlTemplate":"https:\/\/shop.fizzyvape.com\/hu\/?s={search_term_string}"},"query-input":{"@type":"PropertyValueSpecification","valueRequired":true,"valueName":"search_term_string"}}],"inLanguage":"hu"}]}},"tiered_pricing_type":"fixed","tiered_pricing_fixed_rules":[],"tiered_pricing_product_settings":{"layout":"default","base_unit_name":{"singular":null,"plural":null},"default_variation":null},"tiered_pricing_minimum_quantity":null,"tiered_pricing_roles_data":[],"tiered_pricing_percentage_rules":[],"tiered_pricing_maximum_quantity":null,"tiered_pricing_quantity_step":null,"_links":{"self":[{"href":"https:\/\/shop.fizzyvape.com\/hu\/wp-json\/wp\/v2\/product\/29158","targetHints":{"allow":["GET"]}}],"collection":[{"href":"https:\/\/shop.fizzyvape.com\/hu\/wp-json\/wp\/v2\/product"}],"about":[{"href":"https:\/\/shop.fizzyvape.com\/hu\/wp-json\/wp\/v2\/types\/product"}],"replies":[{"embeddable":true,"href":"https:\/\/shop.fizzyvape.com\/hu\/wp-json\/wp\/v2\/comments?post=29158"}],"version-history":[{"count":0,"href":"https:\/\/shop.fizzyvape.com\/hu\/wp-json\/wp\/v2\/product\/29158\/revisions"}],"wp:featuredmedia":[{"embeddable":true,"href":"https:\/\/shop.fizzyvape.com\/hu\/wp-json\/wp\/v2\/media\/28652"}],"wp:attachment":[{"href":"https:\/\/shop.fizzyvape.com\/hu\/wp-json\/wp\/v2\/media?parent=29158"}],"wp:term":[{"taxonomy":"product_brand","embeddable":true,"href":"https:\/\/shop.fizzyvape.com\/hu\/wp-json\/wp\/v2\/product_brand?post=29158"},{"taxonomy":"product_cat","embeddable":true,"href":"https:\/\/shop.fizzyvape.com\/hu\/wp-json\/wp\/v2\/product_cat?post=29158"},{"taxonomy":"product_tag","embeddable":true,"href":"https:\/\/shop.fizzyvape.com\/hu\/wp-json\/wp\/v2\/product_tag?post=29158"}],"curies":[{"name":"wp","href":"https:\/\/api.w.org\/{rel}","templated":true}]}}