{"id":29176,"date":"2026-01-12T07:54:22","date_gmt":"2026-01-12T07:54:22","guid":{"rendered":"https:\/\/shop.fizzyvape.com\/product\/150k-puffs-afonya-malna-eper-jeg-blue-razz-limonade-gorogdinnye-gumimacko\/"},"modified":"2026-01-12T07:54:22","modified_gmt":"2026-01-12T07:54:22","slug":"150k-puffs-afonya-malna-eper-jeg-blue-razz-limonade-gorogdinnye-gumimacko","status":"publish","type":"product","link":"https:\/\/shop.fizzyvape.com\/hu\/termek\/150k-puffs-afonya-malna-eper-jeg-blue-razz-limonade-gorogdinnye-gumimacko\/","title":{"rendered":"150K Puffs &#8211; \u00e1fonya m\u00e1lna &amp; eper j\u00e9g &amp; Blue Razz limon\u00e1d\u00e9 &amp; g\u00f6r\u00f6gdinnye gumimack\u00f3"},"content":{"rendered":"<p><img decoding=\"async\" class=\"size-full wp-image-28660 aligncenter\" src=\"https:\/\/shop.fizzyvape.com\/wp-content\/uploads\/2025\/12\/Fizzy-150K-Puffs-15-in-1-Smart-Multi-Flavor-Rechargeable-Disposable-Vape-5.jpg\" alt=\"Fizzy 150K Puffs - 15 az 1-ben intelligens multi-flavor \u00fajrat\u00f6lthet\u0151 eldobhat\u00f3 Vape 5\" width=\"800\" height=\"800\" srcset=\"https:\/\/shop.fizzyvape.com\/wp-content\/uploads\/2025\/12\/Fizzy-150K-Puffs-15-in-1-Smart-Multi-Flavor-Rechargeable-Disposable-Vape-5.jpg 800w, https:\/\/shop.fizzyvape.com\/wp-content\/uploads\/2025\/12\/Fizzy-150K-Puffs-15-in-1-Smart-Multi-Flavor-Rechargeable-Disposable-Vape-5-300x300.jpg 300w, https:\/\/shop.fizzyvape.com\/wp-content\/uploads\/2025\/12\/Fizzy-150K-Puffs-15-in-1-Smart-Multi-Flavor-Rechargeable-Disposable-Vape-5-150x150.jpg 150w, https:\/\/shop.fizzyvape.com\/wp-content\/uploads\/2025\/12\/Fizzy-150K-Puffs-15-in-1-Smart-Multi-Flavor-Rechargeable-Disposable-Vape-5-768x768.jpg 768w, https:\/\/shop.fizzyvape.com\/wp-content\/uploads\/2025\/12\/Fizzy-150K-Puffs-15-in-1-Smart-Multi-Flavor-Rechargeable-Disposable-Vape-5-100x100.jpg 100w, https:\/\/shop.fizzyvape.com\/wp-content\/uploads\/2025\/12\/Fizzy-150K-Puffs-15-in-1-Smart-Multi-Flavor-Rechargeable-Disposable-Vape-5-200x200.jpg 200w, https:\/\/shop.fizzyvape.com\/wp-content\/uploads\/2025\/12\/Fizzy-150K-Puffs-15-in-1-Smart-Multi-Flavor-Rechargeable-Disposable-Vape-5-400x400.jpg 400w, https:\/\/shop.fizzyvape.com\/wp-content\/uploads\/2025\/12\/Fizzy-150K-Puffs-15-in-1-Smart-Multi-Flavor-Rechargeable-Disposable-Vape-5-500x500.jpg 500w, https:\/\/shop.fizzyvape.com\/wp-content\/uploads\/2025\/12\/Fizzy-150K-Puffs-15-in-1-Smart-Multi-Flavor-Rechargeable-Disposable-Vape-5-430x430.jpg 430w, https:\/\/shop.fizzyvape.com\/wp-content\/uploads\/2025\/12\/Fizzy-150K-Puffs-15-in-1-Smart-Multi-Flavor-Rechargeable-Disposable-Vape-5-700x700.jpg 700w\" sizes=\"(max-width: 800px) 100vw, 800px\" \/><\/p>\n<h1>Fizzy 150K Puffs: K\u00e9k Razz limon\u00e1d\u00e9 &amp; G\u00f6r\u00f6gdinnye gumimacik<\/h1>\n<p><b>150,000 puff | 4 f\u00fcggetlen pod | Intelligens \u00edzv\u00e1lt\u00e1s | HD LED kijelz\u0151<\/b><\/p>\n<p>Friss\u00edtse fel \u00edzl\u00e9s\u00e9t a <b>Fizzy 150K Puffs (Berry &amp; Gummy Edition)<\/b>. Ezt a kur\u00e1tori szettet azoknak a vapereknek tervezt\u00e9k, akik szeretik a k\u00e9k m\u00e1lna \u00e9les \u00edz\u00e9t a gumicukor j\u00e1t\u00e9kos \u00e9dess\u00e9g\u00e9vel vegy\u00edtve. A <b>80 ml pr\u00e9mium e-folyad\u00e9kkal<\/b> \u00e9s a nagy teljes\u00edtm\u00e9ny\u0171 <b>1000mAh akkumul\u00e1torral<\/b> ez a k\u00e9sz\u00fcl\u00e9k biztos\u00edtja a hetekig tart\u00f3, egyenletes, nagy intenzit\u00e1s\u00fa \u00edz\u00e9lm\u00e9nyt.  <\/p>\n<h2>\ud83d\ude80 M\u0171szaki specifik\u00e1ci\u00f3k<\/h2>\n<table>\n<thead>\n<tr>\n<td><strong>Jellemz\u0151<\/strong><\/td>\n<td><strong>Professzion\u00e1lis min\u0151s\u00e9g\u0171 specifik\u00e1ci\u00f3k<\/strong><\/td>\n<\/tr>\n<\/thead>\n<tbody>\n<tr>\n<td><b>Teljes puffan\u00e1s<\/b><\/td>\n<td>150,000+<\/td>\n<\/tr>\n<tr>\n<td><b>Tekercs t\u00edpusa<\/b><\/td>\n<td>4 x 1.0\u03a9 h\u00e1l\u00f3s tekercsek<\/td>\n<\/tr>\n<tr>\n<td><b>E-Liquid<\/b><\/td>\n<td>80mL \u00f6sszesen (20mL per pod)<\/td>\n<\/tr>\n<tr>\n<td><b>Akkumul\u00e1tor<\/b><\/td>\n<td>1000mAh (\u00fajrat\u00f6lthet\u0151)<\/td>\n<\/tr>\n<tr>\n<td><b>T\u00f6lt\u00e9s<\/b><\/td>\n<td>C-t\u00edpus\u00fa gyorst\u00f6lt\u00e9s<\/td>\n<\/tr>\n<\/tbody>\n<\/table>\n<h2>\ud83e\uddea Az \u00edzek sora: Bogy\u00f3s \u00e9s cukork\u00e1s kever\u00e9k: 4-pod Berry &amp; Candy Mix<\/h2>\n<p><i>Fedezzen fel n\u00e9gy f\u00fcggetlen 20 ml-es podot. Cser\u00e9lje ki \u0151ket egyed\u00fcl vagy kombin\u00e1lja \u0151ket, hogy 15 egyedi \u00edzprofilb\u00f3l \u00e1ll\u00f3 vil\u00e1got t\u00e1rjon fel: <\/i><\/p>\n<ul>\n<li>Pod A: Klasszikus du\u00f3, melyben a vad \u00e1fonya m\u00e9ly \u00e9dess\u00e9g\u00e9t t\u00f6k\u00e9letesen ellens\u00falyozza a friss m\u00e1lna savanyk\u00e1s, pik\u00e1ns harap\u00e1sa.<\/li>\n<li>Pod B: Strawberry IceNap \u00e9rlelte kerti eper tal\u00e1lkozik egy csontig hatol\u00f3 sarkvid\u00e9ki befejez\u00e9ssel. Egy sima, friss\u00edt\u0151 \u00e9s id\u0151tlen eg\u00e9sz napos vape. <\/li>\n<li>Pod C: Blue Razz LemonadeZesty, sz\u00e9nsavas \u00e9s mer\u00e9sz. A k\u00e9k m\u00e1lna elektromos \u00edze pezsg\u0151 citrusos limon\u00e1d\u00e9 alapl\u00e9vel keverve. <\/li>\n<li>Pod D: Tiszta nosztalgikus \u00f6r\u00f6m. \u00c9des kand\u00edrozott g\u00f6r\u00f6gdinnye \u00edz, a klasszikus gumimacik jellegzetes r\u00e1g\u00f3s, cukros text\u00far\u00e1j\u00e1val. <\/li>\n<\/ul>\n<p><img decoding=\"async\" class=\"wp-image-28634 size-full\" src=\"https:\/\/shop.fizzyvape.com\/wp-content\/uploads\/2025\/12\/Fizzy-15-in-1-150K-Puffs-Rechargeable-Disposable-Vape-Flavors-List-scaled.jpg\" alt=\"Fizzy 15-in-1 150K Puffs \u00fajrat\u00f6lthet\u0151 eldobhat\u00f3 Vape Vape \u00edzek list\u00e1ja\" width=\"1663\" height=\"2560\" srcset=\"https:\/\/shop.fizzyvape.com\/wp-content\/uploads\/2025\/12\/Fizzy-15-in-1-150K-Puffs-Rechargeable-Disposable-Vape-Flavors-List-scaled.jpg 1663w, https:\/\/shop.fizzyvape.com\/wp-content\/uploads\/2025\/12\/Fizzy-15-in-1-150K-Puffs-Rechargeable-Disposable-Vape-Flavors-List-195x300.jpg 195w, https:\/\/shop.fizzyvape.com\/wp-content\/uploads\/2025\/12\/Fizzy-15-in-1-150K-Puffs-Rechargeable-Disposable-Vape-Flavors-List-520x800.jpg 520w, https:\/\/shop.fizzyvape.com\/wp-content\/uploads\/2025\/12\/Fizzy-15-in-1-150K-Puffs-Rechargeable-Disposable-Vape-Flavors-List-768x1182.jpg 768w, https:\/\/shop.fizzyvape.com\/wp-content\/uploads\/2025\/12\/Fizzy-15-in-1-150K-Puffs-Rechargeable-Disposable-Vape-Flavors-List-998x1536.jpg 998w, https:\/\/shop.fizzyvape.com\/wp-content\/uploads\/2025\/12\/Fizzy-15-in-1-150K-Puffs-Rechargeable-Disposable-Vape-Flavors-List-1330x2048.jpg 1330w, https:\/\/shop.fizzyvape.com\/wp-content\/uploads\/2025\/12\/Fizzy-15-in-1-150K-Puffs-Rechargeable-Disposable-Vape-Flavors-List-430x662.jpg 430w, https:\/\/shop.fizzyvape.com\/wp-content\/uploads\/2025\/12\/Fizzy-15-in-1-150K-Puffs-Rechargeable-Disposable-Vape-Flavors-List-700x1078.jpg 700w, https:\/\/shop.fizzyvape.com\/wp-content\/uploads\/2025\/12\/Fizzy-15-in-1-150K-Puffs-Rechargeable-Disposable-Vape-Flavors-List-150x231.jpg 150w\" sizes=\"(max-width: 1663px) 100vw, 1663px\" \/><\/p>\n<h2>Fizzy 15-in-1 150K Puffs \u00fajrat\u00f6lthet\u0151 <strong>eldobhat\u00f3 Vape \u00edzek list\u00e1ja:<\/strong><\/h2>\n<ol>\n<li><a href=\"\/product\/fizzy-150k-puffs\/watermelon-red-bull-ice-set\/\">G\u00f6r\u00f6gdinnye j\u00e9g &amp; Red Bull &amp; Eper m\u00e1lna &amp; H\u00e1romszoros dinnye j\u00e9g<\/a><\/li>\n<li><a href=\"\/product\/fizzy-150k-puffs\/strawberry-kiwi-guava-peach-set\/\">Eper Ice &amp; Kiwi Passion Fruit Guava &amp; Barack Mango G\u00f6r\u00f6gdinnye &amp; Grape Burst<\/a><\/li>\n<li><a href=\"\/product\/fizzy-150k-puffs\/red-bull-kiwi-pomegranate-ice-set\/\">Red Bull &amp; Strawberry Kiwi Gr\u00e1n\u00e1talma &amp; Blueberry Ice &amp; Anan\u00e1sz K\u00f3kuszdi\u00f3<\/a><\/li>\n<li><a href=\"\/product\/fizzy-150k-puffs\/strawberry-kiwi-watermelon-bubblegum-set\/\">Eper-kiwi &amp; vegyes bogy\u00f3s gy\u00fcm\u00f6lcs &amp; g\u00f6r\u00f6gdinnye Bubblegum &amp; l\u00e9d\u00fas barack<\/a><\/li>\n<li><a href=\"\/product\/fizzy-150k-puffs\/blueberry-raspberry-set\/\">\u00c1fonya m\u00e1lna &amp; eper j\u00e9g &amp; Blue Razz limon\u00e1d\u00e9 &amp; g\u00f6r\u00f6gdinnye gumimack\u00f3<\/a><\/li>\n<li><a href=\"\/product\/fizzy-150k-puffs\/strawberry-skittles-tropical-punch-set\/\">Tr\u00f3pusi gy\u00fcm\u00f6lcspuncs \u00e9s g\u00f6r\u00f6gdinnye M\u00e1lna \u00e9s \u00e1fonya K\u00f3kusz \u00e9s eper Skittles<\/a><\/li>\n<li><a href=\"\/product\/fizzy-150k-puffs\/love-66-strawberry-kiwi-berry-lemonade-set\/\">Szerelem 66 &amp; Eper Kiwi &amp; G\u00f6r\u00f6gdinnye \u00c1fonya &amp; M\u00e1lna Limon\u00e1d\u00e9<\/a><\/li>\n<li><a href=\"\/product\/fizzy-150k-puffs\/mixed-berry-fizzy-cola-tropical-set\/\">Vegyes bogy\u00f3s gy\u00fcm\u00f6lcs\u00f6k \u00e9s anan\u00e1sz Barack Maracuja \u00e9s Fizzy Cola \u00e9s eper M\u00e1lna<\/a><\/li>\n<li><a href=\"\/product\/fizzy-150k-puffs\/blue-razz-watermelon-cherry-passion-set\/\">Blue Razz Rapberry &amp; G\u00f6r\u00f6gdinnye Cherry Ice &amp; Eper Grape &amp;Passion Fruit Orange Peach<\/a><\/li>\n<li><a href=\"\/product\/fizzy-150k-puffs\/fizzy-cherry-strawberry-dragon-fruit-set\/\">Fizzy Cherry &amp; Strawberry S\u00e1rk\u00e1nygy\u00fcm\u00f6lcs &amp; Citrom Lime &amp; G\u00f6r\u00f6gdinnye Blueberry<\/a><\/li>\n<li><a href=\"\/product\/fizzy-150k-puffs\/strawberry-vanilla-coke-cherry-berry-set\/\">Eper van\u00edliak\u00f3la &amp; \u00e1fonya m\u00e1lna &amp; g\u00f6r\u00f6gdinnye j\u00e9g &amp; cseresznye bogy\u00f3<\/a><\/li>\n<li><a href=\"\/product\/fizzy-150k-puffs\/mojito-strawberry-watermelon-kiwi-guava-set\/\">Blueberry Ice &amp; Strawberry Watermelon &amp; Mojito &amp; Kiwi Passion Fruit Guava<\/a><\/li>\n<\/ol>\n<h2>\ud83d\udc8e Mi\u00e9rt v\u00e1lassza a Fizzy 150K Berry &amp; Candy Editiont?<\/h2>\n<ol>\n<li>Massz\u00edv 150,000 Puff EnduranceEgy k\u00e9sz\u00fcl\u00e9k, korl\u00e1tlan el\u00e9gedetts\u00e9g. A Fizzy 150K a szabv\u00e1nyos eldobhat\u00f3 eszk\u00f6z\u00f6k hegy\u00e9t v\u00e1ltja ki, a ma el\u00e9rhet\u0151 legtart\u00f3sabb \u00e9s legk\u00f6lts\u00e9ghat\u00e9konyabb magas puffaszt\u00e1s\u00fa megold\u00e1st ny\u00fajtva. <\/li>\n<li>Quad-Mesh Flavor PurityN\u00e9gy f\u00fcggetlen 1.0\u03a9 Mesh tekercs \u00e1ltal m\u0171k\u00f6dtetett. A &#8220;Blue Razz Lemonade&#8221; \u00e9les \u00e9s citrusos marad, m\u00edg a &#8220;Strawberry Ice&#8221; ropog\u00f3s \u00e9s tiszta marad &#8211; soha, semmilyen aromak\u00eds\u00e9rtetiesed\u00e9s. <\/li>\n<li>Val\u00f3s idej\u0171 intelligens intelligenciaA be\u00e9p\u00edtett HD LED kijelz\u0151 kik\u00fcsz\u00f6b\u00f6li a &#8220;sz\u00e1raz tal\u00e1lat&#8221; szorong\u00e1st. Egyetlen pillant\u00e1ssal nyomon k\u00f6vetheti az akkumul\u00e1tor %-ot \u00e9s az A, B, C \u00e9s D podok egy\u00e9ni t\u00f6lt\u00f6tts\u00e9gi szintj\u00e9t. <\/li>\n<li>Garant\u00e1lt hivatalos min\u0151s\u00e9gV\u00e1s\u00e1roljon k\u00f6zvetlen\u00fcl a shop.fizzyvape.com oldalon a 100%-ban hiteles eszk\u00f6z\u00f6k\u00e9rt, friss e-folyad\u00e9k t\u00e9telek\u00e9rt a maxim\u00e1lis \u00edzhat\u00e1s\u00e9rt \u00e9s biztons\u00e1gos glob\u00e1lis sz\u00e1ll\u00edt\u00e1s\u00e9rt.<\/li>\n<\/ol>\n<h3>\u2753 Gyakran ism\u00e9telt k\u00e9rd\u00e9sek (GYIK)<\/h3>\n<p>K: Nagyon \u00e9des a g\u00f6r\u00f6gdinnye gumimack\u00f3 \u00edz?<\/p>\n<p>V: \u00dagy tervezt\u00fck, hogy megragadja a &#8220;Candy&#8221; profilt, \u00edgy \u00e9l\u00e9nk, cukros \u00e9dess\u00e9ggel rendelkezik, amelyet t\u00f6k\u00e9letesen kiegyens\u00falyoz a Blue Razz Lemonade pod savany\u00fas\u00e1ga.<\/p>\n<p>K: Hogyan m\u0171k\u00f6dik a 15 kombin\u00e1ci\u00f3?<\/p>\n<p>V: Az intelligens kapcsol\u00f3 seg\u00edts\u00e9g\u00e9vel kiv\u00e1laszthatja a 4 alap pod b\u00e1rmelyik\u00e9t, vagy a hibrid \u00fczemm\u00f3dok seg\u00edts\u00e9g\u00e9vel t\u00f6bb tekercsb\u0151l sz\u00e1rmaz\u00f3 g\u0151z kever\u00e9s\u00e9vel egyedi, egy\u00e9ni kever\u00e9keket hozhat l\u00e9tre.<\/p>\n<p>K: Gyorsan t\u00f6lt\u0151dik?<\/p>\n<p>A: Igen! A C t\u00edpus\u00fa gyorst\u00f6lt\u0151 port biztos\u00edtja, hogy az 1000mAh-s akkumul\u00e1tor gyorsan felt\u00f6lthet\u0151 legyen, \u00edgy minim\u00e1lisra cs\u00f6kkentve az \u00e1ll\u00e1sid\u0151t. <\/p>\n","protected":false},"excerpt":{"rendered":"[html_block id=\"28835\"]\n","protected":false},"featured_media":28661,"comment_status":"open","ping_status":"closed","template":"","meta":[],"product_brand":[],"product_cat":[319],"product_tag":[],"class_list":{"0":"post-29176","1":"product","2":"type-product","3":"status-publish","4":"has-post-thumbnail","6":"product_cat-fizzy-150k-150000-fujas-15-az-1-ben-eldobhato-ujratoltheto-vape","8":"first","9":"outofstock","10":"shipping-taxable","11":"purchasable","12":"product-type-variable"},"yoast_head":"<!-- This site is optimized with the Yoast SEO Premium plugin v24.8 (Yoast SEO v27.4) - https:\/\/yoast.com\/product\/yoast-seo-premium-wordpress\/ -->\n<title>V\u00e1s\u00e1roljon Fizzy 150K Puffs | Blueberry Raspberry Edition<\/title>\n<meta name=\"description\" content=\"Fedezze fel a Fizzy 150K Puffs . A Blue Razz limon\u00e1d\u00e9val, g\u00f6r\u00f6gdinnye gumimacival \u00e9s eper j\u00e9ggel. 150 000 puffan\u00e1s intelligens LED kijelz\u0151vel. Rendelje meg most!\" \/>\n<meta name=\"robots\" content=\"index, follow, max-snippet:-1, max-image-preview:large, max-video-preview:-1\" \/>\n<link rel=\"canonical\" href=\"https:\/\/shop.fizzyvape.com\/hu\/termek\/150k-puffs-afonya-malna-eper-jeg-blue-razz-limonade-gorogdinnye-gumimacko\/\" \/>\n<meta property=\"og:locale\" content=\"hu_HU\" \/>\n<meta property=\"og:type\" content=\"article\" \/>\n<meta property=\"og:title\" content=\"150K Puffs - \u00e1fonya m\u00e1lna &amp; eper j\u00e9g &amp; Blue Razz limon\u00e1d\u00e9 &amp; g\u00f6r\u00f6gdinnye gumimack\u00f3\" \/>\n<meta property=\"og:description\" content=\"Fedezze fel a Fizzy 150K Puffs . A Blue Razz limon\u00e1d\u00e9val, g\u00f6r\u00f6gdinnye gumimacival \u00e9s eper j\u00e9ggel. 150 000 puffan\u00e1s intelligens LED kijelz\u0151vel. Rendelje meg most!\" \/>\n<meta property=\"og:url\" content=\"https:\/\/shop.fizzyvape.com\/hu\/termek\/150k-puffs-afonya-malna-eper-jeg-blue-razz-limonade-gorogdinnye-gumimacko\/\" \/>\n<meta property=\"og:site_name\" content=\"shop.fizzyvape.com\" \/>\n<meta property=\"og:image\" content=\"https:\/\/shop.fizzyvape.com\/wp-content\/uploads\/2025\/12\/Fizzy-150K-Puffs-15-in-1-Smart-Multi-Flavor-Rechargeable-Disposable-Vape-5.jpg\" \/>\n\t<meta property=\"og:image:width\" content=\"800\" \/>\n\t<meta property=\"og:image:height\" content=\"800\" \/>\n\t<meta property=\"og:image:type\" content=\"image\/jpeg\" \/>\n<meta name=\"twitter:card\" content=\"summary_large_image\" \/>\n<meta name=\"twitter:label1\" content=\"Becs\u00fclt olvas\u00e1si id\u0151\" \/>\n\t<meta name=\"twitter:data1\" content=\"4 perc\" \/>\n<script type=\"application\/ld+json\" class=\"yoast-schema-graph\">{\"@context\":\"https:\\\/\\\/schema.org\",\"@graph\":[{\"@type\":\"WebPage\",\"@id\":\"https:\\\/\\\/shop.fizzyvape.com\\\/hu\\\/termek\\\/150k-puffs-afonya-malna-eper-jeg-blue-razz-limonade-gorogdinnye-gumimacko\\\/\",\"url\":\"https:\\\/\\\/shop.fizzyvape.com\\\/hu\\\/termek\\\/150k-puffs-afonya-malna-eper-jeg-blue-razz-limonade-gorogdinnye-gumimacko\\\/\",\"name\":\"V\u00e1s\u00e1roljon Fizzy 150K Puffs | Blueberry Raspberry Edition\",\"isPartOf\":{\"@id\":\"https:\\\/\\\/shop.fizzyvape.com\\\/hu\\\/#website\"},\"primaryImageOfPage\":{\"@id\":\"https:\\\/\\\/shop.fizzyvape.com\\\/hu\\\/termek\\\/150k-puffs-afonya-malna-eper-jeg-blue-razz-limonade-gorogdinnye-gumimacko\\\/#primaryimage\"},\"image\":{\"@id\":\"https:\\\/\\\/shop.fizzyvape.com\\\/hu\\\/termek\\\/150k-puffs-afonya-malna-eper-jeg-blue-razz-limonade-gorogdinnye-gumimacko\\\/#primaryimage\"},\"thumbnailUrl\":\"https:\\\/\\\/shop.fizzyvape.com\\\/wp-content\\\/uploads\\\/2025\\\/12\\\/Fizzy-150K-Puffs-15-in-1-Smart-Multi-Flavor-Rechargeable-Disposable-Vape-5.jpg\",\"datePublished\":\"2026-01-12T07:54:22+00:00\",\"description\":\"Fedezze fel a Fizzy 150K Puffs . A Blue Razz limon\u00e1d\u00e9val, g\u00f6r\u00f6gdinnye gumimacival \u00e9s eper j\u00e9ggel. 150 000 puffan\u00e1s intelligens LED kijelz\u0151vel. Rendelje meg most!\",\"breadcrumb\":{\"@id\":\"https:\\\/\\\/shop.fizzyvape.com\\\/hu\\\/termek\\\/150k-puffs-afonya-malna-eper-jeg-blue-razz-limonade-gorogdinnye-gumimacko\\\/#breadcrumb\"},\"inLanguage\":\"hu\",\"potentialAction\":[{\"@type\":\"ReadAction\",\"target\":[\"https:\\\/\\\/shop.fizzyvape.com\\\/hu\\\/termek\\\/150k-puffs-afonya-malna-eper-jeg-blue-razz-limonade-gorogdinnye-gumimacko\\\/\"]}]},{\"@type\":\"ImageObject\",\"inLanguage\":\"hu\",\"@id\":\"https:\\\/\\\/shop.fizzyvape.com\\\/hu\\\/termek\\\/150k-puffs-afonya-malna-eper-jeg-blue-razz-limonade-gorogdinnye-gumimacko\\\/#primaryimage\",\"url\":\"https:\\\/\\\/shop.fizzyvape.com\\\/wp-content\\\/uploads\\\/2025\\\/12\\\/Fizzy-150K-Puffs-15-in-1-Smart-Multi-Flavor-Rechargeable-Disposable-Vape-5.jpg\",\"contentUrl\":\"https:\\\/\\\/shop.fizzyvape.com\\\/wp-content\\\/uploads\\\/2025\\\/12\\\/Fizzy-150K-Puffs-15-in-1-Smart-Multi-Flavor-Rechargeable-Disposable-Vape-5.jpg\",\"width\":800,\"height\":800,\"caption\":\"Fizzy 150K Puffs - 15 az 1-ben intelligens multi-flavor \u00fajrat\u00f6lthet\u0151 eldobhat\u00f3 Vape 5\"},{\"@type\":\"BreadcrumbList\",\"@id\":\"https:\\\/\\\/shop.fizzyvape.com\\\/hu\\\/termek\\\/150k-puffs-afonya-malna-eper-jeg-blue-razz-limonade-gorogdinnye-gumimacko\\\/#breadcrumb\",\"itemListElement\":[{\"@type\":\"ListItem\",\"position\":1,\"name\":\"\u9996\u9875\",\"item\":\"https:\\\/\\\/shop.fizzyvape.com\\\/hu\\\/\"},{\"@type\":\"ListItem\",\"position\":2,\"name\":\"Shop\",\"item\":\"https:\\\/\\\/shop.fizzyvape.com\\\/shop\\\/\"},{\"@type\":\"ListItem\",\"position\":3,\"name\":\"150K Puffs &#8211; \u00e1fonya m\u00e1lna &amp; eper j\u00e9g &amp; Blue Razz limon\u00e1d\u00e9 &amp; g\u00f6r\u00f6gdinnye gumimack\u00f3\"}]},{\"@type\":\"WebSite\",\"@id\":\"https:\\\/\\\/shop.fizzyvape.com\\\/hu\\\/#website\",\"url\":\"https:\\\/\\\/shop.fizzyvape.com\\\/hu\\\/\",\"name\":\"shop.fizzyvape.com\",\"description\":\"The Best Disposable Vape In Europe | 10000 - 60000 Puffs  | Free Shipping\",\"potentialAction\":[{\"@type\":\"SearchAction\",\"target\":{\"@type\":\"EntryPoint\",\"urlTemplate\":\"https:\\\/\\\/shop.fizzyvape.com\\\/hu\\\/?s={search_term_string}\"},\"query-input\":{\"@type\":\"PropertyValueSpecification\",\"valueRequired\":true,\"valueName\":\"search_term_string\"}}],\"inLanguage\":\"hu\"}]}<\/script>\n<!-- \/ Yoast SEO Premium plugin. -->","yoast_head_json":{"title":"V\u00e1s\u00e1roljon Fizzy 150K Puffs | Blueberry Raspberry Edition","description":"Fedezze fel a Fizzy 150K Puffs . A Blue Razz limon\u00e1d\u00e9val, g\u00f6r\u00f6gdinnye gumimacival \u00e9s eper j\u00e9ggel. 150 000 puffan\u00e1s intelligens LED kijelz\u0151vel. Rendelje meg most!","robots":{"index":"index","follow":"follow","max-snippet":"max-snippet:-1","max-image-preview":"max-image-preview:large","max-video-preview":"max-video-preview:-1"},"canonical":"https:\/\/shop.fizzyvape.com\/hu\/termek\/150k-puffs-afonya-malna-eper-jeg-blue-razz-limonade-gorogdinnye-gumimacko\/","og_locale":"hu_HU","og_type":"article","og_title":"150K Puffs - \u00e1fonya m\u00e1lna &amp; eper j\u00e9g &amp; Blue Razz limon\u00e1d\u00e9 &amp; g\u00f6r\u00f6gdinnye gumimack\u00f3","og_description":"Fedezze fel a Fizzy 150K Puffs . A Blue Razz limon\u00e1d\u00e9val, g\u00f6r\u00f6gdinnye gumimacival \u00e9s eper j\u00e9ggel. 150 000 puffan\u00e1s intelligens LED kijelz\u0151vel. Rendelje meg most!","og_url":"https:\/\/shop.fizzyvape.com\/hu\/termek\/150k-puffs-afonya-malna-eper-jeg-blue-razz-limonade-gorogdinnye-gumimacko\/","og_site_name":"shop.fizzyvape.com","og_image":[{"width":800,"height":800,"url":"https:\/\/shop.fizzyvape.com\/wp-content\/uploads\/2025\/12\/Fizzy-150K-Puffs-15-in-1-Smart-Multi-Flavor-Rechargeable-Disposable-Vape-5.jpg","type":"image\/jpeg"}],"twitter_card":"summary_large_image","twitter_misc":{"Becs\u00fclt olvas\u00e1si id\u0151":"4 perc"},"schema":{"@context":"https:\/\/schema.org","@graph":[{"@type":"WebPage","@id":"https:\/\/shop.fizzyvape.com\/hu\/termek\/150k-puffs-afonya-malna-eper-jeg-blue-razz-limonade-gorogdinnye-gumimacko\/","url":"https:\/\/shop.fizzyvape.com\/hu\/termek\/150k-puffs-afonya-malna-eper-jeg-blue-razz-limonade-gorogdinnye-gumimacko\/","name":"V\u00e1s\u00e1roljon Fizzy 150K Puffs | Blueberry Raspberry Edition","isPartOf":{"@id":"https:\/\/shop.fizzyvape.com\/hu\/#website"},"primaryImageOfPage":{"@id":"https:\/\/shop.fizzyvape.com\/hu\/termek\/150k-puffs-afonya-malna-eper-jeg-blue-razz-limonade-gorogdinnye-gumimacko\/#primaryimage"},"image":{"@id":"https:\/\/shop.fizzyvape.com\/hu\/termek\/150k-puffs-afonya-malna-eper-jeg-blue-razz-limonade-gorogdinnye-gumimacko\/#primaryimage"},"thumbnailUrl":"https:\/\/shop.fizzyvape.com\/wp-content\/uploads\/2025\/12\/Fizzy-150K-Puffs-15-in-1-Smart-Multi-Flavor-Rechargeable-Disposable-Vape-5.jpg","datePublished":"2026-01-12T07:54:22+00:00","description":"Fedezze fel a Fizzy 150K Puffs . A Blue Razz limon\u00e1d\u00e9val, g\u00f6r\u00f6gdinnye gumimacival \u00e9s eper j\u00e9ggel. 150 000 puffan\u00e1s intelligens LED kijelz\u0151vel. Rendelje meg most!","breadcrumb":{"@id":"https:\/\/shop.fizzyvape.com\/hu\/termek\/150k-puffs-afonya-malna-eper-jeg-blue-razz-limonade-gorogdinnye-gumimacko\/#breadcrumb"},"inLanguage":"hu","potentialAction":[{"@type":"ReadAction","target":["https:\/\/shop.fizzyvape.com\/hu\/termek\/150k-puffs-afonya-malna-eper-jeg-blue-razz-limonade-gorogdinnye-gumimacko\/"]}]},{"@type":"ImageObject","inLanguage":"hu","@id":"https:\/\/shop.fizzyvape.com\/hu\/termek\/150k-puffs-afonya-malna-eper-jeg-blue-razz-limonade-gorogdinnye-gumimacko\/#primaryimage","url":"https:\/\/shop.fizzyvape.com\/wp-content\/uploads\/2025\/12\/Fizzy-150K-Puffs-15-in-1-Smart-Multi-Flavor-Rechargeable-Disposable-Vape-5.jpg","contentUrl":"https:\/\/shop.fizzyvape.com\/wp-content\/uploads\/2025\/12\/Fizzy-150K-Puffs-15-in-1-Smart-Multi-Flavor-Rechargeable-Disposable-Vape-5.jpg","width":800,"height":800,"caption":"Fizzy 150K Puffs - 15 az 1-ben intelligens multi-flavor \u00fajrat\u00f6lthet\u0151 eldobhat\u00f3 Vape 5"},{"@type":"BreadcrumbList","@id":"https:\/\/shop.fizzyvape.com\/hu\/termek\/150k-puffs-afonya-malna-eper-jeg-blue-razz-limonade-gorogdinnye-gumimacko\/#breadcrumb","itemListElement":[{"@type":"ListItem","position":1,"name":"\u9996\u9875","item":"https:\/\/shop.fizzyvape.com\/hu\/"},{"@type":"ListItem","position":2,"name":"Shop","item":"https:\/\/shop.fizzyvape.com\/shop\/"},{"@type":"ListItem","position":3,"name":"150K Puffs &#8211; \u00e1fonya m\u00e1lna &amp; eper j\u00e9g &amp; Blue Razz limon\u00e1d\u00e9 &amp; g\u00f6r\u00f6gdinnye gumimack\u00f3"}]},{"@type":"WebSite","@id":"https:\/\/shop.fizzyvape.com\/hu\/#website","url":"https:\/\/shop.fizzyvape.com\/hu\/","name":"shop.fizzyvape.com","description":"The Best Disposable Vape In Europe | 10000 - 60000 Puffs  | Free Shipping","potentialAction":[{"@type":"SearchAction","target":{"@type":"EntryPoint","urlTemplate":"https:\/\/shop.fizzyvape.com\/hu\/?s={search_term_string}"},"query-input":{"@type":"PropertyValueSpecification","valueRequired":true,"valueName":"search_term_string"}}],"inLanguage":"hu"}]}},"tiered_pricing_type":"fixed","tiered_pricing_fixed_rules":[],"tiered_pricing_product_settings":{"layout":"default","base_unit_name":{"singular":null,"plural":null},"default_variation":null},"tiered_pricing_minimum_quantity":null,"tiered_pricing_roles_data":[],"tiered_pricing_percentage_rules":[],"tiered_pricing_maximum_quantity":null,"tiered_pricing_quantity_step":null,"_links":{"self":[{"href":"https:\/\/shop.fizzyvape.com\/hu\/wp-json\/wp\/v2\/product\/29176","targetHints":{"allow":["GET"]}}],"collection":[{"href":"https:\/\/shop.fizzyvape.com\/hu\/wp-json\/wp\/v2\/product"}],"about":[{"href":"https:\/\/shop.fizzyvape.com\/hu\/wp-json\/wp\/v2\/types\/product"}],"replies":[{"embeddable":true,"href":"https:\/\/shop.fizzyvape.com\/hu\/wp-json\/wp\/v2\/comments?post=29176"}],"version-history":[{"count":0,"href":"https:\/\/shop.fizzyvape.com\/hu\/wp-json\/wp\/v2\/product\/29176\/revisions"}],"wp:featuredmedia":[{"embeddable":true,"href":"https:\/\/shop.fizzyvape.com\/hu\/wp-json\/wp\/v2\/media\/28661"}],"wp:attachment":[{"href":"https:\/\/shop.fizzyvape.com\/hu\/wp-json\/wp\/v2\/media?parent=29176"}],"wp:term":[{"taxonomy":"product_brand","embeddable":true,"href":"https:\/\/shop.fizzyvape.com\/hu\/wp-json\/wp\/v2\/product_brand?post=29176"},{"taxonomy":"product_cat","embeddable":true,"href":"https:\/\/shop.fizzyvape.com\/hu\/wp-json\/wp\/v2\/product_cat?post=29176"},{"taxonomy":"product_tag","embeddable":true,"href":"https:\/\/shop.fizzyvape.com\/hu\/wp-json\/wp\/v2\/product_tag?post=29176"}],"curies":[{"name":"wp","href":"https:\/\/api.w.org\/{rel}","templated":true}]}}