{"id":29182,"date":"2026-01-12T08:31:43","date_gmt":"2026-01-12T08:31:43","guid":{"rendered":"https:\/\/shop.fizzyvape.com\/product\/150k-puffs-tropusi-gyumolcspuncs-es-gorogdinnye-malna-es-afonya-kokusz-es-eper-skittles\/"},"modified":"2026-01-12T08:31:43","modified_gmt":"2026-01-12T08:31:43","slug":"150k-puffs-tropusi-gyumolcspuncs-es-gorogdinnye-malna-es-afonya-kokusz-es-eper-skittles","status":"publish","type":"product","link":"https:\/\/shop.fizzyvape.com\/hu\/termek\/150k-puffs-tropusi-gyumolcspuncs-es-gorogdinnye-malna-es-afonya-kokusz-es-eper-skittles\/","title":{"rendered":"150K Puffs &#8211; Tr\u00f3pusi gy\u00fcm\u00f6lcspuncs \u00e9s g\u00f6r\u00f6gdinnye M\u00e1lna \u00e9s \u00e1fonya K\u00f3kusz \u00e9s eper Skittles"},"content":{"rendered":"<p><img decoding=\"async\" class=\"size-full wp-image-28663 aligncenter\" src=\"https:\/\/shop.fizzyvape.com\/wp-content\/uploads\/2025\/12\/Fizzy-150K-Puffs-15-in-1-Smart-Multi-Flavor-Rechargeable-Disposable-Vape-6.jpg\" alt=\"Fizzy 150K Puffs - 15-in-1 Smart Multi-Flavor \u00fajrat\u00f6lthet\u0151 eldobhat\u00f3 Vape 6\" width=\"800\" height=\"800\" srcset=\"https:\/\/shop.fizzyvape.com\/wp-content\/uploads\/2025\/12\/Fizzy-150K-Puffs-15-in-1-Smart-Multi-Flavor-Rechargeable-Disposable-Vape-6.jpg 800w, https:\/\/shop.fizzyvape.com\/wp-content\/uploads\/2025\/12\/Fizzy-150K-Puffs-15-in-1-Smart-Multi-Flavor-Rechargeable-Disposable-Vape-6-300x300.jpg 300w, https:\/\/shop.fizzyvape.com\/wp-content\/uploads\/2025\/12\/Fizzy-150K-Puffs-15-in-1-Smart-Multi-Flavor-Rechargeable-Disposable-Vape-6-150x150.jpg 150w, https:\/\/shop.fizzyvape.com\/wp-content\/uploads\/2025\/12\/Fizzy-150K-Puffs-15-in-1-Smart-Multi-Flavor-Rechargeable-Disposable-Vape-6-768x768.jpg 768w, https:\/\/shop.fizzyvape.com\/wp-content\/uploads\/2025\/12\/Fizzy-150K-Puffs-15-in-1-Smart-Multi-Flavor-Rechargeable-Disposable-Vape-6-100x100.jpg 100w, https:\/\/shop.fizzyvape.com\/wp-content\/uploads\/2025\/12\/Fizzy-150K-Puffs-15-in-1-Smart-Multi-Flavor-Rechargeable-Disposable-Vape-6-200x200.jpg 200w, https:\/\/shop.fizzyvape.com\/wp-content\/uploads\/2025\/12\/Fizzy-150K-Puffs-15-in-1-Smart-Multi-Flavor-Rechargeable-Disposable-Vape-6-400x400.jpg 400w, https:\/\/shop.fizzyvape.com\/wp-content\/uploads\/2025\/12\/Fizzy-150K-Puffs-15-in-1-Smart-Multi-Flavor-Rechargeable-Disposable-Vape-6-500x500.jpg 500w, https:\/\/shop.fizzyvape.com\/wp-content\/uploads\/2025\/12\/Fizzy-150K-Puffs-15-in-1-Smart-Multi-Flavor-Rechargeable-Disposable-Vape-6-430x430.jpg 430w, https:\/\/shop.fizzyvape.com\/wp-content\/uploads\/2025\/12\/Fizzy-150K-Puffs-15-in-1-Smart-Multi-Flavor-Rechargeable-Disposable-Vape-6-700x700.jpg 700w\" sizes=\"(max-width: 800px) 100vw, 800px\" \/><\/p>\n<h1>Fizzy 150K Puffs: M\u00e1lna &amp; \u00e1fonya K\u00f3kusz &amp; eper Skittles<\/h1>\n<p><b>150,000 puff | 4 f\u00fcggetlen pod | Intelligens \u00edzv\u00e1lt\u00e1s | HD LED kijelz\u0151<\/b><\/p>\n<p>L\u00e9pjen be a vibr\u00e1l\u00f3 \u00edzek vil\u00e1g\u00e1ba a <b>Fizzy 150K Puffs (Candy &amp; Tropical Edition) puffancsokkal<\/b>. Ez a kur\u00e1tori gy\u0171jtem\u00e9ny azoknak k\u00e9sz\u00fclt, akik szeretik a nagy intenzit\u00e1s\u00fa \u00e9dess\u00e9get, a nosztalgikus cukorkaklasszikusokt\u00f3l a kr\u00e9mes szigeti kever\u00e9kekig. A <b>80ml pr\u00e9mium e-folyad\u00e9kkal<\/b> \u00e9s egy robusztus <b>1000mAh-s akkumul\u00e1torral<\/b> ez a k\u00e9sz\u00fcl\u00e9k az \u00edzek hossz\u00fa \u00e9lettartam\u00e1nak \u00e9s v\u00e1ltozatoss\u00e1g\u00e1nak mesterkurzus\u00e1t ny\u00fajtja.  <\/p>\n<h4>\ud83d\ude80 M\u0171szaki specifik\u00e1ci\u00f3k<\/h4>\n<table>\n<thead>\n<tr>\n<td><strong>Jellemz\u0151<\/strong><\/td>\n<td><strong>Professzion\u00e1lis min\u0151s\u00e9g\u0171 specifik\u00e1ci\u00f3k<\/strong><\/td>\n<\/tr>\n<\/thead>\n<tbody>\n<tr>\n<td><b>Teljes puffan\u00e1s<\/b><\/td>\n<td>150,000+ Puffok<\/td>\n<\/tr>\n<tr>\n<td><b>Tekercs t\u00edpusa<\/b><\/td>\n<td>Quad-Mesh technol\u00f3gia (4 x 1.0\u03a9 h\u00e1l\u00f3s tekercs)<\/td>\n<\/tr>\n<tr>\n<td><b>E-folyad\u00e9k kapacit\u00e1s<\/b><\/td>\n<td>80mL \u00f6sszesen (20mL egyenk\u00e9nt)<\/td>\n<\/tr>\n<tr>\n<td><b>Akkumul\u00e1tor<\/b><\/td>\n<td>1000mAh tiszta kobalt (\u00fajrat\u00f6lthet\u0151)<\/td>\n<\/tr>\n<tr>\n<td><b>T\u00f6lt\u00e9s<\/b><\/td>\n<td>C-t\u00edpus\u00fa gyorst\u00f6lt\u00e9s<\/td>\n<\/tr>\n<tr>\n<td><b>Megjelen\u00edt\u00e9s<\/b><\/td>\n<td>Intelligens LED (egy\u00e9ni gy\u00fcm\u00f6lcsl\u00e9 \u00e9s akkumul\u00e1tor-k\u00f6vet\u00e9s)<\/td>\n<\/tr>\n<tr>\n<td><b>\u00cdzes\u00edt\u0151 rendszer<\/b><\/td>\n<td><b>15 az 1-ben intelligens kapcsol\u00e1si technol\u00f3gia<\/b><\/td>\n<\/tr>\n<\/tbody>\n<\/table>\n<h4>\ud83e\uddea Az \u00edzek sora: Karnev\u00e1li mix: 4 dobozos karnev\u00e1li mix<\/h4>\n<p><i>V\u00e1ltson n\u00e9gy f\u00fcggetlen 20 ml-es pod k\u00f6z\u00f6tt, vagy keverje \u00f6ssze \u0151ket, hogy felfedezzen 15 egyedi, t\u00f6bbr\u00e9teg\u0171 profilt:<\/i><\/p>\n<ul>\n<li>Pod A: Anan\u00e1sz, narancs \u00e9s egzotikus bogy\u00f3s gy\u00fcm\u00f6lcs\u00f6k \u00fcnnepi robban\u00e1sa. \u00c9des, enyh\u00e9n fanyar, \u00e9s olyan \u00edze van, mint egy naps\u00fct\u00e9ses nyaral\u00e1snak. <\/li>\n<li>Pod B: G\u00f6r\u00f6gdinnye M\u00e1lnaA v\u00e9gs\u0151 hidrat\u00e1l\u00f3 du\u00f3. Az \u00e9des, ropog\u00f3s g\u00f6r\u00f6gdinnye tal\u00e1lkozik az \u00e9rett m\u00e1lna savanyk\u00e1s, l\u00e9d\u00fas popj\u00e1val a t\u00f6k\u00e9letesen kiegyens\u00falyozott kil\u00e9gz\u00e9shez. <\/li>\n<li>Pod C: Blueberry CoconutEgy kifinomult, kr\u00e9mes menek\u00fcl\u00e9s. A sima k\u00f3kusztej alaphangok t\u00f6k\u00e9letesen kieg\u00e9sz\u00edtik a vad \u00e1fonya \u00e9des, f\u00f6ldes jegyeit. <\/li>\n<li>Pod D: Epres SkittlesK\u00f3stold meg a sziv\u00e1rv\u00e1nyt. Nosztalgikus, cukros, kand\u00edrozott eper, amely megragadja kedvenc gy\u00fcm\u00f6lcs\u00f6s r\u00e1g\u00f3id ikonikus, pik\u00e1ns \u00e9dess\u00e9g\u00e9t. <\/li>\n<\/ul>\n<p><img decoding=\"async\" class=\"wp-image-28634 size-full\" src=\"https:\/\/shop.fizzyvape.com\/wp-content\/uploads\/2025\/12\/Fizzy-15-in-1-150K-Puffs-Rechargeable-Disposable-Vape-Flavors-List-scaled.jpg\" alt=\"Fizzy 15-in-1 150K Puffs \u00fajrat\u00f6lthet\u0151 eldobhat\u00f3 Vape Vape \u00edzek list\u00e1ja\" width=\"1663\" height=\"2560\" srcset=\"https:\/\/shop.fizzyvape.com\/wp-content\/uploads\/2025\/12\/Fizzy-15-in-1-150K-Puffs-Rechargeable-Disposable-Vape-Flavors-List-scaled.jpg 1663w, https:\/\/shop.fizzyvape.com\/wp-content\/uploads\/2025\/12\/Fizzy-15-in-1-150K-Puffs-Rechargeable-Disposable-Vape-Flavors-List-195x300.jpg 195w, https:\/\/shop.fizzyvape.com\/wp-content\/uploads\/2025\/12\/Fizzy-15-in-1-150K-Puffs-Rechargeable-Disposable-Vape-Flavors-List-520x800.jpg 520w, https:\/\/shop.fizzyvape.com\/wp-content\/uploads\/2025\/12\/Fizzy-15-in-1-150K-Puffs-Rechargeable-Disposable-Vape-Flavors-List-768x1182.jpg 768w, https:\/\/shop.fizzyvape.com\/wp-content\/uploads\/2025\/12\/Fizzy-15-in-1-150K-Puffs-Rechargeable-Disposable-Vape-Flavors-List-998x1536.jpg 998w, https:\/\/shop.fizzyvape.com\/wp-content\/uploads\/2025\/12\/Fizzy-15-in-1-150K-Puffs-Rechargeable-Disposable-Vape-Flavors-List-1330x2048.jpg 1330w, https:\/\/shop.fizzyvape.com\/wp-content\/uploads\/2025\/12\/Fizzy-15-in-1-150K-Puffs-Rechargeable-Disposable-Vape-Flavors-List-430x662.jpg 430w, https:\/\/shop.fizzyvape.com\/wp-content\/uploads\/2025\/12\/Fizzy-15-in-1-150K-Puffs-Rechargeable-Disposable-Vape-Flavors-List-700x1078.jpg 700w, https:\/\/shop.fizzyvape.com\/wp-content\/uploads\/2025\/12\/Fizzy-15-in-1-150K-Puffs-Rechargeable-Disposable-Vape-Flavors-List-150x231.jpg 150w\" sizes=\"(max-width: 1663px) 100vw, 1663px\" \/><\/p>\n<h2>Fizzy 15-in-1 150K Puffs \u00fajrat\u00f6lthet\u0151 <strong>eldobhat\u00f3 Vape \u00edzek list\u00e1ja:<\/strong><\/h2>\n<ol>\n<li><a href=\"\/product\/fizzy-150k-puffs\/watermelon-red-bull-ice-set\/\">G\u00f6r\u00f6gdinnye j\u00e9g &amp; Red Bull &amp; Eper m\u00e1lna &amp; H\u00e1romszoros dinnye j\u00e9g<\/a><\/li>\n<li><a href=\"\/product\/fizzy-150k-puffs\/strawberry-kiwi-guava-peach-set\/\">Eper Ice &amp; Kiwi Passion Fruit Guava &amp; Barack Mango G\u00f6r\u00f6gdinnye &amp; Grape Burst<\/a><\/li>\n<li><a href=\"\/product\/fizzy-150k-puffs\/red-bull-kiwi-pomegranate-ice-set\/\">Red Bull &amp; Strawberry Kiwi Gr\u00e1n\u00e1talma &amp; Blueberry Ice &amp; Anan\u00e1sz K\u00f3kuszdi\u00f3<\/a><\/li>\n<li><a href=\"\/product\/fizzy-150k-puffs\/strawberry-kiwi-watermelon-bubblegum-set\/\">Eper-kiwi &amp; vegyes bogy\u00f3s gy\u00fcm\u00f6lcs &amp; g\u00f6r\u00f6gdinnye Bubblegum &amp; l\u00e9d\u00fas barack<\/a><\/li>\n<li><a href=\"\/product\/fizzy-150k-puffs\/blueberry-raspberry-set\/\">\u00c1fonya m\u00e1lna &amp; eper j\u00e9g &amp; Blue Razz limon\u00e1d\u00e9 &amp; g\u00f6r\u00f6gdinnye gumimack\u00f3<\/a><\/li>\n<li><a href=\"\/product\/fizzy-150k-puffs\/strawberry-skittles-tropical-punch-set\/\">Tr\u00f3pusi gy\u00fcm\u00f6lcspuncs \u00e9s g\u00f6r\u00f6gdinnye M\u00e1lna \u00e9s \u00e1fonya K\u00f3kusz \u00e9s eper Skittles<\/a><\/li>\n<li><a href=\"\/product\/fizzy-150k-puffs\/love-66-strawberry-kiwi-berry-lemonade-set\/\">Szerelem 66 &amp; Eper Kiwi &amp; G\u00f6r\u00f6gdinnye \u00c1fonya &amp; M\u00e1lna Limon\u00e1d\u00e9<\/a><\/li>\n<li><a href=\"\/product\/fizzy-150k-puffs\/mixed-berry-fizzy-cola-tropical-set\/\">Vegyes bogy\u00f3s gy\u00fcm\u00f6lcs\u00f6k \u00e9s anan\u00e1sz Barack Maracuja \u00e9s Fizzy Cola \u00e9s eper M\u00e1lna<\/a><\/li>\n<li><a href=\"\/product\/fizzy-150k-puffs\/blue-razz-watermelon-cherry-passion-set\/\">Blue Razz Rapberry &amp; G\u00f6r\u00f6gdinnye Cherry Ice &amp; Eper Grape &amp;Passion Fruit Orange Peach<\/a><\/li>\n<li><a href=\"\/product\/fizzy-150k-puffs\/fizzy-cherry-strawberry-dragon-fruit-set\/\">Fizzy Cherry &amp; Strawberry S\u00e1rk\u00e1nygy\u00fcm\u00f6lcs &amp; Citrom Lime &amp; G\u00f6r\u00f6gdinnye Blueberry<\/a><\/li>\n<li><a href=\"\/product\/fizzy-150k-puffs\/strawberry-vanilla-coke-cherry-berry-set\/\">Eper van\u00edliak\u00f3la &amp; \u00e1fonya m\u00e1lna &amp; g\u00f6r\u00f6gdinnye j\u00e9g &amp; cseresznye bogy\u00f3<\/a><\/li>\n<li><a href=\"\/product\/fizzy-150k-puffs\/mojito-strawberry-watermelon-kiwi-guava-set\/\">Blueberry Ice &amp; Strawberry Watermelon &amp; Mojito &amp; Kiwi Passion Fruit Guava<\/a><\/li>\n<\/ol>\n<h4>\ud83d\udc8e Mi\u00e9rt v\u00e1lassza a Fizzy 150K Candy Editiont?<\/h4>\n<ol start=\"1\">\n<li>Massz\u00edv 150,000 Puff EnduranceAz elit felhaszn\u00e1l\u00f3k sz\u00e1m\u00e1ra tervezt\u00e9k. Ez az egyetlen k\u00e9sz\u00fcl\u00e9k 15 hagyom\u00e1nyos eldobhat\u00f3 eszk\u00f6z \u00e9lettartam\u00e1t k\u00edn\u00e1lja, \u00edgy k\u00f6rnyezetbar\u00e1tabb \u00e9s k\u00f6lts\u00e9ghat\u00e9konyabb magas puffaszt\u00e1si \u00e9lm\u00e9nyt ny\u00fajt. <\/li>\n<li>\u00cdzszigetel\u00e9s (Quad-Mesh technol\u00f3gia)N\u00e9gy f\u00fcggetlen 1.0\u03a9 Mesh tekerccsel felszerelve. A &#8220;Strawberry Skittles&#8221; vibr\u00e1l\u00f3an \u00e9des marad, an\u00e9lk\u00fcl, hogy az &#8220;Blueberry Coconut&#8221; \u00edz elsz\u00e1llna. Tiszta \u00edz minden egyes podban.  <\/li>\n<li>Smart HD LED intelligenciaMaradjon ura a munkamenet\u00e9nek. A nagy felbont\u00e1s\u00fa k\u00e9perny\u0151 val\u00f3s id\u0151ben mutatja az akkumul\u00e1tor %-ot \u00e9s az A, B, C \u00e9s D podok egy\u00e9ni t\u00f6lt\u00f6tts\u00e9gi szintj\u00e9t. <\/li>\n<li>Hivatalos enged\u00e9lyezett forr\u00e1sA shop.fizzyvape.com 100%-ban hiteles hardvert, friss gy\u00e1ri t\u00e9teleket biztos\u00edt a cs\u00facs \u00edzintenzit\u00e1s \u00e9rdek\u00e9ben, \u00e9s vil\u00e1gszerte biztons\u00e1gos sz\u00e1ll\u00edt\u00e1st biztos\u00edt.<\/li>\n<\/ol>\n<h4>\u2753 Gyakran ism\u00e9telt k\u00e9rd\u00e9sek (GYIK)<\/h4>\n<p>K: Az epres Skittles \u00edze olyan, mint az igazi \u00e9dess\u00e9g\u00e9?<\/p>\n<p>A: Igen! Kifejezetten a h\u00edres \u00e9dess\u00e9g cukros, t\u00f6bbr\u00e9teg\u0171 gy\u00fcm\u00f6lcsprofilj\u00e1nak ut\u00e1nz\u00e1s\u00e1ra lett kifejlesztve, \u00edgy biztos\u00edtva a &#8220;magas \u00e9dess\u00e9g\u0171&#8221; vaping \u00e9lm\u00e9nyt. <\/p>\n<p>K: Hogyan v\u00e1lthatok \u00edzeket?<\/p>\n<p>V: Egyszer\u0171en haszn\u00e1lja a k\u00e9sz\u00fcl\u00e9k intelligens kapcsol\u00f3j\u00e1t. Kiv\u00e1laszthat egyszerre egy podot, vagy a multi-m\u00f3d haszn\u00e1lat\u00e1val kombin\u00e1lhatja a pod kimeneteket az egy\u00e9ni hibrid \u00edz \u00e9rdek\u00e9ben. <\/p>\n<p>K: Van ebben a k\u00e9szletben &#8220;j\u00e9g&#8221;?<\/p>\n<p>V: Ez a k\u00e9szlet az &#8220;\u00c9des \u00e9s tr\u00f3pusi&#8221; profilokra \u00f6sszpontos\u00edt. Nagyon enyhe h\u0171t\u0151anyaggal rendelkezik, hogy a g\u0151z egyenletes maradjon, de ez nem egy &#8220;Heavy Ice&#8221; kollekci\u00f3. <\/p>\n","protected":false},"excerpt":{"rendered":"[html_block id=\"28835\"]\n","protected":false},"featured_media":28664,"comment_status":"open","ping_status":"closed","template":"","meta":[],"product_brand":[],"product_cat":[319],"product_tag":[],"class_list":{"0":"post-29182","1":"product","2":"type-product","3":"status-publish","4":"has-post-thumbnail","6":"product_cat-fizzy-150k-150000-fujas-15-az-1-ben-eldobhato-ujratoltheto-vape","8":"first","9":"outofstock","10":"shipping-taxable","11":"purchasable","12":"product-type-variable"},"yoast_head":"<!-- This site is optimized with the Yoast SEO Premium plugin v24.8 (Yoast SEO v27.4) - https:\/\/yoast.com\/product\/yoast-seo-premium-wordpress\/ -->\n<title>V\u00e1s\u00e1rl\u00e1s Fizzy 150K Puffs | Strawberry Skittles &amp; Tropical Fruit Punch Set<\/title>\n<meta name=\"description\" content=\"K\u00f3stolja meg a sziv\u00e1rv\u00e1nyt a Fizzy 150K Puffs Strawberry Skittles &amp; Tropical Fruit Punch-szal. 150.000 puff, 80mL kapacit\u00e1s \u00e9s intelligens LED monitoroz\u00e1s. Hivatalos \u00e1ruh\u00e1z.\" \/>\n<meta name=\"robots\" content=\"index, follow, max-snippet:-1, max-image-preview:large, max-video-preview:-1\" \/>\n<link rel=\"canonical\" href=\"https:\/\/shop.fizzyvape.com\/hu\/termek\/150k-puffs-tropusi-gyumolcspuncs-es-gorogdinnye-malna-es-afonya-kokusz-es-eper-skittles\/\" \/>\n<meta property=\"og:locale\" content=\"hu_HU\" \/>\n<meta property=\"og:type\" content=\"article\" \/>\n<meta property=\"og:title\" content=\"150K Puffs - Tr\u00f3pusi gy\u00fcm\u00f6lcspuncs \u00e9s g\u00f6r\u00f6gdinnye M\u00e1lna \u00e9s \u00e1fonya K\u00f3kusz \u00e9s eper Skittles\" \/>\n<meta property=\"og:description\" content=\"K\u00f3stolja meg a sziv\u00e1rv\u00e1nyt a Fizzy 150K Puffs Strawberry Skittles &amp; Tropical Fruit Punch-szal. 150.000 puff, 80mL kapacit\u00e1s \u00e9s intelligens LED monitoroz\u00e1s. Hivatalos \u00e1ruh\u00e1z.\" \/>\n<meta property=\"og:url\" content=\"https:\/\/shop.fizzyvape.com\/hu\/termek\/150k-puffs-tropusi-gyumolcspuncs-es-gorogdinnye-malna-es-afonya-kokusz-es-eper-skittles\/\" \/>\n<meta property=\"og:site_name\" content=\"shop.fizzyvape.com\" \/>\n<meta property=\"og:image\" content=\"https:\/\/shop.fizzyvape.com\/wp-content\/uploads\/2025\/12\/Fizzy-150K-Puffs-15-in-1-Smart-Multi-Flavor-Rechargeable-Disposable-Vape-6.jpg\" \/>\n\t<meta property=\"og:image:width\" content=\"800\" \/>\n\t<meta property=\"og:image:height\" content=\"800\" \/>\n\t<meta property=\"og:image:type\" content=\"image\/jpeg\" \/>\n<meta name=\"twitter:card\" content=\"summary_large_image\" \/>\n<meta name=\"twitter:label1\" content=\"Becs\u00fclt olvas\u00e1si id\u0151\" \/>\n\t<meta name=\"twitter:data1\" content=\"4 perc\" \/>\n<script type=\"application\/ld+json\" class=\"yoast-schema-graph\">{\"@context\":\"https:\\\/\\\/schema.org\",\"@graph\":[{\"@type\":\"WebPage\",\"@id\":\"https:\\\/\\\/shop.fizzyvape.com\\\/hu\\\/termek\\\/150k-puffs-tropusi-gyumolcspuncs-es-gorogdinnye-malna-es-afonya-kokusz-es-eper-skittles\\\/\",\"url\":\"https:\\\/\\\/shop.fizzyvape.com\\\/hu\\\/termek\\\/150k-puffs-tropusi-gyumolcspuncs-es-gorogdinnye-malna-es-afonya-kokusz-es-eper-skittles\\\/\",\"name\":\"V\u00e1s\u00e1rl\u00e1s Fizzy 150K Puffs | Strawberry Skittles & Tropical Fruit Punch Set\",\"isPartOf\":{\"@id\":\"https:\\\/\\\/shop.fizzyvape.com\\\/hu\\\/#website\"},\"primaryImageOfPage\":{\"@id\":\"https:\\\/\\\/shop.fizzyvape.com\\\/hu\\\/termek\\\/150k-puffs-tropusi-gyumolcspuncs-es-gorogdinnye-malna-es-afonya-kokusz-es-eper-skittles\\\/#primaryimage\"},\"image\":{\"@id\":\"https:\\\/\\\/shop.fizzyvape.com\\\/hu\\\/termek\\\/150k-puffs-tropusi-gyumolcspuncs-es-gorogdinnye-malna-es-afonya-kokusz-es-eper-skittles\\\/#primaryimage\"},\"thumbnailUrl\":\"https:\\\/\\\/shop.fizzyvape.com\\\/wp-content\\\/uploads\\\/2025\\\/12\\\/Fizzy-150K-Puffs-15-in-1-Smart-Multi-Flavor-Rechargeable-Disposable-Vape-6.jpg\",\"datePublished\":\"2026-01-12T08:31:43+00:00\",\"description\":\"K\u00f3stolja meg a sziv\u00e1rv\u00e1nyt a Fizzy 150K Puffs Strawberry Skittles & Tropical Fruit Punch-szal. 150.000 puff, 80mL kapacit\u00e1s \u00e9s intelligens LED monitoroz\u00e1s. Hivatalos \u00e1ruh\u00e1z.\",\"breadcrumb\":{\"@id\":\"https:\\\/\\\/shop.fizzyvape.com\\\/hu\\\/termek\\\/150k-puffs-tropusi-gyumolcspuncs-es-gorogdinnye-malna-es-afonya-kokusz-es-eper-skittles\\\/#breadcrumb\"},\"inLanguage\":\"hu\",\"potentialAction\":[{\"@type\":\"ReadAction\",\"target\":[\"https:\\\/\\\/shop.fizzyvape.com\\\/hu\\\/termek\\\/150k-puffs-tropusi-gyumolcspuncs-es-gorogdinnye-malna-es-afonya-kokusz-es-eper-skittles\\\/\"]}]},{\"@type\":\"ImageObject\",\"inLanguage\":\"hu\",\"@id\":\"https:\\\/\\\/shop.fizzyvape.com\\\/hu\\\/termek\\\/150k-puffs-tropusi-gyumolcspuncs-es-gorogdinnye-malna-es-afonya-kokusz-es-eper-skittles\\\/#primaryimage\",\"url\":\"https:\\\/\\\/shop.fizzyvape.com\\\/wp-content\\\/uploads\\\/2025\\\/12\\\/Fizzy-150K-Puffs-15-in-1-Smart-Multi-Flavor-Rechargeable-Disposable-Vape-6.jpg\",\"contentUrl\":\"https:\\\/\\\/shop.fizzyvape.com\\\/wp-content\\\/uploads\\\/2025\\\/12\\\/Fizzy-150K-Puffs-15-in-1-Smart-Multi-Flavor-Rechargeable-Disposable-Vape-6.jpg\",\"width\":800,\"height\":800,\"caption\":\"Fizzy 150K Puffs - 15-in-1 Smart Multi-Flavor \u00fajrat\u00f6lthet\u0151 eldobhat\u00f3 Vape 6\"},{\"@type\":\"BreadcrumbList\",\"@id\":\"https:\\\/\\\/shop.fizzyvape.com\\\/hu\\\/termek\\\/150k-puffs-tropusi-gyumolcspuncs-es-gorogdinnye-malna-es-afonya-kokusz-es-eper-skittles\\\/#breadcrumb\",\"itemListElement\":[{\"@type\":\"ListItem\",\"position\":1,\"name\":\"\u9996\u9875\",\"item\":\"https:\\\/\\\/shop.fizzyvape.com\\\/hu\\\/\"},{\"@type\":\"ListItem\",\"position\":2,\"name\":\"Shop\",\"item\":\"https:\\\/\\\/shop.fizzyvape.com\\\/shop\\\/\"},{\"@type\":\"ListItem\",\"position\":3,\"name\":\"150K Puffs &#8211; Tr\u00f3pusi gy\u00fcm\u00f6lcspuncs \u00e9s g\u00f6r\u00f6gdinnye M\u00e1lna \u00e9s \u00e1fonya K\u00f3kusz \u00e9s eper Skittles\"}]},{\"@type\":\"WebSite\",\"@id\":\"https:\\\/\\\/shop.fizzyvape.com\\\/hu\\\/#website\",\"url\":\"https:\\\/\\\/shop.fizzyvape.com\\\/hu\\\/\",\"name\":\"shop.fizzyvape.com\",\"description\":\"The Best Disposable Vape In Europe | 10000 - 60000 Puffs  | Free Shipping\",\"potentialAction\":[{\"@type\":\"SearchAction\",\"target\":{\"@type\":\"EntryPoint\",\"urlTemplate\":\"https:\\\/\\\/shop.fizzyvape.com\\\/hu\\\/?s={search_term_string}\"},\"query-input\":{\"@type\":\"PropertyValueSpecification\",\"valueRequired\":true,\"valueName\":\"search_term_string\"}}],\"inLanguage\":\"hu\"}]}<\/script>\n<!-- \/ Yoast SEO Premium plugin. -->","yoast_head_json":{"title":"V\u00e1s\u00e1rl\u00e1s Fizzy 150K Puffs | Strawberry Skittles & Tropical Fruit Punch Set","description":"K\u00f3stolja meg a sziv\u00e1rv\u00e1nyt a Fizzy 150K Puffs Strawberry Skittles & Tropical Fruit Punch-szal. 150.000 puff, 80mL kapacit\u00e1s \u00e9s intelligens LED monitoroz\u00e1s. Hivatalos \u00e1ruh\u00e1z.","robots":{"index":"index","follow":"follow","max-snippet":"max-snippet:-1","max-image-preview":"max-image-preview:large","max-video-preview":"max-video-preview:-1"},"canonical":"https:\/\/shop.fizzyvape.com\/hu\/termek\/150k-puffs-tropusi-gyumolcspuncs-es-gorogdinnye-malna-es-afonya-kokusz-es-eper-skittles\/","og_locale":"hu_HU","og_type":"article","og_title":"150K Puffs - Tr\u00f3pusi gy\u00fcm\u00f6lcspuncs \u00e9s g\u00f6r\u00f6gdinnye M\u00e1lna \u00e9s \u00e1fonya K\u00f3kusz \u00e9s eper Skittles","og_description":"K\u00f3stolja meg a sziv\u00e1rv\u00e1nyt a Fizzy 150K Puffs Strawberry Skittles & Tropical Fruit Punch-szal. 150.000 puff, 80mL kapacit\u00e1s \u00e9s intelligens LED monitoroz\u00e1s. Hivatalos \u00e1ruh\u00e1z.","og_url":"https:\/\/shop.fizzyvape.com\/hu\/termek\/150k-puffs-tropusi-gyumolcspuncs-es-gorogdinnye-malna-es-afonya-kokusz-es-eper-skittles\/","og_site_name":"shop.fizzyvape.com","og_image":[{"width":800,"height":800,"url":"https:\/\/shop.fizzyvape.com\/wp-content\/uploads\/2025\/12\/Fizzy-150K-Puffs-15-in-1-Smart-Multi-Flavor-Rechargeable-Disposable-Vape-6.jpg","type":"image\/jpeg"}],"twitter_card":"summary_large_image","twitter_misc":{"Becs\u00fclt olvas\u00e1si id\u0151":"4 perc"},"schema":{"@context":"https:\/\/schema.org","@graph":[{"@type":"WebPage","@id":"https:\/\/shop.fizzyvape.com\/hu\/termek\/150k-puffs-tropusi-gyumolcspuncs-es-gorogdinnye-malna-es-afonya-kokusz-es-eper-skittles\/","url":"https:\/\/shop.fizzyvape.com\/hu\/termek\/150k-puffs-tropusi-gyumolcspuncs-es-gorogdinnye-malna-es-afonya-kokusz-es-eper-skittles\/","name":"V\u00e1s\u00e1rl\u00e1s Fizzy 150K Puffs | Strawberry Skittles & Tropical Fruit Punch Set","isPartOf":{"@id":"https:\/\/shop.fizzyvape.com\/hu\/#website"},"primaryImageOfPage":{"@id":"https:\/\/shop.fizzyvape.com\/hu\/termek\/150k-puffs-tropusi-gyumolcspuncs-es-gorogdinnye-malna-es-afonya-kokusz-es-eper-skittles\/#primaryimage"},"image":{"@id":"https:\/\/shop.fizzyvape.com\/hu\/termek\/150k-puffs-tropusi-gyumolcspuncs-es-gorogdinnye-malna-es-afonya-kokusz-es-eper-skittles\/#primaryimage"},"thumbnailUrl":"https:\/\/shop.fizzyvape.com\/wp-content\/uploads\/2025\/12\/Fizzy-150K-Puffs-15-in-1-Smart-Multi-Flavor-Rechargeable-Disposable-Vape-6.jpg","datePublished":"2026-01-12T08:31:43+00:00","description":"K\u00f3stolja meg a sziv\u00e1rv\u00e1nyt a Fizzy 150K Puffs Strawberry Skittles & Tropical Fruit Punch-szal. 150.000 puff, 80mL kapacit\u00e1s \u00e9s intelligens LED monitoroz\u00e1s. Hivatalos \u00e1ruh\u00e1z.","breadcrumb":{"@id":"https:\/\/shop.fizzyvape.com\/hu\/termek\/150k-puffs-tropusi-gyumolcspuncs-es-gorogdinnye-malna-es-afonya-kokusz-es-eper-skittles\/#breadcrumb"},"inLanguage":"hu","potentialAction":[{"@type":"ReadAction","target":["https:\/\/shop.fizzyvape.com\/hu\/termek\/150k-puffs-tropusi-gyumolcspuncs-es-gorogdinnye-malna-es-afonya-kokusz-es-eper-skittles\/"]}]},{"@type":"ImageObject","inLanguage":"hu","@id":"https:\/\/shop.fizzyvape.com\/hu\/termek\/150k-puffs-tropusi-gyumolcspuncs-es-gorogdinnye-malna-es-afonya-kokusz-es-eper-skittles\/#primaryimage","url":"https:\/\/shop.fizzyvape.com\/wp-content\/uploads\/2025\/12\/Fizzy-150K-Puffs-15-in-1-Smart-Multi-Flavor-Rechargeable-Disposable-Vape-6.jpg","contentUrl":"https:\/\/shop.fizzyvape.com\/wp-content\/uploads\/2025\/12\/Fizzy-150K-Puffs-15-in-1-Smart-Multi-Flavor-Rechargeable-Disposable-Vape-6.jpg","width":800,"height":800,"caption":"Fizzy 150K Puffs - 15-in-1 Smart Multi-Flavor \u00fajrat\u00f6lthet\u0151 eldobhat\u00f3 Vape 6"},{"@type":"BreadcrumbList","@id":"https:\/\/shop.fizzyvape.com\/hu\/termek\/150k-puffs-tropusi-gyumolcspuncs-es-gorogdinnye-malna-es-afonya-kokusz-es-eper-skittles\/#breadcrumb","itemListElement":[{"@type":"ListItem","position":1,"name":"\u9996\u9875","item":"https:\/\/shop.fizzyvape.com\/hu\/"},{"@type":"ListItem","position":2,"name":"Shop","item":"https:\/\/shop.fizzyvape.com\/shop\/"},{"@type":"ListItem","position":3,"name":"150K Puffs &#8211; Tr\u00f3pusi gy\u00fcm\u00f6lcspuncs \u00e9s g\u00f6r\u00f6gdinnye M\u00e1lna \u00e9s \u00e1fonya K\u00f3kusz \u00e9s eper Skittles"}]},{"@type":"WebSite","@id":"https:\/\/shop.fizzyvape.com\/hu\/#website","url":"https:\/\/shop.fizzyvape.com\/hu\/","name":"shop.fizzyvape.com","description":"The Best Disposable Vape In Europe | 10000 - 60000 Puffs  | Free Shipping","potentialAction":[{"@type":"SearchAction","target":{"@type":"EntryPoint","urlTemplate":"https:\/\/shop.fizzyvape.com\/hu\/?s={search_term_string}"},"query-input":{"@type":"PropertyValueSpecification","valueRequired":true,"valueName":"search_term_string"}}],"inLanguage":"hu"}]}},"tiered_pricing_type":"fixed","tiered_pricing_fixed_rules":[],"tiered_pricing_product_settings":{"layout":"default","base_unit_name":{"singular":null,"plural":null},"default_variation":null},"tiered_pricing_minimum_quantity":null,"tiered_pricing_roles_data":[],"tiered_pricing_percentage_rules":[],"tiered_pricing_maximum_quantity":null,"tiered_pricing_quantity_step":null,"_links":{"self":[{"href":"https:\/\/shop.fizzyvape.com\/hu\/wp-json\/wp\/v2\/product\/29182","targetHints":{"allow":["GET"]}}],"collection":[{"href":"https:\/\/shop.fizzyvape.com\/hu\/wp-json\/wp\/v2\/product"}],"about":[{"href":"https:\/\/shop.fizzyvape.com\/hu\/wp-json\/wp\/v2\/types\/product"}],"replies":[{"embeddable":true,"href":"https:\/\/shop.fizzyvape.com\/hu\/wp-json\/wp\/v2\/comments?post=29182"}],"version-history":[{"count":0,"href":"https:\/\/shop.fizzyvape.com\/hu\/wp-json\/wp\/v2\/product\/29182\/revisions"}],"wp:featuredmedia":[{"embeddable":true,"href":"https:\/\/shop.fizzyvape.com\/hu\/wp-json\/wp\/v2\/media\/28664"}],"wp:attachment":[{"href":"https:\/\/shop.fizzyvape.com\/hu\/wp-json\/wp\/v2\/media?parent=29182"}],"wp:term":[{"taxonomy":"product_brand","embeddable":true,"href":"https:\/\/shop.fizzyvape.com\/hu\/wp-json\/wp\/v2\/product_brand?post=29182"},{"taxonomy":"product_cat","embeddable":true,"href":"https:\/\/shop.fizzyvape.com\/hu\/wp-json\/wp\/v2\/product_cat?post=29182"},{"taxonomy":"product_tag","embeddable":true,"href":"https:\/\/shop.fizzyvape.com\/hu\/wp-json\/wp\/v2\/product_tag?post=29182"}],"curies":[{"name":"wp","href":"https:\/\/api.w.org\/{rel}","templated":true}]}}