{"id":29212,"date":"2026-01-12T09:54:42","date_gmt":"2026-01-12T09:54:42","guid":{"rendered":"https:\/\/shop.fizzyvape.com\/product\/150k-puffs-eper-vaniliakola-afonya-malna-gorogdinnye-jeg-cseresznye-bogyo\/"},"modified":"2026-01-12T09:54:42","modified_gmt":"2026-01-12T09:54:42","slug":"150k-puffs-eper-vaniliakola-afonya-malna-gorogdinnye-jeg-cseresznye-bogyo","status":"publish","type":"product","link":"https:\/\/shop.fizzyvape.com\/hu\/termek\/150k-puffs-eper-vaniliakola-afonya-malna-gorogdinnye-jeg-cseresznye-bogyo\/","title":{"rendered":"150K Puffs &#8211; Eper van\u00edliak\u00f3la &amp; \u00e1fonya m\u00e1lna &amp; g\u00f6r\u00f6gdinnye j\u00e9g &amp; cseresznye bogy\u00f3"},"content":{"rendered":"<p><img decoding=\"async\" class=\"size-full wp-image-28678 aligncenter\" src=\"https:\/\/shop.fizzyvape.com\/wp-content\/uploads\/2025\/12\/Fizzy-150K-Puffs-15-in-1-Smart-Multi-Flavor-Rechargeable-Disposable-Vape-11.jpg\" alt=\"Fizzy 150K Puffs - 15-in-1 Smart Multi-Flavor \u00fajrat\u00f6lthet\u0151 eldobhat\u00f3 Vape 11\" width=\"800\" height=\"800\" srcset=\"https:\/\/shop.fizzyvape.com\/wp-content\/uploads\/2025\/12\/Fizzy-150K-Puffs-15-in-1-Smart-Multi-Flavor-Rechargeable-Disposable-Vape-11.jpg 800w, https:\/\/shop.fizzyvape.com\/wp-content\/uploads\/2025\/12\/Fizzy-150K-Puffs-15-in-1-Smart-Multi-Flavor-Rechargeable-Disposable-Vape-11-300x300.jpg 300w, https:\/\/shop.fizzyvape.com\/wp-content\/uploads\/2025\/12\/Fizzy-150K-Puffs-15-in-1-Smart-Multi-Flavor-Rechargeable-Disposable-Vape-11-150x150.jpg 150w, https:\/\/shop.fizzyvape.com\/wp-content\/uploads\/2025\/12\/Fizzy-150K-Puffs-15-in-1-Smart-Multi-Flavor-Rechargeable-Disposable-Vape-11-768x768.jpg 768w, https:\/\/shop.fizzyvape.com\/wp-content\/uploads\/2025\/12\/Fizzy-150K-Puffs-15-in-1-Smart-Multi-Flavor-Rechargeable-Disposable-Vape-11-100x100.jpg 100w, https:\/\/shop.fizzyvape.com\/wp-content\/uploads\/2025\/12\/Fizzy-150K-Puffs-15-in-1-Smart-Multi-Flavor-Rechargeable-Disposable-Vape-11-200x200.jpg 200w, https:\/\/shop.fizzyvape.com\/wp-content\/uploads\/2025\/12\/Fizzy-150K-Puffs-15-in-1-Smart-Multi-Flavor-Rechargeable-Disposable-Vape-11-400x400.jpg 400w, https:\/\/shop.fizzyvape.com\/wp-content\/uploads\/2025\/12\/Fizzy-150K-Puffs-15-in-1-Smart-Multi-Flavor-Rechargeable-Disposable-Vape-11-500x500.jpg 500w, https:\/\/shop.fizzyvape.com\/wp-content\/uploads\/2025\/12\/Fizzy-150K-Puffs-15-in-1-Smart-Multi-Flavor-Rechargeable-Disposable-Vape-11-430x430.jpg 430w, https:\/\/shop.fizzyvape.com\/wp-content\/uploads\/2025\/12\/Fizzy-150K-Puffs-15-in-1-Smart-Multi-Flavor-Rechargeable-Disposable-Vape-11-700x700.jpg 700w\" sizes=\"(max-width: 800px) 100vw, 800px\" \/><\/p>\n<h1>Fizzy 150K Puffs: M\u00e1lna \u00e9s g\u00f6r\u00f6gdinnye j\u00e9g \u00e9s cseresznye bogy\u00f3<\/h1>\n<p><b>150,000 puff | 4 f\u00fcggetlen pod | 15-in-1 \u00edzv\u00e1lt\u00e1s | HD LED monitoroz\u00e1s<\/b><\/p>\n<p>Tapasztalja meg az \u00edzvil\u00e1g forradalm\u00e1t a <b>Fizzy 150K Puffs (Gourmet Cola Edition)<\/b> seg\u00edts\u00e9g\u00e9vel. Ezt a k\u00e9szletet olyan vapereknek k\u00e9sz\u00edtett\u00e9k, akik t\u00f6bbre v\u00e1gynak a gy\u00fcm\u00f6lcs\u00f6kn\u00e9l; a Strawberry Vanilla Coke kifinomult, desszertszer\u0171 jegyeit \u00f6tv\u00f6zi a hegyi bogy\u00f3s gy\u00fcm\u00f6lcs\u00f6k \u00e9s a j\u00e9g ropog\u00f3s, h\u0171s\u00edt\u0151 \u00e9rz\u00e9s\u00e9vel. A <b>80ml pr\u00e9mium e-folyad\u00e9kkal<\/b> \u00e9s <b>1000mAh-s akkumul\u00e1torral<\/b> ez a k\u00e9sz\u00fcl\u00e9k heteken \u00e1t ny\u00fajt cs\u00facsteljes\u00edtm\u00e9nyt \u00e9s v\u00e1ltozatoss\u00e1got.  <\/p>\n<h2>\ud83d\ude80 M\u0171szaki specifik\u00e1ci\u00f3k<\/h2>\n<table>\n<thead>\n<tr>\n<td><strong>Jellemz\u0151<\/strong><\/td>\n<td><strong>Professzion\u00e1lis min\u0151s\u00e9g\u0171 specifik\u00e1ci\u00f3k<\/strong><\/td>\n<\/tr>\n<\/thead>\n<tbody>\n<tr>\n<td><b>Teljes puffan\u00e1s<\/b><\/td>\n<td>150,000+ Puffok<\/td>\n<\/tr>\n<tr>\n<td><b>Tekercs t\u00edpusa<\/b><\/td>\n<td>Quad-Mesh technol\u00f3gia (4 x 1.0\u03a9 h\u00e1l\u00f3s tekercs)<\/td>\n<\/tr>\n<tr>\n<td><b>E-folyad\u00e9k kapacit\u00e1s<\/b><\/td>\n<td>80mL \u00f6sszesen (20mL egyenk\u00e9nt)<\/td>\n<\/tr>\n<tr>\n<td><b>Akkumul\u00e1tor<\/b><\/td>\n<td>1000mAh tiszta kobalt (\u00fajrat\u00f6lthet\u0151)<\/td>\n<\/tr>\n<tr>\n<td><b>T\u00f6lt\u00e9s<\/b><\/td>\n<td>C-t\u00edpus\u00fa gyorst\u00f6lt\u00e9s<\/td>\n<\/tr>\n<tr>\n<td><b>Megjelen\u00edt\u00e9s<\/b><\/td>\n<td>Intelligens LED (egy\u00e9ni gy\u00fcm\u00f6lcsl\u00e9 \u00e9s akkumul\u00e1tor-k\u00f6vet\u00e9s)<\/td>\n<\/tr>\n<tr>\n<td><b>\u00cdzes\u00edt\u0151 rendszer<\/b><\/td>\n<td><b>15 az 1-ben intelligens kapcsol\u00e1si technol\u00f3gia<\/b><\/td>\n<\/tr>\n<\/tbody>\n<\/table>\n<h2>\ud83e\uddea A 15 az 1-ben \u00edzm\u00e1trix<\/h2>\n<p><i>Engedje szabadj\u00e1ra bels\u0151 mixol\u00f3gus\u00e1t. Fedezzen fel 15 k\u00fcl\u00f6nb\u00f6z\u0151 \u00edzprofilt a 4 f\u00fcggetlen 20 ml-es podunk k\u00f6z\u00f6tti v\u00e1lt\u00e1ssal: <\/i><\/p>\n<ul>\n<li><b>A 4 sz\u00f3l\u00f3 mester:<\/b> Tiszta <b>eper-van\u00edliak\u00f3la<\/b>, <b>\u00e1fonya-m\u00e1lna<\/b>, <b>g\u00f6r\u00f6gdinnye-j\u00e9g<\/b> vagy <b>cseresznye-bogy\u00f3<\/b>.<\/li>\n<li><b>A 6 kett\u0151s kever\u00e9k:<\/b> Cherry <i>Cola<\/i> Twist) vagy a <i>g\u00f6r\u00f6gdinnye j\u00e9g + \u00e1fonya m\u00e1lna<\/i>.<\/li>\n<li><b>A 4 h\u00e1rmas f\u00fazi\u00f3:<\/b> Komplex, r\u00e9tegzett profilok az \u00ednyenc g\u0151z\u00f6l\u00e9si \u00e9lm\u00e9ny\u00e9rt.<\/li>\n<li><b>A v\u00e9gs\u0151 Quad-Mix:<\/b> Mind a n\u00e9gy kapszula egy igaz\u00e1n nagyszer\u0171 gy\u00fcm\u00f6lcs- \u00e9s ital-karnev\u00e1lhoz.<\/li>\n<\/ul>\n<h2>\ud83e\udd64 Az \u00edzek sora: Gourmet Mix<\/h2>\n<ul>\n<li>Pod A: Egy klasszikus kifinomult csavar\u00e1sa. A sz\u00e9nsavas, f\u0171szeres k\u00f3la alapot kr\u00e9mes van\u00edli\u00e1val sim\u00edtjuk \u00e1t, \u00e9s \u00e9des epres \u00f6rv\u00e9nyl\u00e9ssel fejezz\u00fck be. <\/li>\n<li>Pod B: \u00c1fonya M\u00e1lnaEgy id\u0151tlen bogy\u00f3s gy\u00fcm\u00f6lcs\u00f6s du\u00f3. Az \u00e9des, f\u00f6ldes \u00e1fonya t\u00f6k\u00e9letes kontrasztot alkot a friss m\u00e1lna \u00e9les, elektromos \u00edz\u00e9vel. <\/li>\n<li>Pod C: G\u00f6r\u00f6gdinnye j\u00e9gA v\u00e9gs\u0151 szomjolt\u00f3. L\u00e9d\u00fas, nap\u00e9rlelte g\u00f6r\u00f6gdinnye er\u0151teljes sarkvid\u00e9ki robban\u00e1ssal a tiszta, friss\u00edt\u0151 kil\u00e9gz\u00e9s\u00e9rt. <\/li>\n<li>Pod D: Gazdag, s\u00f6t\u00e9t gy\u00fcm\u00f6lcs\u00f6k kever\u00e9ke. M\u00e9ly, zamatos cseresznye keveredik erdei bogy\u00f3s gy\u00fcm\u00f6lcs\u00f6k titkos kever\u00e9k\u00e9vel egy mer\u00e9sz \u00e9s lekv\u00e1ros \u00e9rz\u00e9s\u00e9rt. <\/li>\n<\/ul>\n<p><img decoding=\"async\" class=\"wp-image-28634 size-full\" src=\"https:\/\/shop.fizzyvape.com\/wp-content\/uploads\/2025\/12\/Fizzy-15-in-1-150K-Puffs-Rechargeable-Disposable-Vape-Flavors-List-scaled.jpg\" alt=\"Fizzy 15-in-1 150K Puffs \u00fajrat\u00f6lthet\u0151 eldobhat\u00f3 Vape Vape \u00edzek list\u00e1ja\" width=\"1663\" height=\"2560\" srcset=\"https:\/\/shop.fizzyvape.com\/wp-content\/uploads\/2025\/12\/Fizzy-15-in-1-150K-Puffs-Rechargeable-Disposable-Vape-Flavors-List-scaled.jpg 1663w, https:\/\/shop.fizzyvape.com\/wp-content\/uploads\/2025\/12\/Fizzy-15-in-1-150K-Puffs-Rechargeable-Disposable-Vape-Flavors-List-195x300.jpg 195w, https:\/\/shop.fizzyvape.com\/wp-content\/uploads\/2025\/12\/Fizzy-15-in-1-150K-Puffs-Rechargeable-Disposable-Vape-Flavors-List-520x800.jpg 520w, https:\/\/shop.fizzyvape.com\/wp-content\/uploads\/2025\/12\/Fizzy-15-in-1-150K-Puffs-Rechargeable-Disposable-Vape-Flavors-List-768x1182.jpg 768w, https:\/\/shop.fizzyvape.com\/wp-content\/uploads\/2025\/12\/Fizzy-15-in-1-150K-Puffs-Rechargeable-Disposable-Vape-Flavors-List-998x1536.jpg 998w, https:\/\/shop.fizzyvape.com\/wp-content\/uploads\/2025\/12\/Fizzy-15-in-1-150K-Puffs-Rechargeable-Disposable-Vape-Flavors-List-1330x2048.jpg 1330w, https:\/\/shop.fizzyvape.com\/wp-content\/uploads\/2025\/12\/Fizzy-15-in-1-150K-Puffs-Rechargeable-Disposable-Vape-Flavors-List-430x662.jpg 430w, https:\/\/shop.fizzyvape.com\/wp-content\/uploads\/2025\/12\/Fizzy-15-in-1-150K-Puffs-Rechargeable-Disposable-Vape-Flavors-List-700x1078.jpg 700w, https:\/\/shop.fizzyvape.com\/wp-content\/uploads\/2025\/12\/Fizzy-15-in-1-150K-Puffs-Rechargeable-Disposable-Vape-Flavors-List-150x231.jpg 150w\" sizes=\"(max-width: 1663px) 100vw, 1663px\" \/><\/p>\n<h2>Fizzy 15-in-1 150K Puffs \u00fajrat\u00f6lthet\u0151 <strong>eldobhat\u00f3 Vape \u00edzek list\u00e1ja:<\/strong><\/h2>\n<ol>\n<li><a href=\"\/product\/fizzy-150k-puffs\/watermelon-red-bull-ice-set\/\">G\u00f6r\u00f6gdinnye j\u00e9g &amp; Red Bull &amp; Eper m\u00e1lna &amp; H\u00e1romszoros dinnye j\u00e9g<\/a><\/li>\n<li><a href=\"\/product\/fizzy-150k-puffs\/strawberry-kiwi-guava-peach-set\/\">Eper Ice &amp; Kiwi Passion Fruit Guava &amp; Barack Mango G\u00f6r\u00f6gdinnye &amp; Grape Burst<\/a><\/li>\n<li><a href=\"\/product\/fizzy-150k-puffs\/red-bull-kiwi-pomegranate-ice-set\/\">Red Bull &amp; Strawberry Kiwi Gr\u00e1n\u00e1talma &amp; Blueberry Ice &amp; Anan\u00e1sz K\u00f3kuszdi\u00f3<\/a><\/li>\n<li><a href=\"\/product\/fizzy-150k-puffs\/strawberry-kiwi-watermelon-bubblegum-set\/\">Eper-kiwi &amp; vegyes bogy\u00f3s gy\u00fcm\u00f6lcs &amp; g\u00f6r\u00f6gdinnye Bubblegum &amp; l\u00e9d\u00fas barack<\/a><\/li>\n<li><a href=\"\/product\/fizzy-150k-puffs\/blueberry-raspberry-set\/\">\u00c1fonya m\u00e1lna &amp; eper j\u00e9g &amp; Blue Razz limon\u00e1d\u00e9 &amp; g\u00f6r\u00f6gdinnye gumimack\u00f3<\/a><\/li>\n<li><a href=\"\/product\/fizzy-150k-puffs\/strawberry-skittles-tropical-punch-set\/\">Tr\u00f3pusi gy\u00fcm\u00f6lcspuncs \u00e9s g\u00f6r\u00f6gdinnye M\u00e1lna \u00e9s \u00e1fonya K\u00f3kusz \u00e9s eper Skittles<\/a><\/li>\n<li><a href=\"\/product\/fizzy-150k-puffs\/love-66-strawberry-kiwi-berry-lemonade-set\/\">Szerelem 66 &amp; Eper Kiwi &amp; G\u00f6r\u00f6gdinnye \u00c1fonya &amp; M\u00e1lna Limon\u00e1d\u00e9<\/a><\/li>\n<li><a href=\"\/product\/fizzy-150k-puffs\/mixed-berry-fizzy-cola-tropical-set\/\">Vegyes bogy\u00f3s gy\u00fcm\u00f6lcs\u00f6k \u00e9s anan\u00e1sz Barack Maracuja \u00e9s Fizzy Cola \u00e9s eper M\u00e1lna<\/a><\/li>\n<li><a href=\"\/product\/fizzy-150k-puffs\/blue-razz-watermelon-cherry-passion-set\/\">Blue Razz Rapberry &amp; G\u00f6r\u00f6gdinnye Cherry Ice &amp; Eper Grape &amp;Passion Fruit Orange Peach<\/a><\/li>\n<li><a href=\"\/product\/fizzy-150k-puffs\/fizzy-cherry-strawberry-dragon-fruit-set\/\">Fizzy Cherry &amp; Strawberry S\u00e1rk\u00e1nygy\u00fcm\u00f6lcs &amp; Citrom Lime &amp; G\u00f6r\u00f6gdinnye Blueberry<\/a><\/li>\n<li><a href=\"\/product\/fizzy-150k-puffs\/strawberry-vanilla-coke-cherry-berry-set\/\">Eper van\u00edliak\u00f3la &amp; \u00e1fonya m\u00e1lna &amp; g\u00f6r\u00f6gdinnye j\u00e9g &amp; cseresznye bogy\u00f3<\/a><\/li>\n<li><a href=\"\/product\/fizzy-150k-puffs\/mojito-strawberry-watermelon-kiwi-guava-set\/\">Blueberry Ice &amp; Strawberry Watermelon &amp; Mojito &amp; Kiwi Passion Fruit Guava<\/a><\/li>\n<\/ol>\n<h2>\ud83d\udc8e Mi\u00e9rt v\u00e1lassza a Fizzy 150K Gourmet Editiont?<\/h2>\n<ol>\n<li>Massz\u00edv 150,000 Puff EnduranceHossz\u00fa t\u00e1vra tervezve. Ez az egyetlen k\u00e9sz\u00fcl\u00e9k ak\u00e1r 15 szabv\u00e1nyos eldobhat\u00f3 k\u00e9sz\u00fcl\u00e9ket is helyettes\u00edt, \u00edgy ez a leggazdas\u00e1gosabb \u00e9s k\u00f6rnyezettudatosabb m\u00f3dja a kiv\u00e1l\u00f3 min\u0151s\u00e9g\u0171 p\u00e1rol\u00e1s \u00e9lvezet\u00e9nek. <\/li>\n<li>Flavor Purity (Quad-Mesh technol\u00f3gia)N\u00e9gy f\u00fcggetlen 1.0\u03a9 Mesh tekerccsel felszerelve. Az \u00d6n &#8220;Epres Van\u00edli\u00e1s K\u00f3l\u00e1ja&#8221; kr\u00e9mes \u00e9s pezsg\u0151s marad, &#8220;G\u00f6r\u00f6gdinnye J\u00e9g&#8221; szennyez\u0151d\u00e9s n\u00e9lk\u00fcl, kiv\u00e9ve, ha a kever\u00e9s mellett d\u00f6nt. <\/li>\n<li>Fejlett LED intelligenciaA be\u00e9p\u00edtett HD k\u00e9perny\u0151 nyomon k\u00f6veti az akkumul\u00e1tor %-ot \u00e9s az A, B, C \u00e9s D podok egy\u00e9ni t\u00f6lt\u00f6tts\u00e9gi szintjeit.Maradjon t\u00e1j\u00e9kozott, \u00e9s ker\u00fclje el a v\u00e1ratlan sz\u00e1razs\u00e1gokat.<\/li>\n<li>Hivatalos eredetis\u00e9ggaranciaKiz\u00e1r\u00f3lag a shop.fizzyvape.com k\u00edn\u00e1l 100%-ban eredeti hardvert, a legfrissebb t\u00e9teleket a maxim\u00e1lis \u00edzintenzit\u00e1s \u00e9rdek\u00e9ben, valamint biztons\u00e1gos glob\u00e1lis sz\u00e1ll\u00edt\u00e1st nyomon k\u00f6vet\u00e9ssel.<\/li>\n<\/ol>\n<h3>\u2753 Gyakran ism\u00e9telt k\u00e9rd\u00e9sek (GYIK)<\/h3>\n<p>K: Az epres van\u00edli\u00e1s k\u00f3la \u00edze olyan, mint a val\u00f3di ital\u00e9?<\/p>\n<p>A: Igen! \u00cdzes\u00edt\u0151ink a van\u00edlia \u00e9s az eper kr\u00e9mes &#8220;\u00fasz\u00f3&#8221; \u00e9rz\u00e9s\u00e9t a hagyom\u00e1nyos k\u00f3la pezsg\u0151 f\u0171szeress\u00e9g\u00e9vel kombin\u00e1lva \u00f6r\u00f6k\u00edtett\u00e9k meg. <\/p>\n<p>K: Hogyan v\u00e1lthatok a 15 \u00edz k\u00f6z\u00f6tt?<\/p>\n<p>V: A k\u00e9sz\u00fcl\u00e9ken tal\u00e1lhat\u00f3 intelligens kapcsol\u00f3 seg\u00edts\u00e9g\u00e9vel a podokat egyenk\u00e9nt vagy kombin\u00e1lva is aktiv\u00e1lhatja. A LED-k\u00e9perny\u0151 pontosan megmutatja, hogy mely podok akt\u00edvak jelenleg. <\/p>\n<p>K: Ez a k\u00e9szlet nagyon jeges?<\/p>\n<p>V: Csak a Pod C (g\u00f6r\u00f6gdinnye j\u00e9g) rendelkezik er\u0151s h\u0171t\u0151 hat\u00e1ssal. A t\u00f6bbi pod a kr\u00e9mes \u00e9s gy\u00fcm\u00f6lcs\u00f6s jegyekre \u00f6sszpontos\u00edt, \u00edgy a &#8220;J\u00e9g&#8221; szintj\u00e9t a kever\u00e9s\u00fckkel szab\u00e1lyozhatja. <\/p>\n","protected":false},"excerpt":{"rendered":"[html_block id=\"28835\"]\n","protected":false},"featured_media":28679,"comment_status":"open","ping_status":"closed","template":"","meta":[],"product_brand":[],"product_cat":[319],"product_tag":[],"class_list":{"0":"post-29212","1":"product","2":"type-product","3":"status-publish","4":"has-post-thumbnail","6":"product_cat-fizzy-150k-150000-fujas-15-az-1-ben-eldobhato-ujratoltheto-vape","8":"first","9":"outofstock","10":"shipping-taxable","11":"purchasable","12":"product-type-variable"},"yoast_head":"<!-- This site is optimized with the Yoast SEO Premium plugin v24.8 (Yoast SEO v27.4) - https:\/\/yoast.com\/product\/yoast-seo-premium-wordpress\/ -->\n<title>Fizzy 150K Puffs | Strawberry Vanilla Coke &amp; Cherry Berry Edition<\/title>\n<meta name=\"description\" content=\"Pr\u00f3b\u00e1lja ki az egyed\u00fcl\u00e1ll\u00f3 epres-van\u00edli\u00e1s k\u00f3l\u00e1t Fizzy 150K Puffs-szal. 150 000 puffan\u00e1s, 15 az 1-ben \u00edztechnika \u00e9s intelligens LED kijelz\u0151. V\u00e1s\u00e1rolja meg most a hivatalos Berry &amp; Cola mixet!\" \/>\n<meta name=\"robots\" content=\"index, follow, max-snippet:-1, max-image-preview:large, max-video-preview:-1\" \/>\n<link rel=\"canonical\" href=\"https:\/\/shop.fizzyvape.com\/hu\/termek\/150k-puffs-eper-vaniliakola-afonya-malna-gorogdinnye-jeg-cseresznye-bogyo\/\" \/>\n<meta property=\"og:locale\" content=\"hu_HU\" \/>\n<meta property=\"og:type\" content=\"article\" \/>\n<meta property=\"og:title\" content=\"150K Puffs - Eper van\u00edliak\u00f3la &amp; \u00e1fonya m\u00e1lna &amp; g\u00f6r\u00f6gdinnye j\u00e9g &amp; cseresznye bogy\u00f3\" \/>\n<meta property=\"og:description\" content=\"Pr\u00f3b\u00e1lja ki az egyed\u00fcl\u00e1ll\u00f3 epres-van\u00edli\u00e1s k\u00f3l\u00e1t Fizzy 150K Puffs-szal. 150 000 puffan\u00e1s, 15 az 1-ben \u00edztechnika \u00e9s intelligens LED kijelz\u0151. V\u00e1s\u00e1rolja meg most a hivatalos Berry &amp; Cola mixet!\" \/>\n<meta property=\"og:url\" content=\"https:\/\/shop.fizzyvape.com\/hu\/termek\/150k-puffs-eper-vaniliakola-afonya-malna-gorogdinnye-jeg-cseresznye-bogyo\/\" \/>\n<meta property=\"og:site_name\" content=\"shop.fizzyvape.com\" \/>\n<meta property=\"og:image\" content=\"https:\/\/shop.fizzyvape.com\/wp-content\/uploads\/2025\/12\/Fizzy-150K-Puffs-15-in-1-Smart-Multi-Flavor-Rechargeable-Disposable-Vape-11.jpg\" \/>\n\t<meta property=\"og:image:width\" content=\"800\" \/>\n\t<meta property=\"og:image:height\" content=\"800\" \/>\n\t<meta property=\"og:image:type\" content=\"image\/jpeg\" \/>\n<meta name=\"twitter:card\" content=\"summary_large_image\" \/>\n<meta name=\"twitter:label1\" content=\"Becs\u00fclt olvas\u00e1si id\u0151\" \/>\n\t<meta name=\"twitter:data1\" content=\"5 perc\" \/>\n<script type=\"application\/ld+json\" class=\"yoast-schema-graph\">{\"@context\":\"https:\\\/\\\/schema.org\",\"@graph\":[{\"@type\":\"WebPage\",\"@id\":\"https:\\\/\\\/shop.fizzyvape.com\\\/hu\\\/termek\\\/150k-puffs-eper-vaniliakola-afonya-malna-gorogdinnye-jeg-cseresznye-bogyo\\\/\",\"url\":\"https:\\\/\\\/shop.fizzyvape.com\\\/hu\\\/termek\\\/150k-puffs-eper-vaniliakola-afonya-malna-gorogdinnye-jeg-cseresznye-bogyo\\\/\",\"name\":\"Fizzy 150K Puffs | Strawberry Vanilla Coke & Cherry Berry Edition\",\"isPartOf\":{\"@id\":\"https:\\\/\\\/shop.fizzyvape.com\\\/hu\\\/#website\"},\"primaryImageOfPage\":{\"@id\":\"https:\\\/\\\/shop.fizzyvape.com\\\/hu\\\/termek\\\/150k-puffs-eper-vaniliakola-afonya-malna-gorogdinnye-jeg-cseresznye-bogyo\\\/#primaryimage\"},\"image\":{\"@id\":\"https:\\\/\\\/shop.fizzyvape.com\\\/hu\\\/termek\\\/150k-puffs-eper-vaniliakola-afonya-malna-gorogdinnye-jeg-cseresznye-bogyo\\\/#primaryimage\"},\"thumbnailUrl\":\"https:\\\/\\\/shop.fizzyvape.com\\\/wp-content\\\/uploads\\\/2025\\\/12\\\/Fizzy-150K-Puffs-15-in-1-Smart-Multi-Flavor-Rechargeable-Disposable-Vape-11.jpg\",\"datePublished\":\"2026-01-12T09:54:42+00:00\",\"description\":\"Pr\u00f3b\u00e1lja ki az egyed\u00fcl\u00e1ll\u00f3 epres-van\u00edli\u00e1s k\u00f3l\u00e1t Fizzy 150K Puffs-szal. 150 000 puffan\u00e1s, 15 az 1-ben \u00edztechnika \u00e9s intelligens LED kijelz\u0151. V\u00e1s\u00e1rolja meg most a hivatalos Berry & Cola mixet!\",\"breadcrumb\":{\"@id\":\"https:\\\/\\\/shop.fizzyvape.com\\\/hu\\\/termek\\\/150k-puffs-eper-vaniliakola-afonya-malna-gorogdinnye-jeg-cseresznye-bogyo\\\/#breadcrumb\"},\"inLanguage\":\"hu\",\"potentialAction\":[{\"@type\":\"ReadAction\",\"target\":[\"https:\\\/\\\/shop.fizzyvape.com\\\/hu\\\/termek\\\/150k-puffs-eper-vaniliakola-afonya-malna-gorogdinnye-jeg-cseresznye-bogyo\\\/\"]}]},{\"@type\":\"ImageObject\",\"inLanguage\":\"hu\",\"@id\":\"https:\\\/\\\/shop.fizzyvape.com\\\/hu\\\/termek\\\/150k-puffs-eper-vaniliakola-afonya-malna-gorogdinnye-jeg-cseresznye-bogyo\\\/#primaryimage\",\"url\":\"https:\\\/\\\/shop.fizzyvape.com\\\/wp-content\\\/uploads\\\/2025\\\/12\\\/Fizzy-150K-Puffs-15-in-1-Smart-Multi-Flavor-Rechargeable-Disposable-Vape-11.jpg\",\"contentUrl\":\"https:\\\/\\\/shop.fizzyvape.com\\\/wp-content\\\/uploads\\\/2025\\\/12\\\/Fizzy-150K-Puffs-15-in-1-Smart-Multi-Flavor-Rechargeable-Disposable-Vape-11.jpg\",\"width\":800,\"height\":800,\"caption\":\"Fizzy 150K Puffs - 15-in-1 Smart Multi-Flavor \u00fajrat\u00f6lthet\u0151 eldobhat\u00f3 Vape 11\"},{\"@type\":\"BreadcrumbList\",\"@id\":\"https:\\\/\\\/shop.fizzyvape.com\\\/hu\\\/termek\\\/150k-puffs-eper-vaniliakola-afonya-malna-gorogdinnye-jeg-cseresznye-bogyo\\\/#breadcrumb\",\"itemListElement\":[{\"@type\":\"ListItem\",\"position\":1,\"name\":\"\u9996\u9875\",\"item\":\"https:\\\/\\\/shop.fizzyvape.com\\\/hu\\\/\"},{\"@type\":\"ListItem\",\"position\":2,\"name\":\"Shop\",\"item\":\"https:\\\/\\\/shop.fizzyvape.com\\\/shop\\\/\"},{\"@type\":\"ListItem\",\"position\":3,\"name\":\"150K Puffs &#8211; Eper van\u00edliak\u00f3la &amp; \u00e1fonya m\u00e1lna &amp; g\u00f6r\u00f6gdinnye j\u00e9g &amp; cseresznye bogy\u00f3\"}]},{\"@type\":\"WebSite\",\"@id\":\"https:\\\/\\\/shop.fizzyvape.com\\\/hu\\\/#website\",\"url\":\"https:\\\/\\\/shop.fizzyvape.com\\\/hu\\\/\",\"name\":\"shop.fizzyvape.com\",\"description\":\"The Best Disposable Vape In Europe | 10000 - 60000 Puffs  | Free Shipping\",\"potentialAction\":[{\"@type\":\"SearchAction\",\"target\":{\"@type\":\"EntryPoint\",\"urlTemplate\":\"https:\\\/\\\/shop.fizzyvape.com\\\/hu\\\/?s={search_term_string}\"},\"query-input\":{\"@type\":\"PropertyValueSpecification\",\"valueRequired\":true,\"valueName\":\"search_term_string\"}}],\"inLanguage\":\"hu\"}]}<\/script>\n<!-- \/ Yoast SEO Premium plugin. -->","yoast_head_json":{"title":"Fizzy 150K Puffs | Strawberry Vanilla Coke & Cherry Berry Edition","description":"Pr\u00f3b\u00e1lja ki az egyed\u00fcl\u00e1ll\u00f3 epres-van\u00edli\u00e1s k\u00f3l\u00e1t Fizzy 150K Puffs-szal. 150 000 puffan\u00e1s, 15 az 1-ben \u00edztechnika \u00e9s intelligens LED kijelz\u0151. V\u00e1s\u00e1rolja meg most a hivatalos Berry & Cola mixet!","robots":{"index":"index","follow":"follow","max-snippet":"max-snippet:-1","max-image-preview":"max-image-preview:large","max-video-preview":"max-video-preview:-1"},"canonical":"https:\/\/shop.fizzyvape.com\/hu\/termek\/150k-puffs-eper-vaniliakola-afonya-malna-gorogdinnye-jeg-cseresznye-bogyo\/","og_locale":"hu_HU","og_type":"article","og_title":"150K Puffs - Eper van\u00edliak\u00f3la &amp; \u00e1fonya m\u00e1lna &amp; g\u00f6r\u00f6gdinnye j\u00e9g &amp; cseresznye bogy\u00f3","og_description":"Pr\u00f3b\u00e1lja ki az egyed\u00fcl\u00e1ll\u00f3 epres-van\u00edli\u00e1s k\u00f3l\u00e1t Fizzy 150K Puffs-szal. 150 000 puffan\u00e1s, 15 az 1-ben \u00edztechnika \u00e9s intelligens LED kijelz\u0151. V\u00e1s\u00e1rolja meg most a hivatalos Berry & Cola mixet!","og_url":"https:\/\/shop.fizzyvape.com\/hu\/termek\/150k-puffs-eper-vaniliakola-afonya-malna-gorogdinnye-jeg-cseresznye-bogyo\/","og_site_name":"shop.fizzyvape.com","og_image":[{"width":800,"height":800,"url":"https:\/\/shop.fizzyvape.com\/wp-content\/uploads\/2025\/12\/Fizzy-150K-Puffs-15-in-1-Smart-Multi-Flavor-Rechargeable-Disposable-Vape-11.jpg","type":"image\/jpeg"}],"twitter_card":"summary_large_image","twitter_misc":{"Becs\u00fclt olvas\u00e1si id\u0151":"5 perc"},"schema":{"@context":"https:\/\/schema.org","@graph":[{"@type":"WebPage","@id":"https:\/\/shop.fizzyvape.com\/hu\/termek\/150k-puffs-eper-vaniliakola-afonya-malna-gorogdinnye-jeg-cseresznye-bogyo\/","url":"https:\/\/shop.fizzyvape.com\/hu\/termek\/150k-puffs-eper-vaniliakola-afonya-malna-gorogdinnye-jeg-cseresznye-bogyo\/","name":"Fizzy 150K Puffs | Strawberry Vanilla Coke & Cherry Berry Edition","isPartOf":{"@id":"https:\/\/shop.fizzyvape.com\/hu\/#website"},"primaryImageOfPage":{"@id":"https:\/\/shop.fizzyvape.com\/hu\/termek\/150k-puffs-eper-vaniliakola-afonya-malna-gorogdinnye-jeg-cseresznye-bogyo\/#primaryimage"},"image":{"@id":"https:\/\/shop.fizzyvape.com\/hu\/termek\/150k-puffs-eper-vaniliakola-afonya-malna-gorogdinnye-jeg-cseresznye-bogyo\/#primaryimage"},"thumbnailUrl":"https:\/\/shop.fizzyvape.com\/wp-content\/uploads\/2025\/12\/Fizzy-150K-Puffs-15-in-1-Smart-Multi-Flavor-Rechargeable-Disposable-Vape-11.jpg","datePublished":"2026-01-12T09:54:42+00:00","description":"Pr\u00f3b\u00e1lja ki az egyed\u00fcl\u00e1ll\u00f3 epres-van\u00edli\u00e1s k\u00f3l\u00e1t Fizzy 150K Puffs-szal. 150 000 puffan\u00e1s, 15 az 1-ben \u00edztechnika \u00e9s intelligens LED kijelz\u0151. V\u00e1s\u00e1rolja meg most a hivatalos Berry & Cola mixet!","breadcrumb":{"@id":"https:\/\/shop.fizzyvape.com\/hu\/termek\/150k-puffs-eper-vaniliakola-afonya-malna-gorogdinnye-jeg-cseresznye-bogyo\/#breadcrumb"},"inLanguage":"hu","potentialAction":[{"@type":"ReadAction","target":["https:\/\/shop.fizzyvape.com\/hu\/termek\/150k-puffs-eper-vaniliakola-afonya-malna-gorogdinnye-jeg-cseresznye-bogyo\/"]}]},{"@type":"ImageObject","inLanguage":"hu","@id":"https:\/\/shop.fizzyvape.com\/hu\/termek\/150k-puffs-eper-vaniliakola-afonya-malna-gorogdinnye-jeg-cseresznye-bogyo\/#primaryimage","url":"https:\/\/shop.fizzyvape.com\/wp-content\/uploads\/2025\/12\/Fizzy-150K-Puffs-15-in-1-Smart-Multi-Flavor-Rechargeable-Disposable-Vape-11.jpg","contentUrl":"https:\/\/shop.fizzyvape.com\/wp-content\/uploads\/2025\/12\/Fizzy-150K-Puffs-15-in-1-Smart-Multi-Flavor-Rechargeable-Disposable-Vape-11.jpg","width":800,"height":800,"caption":"Fizzy 150K Puffs - 15-in-1 Smart Multi-Flavor \u00fajrat\u00f6lthet\u0151 eldobhat\u00f3 Vape 11"},{"@type":"BreadcrumbList","@id":"https:\/\/shop.fizzyvape.com\/hu\/termek\/150k-puffs-eper-vaniliakola-afonya-malna-gorogdinnye-jeg-cseresznye-bogyo\/#breadcrumb","itemListElement":[{"@type":"ListItem","position":1,"name":"\u9996\u9875","item":"https:\/\/shop.fizzyvape.com\/hu\/"},{"@type":"ListItem","position":2,"name":"Shop","item":"https:\/\/shop.fizzyvape.com\/shop\/"},{"@type":"ListItem","position":3,"name":"150K Puffs &#8211; Eper van\u00edliak\u00f3la &amp; \u00e1fonya m\u00e1lna &amp; g\u00f6r\u00f6gdinnye j\u00e9g &amp; cseresznye bogy\u00f3"}]},{"@type":"WebSite","@id":"https:\/\/shop.fizzyvape.com\/hu\/#website","url":"https:\/\/shop.fizzyvape.com\/hu\/","name":"shop.fizzyvape.com","description":"The Best Disposable Vape In Europe | 10000 - 60000 Puffs  | Free Shipping","potentialAction":[{"@type":"SearchAction","target":{"@type":"EntryPoint","urlTemplate":"https:\/\/shop.fizzyvape.com\/hu\/?s={search_term_string}"},"query-input":{"@type":"PropertyValueSpecification","valueRequired":true,"valueName":"search_term_string"}}],"inLanguage":"hu"}]}},"tiered_pricing_type":"fixed","tiered_pricing_fixed_rules":[],"tiered_pricing_product_settings":{"layout":"default","base_unit_name":{"singular":null,"plural":null},"default_variation":null},"tiered_pricing_minimum_quantity":null,"tiered_pricing_roles_data":[],"tiered_pricing_percentage_rules":[],"tiered_pricing_maximum_quantity":null,"tiered_pricing_quantity_step":null,"_links":{"self":[{"href":"https:\/\/shop.fizzyvape.com\/hu\/wp-json\/wp\/v2\/product\/29212","targetHints":{"allow":["GET"]}}],"collection":[{"href":"https:\/\/shop.fizzyvape.com\/hu\/wp-json\/wp\/v2\/product"}],"about":[{"href":"https:\/\/shop.fizzyvape.com\/hu\/wp-json\/wp\/v2\/types\/product"}],"replies":[{"embeddable":true,"href":"https:\/\/shop.fizzyvape.com\/hu\/wp-json\/wp\/v2\/comments?post=29212"}],"version-history":[{"count":0,"href":"https:\/\/shop.fizzyvape.com\/hu\/wp-json\/wp\/v2\/product\/29212\/revisions"}],"wp:featuredmedia":[{"embeddable":true,"href":"https:\/\/shop.fizzyvape.com\/hu\/wp-json\/wp\/v2\/media\/28679"}],"wp:attachment":[{"href":"https:\/\/shop.fizzyvape.com\/hu\/wp-json\/wp\/v2\/media?parent=29212"}],"wp:term":[{"taxonomy":"product_brand","embeddable":true,"href":"https:\/\/shop.fizzyvape.com\/hu\/wp-json\/wp\/v2\/product_brand?post=29212"},{"taxonomy":"product_cat","embeddable":true,"href":"https:\/\/shop.fizzyvape.com\/hu\/wp-json\/wp\/v2\/product_cat?post=29212"},{"taxonomy":"product_tag","embeddable":true,"href":"https:\/\/shop.fizzyvape.com\/hu\/wp-json\/wp\/v2\/product_tag?post=29212"}],"curies":[{"name":"wp","href":"https:\/\/api.w.org\/{rel}","templated":true}]}}