{"id":29218,"date":"2026-01-12T10:01:41","date_gmt":"2026-01-12T10:01:41","guid":{"rendered":"https:\/\/shop.fizzyvape.com\/product\/150k-puffs-afonya-ice-eper-gorogdinnye-mojito-kiwi-maracuja-gyumolcs-guava\/"},"modified":"2026-01-12T10:01:41","modified_gmt":"2026-01-12T10:01:41","slug":"150k-puffs-afonya-ice-eper-gorogdinnye-mojito-kiwi-maracuja-gyumolcs-guava","status":"publish","type":"product","link":"https:\/\/shop.fizzyvape.com\/hu\/product\/150k-puffs-afonya-ice-eper-gorogdinnye-mojito-kiwi-maracuja-gyumolcs-guava\/","title":{"rendered":"150K Puffs &#8211; \u00c1fonya Ice &amp; Eper g\u00f6r\u00f6gdinnye &amp; Mojito &amp; Kiwi maracuja gy\u00fcm\u00f6lcs Guava"},"content":{"rendered":"<p><img decoding=\"async\" class=\"size-full wp-image-28681 aligncenter\" src=\"https:\/\/shop.fizzyvape.com\/wp-content\/uploads\/2025\/12\/Fizzy-150K-Puffs-15-in-1-Smart-Multi-Flavor-Rechargeable-Disposable-Vape-12.jpg\" alt=\"Fizzy 150K Puffs - 15 az 1-ben Smart Multi-Flavor \u00fajrat\u00f6lthet\u0151 eldobhat\u00f3 Vape 12\" width=\"800\" height=\"800\" srcset=\"https:\/\/shop.fizzyvape.com\/wp-content\/uploads\/2025\/12\/Fizzy-150K-Puffs-15-in-1-Smart-Multi-Flavor-Rechargeable-Disposable-Vape-12.jpg 800w, https:\/\/shop.fizzyvape.com\/wp-content\/uploads\/2025\/12\/Fizzy-150K-Puffs-15-in-1-Smart-Multi-Flavor-Rechargeable-Disposable-Vape-12-300x300.jpg 300w, https:\/\/shop.fizzyvape.com\/wp-content\/uploads\/2025\/12\/Fizzy-150K-Puffs-15-in-1-Smart-Multi-Flavor-Rechargeable-Disposable-Vape-12-150x150.jpg 150w, https:\/\/shop.fizzyvape.com\/wp-content\/uploads\/2025\/12\/Fizzy-150K-Puffs-15-in-1-Smart-Multi-Flavor-Rechargeable-Disposable-Vape-12-768x768.jpg 768w, https:\/\/shop.fizzyvape.com\/wp-content\/uploads\/2025\/12\/Fizzy-150K-Puffs-15-in-1-Smart-Multi-Flavor-Rechargeable-Disposable-Vape-12-100x100.jpg 100w, https:\/\/shop.fizzyvape.com\/wp-content\/uploads\/2025\/12\/Fizzy-150K-Puffs-15-in-1-Smart-Multi-Flavor-Rechargeable-Disposable-Vape-12-200x200.jpg 200w, https:\/\/shop.fizzyvape.com\/wp-content\/uploads\/2025\/12\/Fizzy-150K-Puffs-15-in-1-Smart-Multi-Flavor-Rechargeable-Disposable-Vape-12-400x400.jpg 400w, https:\/\/shop.fizzyvape.com\/wp-content\/uploads\/2025\/12\/Fizzy-150K-Puffs-15-in-1-Smart-Multi-Flavor-Rechargeable-Disposable-Vape-12-500x500.jpg 500w, https:\/\/shop.fizzyvape.com\/wp-content\/uploads\/2025\/12\/Fizzy-150K-Puffs-15-in-1-Smart-Multi-Flavor-Rechargeable-Disposable-Vape-12-430x430.jpg 430w, https:\/\/shop.fizzyvape.com\/wp-content\/uploads\/2025\/12\/Fizzy-150K-Puffs-15-in-1-Smart-Multi-Flavor-Rechargeable-Disposable-Vape-12-700x700.jpg 700w\" sizes=\"(max-width: 800px) 100vw, 800px\" \/><\/p>\n<h1>Fizzy 150K Puffs: Mojito &amp; Kiwi Maracuja Guava<\/h1>\n<p><b>150,000 puff | 4 f\u00fcggetlen pod | 15-in-1 \u00edzv\u00e1lt\u00e1s | HD LED monitoroz\u00e1s<\/b><\/p>\n<p>Friss\u00edtse fel lelk\u00e9t a <b>Fizzy 150K Puffs (Cocktail &amp; Tropical Edition)<\/b>. Ez a kollekci\u00f3 az egyens\u00faly mesterkurzusa, amely a klasszikus Mojito h\u0171s\u00edt\u0151, gy\u00f3gyn\u00f6v\u00e9nyes jegyeit a vil\u00e1g legn\u00e9pszer\u0171bb tr\u00f3pusi gy\u00fcm\u00f6lcskombin\u00e1ci\u00f3inak s\u0171r\u0171, t\u00f6bbr\u00e9teg\u0171 \u00e9dess\u00e9g\u00e9vel \u00f6tv\u00f6zi. A <b>80 ml pr\u00e9mium e-folyad\u00e9kkal<\/b> \u00e9s egy robusztus <b>1000mAh-s akkumul\u00e1torral<\/b> ez a k\u00e9sz\u00fcl\u00e9k azoknak k\u00e9sz\u00fclt, akik minden slukkban kifinomults\u00e1got \u00e9s v\u00e1ltozatoss\u00e1got ig\u00e9nyelnek.  <\/p>\n<h2>\ud83d\ude80 M\u0171szaki specifik\u00e1ci\u00f3k<\/h2>\n<table>\n<thead>\n<tr>\n<td><strong>Jellemz\u0151<\/strong><\/td>\n<td><strong>Professzion\u00e1lis min\u0151s\u00e9g\u0171 specifik\u00e1ci\u00f3k<\/strong><\/td>\n<\/tr>\n<\/thead>\n<tbody>\n<tr>\n<td><b>Teljes puffan\u00e1s<\/b><\/td>\n<td>150,000+ Puffok<\/td>\n<\/tr>\n<tr>\n<td><b>Tekercs t\u00edpusa<\/b><\/td>\n<td>Quad-Mesh technol\u00f3gia (4 x 1.0\u03a9 h\u00e1l\u00f3s tekercs)<\/td>\n<\/tr>\n<tr>\n<td><b>E-folyad\u00e9k kapacit\u00e1s<\/b><\/td>\n<td>80mL \u00f6sszesen (20mL egyenk\u00e9nt)<\/td>\n<\/tr>\n<tr>\n<td><b>Akkumul\u00e1tor<\/b><\/td>\n<td>1000mAh tiszta kobalt (\u00fajrat\u00f6lthet\u0151)<\/td>\n<\/tr>\n<tr>\n<td><b>T\u00f6lt\u00e9s<\/b><\/td>\n<td>C-t\u00edpus\u00fa gyorst\u00f6lt\u00e9s<\/td>\n<\/tr>\n<tr>\n<td><b>Megjelen\u00edt\u00e9s<\/b><\/td>\n<td>Intelligens LED (egy\u00e9ni gy\u00fcm\u00f6lcsl\u00e9 \u00e9s akkumul\u00e1tor-k\u00f6vet\u00e9s)<\/td>\n<\/tr>\n<tr>\n<td><b>\u00cdzes\u00edt\u0151 rendszer<\/b><\/td>\n<td><b>15 az 1-ben intelligens kapcsol\u00e1si technol\u00f3gia<\/b><\/td>\n<\/tr>\n<\/tbody>\n<\/table>\n<h2>\ud83e\uddea A 15 az 1-ben \u00edzm\u00e1trix<\/h2>\n<p><i>Nyisson fel 15 k\u00fcl\u00f6nb\u00f6z\u0151 \u00edzprofilt a 4 f\u00fcggetlen 20 ml-es podunk k\u00f6z\u00f6tti v\u00e1lt\u00e1ssal:<\/i><\/p>\n<ul>\n<li><b>A 4 sz\u00f3l\u00f3 mester:<\/b> <b>Mojito<\/b>, vagy <b>Kiwi Passion Fruit Guava<\/b>.<\/li>\n<li><b>A 6 kett\u0151s kever\u00e9k:<\/b> <i>Mojito + Blueberry Ice<\/i> (Blueberry Mojito) vagy <i>Strawberry Watermelon + Kiwi Guava<\/i>.<\/li>\n<li><b>A 4 h\u00e1rmas f\u00fazi\u00f3:<\/b> Komplex, r\u00e9tegzett profilok az igaz\u00e1n egzotikus \u00e9lm\u00e9ny\u00e9rt.<\/li>\n<li><b>A v\u00e9gs\u0151 Quad-Mix:<\/b> Mind a n\u00e9gy kapszula bekapcsolva a v\u00e9gs\u0151 &#8220;tr\u00f3pusi kokt\u00e9l&#8221; robban\u00e1shoz.<\/li>\n<\/ul>\n<h2>\ud83c\udf79 Az \u00edzek sora: 4-f\u00e9le friss\u00edt\u0151 mix<\/h2>\n<ul>\n<li>Pod A: Az \u00e9des vad \u00e1fonya er\u0151teljes sarkvid\u00e9ki hideggel fejez\u0151dik be. Egyszer\u0171, tiszta \u00e9s hihetetlen\u00fcl kiel\u00e9g\u00edt\u0151. <\/li>\n<li>Pod B: Eper g\u00f6r\u00f6gdinnyeAz ipar\u00e1g kedvenc du\u00f3ja. A napon \u00e9rlelt eper tal\u00e1lkozik a friss g\u00f6r\u00f6gdinnye ropog\u00f3s, hidrat\u00e1l\u00f3 esszenci\u00e1j\u00e1val, \u00e9s \u00edgy eg\u00e9sz napos, l\u00e1gy \u00e9dess\u00e9get biztos\u00edt. <\/li>\n<li>Pod C: MojitoEgy kifinomult kokt\u00e9lklasszikus. Friss kerti ment\u00e1val \u00e9s egy csipetnyi \u00e9dess\u00e9ggel \u00e1titatott pik\u00e1ns lime alap, amely pezsg\u0151 \u00e9s felemel\u0151 kif\u00faj\u00e1st biztos\u00edt. <\/li>\n<li>Pod D: A legend\u00e1s &#8220;KPG&#8221; mix. A fanyar kiwi, az egzotikus maracuja \u00e9s az arom\u00e1s guava \u00f6sszetett, l\u00e9leksimogat\u00f3 tr\u00f3pusi szimf\u00f3ni\u00e1t alkot. <\/li>\n<\/ul>\n<p><img decoding=\"async\" class=\"wp-image-28634 size-full\" src=\"https:\/\/shop.fizzyvape.com\/wp-content\/uploads\/2025\/12\/Fizzy-15-in-1-150K-Puffs-Rechargeable-Disposable-Vape-Flavors-List-scaled.jpg\" alt=\"Fizzy 15-in-1 150K Puffs \u00fajrat\u00f6lthet\u0151 eldobhat\u00f3 Vape Vape \u00edzek list\u00e1ja\" width=\"1663\" height=\"2560\" srcset=\"https:\/\/shop.fizzyvape.com\/wp-content\/uploads\/2025\/12\/Fizzy-15-in-1-150K-Puffs-Rechargeable-Disposable-Vape-Flavors-List-scaled.jpg 1663w, https:\/\/shop.fizzyvape.com\/wp-content\/uploads\/2025\/12\/Fizzy-15-in-1-150K-Puffs-Rechargeable-Disposable-Vape-Flavors-List-195x300.jpg 195w, https:\/\/shop.fizzyvape.com\/wp-content\/uploads\/2025\/12\/Fizzy-15-in-1-150K-Puffs-Rechargeable-Disposable-Vape-Flavors-List-520x800.jpg 520w, https:\/\/shop.fizzyvape.com\/wp-content\/uploads\/2025\/12\/Fizzy-15-in-1-150K-Puffs-Rechargeable-Disposable-Vape-Flavors-List-768x1182.jpg 768w, https:\/\/shop.fizzyvape.com\/wp-content\/uploads\/2025\/12\/Fizzy-15-in-1-150K-Puffs-Rechargeable-Disposable-Vape-Flavors-List-998x1536.jpg 998w, https:\/\/shop.fizzyvape.com\/wp-content\/uploads\/2025\/12\/Fizzy-15-in-1-150K-Puffs-Rechargeable-Disposable-Vape-Flavors-List-1330x2048.jpg 1330w, https:\/\/shop.fizzyvape.com\/wp-content\/uploads\/2025\/12\/Fizzy-15-in-1-150K-Puffs-Rechargeable-Disposable-Vape-Flavors-List-430x662.jpg 430w, https:\/\/shop.fizzyvape.com\/wp-content\/uploads\/2025\/12\/Fizzy-15-in-1-150K-Puffs-Rechargeable-Disposable-Vape-Flavors-List-700x1078.jpg 700w, https:\/\/shop.fizzyvape.com\/wp-content\/uploads\/2025\/12\/Fizzy-15-in-1-150K-Puffs-Rechargeable-Disposable-Vape-Flavors-List-150x231.jpg 150w\" sizes=\"(max-width: 1663px) 100vw, 1663px\" \/><\/p>\n<h2>Fizzy 15-in-1 150K Puffs \u00fajrat\u00f6lthet\u0151 <strong>eldobhat\u00f3 Vape \u00edzek list\u00e1ja:<\/strong><\/h2>\n<ol>\n<li><a href=\"\/product\/fizzy-150k-puffs\/watermelon-red-bull-ice-set\/\">G\u00f6r\u00f6gdinnye j\u00e9g &amp; Red Bull &amp; Eper m\u00e1lna &amp; H\u00e1romszoros dinnye j\u00e9g<\/a><\/li>\n<li><a href=\"\/product\/fizzy-150k-puffs\/strawberry-kiwi-guava-peach-set\/\">Eper Ice &amp; Kiwi Passion Fruit Guava &amp; Barack Mango G\u00f6r\u00f6gdinnye &amp; Grape Burst<\/a><\/li>\n<li><a href=\"\/product\/fizzy-150k-puffs\/red-bull-kiwi-pomegranate-ice-set\/\">Red Bull &amp; Strawberry Kiwi Gr\u00e1n\u00e1talma &amp; Blueberry Ice &amp; Anan\u00e1sz K\u00f3kuszdi\u00f3<\/a><\/li>\n<li><a href=\"\/product\/fizzy-150k-puffs\/strawberry-kiwi-watermelon-bubblegum-set\/\">Eper-kiwi &amp; vegyes bogy\u00f3s gy\u00fcm\u00f6lcs &amp; g\u00f6r\u00f6gdinnye Bubblegum &amp; l\u00e9d\u00fas barack<\/a><\/li>\n<li><a href=\"\/product\/fizzy-150k-puffs\/blueberry-raspberry-set\/\">\u00c1fonya m\u00e1lna &amp; eper j\u00e9g &amp; Blue Razz limon\u00e1d\u00e9 &amp; g\u00f6r\u00f6gdinnye gumimack\u00f3<\/a><\/li>\n<li><a href=\"\/product\/fizzy-150k-puffs\/strawberry-skittles-tropical-punch-set\/\">Tr\u00f3pusi gy\u00fcm\u00f6lcspuncs \u00e9s g\u00f6r\u00f6gdinnye M\u00e1lna \u00e9s \u00e1fonya K\u00f3kusz \u00e9s eper Skittles<\/a><\/li>\n<li><a href=\"\/product\/fizzy-150k-puffs\/love-66-strawberry-kiwi-berry-lemonade-set\/\">Szerelem 66 &amp; Eper Kiwi &amp; G\u00f6r\u00f6gdinnye \u00c1fonya &amp; M\u00e1lna Limon\u00e1d\u00e9<\/a><\/li>\n<li><a href=\"\/product\/fizzy-150k-puffs\/mixed-berry-fizzy-cola-tropical-set\/\">Vegyes bogy\u00f3s gy\u00fcm\u00f6lcs\u00f6k \u00e9s anan\u00e1sz Barack Maracuja \u00e9s Fizzy Cola \u00e9s eper M\u00e1lna<\/a><\/li>\n<li><a href=\"\/product\/fizzy-150k-puffs\/blue-razz-watermelon-cherry-passion-set\/\">Blue Razz Rapberry &amp; G\u00f6r\u00f6gdinnye Cherry Ice &amp; Eper Grape &amp;Passion Fruit Orange Peach<\/a><\/li>\n<li><a href=\"\/product\/fizzy-150k-puffs\/fizzy-cherry-strawberry-dragon-fruit-set\/\">Fizzy Cherry &amp; Strawberry S\u00e1rk\u00e1nygy\u00fcm\u00f6lcs &amp; Citrom Lime &amp; G\u00f6r\u00f6gdinnye Blueberry<\/a><\/li>\n<li><a href=\"\/product\/fizzy-150k-puffs\/strawberry-vanilla-coke-cherry-berry-set\/\">Eper van\u00edliak\u00f3la &amp; \u00e1fonya m\u00e1lna &amp; g\u00f6r\u00f6gdinnye j\u00e9g &amp; cseresznye bogy\u00f3<\/a><\/li>\n<li><a href=\"\/product\/fizzy-150k-puffs\/mojito-strawberry-watermelon-kiwi-guava-set\/\">Blueberry Ice &amp; Strawberry Watermelon &amp; Mojito &amp; Kiwi Passion Fruit Guava<\/a><\/li>\n<\/ol>\n<h2>\ud83d\udc8e Mi\u00e9rt v\u00e1lassza a Fizzy 150K Cocktail Editiont?<\/h2>\n<ol>\n<li>Massz\u00edv 150,000 Puff LongevityEgy k\u00e9sz\u00fcl\u00e9k, korl\u00e1tlan \u00e9lvezet. Ak\u00e1r 15 szabv\u00e1nyos eldobhat\u00f3 k\u00e9sz\u00fcl\u00e9ket is helyettes\u00edt, \u00edgy a piacon el\u00e9rhet\u0151 legk\u00f6lts\u00e9ghat\u00e9konyabb \u00e9s legk\u00f6rnyezetbar\u00e1tabb magas puffol\u00e1si \u00e9lm\u00e9nyt ny\u00fajtja. <\/li>\n<li>\u00cdzszigetel\u00e9s (Quad-Mesh technol\u00f3gia)N\u00e9gy f\u00fcggetlen 1.0\u03a9 Mesh tekerccsel felszerelve. A &#8220;Mojito&#8221; ment\u00e1s \u00e9s friss marad, \u00e9s soha nem keveredik az &#8220;Blueberry Ice&#8221;-val, kiv\u00e9ve, ha hibrid kever\u00e9k l\u00e9trehoz\u00e1sa mellett d\u00f6nt. <\/li>\n<li>Val\u00f3s idej\u0171 intelligens intelligenciaA be\u00e9p\u00edtett HD k\u00e9perny\u0151 nyomon k\u00f6veti az akkumul\u00e1tor % \u00e9s az A, B, C \u00e9s D podok egy\u00e9ni t\u00f6lt\u00f6tts\u00e9gi szintj\u00e9t k\u00fcl\u00f6n-k\u00fcl\u00f6n. Nincs t\u00f6bb tal\u00e1lgat\u00e1s, csak tiszta vaping-\u00e9lvezet. <\/li>\n<li>Hivatalos, k\u00f6zvetlen\u00fcl a gy\u00e1rb\u00f3l sz\u00e1rmaz\u00f3 min\u0151s\u00e9gA shop.fizzyvape.com 100%-ban hiteles hardvert, friss e-folyad\u00e9k t\u00e9teleket biztos\u00edt a cs\u00facs \u00edzhat\u00e1s \u00e9rdek\u00e9ben, valamint biztons\u00e1gos nemzetk\u00f6zi sz\u00e1ll\u00edt\u00e1st.<\/li>\n<\/ol>\n<h3>\u2753 Gyakran ism\u00e9telt k\u00e9rd\u00e9sek (GYIK)<\/h3>\n<p>K: A Mojito \u00edz tartalmaz alkoholt?<\/p>\n<p>V: Nem, ez egy 100%-ban alkoholmentes \u00edzprofil, amelyet \u00fagy terveztek, hogy a klasszikus kokt\u00e9lban tal\u00e1lhat\u00f3 lime \u00e9s menta friss\u00edt\u0151 \u00edz\u00e9t ut\u00e1nozza.<\/p>\n<p>K: A Kiwi Passion Fruit Guava nagyon savany\u00fa?<\/p>\n<p>V: A kiwi \u00e9s a maracuja kellemesen cs\u00edp\u0151s \u00edzt k\u00f6lcs\u00f6n\u00f6z neki, de ezt a guava term\u00e9szetes \u00e9dess\u00e9ge sz\u00e9pen kiegyens\u00falyozza, \u00edgy nagyon finom.<\/p>\n<p>K: L\u00e1thatom, hogy melyik pod jelenleg akt\u00edv?<\/p>\n<p>A: Igen! Az intelligens LED-kijelz\u0151 vil\u00e1gosan kiemeli, hogy a 4 pod k\u00f6z\u00fcl melyiket haszn\u00e1lja \u00e9ppen, valamint a fennmarad\u00f3 t\u00f6lt\u00f6tts\u00e9gi szintet. <\/p>\n","protected":false},"excerpt":{"rendered":"[html_block id=\"28835\"]\n","protected":false},"featured_media":28682,"comment_status":"open","ping_status":"closed","template":"","meta":[],"product_brand":[],"product_cat":[319],"product_tag":[],"class_list":{"0":"post-29218","1":"product","2":"type-product","3":"status-publish","4":"has-post-thumbnail","6":"product_cat-fizzy-150k-150000-fujas-15-az-1-ben-eldobhato-ujratoltheto-vape","8":"first","9":"outofstock","10":"shipping-taxable","11":"purchasable","12":"product-type-variable"},"yoast_head":"<!-- This site is optimized with the Yoast SEO Premium plugin v24.8 (Yoast SEO v27.4) - https:\/\/yoast.com\/product\/yoast-seo-premium-wordpress\/ -->\n<title>Shop Fizzy 150K Puffs | Mojito &amp; Kiwi Passion Fruit Guava Edition<\/title>\n<meta name=\"description\" content=\"Tapasztalja meg a friss\u00edt\u0151 Mojito \u00e9s az egzotikus Kiwi Passion Fruit Guava Fizzy 150K Puffokkal. 150 000 puffan\u00e1s, 15 az 1-ben \u00edzv\u00e1lt\u00e1s \u00e9s intelligens LED kijelz\u0151. Rendeljen most hivatalosan!\" \/>\n<meta name=\"robots\" content=\"index, follow, max-snippet:-1, max-image-preview:large, max-video-preview:-1\" \/>\n<link rel=\"canonical\" href=\"https:\/\/shop.fizzyvape.com\/hu\/product\/150k-puffs-afonya-ice-eper-gorogdinnye-mojito-kiwi-maracuja-gyumolcs-guava\/\" \/>\n<meta property=\"og:locale\" content=\"hu_HU\" \/>\n<meta property=\"og:type\" content=\"article\" \/>\n<meta property=\"og:title\" content=\"150K Puffs - \u00c1fonya Ice &amp; Eper g\u00f6r\u00f6gdinnye &amp; Mojito &amp; Kiwi maracuja gy\u00fcm\u00f6lcs Guava\" \/>\n<meta property=\"og:description\" content=\"Tapasztalja meg a friss\u00edt\u0151 Mojito \u00e9s az egzotikus Kiwi Passion Fruit Guava Fizzy 150K Puffokkal. 150 000 puffan\u00e1s, 15 az 1-ben \u00edzv\u00e1lt\u00e1s \u00e9s intelligens LED kijelz\u0151. Rendeljen most hivatalosan!\" \/>\n<meta property=\"og:url\" content=\"https:\/\/shop.fizzyvape.com\/hu\/product\/150k-puffs-afonya-ice-eper-gorogdinnye-mojito-kiwi-maracuja-gyumolcs-guava\/\" \/>\n<meta property=\"og:site_name\" content=\"shop.fizzyvape.com\" \/>\n<meta property=\"og:image\" content=\"https:\/\/shop.fizzyvape.com\/wp-content\/uploads\/2025\/12\/Fizzy-150K-Puffs-15-in-1-Smart-Multi-Flavor-Rechargeable-Disposable-Vape-12.jpg\" \/>\n\t<meta property=\"og:image:width\" content=\"800\" \/>\n\t<meta property=\"og:image:height\" content=\"800\" \/>\n\t<meta property=\"og:image:type\" content=\"image\/jpeg\" \/>\n<meta name=\"twitter:card\" content=\"summary_large_image\" \/>\n<meta name=\"twitter:label1\" content=\"Becs\u00fclt olvas\u00e1si id\u0151\" \/>\n\t<meta name=\"twitter:data1\" content=\"4 perc\" \/>\n<script type=\"application\/ld+json\" class=\"yoast-schema-graph\">{\"@context\":\"https:\\\/\\\/schema.org\",\"@graph\":[{\"@type\":\"WebPage\",\"@id\":\"https:\\\/\\\/shop.fizzyvape.com\\\/hu\\\/product\\\/150k-puffs-afonya-ice-eper-gorogdinnye-mojito-kiwi-maracuja-gyumolcs-guava\\\/\",\"url\":\"https:\\\/\\\/shop.fizzyvape.com\\\/hu\\\/product\\\/150k-puffs-afonya-ice-eper-gorogdinnye-mojito-kiwi-maracuja-gyumolcs-guava\\\/\",\"name\":\"Shop Fizzy 150K Puffs | Mojito & Kiwi Passion Fruit Guava Edition\",\"isPartOf\":{\"@id\":\"https:\\\/\\\/shop.fizzyvape.com\\\/hu\\\/#website\"},\"primaryImageOfPage\":{\"@id\":\"https:\\\/\\\/shop.fizzyvape.com\\\/hu\\\/product\\\/150k-puffs-afonya-ice-eper-gorogdinnye-mojito-kiwi-maracuja-gyumolcs-guava\\\/#primaryimage\"},\"image\":{\"@id\":\"https:\\\/\\\/shop.fizzyvape.com\\\/hu\\\/product\\\/150k-puffs-afonya-ice-eper-gorogdinnye-mojito-kiwi-maracuja-gyumolcs-guava\\\/#primaryimage\"},\"thumbnailUrl\":\"https:\\\/\\\/shop.fizzyvape.com\\\/wp-content\\\/uploads\\\/2025\\\/12\\\/Fizzy-150K-Puffs-15-in-1-Smart-Multi-Flavor-Rechargeable-Disposable-Vape-12.jpg\",\"datePublished\":\"2026-01-12T10:01:41+00:00\",\"description\":\"Tapasztalja meg a friss\u00edt\u0151 Mojito \u00e9s az egzotikus Kiwi Passion Fruit Guava Fizzy 150K Puffokkal. 150 000 puffan\u00e1s, 15 az 1-ben \u00edzv\u00e1lt\u00e1s \u00e9s intelligens LED kijelz\u0151. Rendeljen most hivatalosan!\",\"breadcrumb\":{\"@id\":\"https:\\\/\\\/shop.fizzyvape.com\\\/hu\\\/product\\\/150k-puffs-afonya-ice-eper-gorogdinnye-mojito-kiwi-maracuja-gyumolcs-guava\\\/#breadcrumb\"},\"inLanguage\":\"hu\",\"potentialAction\":[{\"@type\":\"ReadAction\",\"target\":[\"https:\\\/\\\/shop.fizzyvape.com\\\/hu\\\/product\\\/150k-puffs-afonya-ice-eper-gorogdinnye-mojito-kiwi-maracuja-gyumolcs-guava\\\/\"]}]},{\"@type\":\"ImageObject\",\"inLanguage\":\"hu\",\"@id\":\"https:\\\/\\\/shop.fizzyvape.com\\\/hu\\\/product\\\/150k-puffs-afonya-ice-eper-gorogdinnye-mojito-kiwi-maracuja-gyumolcs-guava\\\/#primaryimage\",\"url\":\"https:\\\/\\\/shop.fizzyvape.com\\\/wp-content\\\/uploads\\\/2025\\\/12\\\/Fizzy-150K-Puffs-15-in-1-Smart-Multi-Flavor-Rechargeable-Disposable-Vape-12.jpg\",\"contentUrl\":\"https:\\\/\\\/shop.fizzyvape.com\\\/wp-content\\\/uploads\\\/2025\\\/12\\\/Fizzy-150K-Puffs-15-in-1-Smart-Multi-Flavor-Rechargeable-Disposable-Vape-12.jpg\",\"width\":800,\"height\":800,\"caption\":\"Fizzy 150K Puffs - 15 az 1-ben Smart Multi-Flavor \u00fajrat\u00f6lthet\u0151 eldobhat\u00f3 Vape 12\"},{\"@type\":\"BreadcrumbList\",\"@id\":\"https:\\\/\\\/shop.fizzyvape.com\\\/hu\\\/product\\\/150k-puffs-afonya-ice-eper-gorogdinnye-mojito-kiwi-maracuja-gyumolcs-guava\\\/#breadcrumb\",\"itemListElement\":[{\"@type\":\"ListItem\",\"position\":1,\"name\":\"\u9996\u9875\",\"item\":\"https:\\\/\\\/shop.fizzyvape.com\\\/hu\\\/\"},{\"@type\":\"ListItem\",\"position\":2,\"name\":\"Shop\",\"item\":\"https:\\\/\\\/shop.fizzyvape.com\\\/shop\\\/\"},{\"@type\":\"ListItem\",\"position\":3,\"name\":\"150K Puffs &#8211; \u00c1fonya Ice &amp; Eper g\u00f6r\u00f6gdinnye &amp; Mojito &amp; Kiwi maracuja gy\u00fcm\u00f6lcs Guava\"}]},{\"@type\":\"WebSite\",\"@id\":\"https:\\\/\\\/shop.fizzyvape.com\\\/hu\\\/#website\",\"url\":\"https:\\\/\\\/shop.fizzyvape.com\\\/hu\\\/\",\"name\":\"shop.fizzyvape.com\",\"description\":\"The Best Disposable Vape In Europe | 10000 - 60000 Puffs  | Free Shipping\",\"potentialAction\":[{\"@type\":\"SearchAction\",\"target\":{\"@type\":\"EntryPoint\",\"urlTemplate\":\"https:\\\/\\\/shop.fizzyvape.com\\\/hu\\\/?s={search_term_string}\"},\"query-input\":{\"@type\":\"PropertyValueSpecification\",\"valueRequired\":true,\"valueName\":\"search_term_string\"}}],\"inLanguage\":\"hu\"}]}<\/script>\n<!-- \/ Yoast SEO Premium plugin. -->","yoast_head_json":{"title":"Shop Fizzy 150K Puffs | Mojito & Kiwi Passion Fruit Guava Edition","description":"Tapasztalja meg a friss\u00edt\u0151 Mojito \u00e9s az egzotikus Kiwi Passion Fruit Guava Fizzy 150K Puffokkal. 150 000 puffan\u00e1s, 15 az 1-ben \u00edzv\u00e1lt\u00e1s \u00e9s intelligens LED kijelz\u0151. Rendeljen most hivatalosan!","robots":{"index":"index","follow":"follow","max-snippet":"max-snippet:-1","max-image-preview":"max-image-preview:large","max-video-preview":"max-video-preview:-1"},"canonical":"https:\/\/shop.fizzyvape.com\/hu\/product\/150k-puffs-afonya-ice-eper-gorogdinnye-mojito-kiwi-maracuja-gyumolcs-guava\/","og_locale":"hu_HU","og_type":"article","og_title":"150K Puffs - \u00c1fonya Ice &amp; Eper g\u00f6r\u00f6gdinnye &amp; Mojito &amp; Kiwi maracuja gy\u00fcm\u00f6lcs Guava","og_description":"Tapasztalja meg a friss\u00edt\u0151 Mojito \u00e9s az egzotikus Kiwi Passion Fruit Guava Fizzy 150K Puffokkal. 150 000 puffan\u00e1s, 15 az 1-ben \u00edzv\u00e1lt\u00e1s \u00e9s intelligens LED kijelz\u0151. Rendeljen most hivatalosan!","og_url":"https:\/\/shop.fizzyvape.com\/hu\/product\/150k-puffs-afonya-ice-eper-gorogdinnye-mojito-kiwi-maracuja-gyumolcs-guava\/","og_site_name":"shop.fizzyvape.com","og_image":[{"width":800,"height":800,"url":"https:\/\/shop.fizzyvape.com\/wp-content\/uploads\/2025\/12\/Fizzy-150K-Puffs-15-in-1-Smart-Multi-Flavor-Rechargeable-Disposable-Vape-12.jpg","type":"image\/jpeg"}],"twitter_card":"summary_large_image","twitter_misc":{"Becs\u00fclt olvas\u00e1si id\u0151":"4 perc"},"schema":{"@context":"https:\/\/schema.org","@graph":[{"@type":"WebPage","@id":"https:\/\/shop.fizzyvape.com\/hu\/product\/150k-puffs-afonya-ice-eper-gorogdinnye-mojito-kiwi-maracuja-gyumolcs-guava\/","url":"https:\/\/shop.fizzyvape.com\/hu\/product\/150k-puffs-afonya-ice-eper-gorogdinnye-mojito-kiwi-maracuja-gyumolcs-guava\/","name":"Shop Fizzy 150K Puffs | Mojito & Kiwi Passion Fruit Guava Edition","isPartOf":{"@id":"https:\/\/shop.fizzyvape.com\/hu\/#website"},"primaryImageOfPage":{"@id":"https:\/\/shop.fizzyvape.com\/hu\/product\/150k-puffs-afonya-ice-eper-gorogdinnye-mojito-kiwi-maracuja-gyumolcs-guava\/#primaryimage"},"image":{"@id":"https:\/\/shop.fizzyvape.com\/hu\/product\/150k-puffs-afonya-ice-eper-gorogdinnye-mojito-kiwi-maracuja-gyumolcs-guava\/#primaryimage"},"thumbnailUrl":"https:\/\/shop.fizzyvape.com\/wp-content\/uploads\/2025\/12\/Fizzy-150K-Puffs-15-in-1-Smart-Multi-Flavor-Rechargeable-Disposable-Vape-12.jpg","datePublished":"2026-01-12T10:01:41+00:00","description":"Tapasztalja meg a friss\u00edt\u0151 Mojito \u00e9s az egzotikus Kiwi Passion Fruit Guava Fizzy 150K Puffokkal. 150 000 puffan\u00e1s, 15 az 1-ben \u00edzv\u00e1lt\u00e1s \u00e9s intelligens LED kijelz\u0151. Rendeljen most hivatalosan!","breadcrumb":{"@id":"https:\/\/shop.fizzyvape.com\/hu\/product\/150k-puffs-afonya-ice-eper-gorogdinnye-mojito-kiwi-maracuja-gyumolcs-guava\/#breadcrumb"},"inLanguage":"hu","potentialAction":[{"@type":"ReadAction","target":["https:\/\/shop.fizzyvape.com\/hu\/product\/150k-puffs-afonya-ice-eper-gorogdinnye-mojito-kiwi-maracuja-gyumolcs-guava\/"]}]},{"@type":"ImageObject","inLanguage":"hu","@id":"https:\/\/shop.fizzyvape.com\/hu\/product\/150k-puffs-afonya-ice-eper-gorogdinnye-mojito-kiwi-maracuja-gyumolcs-guava\/#primaryimage","url":"https:\/\/shop.fizzyvape.com\/wp-content\/uploads\/2025\/12\/Fizzy-150K-Puffs-15-in-1-Smart-Multi-Flavor-Rechargeable-Disposable-Vape-12.jpg","contentUrl":"https:\/\/shop.fizzyvape.com\/wp-content\/uploads\/2025\/12\/Fizzy-150K-Puffs-15-in-1-Smart-Multi-Flavor-Rechargeable-Disposable-Vape-12.jpg","width":800,"height":800,"caption":"Fizzy 150K Puffs - 15 az 1-ben Smart Multi-Flavor \u00fajrat\u00f6lthet\u0151 eldobhat\u00f3 Vape 12"},{"@type":"BreadcrumbList","@id":"https:\/\/shop.fizzyvape.com\/hu\/product\/150k-puffs-afonya-ice-eper-gorogdinnye-mojito-kiwi-maracuja-gyumolcs-guava\/#breadcrumb","itemListElement":[{"@type":"ListItem","position":1,"name":"\u9996\u9875","item":"https:\/\/shop.fizzyvape.com\/hu\/"},{"@type":"ListItem","position":2,"name":"Shop","item":"https:\/\/shop.fizzyvape.com\/shop\/"},{"@type":"ListItem","position":3,"name":"150K Puffs &#8211; \u00c1fonya Ice &amp; Eper g\u00f6r\u00f6gdinnye &amp; Mojito &amp; Kiwi maracuja gy\u00fcm\u00f6lcs Guava"}]},{"@type":"WebSite","@id":"https:\/\/shop.fizzyvape.com\/hu\/#website","url":"https:\/\/shop.fizzyvape.com\/hu\/","name":"shop.fizzyvape.com","description":"The Best Disposable Vape In Europe | 10000 - 60000 Puffs  | Free Shipping","potentialAction":[{"@type":"SearchAction","target":{"@type":"EntryPoint","urlTemplate":"https:\/\/shop.fizzyvape.com\/hu\/?s={search_term_string}"},"query-input":{"@type":"PropertyValueSpecification","valueRequired":true,"valueName":"search_term_string"}}],"inLanguage":"hu"}]}},"tiered_pricing_type":"fixed","tiered_pricing_fixed_rules":[],"tiered_pricing_product_settings":{"layout":"default","base_unit_name":{"singular":null,"plural":null},"default_variation":null},"tiered_pricing_minimum_quantity":null,"tiered_pricing_roles_data":[],"tiered_pricing_percentage_rules":[],"tiered_pricing_maximum_quantity":null,"tiered_pricing_quantity_step":null,"_links":{"self":[{"href":"https:\/\/shop.fizzyvape.com\/hu\/wp-json\/wp\/v2\/product\/29218","targetHints":{"allow":["GET"]}}],"collection":[{"href":"https:\/\/shop.fizzyvape.com\/hu\/wp-json\/wp\/v2\/product"}],"about":[{"href":"https:\/\/shop.fizzyvape.com\/hu\/wp-json\/wp\/v2\/types\/product"}],"replies":[{"embeddable":true,"href":"https:\/\/shop.fizzyvape.com\/hu\/wp-json\/wp\/v2\/comments?post=29218"}],"version-history":[{"count":0,"href":"https:\/\/shop.fizzyvape.com\/hu\/wp-json\/wp\/v2\/product\/29218\/revisions"}],"wp:featuredmedia":[{"embeddable":true,"href":"https:\/\/shop.fizzyvape.com\/hu\/wp-json\/wp\/v2\/media\/28682"}],"wp:attachment":[{"href":"https:\/\/shop.fizzyvape.com\/hu\/wp-json\/wp\/v2\/media?parent=29218"}],"wp:term":[{"taxonomy":"product_brand","embeddable":true,"href":"https:\/\/shop.fizzyvape.com\/hu\/wp-json\/wp\/v2\/product_brand?post=29218"},{"taxonomy":"product_cat","embeddable":true,"href":"https:\/\/shop.fizzyvape.com\/hu\/wp-json\/wp\/v2\/product_cat?post=29218"},{"taxonomy":"product_tag","embeddable":true,"href":"https:\/\/shop.fizzyvape.com\/hu\/wp-json\/wp\/v2\/product_tag?post=29218"}],"curies":[{"name":"wp","href":"https:\/\/api.w.org\/{rel}","templated":true}]}}