{"id":29222,"date":"2026-01-13T08:28:08","date_gmt":"2026-01-13T08:28:08","guid":{"rendered":"https:\/\/shop.fizzyvape.com\/product\/150k-puffs-eldobhato-vape-nagykereskedelem\/"},"modified":"2026-01-13T08:28:08","modified_gmt":"2026-01-13T08:28:08","slug":"150k-puffs-eldobhato-vape-nagykereskedelem","status":"publish","type":"product","link":"https:\/\/shop.fizzyvape.com\/hu\/product\/150k-puffs-eldobhato-vape-nagykereskedelem\/","title":{"rendered":"150k Puffs eldobhat\u00f3 Vape nagykereskedelem"},"content":{"rendered":"<h2>\ud83d\udd25 Fizzy 15-in-1 150K Puffs \u00fajrat\u00f6lthet\u0151 eldobhat\u00f3 Vape &#8211; Nagykereskedelem<\/h2>\n<p>A <strong>Fizzy 15-in-1 150K Puffs \u00fajrat\u00f6lthet\u0151 eldobhat\u00f3 vape<\/strong> egy k\u00f6vetkez\u0151 gener\u00e1ci\u00f3s, nagy kapacit\u00e1s\u00fa eldobhat\u00f3 k\u00e9sz\u00fcl\u00e9k, amelyet kifejezetten a <strong>nagykereskedelmi v\u00e1s\u00e1rl\u00f3k, forgalmaz\u00f3k \u00e9s vape kiskeresked\u0151k<\/strong> sz\u00e1m\u00e1ra terveztek, akik maxim\u00e1lis teljes\u00edtm\u00e9nyt \u00e9s er\u0151s ism\u00e9tl\u0151d\u0151 elad\u00e1sokat keresnek.<\/p>\n<p>Az <strong>ak\u00e1r 150.000 puffan\u00e1ssal<\/strong> \u00e9s a <strong>15 az 1-ben multi \u00edz rendszerrel<\/strong> ez a modell kik\u00fcsz\u00f6b\u00f6li a t\u00f6bb egy \u00edz\u0171 SKU k\u00e9szletez\u00e9s\u00e9nek sz\u00fcks\u00e9gess\u00e9g\u00e9t, seg\u00edtve a kiskeresked\u0151knek cs\u00f6kkenteni a rakt\u00e1rk\u00e9szletekre nehezed\u0151 nyom\u00e1st, mik\u00f6zben p\u00e1ratlan v\u00e1laszt\u00e9kot k\u00edn\u00e1l a v\u00e1s\u00e1rl\u00f3knak egy eszk\u00f6zzel.<\/p>\n<h2>\u2b50 Legfontosabb nagykereskedelmi el\u0151ny\u00f6k<\/h2>\n<ul>\n<li><strong>Ak\u00e1r 150.000 puff<\/strong><br \/>\nAz eur\u00f3pai piac egyik legnagyobb puffsz\u00e1m\u00fa eldobhat\u00f3 p\u00e1rap\u00e1rol\u00f3ja, amely ide\u00e1lis hossz\u00fa t\u00e1v\u00fa haszn\u00e1latra \u00e9s pr\u00e9mium pozicion\u00e1l\u00e1sra.<\/li>\n<li><strong>15 az 1-ben \u00edzrendszer<\/strong><br \/>\nT\u00f6bb \u00edz egy k\u00e9sz\u00fcl\u00e9kben, \u00edgy a felhaszn\u00e1l\u00f3k b\u00e1rmikor v\u00e1lthatnak \u00edzeket an\u00e9lk\u00fcl, hogy k\u00e9sz\u00fcl\u00e9ket kellene cser\u00e9lni\u00fck.<\/li>\n<li><strong>\u00dajrat\u00f6lthet\u0151 kialak\u00edt\u00e1s<\/strong><br \/>\nA be\u00e9p\u00edtett \u00fajrat\u00f6lthet\u0151 akkumul\u00e1tor biztos\u00edtja az e-folyad\u00e9k teljes kihaszn\u00e1l\u00e1s\u00e1t, cs\u00f6kkentve a hullad\u00e9kot \u00e9s n\u00f6velve a v\u00e1s\u00e1rl\u00f3i el\u00e9gedetts\u00e9get.<\/li>\n<li><strong>Nagy teljes\u00edtm\u00e9ny\u0171 tekercsrendszer<\/strong><br \/>\nA k\u00e9sz\u00fcl\u00e9k teljes \u00e9lettartama alatt egyenletes g\u0151ztermel\u00e9sre, egyenletes l\u00e9g\u00e1raml\u00e1sra \u00e9s stabil \u00edzkibocs\u00e1t\u00e1sra optimaliz\u00e1lt.<\/li>\n<li><strong>Kiskereskedelem-k\u00e9szen \u00e1ll a t\u00f6meges \u00e9rt\u00e9kes\u00edt\u00e9sre<\/strong><br \/>\nT\u00f6k\u00e9letes a nagykeresked\u0151k, vape shopok \u00e9s online kiskeresked\u0151k sz\u00e1m\u00e1ra, akik a nagy puffan\u00e1s egyszer haszn\u00e1latos keresletet c\u00e9lozz\u00e1k meg.<\/li>\n<\/ul>\n<h2><img decoding=\"async\" class=\"wp-image-28634 size-full\" src=\"https:\/\/shop.fizzyvape.com\/wp-content\/uploads\/2025\/12\/Fizzy-15-in-1-150K-Puffs-Rechargeable-Disposable-Vape-Flavors-List-scaled.jpg\" alt=\"Fizzy 15-in-1 150K Puffs \u00fajrat\u00f6lthet\u0151 eldobhat\u00f3 Vape Vape \u00edzek list\u00e1ja\" width=\"1663\" height=\"2560\" srcset=\"https:\/\/shop.fizzyvape.com\/wp-content\/uploads\/2025\/12\/Fizzy-15-in-1-150K-Puffs-Rechargeable-Disposable-Vape-Flavors-List-scaled.jpg 1663w, https:\/\/shop.fizzyvape.com\/wp-content\/uploads\/2025\/12\/Fizzy-15-in-1-150K-Puffs-Rechargeable-Disposable-Vape-Flavors-List-195x300.jpg 195w, https:\/\/shop.fizzyvape.com\/wp-content\/uploads\/2025\/12\/Fizzy-15-in-1-150K-Puffs-Rechargeable-Disposable-Vape-Flavors-List-520x800.jpg 520w, https:\/\/shop.fizzyvape.com\/wp-content\/uploads\/2025\/12\/Fizzy-15-in-1-150K-Puffs-Rechargeable-Disposable-Vape-Flavors-List-768x1182.jpg 768w, https:\/\/shop.fizzyvape.com\/wp-content\/uploads\/2025\/12\/Fizzy-15-in-1-150K-Puffs-Rechargeable-Disposable-Vape-Flavors-List-998x1536.jpg 998w, https:\/\/shop.fizzyvape.com\/wp-content\/uploads\/2025\/12\/Fizzy-15-in-1-150K-Puffs-Rechargeable-Disposable-Vape-Flavors-List-1330x2048.jpg 1330w, https:\/\/shop.fizzyvape.com\/wp-content\/uploads\/2025\/12\/Fizzy-15-in-1-150K-Puffs-Rechargeable-Disposable-Vape-Flavors-List-430x662.jpg 430w, https:\/\/shop.fizzyvape.com\/wp-content\/uploads\/2025\/12\/Fizzy-15-in-1-150K-Puffs-Rechargeable-Disposable-Vape-Flavors-List-700x1078.jpg 700w, https:\/\/shop.fizzyvape.com\/wp-content\/uploads\/2025\/12\/Fizzy-15-in-1-150K-Puffs-Rechargeable-Disposable-Vape-Flavors-List-150x231.jpg 150w\" sizes=\"(max-width: 1663px) 100vw, 1663px\" \/><\/h2>\n<h2>Fizzy 15-in-1 150K Puffs \u00fajrat\u00f6lthet\u0151 <strong>eldobhat\u00f3 Vape \u00edzek list\u00e1ja:<\/strong><\/h2>\n<ol>\n<li>g\u00f6r\u00f6gdinnye j\u00e9g &amp; red bull &amp; eper m\u00e1lna &amp; tripla dinnye j\u00e9g<\/li>\n<li>eper j\u00e9g &amp; kiwi maracuja guava &amp; barack mang\u00f3 g\u00f6r\u00f6gdinnye &amp; sz\u0151l\u0151 burst<\/li>\n<li>red bull &amp; eper kivi gr\u00e1n\u00e1talma &amp; \u00e1fonya j\u00e9g &amp; anan\u00e1sz k\u00f3kusz<\/li>\n<li>eper kiwi &amp; vegyes bogy\u00f3s gy\u00fcm\u00f6lcs\u00f6k &amp; g\u00f6r\u00f6gdinnye bubblegum &amp; l\u00e9d\u00fas \u0151szibarack<\/li>\n<li>\u00e1fonya m\u00e1lna &amp; eper j\u00e9g &amp; k\u00e9k razz limon\u00e1d\u00e9 &amp; g\u00f6r\u00f6gdinnye gumimacik<\/li>\n<li>tr\u00f3pusi gy\u00fcm\u00f6lcspuncs &amp; g\u00f6r\u00f6gdinnye m\u00e1lna &amp; \u00e1fonya k\u00f3kusz &amp; eper skittles<\/li>\n<li>love 66 &amp; eper kiwi &amp; g\u00f6r\u00f6gdinnye \u00e1fonya &amp; m\u00e1lna limon\u00e1d\u00e9<\/li>\n<li>vegyes bogy\u00f3s gy\u00fcm\u00f6lcs\u00f6k &amp; anan\u00e1sz \u0151szibarack maracuja &amp; sz\u00e9nsavas k\u00f3la &amp; eper m\u00e1lna<\/li>\n<li>k\u00e9k razz rapsberry &amp; g\u00f6r\u00f6gdinnye cseresznye j\u00e9g &amp; eper sz\u0151l\u0151 &amp; szenved\u00e9ly gy\u00fcm\u00f6lcs narancs barack<\/li>\n<li>sz\u00e9nsavas cseresznye \u00e9s eper s\u00e1rk\u00e1nygy\u00fcm\u00f6lcs \u00e9s citrom lime \u00e9s g\u00f6r\u00f6gdinnye \u00e1fonya<\/li>\n<li>eper van\u00edliak\u00f3la &amp; \u00e1fonya m\u00e1lna &amp; g\u00f6r\u00f6gdinnye j\u00e9g &amp; cseresznye bogy\u00f3<\/li>\n<li>\u00e1fonya j\u00e9g &amp; eper g\u00f6r\u00f6gdinnye &amp; mojito &amp; kiwi maracuja guava<\/li>\n<\/ol>\n<h2>\ud83d\udce6 Nagykereskedelmi term\u00e9kle\u00edr\u00e1sok<\/h2>\n<ul>\n<li><strong>M\u00e1rka:<\/strong> Fizzy<\/li>\n<li><strong>Term\u00e9kt\u00edpus:<\/strong> Vape: \u00dajrat\u00f6lthet\u0151 eldobhat\u00f3 Vape<\/li>\n<li><strong>Puff sz\u00e1m:<\/strong> 150.000 puffan\u00e1sig<\/li>\n<li><strong>\u00cdzrendszer:<\/strong> 15 az 1-ben multiaroma<\/li>\n<li><strong>Akkumul\u00e1tor:<\/strong> (USB t\u00f6lt\u00e9s): \u00dajrat\u00f6lthet\u0151 (USB t\u00f6lt\u00e9s)<\/li>\n<li><strong>C\u00e9lpiac:<\/strong> Nagykereskedelem \/ T\u00f6meges \/ Kiskereskedelmi forgalmaz\u00e1s<\/li>\n<li><strong>Megfelel\u00e9s:<\/strong> EU piaci szabv\u00e1nyoknak megfelel\u0151en tervezve<\/li>\n<\/ul>\n<h2>\ud83d\udcbc Mi\u00e9rt v\u00e1lassza a Fizzy 150K Puffot a nagykereskedelemhez?<\/h2>\n<p>A <strong>nagy puffan\u00e1s\u00fa, eldobhat\u00f3 p\u00e1rologtat\u00f3k<\/strong> ir\u00e1nti kereslet tov\u00e1bbra is gyorsan n\u00f6vekszik Eur\u00f3pa-szerte. A Fizzy 15-in-1 150K modell azzal t\u0171nik ki, hogy egyetlen eszk\u00f6zben egyes\u00edti az <strong>extr\u00e9m puff kapacit\u00e1st, az \u00edzek soksz\u00edn\u0171s\u00e9g\u00e9t \u00e9s az \u00fajrat\u00f6lthet\u0151 k\u00e9nyelmet<\/strong>. <\/p>\n<p>A nagykeresked\u0151k sz\u00e1m\u00e1ra ez azt jelenti:<\/p>\n<ul>\n<li>Magasabb egys\u00e9genk\u00e9nti \u00e9rz\u00e9kelt \u00e9rt\u00e9k<\/li>\n<li>Kevesebb visszak\u00fcld\u00e9s \u00e9s panasz<\/li>\n<li>Er\u0151s \u00fcgyf\u00e9lmegtart\u00e1s<\/li>\n<li>Kiv\u00e1l\u00f3 \u00e1rr\u00e9s a t\u00f6meges megrendel\u00e9sek eset\u00e9ben<\/li>\n<\/ul>\n<p>Ak\u00e1r fizikai vape \u00fczleteket, ak\u00e1r online boltokat l\u00e1t el, ez a term\u00e9k t\u00f6k\u00e9letesen illeszkedik a <strong>pr\u00e9mium eldobhat\u00f3 vape nagykereskedelmi katal\u00f3gusokba<\/strong>.<\/p>\n<h2>\ud83d\ude9a Nagykereskedelmi ell\u00e1t\u00e1s \u00e9s sz\u00e1ll\u00edt\u00e1s<\/h2>\n<ul>\n<li><strong>T\u00f6meges megrendel\u00e9sek t\u00e1mogat\u00e1sa<\/strong><\/li>\n<li><strong>Gyors EU teljes\u00edt\u00e9s el\u00e9rhet\u0151<\/strong><\/li>\n<li><strong>Kiz\u00e1r\u00f3lag eredeti Fizzy term\u00e9kek<\/strong><\/li>\n<li><strong>Stabil hossz\u00fa t\u00e1v\u00fa ell\u00e1t\u00e1s<\/strong><\/li>\n<\/ul>\n<p>\u00c1rk\u00e9pz\u00e9si szintek, MOQ vagy priv\u00e1t nagykereskedelmi egy\u00fcttm\u0171k\u00f6d\u00e9s eset\u00e9n k\u00e9rj\u00fck, l\u00e9pjen kapcsolatba \u00e9rt\u00e9kes\u00edt\u00e9si csapatunkkal.<\/p>\n","protected":false},"excerpt":{"rendered":"[html_block id=\"28855\"]\n","protected":false},"featured_media":28894,"comment_status":"open","ping_status":"closed","template":"","meta":[],"product_brand":[],"product_cat":[319],"product_tag":[],"class_list":{"0":"post-29222","1":"product","2":"type-product","3":"status-publish","4":"has-post-thumbnail","6":"product_cat-fizzy-150k-150000-fujas-15-az-1-ben-eldobhato-ujratoltheto-vape","8":"first","9":"instock","10":"shipping-taxable","11":"product-type-simple"},"yoast_head":"<!-- This site is optimized with the Yoast SEO Premium plugin v24.8 (Yoast SEO v27.4) - https:\/\/yoast.com\/product\/yoast-seo-premium-wordpress\/ -->\n<title>Fizzy 15 az 1-ben 150K Puffs \u00fajrat\u00f6lthet\u0151 eldobhat\u00f3 Vape nagykeresked\u00e9s<\/title>\n<meta name=\"description\" content=\"Nagykereskedelmi Fizzy 15-in-1 150000 puff \u00fajrat\u00f6lthet\u0151 eldobhat\u00f3 vape. T\u00f6bb \u00edz\u0171 k\u00e9sz\u00fcl\u00e9k, \u00f6mlesztett \u00e1rk\u00e9pz\u00e9s, gyors EU-s sz\u00e1ll\u00edt\u00e1s, hiteles k\u00edn\u00e1lat.\" \/>\n<meta name=\"robots\" content=\"index, follow, max-snippet:-1, max-image-preview:large, max-video-preview:-1\" \/>\n<link rel=\"canonical\" href=\"https:\/\/shop.fizzyvape.com\/hu\/product\/150k-puffs-eldobhato-vape-nagykereskedelem\/\" \/>\n<meta property=\"og:locale\" content=\"hu_HU\" \/>\n<meta property=\"og:type\" content=\"article\" \/>\n<meta property=\"og:title\" content=\"150k Puffs eldobhat\u00f3 Vape nagykereskedelem\" \/>\n<meta property=\"og:description\" content=\"Nagykereskedelmi Fizzy 15-in-1 150000 puff \u00fajrat\u00f6lthet\u0151 eldobhat\u00f3 vape. T\u00f6bb \u00edz\u0171 k\u00e9sz\u00fcl\u00e9k, \u00f6mlesztett \u00e1rk\u00e9pz\u00e9s, gyors EU-s sz\u00e1ll\u00edt\u00e1s, hiteles k\u00edn\u00e1lat.\" \/>\n<meta property=\"og:url\" content=\"https:\/\/shop.fizzyvape.com\/hu\/product\/150k-puffs-eldobhato-vape-nagykereskedelem\/\" \/>\n<meta property=\"og:site_name\" content=\"shop.fizzyvape.com\" \/>\n<meta property=\"og:image\" content=\"https:\/\/shop.fizzyvape.com\/wp-content\/uploads\/2026\/01\/Fizzy-150K-Puffs-15-in-1-Smart-Multi-Flavor-Rechargeable-Disposable-Vape-11.jpg\" \/>\n\t<meta property=\"og:image:width\" content=\"800\" \/>\n\t<meta property=\"og:image:height\" content=\"800\" \/>\n\t<meta property=\"og:image:type\" content=\"image\/jpeg\" \/>\n<meta name=\"twitter:card\" content=\"summary_large_image\" \/>\n<meta name=\"twitter:label1\" content=\"Becs\u00fclt olvas\u00e1si id\u0151\" \/>\n\t<meta name=\"twitter:data1\" content=\"4 perc\" \/>\n<script type=\"application\/ld+json\" class=\"yoast-schema-graph\">{\"@context\":\"https:\\\/\\\/schema.org\",\"@graph\":[{\"@type\":\"WebPage\",\"@id\":\"https:\\\/\\\/shop.fizzyvape.com\\\/hu\\\/product\\\/150k-puffs-eldobhato-vape-nagykereskedelem\\\/\",\"url\":\"https:\\\/\\\/shop.fizzyvape.com\\\/hu\\\/product\\\/150k-puffs-eldobhato-vape-nagykereskedelem\\\/\",\"name\":\"Fizzy 15 az 1-ben 150K Puffs \u00fajrat\u00f6lthet\u0151 eldobhat\u00f3 Vape nagykeresked\u00e9s\",\"isPartOf\":{\"@id\":\"https:\\\/\\\/shop.fizzyvape.com\\\/hu\\\/#website\"},\"primaryImageOfPage\":{\"@id\":\"https:\\\/\\\/shop.fizzyvape.com\\\/hu\\\/product\\\/150k-puffs-eldobhato-vape-nagykereskedelem\\\/#primaryimage\"},\"image\":{\"@id\":\"https:\\\/\\\/shop.fizzyvape.com\\\/hu\\\/product\\\/150k-puffs-eldobhato-vape-nagykereskedelem\\\/#primaryimage\"},\"thumbnailUrl\":\"https:\\\/\\\/shop.fizzyvape.com\\\/wp-content\\\/uploads\\\/2026\\\/01\\\/Fizzy-150K-Puffs-15-in-1-Smart-Multi-Flavor-Rechargeable-Disposable-Vape-11.jpg\",\"datePublished\":\"2026-01-13T08:28:08+00:00\",\"description\":\"Nagykereskedelmi Fizzy 15-in-1 150000 puff \u00fajrat\u00f6lthet\u0151 eldobhat\u00f3 vape. T\u00f6bb \u00edz\u0171 k\u00e9sz\u00fcl\u00e9k, \u00f6mlesztett \u00e1rk\u00e9pz\u00e9s, gyors EU-s sz\u00e1ll\u00edt\u00e1s, hiteles k\u00edn\u00e1lat.\",\"breadcrumb\":{\"@id\":\"https:\\\/\\\/shop.fizzyvape.com\\\/hu\\\/product\\\/150k-puffs-eldobhato-vape-nagykereskedelem\\\/#breadcrumb\"},\"inLanguage\":\"hu\",\"potentialAction\":[{\"@type\":\"ReadAction\",\"target\":[\"https:\\\/\\\/shop.fizzyvape.com\\\/hu\\\/product\\\/150k-puffs-eldobhato-vape-nagykereskedelem\\\/\"]}]},{\"@type\":\"ImageObject\",\"inLanguage\":\"hu\",\"@id\":\"https:\\\/\\\/shop.fizzyvape.com\\\/hu\\\/product\\\/150k-puffs-eldobhato-vape-nagykereskedelem\\\/#primaryimage\",\"url\":\"https:\\\/\\\/shop.fizzyvape.com\\\/wp-content\\\/uploads\\\/2026\\\/01\\\/Fizzy-150K-Puffs-15-in-1-Smart-Multi-Flavor-Rechargeable-Disposable-Vape-11.jpg\",\"contentUrl\":\"https:\\\/\\\/shop.fizzyvape.com\\\/wp-content\\\/uploads\\\/2026\\\/01\\\/Fizzy-150K-Puffs-15-in-1-Smart-Multi-Flavor-Rechargeable-Disposable-Vape-11.jpg\",\"width\":800,\"height\":800,\"caption\":\"Fizzy 150K Puffs - 15-in-1 Smart Multi-Flavor \u00fajrat\u00f6lthet\u0151 eldobhat\u00f3 Vape-11\"},{\"@type\":\"BreadcrumbList\",\"@id\":\"https:\\\/\\\/shop.fizzyvape.com\\\/hu\\\/product\\\/150k-puffs-eldobhato-vape-nagykereskedelem\\\/#breadcrumb\",\"itemListElement\":[{\"@type\":\"ListItem\",\"position\":1,\"name\":\"\u9996\u9875\",\"item\":\"https:\\\/\\\/shop.fizzyvape.com\\\/hu\\\/\"},{\"@type\":\"ListItem\",\"position\":2,\"name\":\"Shop\",\"item\":\"https:\\\/\\\/shop.fizzyvape.com\\\/shop\\\/\"},{\"@type\":\"ListItem\",\"position\":3,\"name\":\"150k Puffs eldobhat\u00f3 Vape nagykereskedelem\"}]},{\"@type\":\"WebSite\",\"@id\":\"https:\\\/\\\/shop.fizzyvape.com\\\/hu\\\/#website\",\"url\":\"https:\\\/\\\/shop.fizzyvape.com\\\/hu\\\/\",\"name\":\"shop.fizzyvape.com\",\"description\":\"The Best Disposable Vape In Europe | 10000 - 60000 Puffs  | Free Shipping\",\"potentialAction\":[{\"@type\":\"SearchAction\",\"target\":{\"@type\":\"EntryPoint\",\"urlTemplate\":\"https:\\\/\\\/shop.fizzyvape.com\\\/hu\\\/?s={search_term_string}\"},\"query-input\":{\"@type\":\"PropertyValueSpecification\",\"valueRequired\":true,\"valueName\":\"search_term_string\"}}],\"inLanguage\":\"hu\"}]}<\/script>\n<!-- \/ Yoast SEO Premium plugin. -->","yoast_head_json":{"title":"Fizzy 15 az 1-ben 150K Puffs \u00fajrat\u00f6lthet\u0151 eldobhat\u00f3 Vape nagykeresked\u00e9s","description":"Nagykereskedelmi Fizzy 15-in-1 150000 puff \u00fajrat\u00f6lthet\u0151 eldobhat\u00f3 vape. T\u00f6bb \u00edz\u0171 k\u00e9sz\u00fcl\u00e9k, \u00f6mlesztett \u00e1rk\u00e9pz\u00e9s, gyors EU-s sz\u00e1ll\u00edt\u00e1s, hiteles k\u00edn\u00e1lat.","robots":{"index":"index","follow":"follow","max-snippet":"max-snippet:-1","max-image-preview":"max-image-preview:large","max-video-preview":"max-video-preview:-1"},"canonical":"https:\/\/shop.fizzyvape.com\/hu\/product\/150k-puffs-eldobhato-vape-nagykereskedelem\/","og_locale":"hu_HU","og_type":"article","og_title":"150k Puffs eldobhat\u00f3 Vape nagykereskedelem","og_description":"Nagykereskedelmi Fizzy 15-in-1 150000 puff \u00fajrat\u00f6lthet\u0151 eldobhat\u00f3 vape. T\u00f6bb \u00edz\u0171 k\u00e9sz\u00fcl\u00e9k, \u00f6mlesztett \u00e1rk\u00e9pz\u00e9s, gyors EU-s sz\u00e1ll\u00edt\u00e1s, hiteles k\u00edn\u00e1lat.","og_url":"https:\/\/shop.fizzyvape.com\/hu\/product\/150k-puffs-eldobhato-vape-nagykereskedelem\/","og_site_name":"shop.fizzyvape.com","og_image":[{"width":800,"height":800,"url":"https:\/\/shop.fizzyvape.com\/wp-content\/uploads\/2026\/01\/Fizzy-150K-Puffs-15-in-1-Smart-Multi-Flavor-Rechargeable-Disposable-Vape-11.jpg","type":"image\/jpeg"}],"twitter_card":"summary_large_image","twitter_misc":{"Becs\u00fclt olvas\u00e1si id\u0151":"4 perc"},"schema":{"@context":"https:\/\/schema.org","@graph":[{"@type":"WebPage","@id":"https:\/\/shop.fizzyvape.com\/hu\/product\/150k-puffs-eldobhato-vape-nagykereskedelem\/","url":"https:\/\/shop.fizzyvape.com\/hu\/product\/150k-puffs-eldobhato-vape-nagykereskedelem\/","name":"Fizzy 15 az 1-ben 150K Puffs \u00fajrat\u00f6lthet\u0151 eldobhat\u00f3 Vape nagykeresked\u00e9s","isPartOf":{"@id":"https:\/\/shop.fizzyvape.com\/hu\/#website"},"primaryImageOfPage":{"@id":"https:\/\/shop.fizzyvape.com\/hu\/product\/150k-puffs-eldobhato-vape-nagykereskedelem\/#primaryimage"},"image":{"@id":"https:\/\/shop.fizzyvape.com\/hu\/product\/150k-puffs-eldobhato-vape-nagykereskedelem\/#primaryimage"},"thumbnailUrl":"https:\/\/shop.fizzyvape.com\/wp-content\/uploads\/2026\/01\/Fizzy-150K-Puffs-15-in-1-Smart-Multi-Flavor-Rechargeable-Disposable-Vape-11.jpg","datePublished":"2026-01-13T08:28:08+00:00","description":"Nagykereskedelmi Fizzy 15-in-1 150000 puff \u00fajrat\u00f6lthet\u0151 eldobhat\u00f3 vape. T\u00f6bb \u00edz\u0171 k\u00e9sz\u00fcl\u00e9k, \u00f6mlesztett \u00e1rk\u00e9pz\u00e9s, gyors EU-s sz\u00e1ll\u00edt\u00e1s, hiteles k\u00edn\u00e1lat.","breadcrumb":{"@id":"https:\/\/shop.fizzyvape.com\/hu\/product\/150k-puffs-eldobhato-vape-nagykereskedelem\/#breadcrumb"},"inLanguage":"hu","potentialAction":[{"@type":"ReadAction","target":["https:\/\/shop.fizzyvape.com\/hu\/product\/150k-puffs-eldobhato-vape-nagykereskedelem\/"]}]},{"@type":"ImageObject","inLanguage":"hu","@id":"https:\/\/shop.fizzyvape.com\/hu\/product\/150k-puffs-eldobhato-vape-nagykereskedelem\/#primaryimage","url":"https:\/\/shop.fizzyvape.com\/wp-content\/uploads\/2026\/01\/Fizzy-150K-Puffs-15-in-1-Smart-Multi-Flavor-Rechargeable-Disposable-Vape-11.jpg","contentUrl":"https:\/\/shop.fizzyvape.com\/wp-content\/uploads\/2026\/01\/Fizzy-150K-Puffs-15-in-1-Smart-Multi-Flavor-Rechargeable-Disposable-Vape-11.jpg","width":800,"height":800,"caption":"Fizzy 150K Puffs - 15-in-1 Smart Multi-Flavor \u00fajrat\u00f6lthet\u0151 eldobhat\u00f3 Vape-11"},{"@type":"BreadcrumbList","@id":"https:\/\/shop.fizzyvape.com\/hu\/product\/150k-puffs-eldobhato-vape-nagykereskedelem\/#breadcrumb","itemListElement":[{"@type":"ListItem","position":1,"name":"\u9996\u9875","item":"https:\/\/shop.fizzyvape.com\/hu\/"},{"@type":"ListItem","position":2,"name":"Shop","item":"https:\/\/shop.fizzyvape.com\/shop\/"},{"@type":"ListItem","position":3,"name":"150k Puffs eldobhat\u00f3 Vape nagykereskedelem"}]},{"@type":"WebSite","@id":"https:\/\/shop.fizzyvape.com\/hu\/#website","url":"https:\/\/shop.fizzyvape.com\/hu\/","name":"shop.fizzyvape.com","description":"The Best Disposable Vape In Europe | 10000 - 60000 Puffs  | Free Shipping","potentialAction":[{"@type":"SearchAction","target":{"@type":"EntryPoint","urlTemplate":"https:\/\/shop.fizzyvape.com\/hu\/?s={search_term_string}"},"query-input":{"@type":"PropertyValueSpecification","valueRequired":true,"valueName":"search_term_string"}}],"inLanguage":"hu"}]}},"tiered_pricing_type":"fixed","tiered_pricing_fixed_rules":[],"tiered_pricing_product_settings":{"layout":"default","base_unit_name":{"singular":null,"plural":null},"default_variation":null},"tiered_pricing_minimum_quantity":null,"tiered_pricing_roles_data":[],"tiered_pricing_percentage_rules":[],"tiered_pricing_maximum_quantity":null,"tiered_pricing_quantity_step":null,"_links":{"self":[{"href":"https:\/\/shop.fizzyvape.com\/hu\/wp-json\/wp\/v2\/product\/29222","targetHints":{"allow":["GET"]}}],"collection":[{"href":"https:\/\/shop.fizzyvape.com\/hu\/wp-json\/wp\/v2\/product"}],"about":[{"href":"https:\/\/shop.fizzyvape.com\/hu\/wp-json\/wp\/v2\/types\/product"}],"replies":[{"embeddable":true,"href":"https:\/\/shop.fizzyvape.com\/hu\/wp-json\/wp\/v2\/comments?post=29222"}],"version-history":[{"count":0,"href":"https:\/\/shop.fizzyvape.com\/hu\/wp-json\/wp\/v2\/product\/29222\/revisions"}],"wp:featuredmedia":[{"embeddable":true,"href":"https:\/\/shop.fizzyvape.com\/hu\/wp-json\/wp\/v2\/media\/28894"}],"wp:attachment":[{"href":"https:\/\/shop.fizzyvape.com\/hu\/wp-json\/wp\/v2\/media?parent=29222"}],"wp:term":[{"taxonomy":"product_brand","embeddable":true,"href":"https:\/\/shop.fizzyvape.com\/hu\/wp-json\/wp\/v2\/product_brand?post=29222"},{"taxonomy":"product_cat","embeddable":true,"href":"https:\/\/shop.fizzyvape.com\/hu\/wp-json\/wp\/v2\/product_cat?post=29222"},{"taxonomy":"product_tag","embeddable":true,"href":"https:\/\/shop.fizzyvape.com\/hu\/wp-json\/wp\/v2\/product_tag?post=29222"}],"curies":[{"name":"wp","href":"https:\/\/api.w.org\/{rel}","templated":true}]}}